

{"id":61731,"date":"2023-11-17T17:13:28","date_gmt":"2023-11-17T15:13:28","guid":{"rendered":"https:\/\/varjesteg.se\/produkt\/moonvalley-oats-dates-bar\/"},"modified":"2025-01-08T00:00:35","modified_gmt":"2025-01-07T22:00:35","slug":"moonvalley-oats-dates-bar","status":"publish","type":"product","link":"https:\/\/varjesteg.se\/en\/product\/moonvalley-oats-dates-bar\/","title":{"rendered":"Moonvalley &#8211; Oats &#038; dates bar"},"content":{"rendered":"<div class=\"flex max-w-full flex-col\">\n<div class=\"min-h-8 text-message flex w-full flex-col items-end gap-2 whitespace-normal break-words [.text-message+&amp;]:mt-5\" dir=\"auto\" data-message-author-role=\"assistant\" data-message-id=\"e9cb311f-b2b0-47cc-b069-fa5e63a06289\" data-message-model-slug=\"gpt-4o-mini\">\n<div class=\"flex w-full flex-col gap-1 empty:hidden first:pt-[3px]\">\n<div class=\"markdown prose w-full break-words dark:prose-invert light\">\n<p><span style=\"color: #000000;\">With Moonvalley\u2019s Oats &amp; Dates Bars, you always have a delicious and filling snack ready when hunger strikes. All of our protein bars are vegan and completely free from added sugars, preservatives, and palm oil. Instead, we\u2019ve packed them with nature\u2019s finest fruits, berries, oats, and high-quality pea protein. Perfect as an energy-boosting snack for both kids and adults, or as recovery after an intense workout.<\/span><\/p>\n<\/div>\n<\/div>\n<\/div>\n<\/div>\n","protected":false},"excerpt":{"rendered":"<div class=\"flex max-w-full flex-col\">\n<div class=\"min-h-8 text-message flex w-full flex-col items-end gap-2 whitespace-normal break-words [.text-message+&amp;]:mt-5\" dir=\"auto\" data-message-author-role=\"assistant\" data-message-id=\"e9cb311f-b2b0-47cc-b069-fa5e63a06289\" data-message-model-slug=\"gpt-4o-mini\">\n<div class=\"flex w-full flex-col gap-1 empty:hidden first:pt-[3px]\">\n<div class=\"markdown prose w-full break-words dark:prose-invert light\">\n<p><span style=\"color: #000000;\">With Moonvalley\u2019s Oats &amp; Dates Bars, you always have a delicious and filling snack ready when hunger strikes. All of our protein bars are vegan and completely free from added sugars, preservatives, and palm oil. Instead, we\u2019ve packed them with nature\u2019s finest fruits, berries, oats, and high-quality pea protein. Perfect as an energy-boosting snack for both kids and adults, or as recovery after an intense workout.<\/span><\/p>\n<\/div>\n<\/div>\n<\/div>\n<\/div>\n","protected":false},"featured_media":48342,"template":"","meta":{"om_disable_all_campaigns":false,"_price":"31","_stock":"","_tribe_ticket_header":"","_tribe_default_ticket_provider":"","_tribe_ticket_capacity":"5","_ticket_start_date":"","_ticket_end_date":"","_tribe_ticket_show_description":"","_tribe_ticket_show_not_going":false,"_tribe_ticket_use_global_stock":"","_tribe_ticket_global_stock_level":"","_global_stock_mode":"","_global_stock_cap":"","_tribe_rsvp_for_event":"","_tribe_ticket_going_count":"","_tribe_ticket_not_going_count":"","_tribe_tickets_list":"[]","_tribe_ticket_has_attendee_info_fields":false,"_tec_slr_enabled":"","_tec_slr_layout":""},"product_brand":[],"product_cat":[463],"product_tag":[],"class_list":{"0":"post-61731","1":"product","2":"type-product","3":"status-publish","4":"has-post-thumbnail","5":"product_cat-energy","7":"first","8":"instock","9":"taxable","10":"shipping-taxable","11":"purchasable","12":"product-type-variable"},"acf":[],"yoast_head":"<!-- This site is optimized with the Yoast SEO plugin v27.1.1 - https:\/\/yoast.com\/product\/yoast-seo-wordpress\/ -->\n<title>Moonvalley - Oats &amp; dates bar - VarjeSteg<\/title>\n<meta name=\"robots\" content=\"index, follow, max-snippet:-1, max-image-preview:large, max-video-preview:-1\" \/>\n<link rel=\"canonical\" href=\"https:\/\/varjesteg.se\/en\/product\/moonvalley-oats-dates-bar\/\" \/>\n<meta property=\"og:locale\" content=\"en_US\" \/>\n<meta property=\"og:type\" content=\"article\" \/>\n<meta property=\"og:title\" content=\"Moonvalley - Oats &amp; dates bar - VarjeSteg\" \/>\n<meta property=\"og:description\" content=\"With Moonvalley\u2019s Oats &amp; Dates Bars, you always have a delicious and filling snack ready when hunger strikes. All of our protein bars are vegan and completely free from added sugars, preservatives, and palm oil. Instead, we\u2019ve packed them with nature\u2019s finest fruits, berries, oats, and high-quality pea protein. Perfect as an energy-boosting snack for both kids and adults, or as recovery after an intense workout.\" \/>\n<meta property=\"og:url\" content=\"https:\/\/varjesteg.se\/en\/product\/moonvalley-oats-dates-bar\/\" \/>\n<meta property=\"og:site_name\" content=\"VarjeSteg\" \/>\n<meta property=\"article:publisher\" content=\"https:\/\/www.facebook.com\/varjesteg\" \/>\n<meta property=\"article:modified_time\" content=\"2025-01-07T22:00:35+00:00\" \/>\n<meta property=\"og:image\" content=\"https:\/\/varjesteg.se\/wp-content\/uploads\/2022\/10\/moonvalley-bars.webp\" \/>\n\t<meta property=\"og:image:width\" content=\"720\" \/>\n\t<meta property=\"og:image:height\" content=\"720\" \/>\n\t<meta property=\"og:image:type\" content=\"image\/webp\" \/>\n<meta name=\"twitter:card\" content=\"summary_large_image\" \/>\n<meta name=\"twitter:label1\" content=\"Est. reading time\" \/>\n\t<meta name=\"twitter:data1\" content=\"1 minute\" \/>\n<script type=\"application\/ld+json\" class=\"yoast-schema-graph\">{\"@context\":\"https:\/\/schema.org\",\"@graph\":[{\"@type\":\"WebPage\",\"@id\":\"https:\/\/varjesteg.se\/en\/product\/moonvalley-oats-dates-bar\/\",\"url\":\"https:\/\/varjesteg.se\/en\/product\/moonvalley-oats-dates-bar\/\",\"name\":\"Moonvalley - Oats & dates bar - VarjeSteg\",\"isPartOf\":{\"@id\":\"https:\/\/varjesteg.se\/en\/#website\"},\"primaryImageOfPage\":{\"@id\":\"https:\/\/varjesteg.se\/en\/product\/moonvalley-oats-dates-bar\/#primaryimage\"},\"image\":{\"@id\":\"https:\/\/varjesteg.se\/en\/product\/moonvalley-oats-dates-bar\/#primaryimage\"},\"thumbnailUrl\":\"https:\/\/varjesteg.se\/wp-content\/uploads\/2022\/10\/moonvalley-bars.webp\",\"datePublished\":\"2023-11-17T15:13:28+00:00\",\"dateModified\":\"2025-01-07T22:00:35+00:00\",\"breadcrumb\":{\"@id\":\"https:\/\/varjesteg.se\/en\/product\/moonvalley-oats-dates-bar\/#breadcrumb\"},\"inLanguage\":\"en-US\",\"potentialAction\":[{\"@type\":\"ReadAction\",\"target\":[\"https:\/\/varjesteg.se\/en\/product\/moonvalley-oats-dates-bar\/\"]}]},{\"@type\":\"ImageObject\",\"inLanguage\":\"en-US\",\"@id\":\"https:\/\/varjesteg.se\/en\/product\/moonvalley-oats-dates-bar\/#primaryimage\",\"url\":\"https:\/\/varjesteg.se\/wp-content\/uploads\/2022\/10\/moonvalley-bars.webp\",\"contentUrl\":\"https:\/\/varjesteg.se\/wp-content\/uploads\/2022\/10\/moonvalley-bars.webp\",\"width\":720,\"height\":720},{\"@type\":\"BreadcrumbList\",\"@id\":\"https:\/\/varjesteg.se\/en\/product\/moonvalley-oats-dates-bar\/#breadcrumb\",\"itemListElement\":[{\"@type\":\"ListItem\",\"position\":1,\"name\":\"Hem\",\"item\":\"https:\/\/varjesteg.se\/en\/\"},{\"@type\":\"ListItem\",\"position\":2,\"name\":\"Store\",\"item\":\"https:\/\/varjesteg.se\/en\/store\/\"},{\"@type\":\"ListItem\",\"position\":3,\"name\":\"Energy\",\"item\":\"https:\/\/varjesteg.se\/en\/product-category\/energy\/\"},{\"@type\":\"ListItem\",\"position\":4,\"name\":\"Moonvalley &#8211; Oats &#038; dates bar\"}]},{\"@type\":\"WebSite\",\"@id\":\"https:\/\/varjesteg.se\/en\/#website\",\"url\":\"https:\/\/varjesteg.se\/en\/\",\"name\":\"Varjesteg\",\"description\":\"L\u00f6ptr\u00e4ning f\u00f6r alla\",\"publisher\":{\"@id\":\"https:\/\/varjesteg.se\/en\/#organization\"},\"potentialAction\":[{\"@type\":\"SearchAction\",\"target\":{\"@type\":\"EntryPoint\",\"urlTemplate\":\"https:\/\/varjesteg.se\/en\/?s={search_term_string}\"},\"query-input\":{\"@type\":\"PropertyValueSpecification\",\"valueRequired\":true,\"valueName\":\"search_term_string\"}}],\"inLanguage\":\"en-US\"},{\"@type\":\"Organization\",\"@id\":\"https:\/\/varjesteg.se\/en\/#organization\",\"name\":\"Varjesteg\",\"url\":\"https:\/\/varjesteg.se\/en\/\",\"logo\":{\"@type\":\"ImageObject\",\"inLanguage\":\"en-US\",\"@id\":\"https:\/\/varjesteg.se\/en\/#\/schema\/logo\/image\/\",\"url\":\"https:\/\/varjesteg.se\/wp-content\/uploads\/2024\/02\/varjesteg-logo.png.webp\",\"contentUrl\":\"https:\/\/varjesteg.se\/wp-content\/uploads\/2024\/02\/varjesteg-logo.png.webp\",\"width\":819,\"height\":200,\"caption\":\"Varjesteg\"},\"image\":{\"@id\":\"https:\/\/varjesteg.se\/en\/#\/schema\/logo\/image\/\"},\"sameAs\":[\"https:\/\/www.facebook.com\/varjesteg\",\"https:\/\/www.tiktok.com\/@varjesteg?is_from_webapp=1&sender_device=pc\",\"https:\/\/www.instagram.com\/varjesteg.se\/\",\"https:\/\/se.linkedin.com\/company\/varjesteg\"]}]}<\/script>\n<!-- \/ Yoast SEO plugin. -->","yoast_head_json":{"title":"Moonvalley - Oats & dates bar - VarjeSteg","robots":{"index":"index","follow":"follow","max-snippet":"max-snippet:-1","max-image-preview":"max-image-preview:large","max-video-preview":"max-video-preview:-1"},"canonical":"https:\/\/varjesteg.se\/en\/product\/moonvalley-oats-dates-bar\/","og_locale":"en_US","og_type":"article","og_title":"Moonvalley - Oats & dates bar - VarjeSteg","og_description":"With Moonvalley\u2019s Oats &amp; Dates Bars, you always have a delicious and filling snack ready when hunger strikes. All of our protein bars are vegan and completely free from added sugars, preservatives, and palm oil. Instead, we\u2019ve packed them with nature\u2019s finest fruits, berries, oats, and high-quality pea protein. Perfect as an energy-boosting snack for both kids and adults, or as recovery after an intense workout.","og_url":"https:\/\/varjesteg.se\/en\/product\/moonvalley-oats-dates-bar\/","og_site_name":"VarjeSteg","article_publisher":"https:\/\/www.facebook.com\/varjesteg","article_modified_time":"2025-01-07T22:00:35+00:00","og_image":[{"width":720,"height":720,"url":"https:\/\/varjesteg.se\/wp-content\/uploads\/2022\/10\/moonvalley-bars.webp","type":"image\/webp"}],"twitter_card":"summary_large_image","twitter_misc":{"Est. reading time":"1 minute"},"schema":{"@context":"https:\/\/schema.org","@graph":[{"@type":"WebPage","@id":"https:\/\/varjesteg.se\/en\/product\/moonvalley-oats-dates-bar\/","url":"https:\/\/varjesteg.se\/en\/product\/moonvalley-oats-dates-bar\/","name":"Moonvalley - Oats & dates bar - VarjeSteg","isPartOf":{"@id":"https:\/\/varjesteg.se\/en\/#website"},"primaryImageOfPage":{"@id":"https:\/\/varjesteg.se\/en\/product\/moonvalley-oats-dates-bar\/#primaryimage"},"image":{"@id":"https:\/\/varjesteg.se\/en\/product\/moonvalley-oats-dates-bar\/#primaryimage"},"thumbnailUrl":"https:\/\/varjesteg.se\/wp-content\/uploads\/2022\/10\/moonvalley-bars.webp","datePublished":"2023-11-17T15:13:28+00:00","dateModified":"2025-01-07T22:00:35+00:00","breadcrumb":{"@id":"https:\/\/varjesteg.se\/en\/product\/moonvalley-oats-dates-bar\/#breadcrumb"},"inLanguage":"en-US","potentialAction":[{"@type":"ReadAction","target":["https:\/\/varjesteg.se\/en\/product\/moonvalley-oats-dates-bar\/"]}]},{"@type":"ImageObject","inLanguage":"en-US","@id":"https:\/\/varjesteg.se\/en\/product\/moonvalley-oats-dates-bar\/#primaryimage","url":"https:\/\/varjesteg.se\/wp-content\/uploads\/2022\/10\/moonvalley-bars.webp","contentUrl":"https:\/\/varjesteg.se\/wp-content\/uploads\/2022\/10\/moonvalley-bars.webp","width":720,"height":720},{"@type":"BreadcrumbList","@id":"https:\/\/varjesteg.se\/en\/product\/moonvalley-oats-dates-bar\/#breadcrumb","itemListElement":[{"@type":"ListItem","position":1,"name":"Hem","item":"https:\/\/varjesteg.se\/en\/"},{"@type":"ListItem","position":2,"name":"Store","item":"https:\/\/varjesteg.se\/en\/store\/"},{"@type":"ListItem","position":3,"name":"Energy","item":"https:\/\/varjesteg.se\/en\/product-category\/energy\/"},{"@type":"ListItem","position":4,"name":"Moonvalley &#8211; Oats &#038; dates bar"}]},{"@type":"WebSite","@id":"https:\/\/varjesteg.se\/en\/#website","url":"https:\/\/varjesteg.se\/en\/","name":"Varjesteg","description":"L\u00f6ptr\u00e4ning f\u00f6r alla","publisher":{"@id":"https:\/\/varjesteg.se\/en\/#organization"},"potentialAction":[{"@type":"SearchAction","target":{"@type":"EntryPoint","urlTemplate":"https:\/\/varjesteg.se\/en\/?s={search_term_string}"},"query-input":{"@type":"PropertyValueSpecification","valueRequired":true,"valueName":"search_term_string"}}],"inLanguage":"en-US"},{"@type":"Organization","@id":"https:\/\/varjesteg.se\/en\/#organization","name":"Varjesteg","url":"https:\/\/varjesteg.se\/en\/","logo":{"@type":"ImageObject","inLanguage":"en-US","@id":"https:\/\/varjesteg.se\/en\/#\/schema\/logo\/image\/","url":"https:\/\/varjesteg.se\/wp-content\/uploads\/2024\/02\/varjesteg-logo.png.webp","contentUrl":"https:\/\/varjesteg.se\/wp-content\/uploads\/2024\/02\/varjesteg-logo.png.webp","width":819,"height":200,"caption":"Varjesteg"},"image":{"@id":"https:\/\/varjesteg.se\/en\/#\/schema\/logo\/image\/"},"sameAs":["https:\/\/www.facebook.com\/varjesteg","https:\/\/www.tiktok.com\/@varjesteg?is_from_webapp=1&sender_device=pc","https:\/\/www.instagram.com\/varjesteg.se\/","https:\/\/se.linkedin.com\/company\/varjesteg"]}]}},"_links":{"self":[{"href":"https:\/\/varjesteg.se\/en\/wp-json\/wp\/v2\/product\/61731","targetHints":{"allow":["GET"]}}],"collection":[{"href":"https:\/\/varjesteg.se\/en\/wp-json\/wp\/v2\/product"}],"about":[{"href":"https:\/\/varjesteg.se\/en\/wp-json\/wp\/v2\/types\/product"}],"wp:featuredmedia":[{"embeddable":true,"href":"https:\/\/varjesteg.se\/en\/wp-json\/wp\/v2\/media\/48342"}],"wp:attachment":[{"href":"https:\/\/varjesteg.se\/en\/wp-json\/wp\/v2\/media?parent=61731"}],"wp:term":[{"taxonomy":"product_brand","embeddable":true,"href":"https:\/\/varjesteg.se\/en\/wp-json\/wp\/v2\/product_brand?post=61731"},{"taxonomy":"product_cat","embeddable":true,"href":"https:\/\/varjesteg.se\/en\/wp-json\/wp\/v2\/product_cat?post=61731"},{"taxonomy":"product_tag","embeddable":true,"href":"https:\/\/varjesteg.se\/en\/wp-json\/wp\/v2\/product_tag?post=61731"}],"curies":[{"name":"wp","href":"https:\/\/api.w.org\/{rel}","templated":true}]}}