

{"id":61729,"date":"2022-11-07T17:35:55","date_gmt":"2022-11-07T17:35:55","guid":{"rendered":"https:\/\/varjesteg.se\/produkt\/maurten-gel-100-caf-100\/"},"modified":"2025-01-08T00:00:15","modified_gmt":"2025-01-07T22:00:15","slug":"maurten-gel-100-caf-100","status":"publish","type":"product","link":"https:\/\/varjesteg.se\/en\/product\/maurten-gel-100-caf-100\/","title":{"rendered":"MAURTEN \u2013 Gel 100 Caf 100"},"content":{"rendered":"<p><strong>Gel 100 CAF 100<\/strong> contains 100mg of caffeine, equivalent to 1.5 espressos or a cup of brewed coffee. This is a significant amount compared to many other traditional gels on the market. It delivers 25g of carbohydrates through a unique blend of glucose and fructose (ratio: 0.8:1) and contains no added flavorings, preservatives, or colorants.<\/p>\n<p>Use <strong>GEL 100 CAF 100<\/strong> during shorter sessions, or combine it with other Maurten products to ensure you have enough carbohydrates for your workout.<\/p>\n<h3>Why Caffeine?<\/h3>\n<p>It is proven that caffeine can enhance alertness, reduce perceived effort, and alleviate pain. These effects can be beneficial in performance and endurance sports. <strong>GEL 100 CAF 100<\/strong> can be used to build up caffeine levels on its own or combined with other types of caffeine to achieve the desired levels during activity.<\/p>\n<h3>Energy Content<\/h3>\n<p>It is well-known that our bodies can utilize around 60g of carbohydrates per hour in the form of glucose or maltodextrin. By using a combination of 0.5:1 fructose and glucose\/maltodextrin, up to 90g can be absorbed per hour. Each serving contains 25g of carbohydrates.<\/p>\n","protected":false},"excerpt":{"rendered":"<p><strong>Gel 100 CAF 100<\/strong> contains 100mg of caffeine, equivalent to 1.5 espressos or a cup of brewed coffee. This is a significant amount compared to many other traditional gels on the market. It delivers 25g of carbohydrates through a unique blend of glucose and fructose (ratio: 0.8:1) and contains no added flavorings, preservatives, or colorants.<\/p>\n<p>Use <strong>GEL 100 CAF 100<\/strong> during shorter sessions, or combine it with other Maurten products to ensure you have enough carbohydrates for your workout.<\/p>\n<h3>Why Caffeine?<\/h3>\n<p>It is proven that caffeine can enhance alertness, reduce perceived effort, and alleviate pain. These effects can be beneficial in performance and endurance sports. <strong>GEL 100 CAF 100<\/strong> can be used to build up caffeine levels on its own or combined with other types of caffeine to achieve the desired levels during activity.<\/p>\n<h3>Energy Content<\/h3>\n<p>It is well-known that our bodies can utilize around 60g of carbohydrates per hour in the form of glucose or maltodextrin. By using a combination of 0.5:1 fructose and glucose\/maltodextrin, up to 90g can be absorbed per hour. Each serving contains 25g of carbohydrates.<\/p>\n","protected":false},"featured_media":47362,"template":"","meta":{"om_disable_all_campaigns":false,"_price":"45","_stock":"","_tribe_ticket_header":"","_tribe_default_ticket_provider":"","_tribe_ticket_capacity":"23","_ticket_start_date":"","_ticket_end_date":"","_tribe_ticket_show_description":"","_tribe_ticket_show_not_going":false,"_tribe_ticket_use_global_stock":"","_tribe_ticket_global_stock_level":"","_global_stock_mode":"","_global_stock_cap":"","_tribe_rsvp_for_event":"","_tribe_ticket_going_count":"","_tribe_ticket_not_going_count":"","_tribe_tickets_list":"[]","_tribe_ticket_has_attendee_info_fields":false,"_tec_slr_enabled":"","_tec_slr_layout":""},"product_brand":[],"product_cat":[463],"product_tag":[],"class_list":{"0":"post-61729","1":"product","2":"type-product","3":"status-publish","4":"has-post-thumbnail","5":"product_cat-energy","7":"first","8":"instock","9":"taxable","10":"shipping-taxable","11":"purchasable","12":"product-type-simple"},"acf":[],"yoast_head":"<!-- This site is optimized with the Yoast SEO plugin v27.1.1 - https:\/\/yoast.com\/product\/yoast-seo-wordpress\/ -->\n<title>MAURTEN \u2013 Gel 100 Caf 100 - VarjeSteg<\/title>\n<meta name=\"robots\" content=\"index, follow, max-snippet:-1, max-image-preview:large, max-video-preview:-1\" \/>\n<link rel=\"canonical\" href=\"https:\/\/varjesteg.se\/en\/product\/maurten-gel-100-caf-100\/\" \/>\n<meta property=\"og:locale\" content=\"en_US\" \/>\n<meta property=\"og:type\" content=\"article\" \/>\n<meta property=\"og:title\" content=\"MAURTEN \u2013 Gel 100 Caf 100 - VarjeSteg\" \/>\n<meta property=\"og:description\" content=\"Gel 100 CAF 100 contains 100mg of caffeine, equivalent to 1.5 espressos or a cup of brewed coffee. This is a significant amount compared to many other traditional gels on the market. It delivers 25g of carbohydrates through a unique blend of glucose and fructose (ratio: 0.8:1) and contains no added flavorings, preservatives, or colorants.  Use GEL 100 CAF 100 during shorter sessions, or combine it with other Maurten products to ensure you have enough carbohydrates for your workout. Why Caffeine? It is proven that caffeine can enhance alertness, reduce perceived effort, and alleviate pain. These effects can be beneficial in performance and endurance sports. GEL 100 CAF 100 can be used to build up caffeine levels on its own or combined with other types of caffeine to achieve the desired levels during activity. Energy Content It is well-known that our bodies can utilize around 60g of carbohydrates per hour in the form of glucose or maltodextrin. By using a combination of 0.5:1 fructose and glucose\/maltodextrin, up to 90g can be absorbed per hour. Each serving contains 25g of carbohydrates.\" \/>\n<meta property=\"og:url\" content=\"https:\/\/varjesteg.se\/en\/product\/maurten-gel-100-caf-100\/\" \/>\n<meta property=\"og:site_name\" content=\"VarjeSteg\" \/>\n<meta property=\"article:publisher\" content=\"https:\/\/www.facebook.com\/varjesteg\" \/>\n<meta property=\"article:modified_time\" content=\"2025-01-07T22:00:15+00:00\" \/>\n<meta property=\"og:image\" content=\"https:\/\/varjesteg.se\/wp-content\/uploads\/2024\/02\/maurten-gel-100-caf-100-2.webp\" \/>\n\t<meta property=\"og:image:width\" content=\"640\" \/>\n\t<meta property=\"og:image:height\" content=\"640\" \/>\n\t<meta property=\"og:image:type\" content=\"image\/webp\" \/>\n<meta name=\"twitter:card\" content=\"summary_large_image\" \/>\n<meta name=\"twitter:label1\" content=\"Est. reading time\" \/>\n\t<meta name=\"twitter:data1\" content=\"1 minute\" \/>\n<script type=\"application\/ld+json\" class=\"yoast-schema-graph\">{\"@context\":\"https:\/\/schema.org\",\"@graph\":[{\"@type\":\"WebPage\",\"@id\":\"https:\/\/varjesteg.se\/en\/product\/maurten-gel-100-caf-100\/\",\"url\":\"https:\/\/varjesteg.se\/en\/product\/maurten-gel-100-caf-100\/\",\"name\":\"MAURTEN \u2013 Gel 100 Caf 100 - VarjeSteg\",\"isPartOf\":{\"@id\":\"https:\/\/varjesteg.se\/en\/#website\"},\"primaryImageOfPage\":{\"@id\":\"https:\/\/varjesteg.se\/en\/product\/maurten-gel-100-caf-100\/#primaryimage\"},\"image\":{\"@id\":\"https:\/\/varjesteg.se\/en\/product\/maurten-gel-100-caf-100\/#primaryimage\"},\"thumbnailUrl\":\"https:\/\/varjesteg.se\/wp-content\/uploads\/2024\/02\/maurten-gel-100-caf-100-2.webp\",\"datePublished\":\"2022-11-07T17:35:55+00:00\",\"dateModified\":\"2025-01-07T22:00:15+00:00\",\"breadcrumb\":{\"@id\":\"https:\/\/varjesteg.se\/en\/product\/maurten-gel-100-caf-100\/#breadcrumb\"},\"inLanguage\":\"en-US\",\"potentialAction\":[{\"@type\":\"ReadAction\",\"target\":[\"https:\/\/varjesteg.se\/en\/product\/maurten-gel-100-caf-100\/\"]}]},{\"@type\":\"ImageObject\",\"inLanguage\":\"en-US\",\"@id\":\"https:\/\/varjesteg.se\/en\/product\/maurten-gel-100-caf-100\/#primaryimage\",\"url\":\"https:\/\/varjesteg.se\/wp-content\/uploads\/2024\/02\/maurten-gel-100-caf-100-2.webp\",\"contentUrl\":\"https:\/\/varjesteg.se\/wp-content\/uploads\/2024\/02\/maurten-gel-100-caf-100-2.webp\",\"width\":640,\"height\":640},{\"@type\":\"BreadcrumbList\",\"@id\":\"https:\/\/varjesteg.se\/en\/product\/maurten-gel-100-caf-100\/#breadcrumb\",\"itemListElement\":[{\"@type\":\"ListItem\",\"position\":1,\"name\":\"Hem\",\"item\":\"https:\/\/varjesteg.se\/en\/\"},{\"@type\":\"ListItem\",\"position\":2,\"name\":\"Store\",\"item\":\"https:\/\/varjesteg.se\/en\/store\/\"},{\"@type\":\"ListItem\",\"position\":3,\"name\":\"MAURTEN \u2013 Gel 100 Caf 100\"}]},{\"@type\":\"WebSite\",\"@id\":\"https:\/\/varjesteg.se\/en\/#website\",\"url\":\"https:\/\/varjesteg.se\/en\/\",\"name\":\"Varjesteg\",\"description\":\"L\u00f6ptr\u00e4ning f\u00f6r alla\",\"publisher\":{\"@id\":\"https:\/\/varjesteg.se\/en\/#organization\"},\"potentialAction\":[{\"@type\":\"SearchAction\",\"target\":{\"@type\":\"EntryPoint\",\"urlTemplate\":\"https:\/\/varjesteg.se\/en\/?s={search_term_string}\"},\"query-input\":{\"@type\":\"PropertyValueSpecification\",\"valueRequired\":true,\"valueName\":\"search_term_string\"}}],\"inLanguage\":\"en-US\"},{\"@type\":\"Organization\",\"@id\":\"https:\/\/varjesteg.se\/en\/#organization\",\"name\":\"Varjesteg\",\"url\":\"https:\/\/varjesteg.se\/en\/\",\"logo\":{\"@type\":\"ImageObject\",\"inLanguage\":\"en-US\",\"@id\":\"https:\/\/varjesteg.se\/en\/#\/schema\/logo\/image\/\",\"url\":\"https:\/\/varjesteg.se\/wp-content\/uploads\/2024\/02\/varjesteg-logo.png.webp\",\"contentUrl\":\"https:\/\/varjesteg.se\/wp-content\/uploads\/2024\/02\/varjesteg-logo.png.webp\",\"width\":819,\"height\":200,\"caption\":\"Varjesteg\"},\"image\":{\"@id\":\"https:\/\/varjesteg.se\/en\/#\/schema\/logo\/image\/\"},\"sameAs\":[\"https:\/\/www.facebook.com\/varjesteg\",\"https:\/\/www.tiktok.com\/@varjesteg?is_from_webapp=1&sender_device=pc\",\"https:\/\/www.instagram.com\/varjesteg.se\/\",\"https:\/\/se.linkedin.com\/company\/varjesteg\"]}]}<\/script>\n<!-- \/ Yoast SEO plugin. -->","yoast_head_json":{"title":"MAURTEN \u2013 Gel 100 Caf 100 - VarjeSteg","robots":{"index":"index","follow":"follow","max-snippet":"max-snippet:-1","max-image-preview":"max-image-preview:large","max-video-preview":"max-video-preview:-1"},"canonical":"https:\/\/varjesteg.se\/en\/product\/maurten-gel-100-caf-100\/","og_locale":"en_US","og_type":"article","og_title":"MAURTEN \u2013 Gel 100 Caf 100 - VarjeSteg","og_description":"Gel 100 CAF 100 contains 100mg of caffeine, equivalent to 1.5 espressos or a cup of brewed coffee. This is a significant amount compared to many other traditional gels on the market. It delivers 25g of carbohydrates through a unique blend of glucose and fructose (ratio: 0.8:1) and contains no added flavorings, preservatives, or colorants.  Use GEL 100 CAF 100 during shorter sessions, or combine it with other Maurten products to ensure you have enough carbohydrates for your workout. Why Caffeine? It is proven that caffeine can enhance alertness, reduce perceived effort, and alleviate pain. These effects can be beneficial in performance and endurance sports. GEL 100 CAF 100 can be used to build up caffeine levels on its own or combined with other types of caffeine to achieve the desired levels during activity. Energy Content It is well-known that our bodies can utilize around 60g of carbohydrates per hour in the form of glucose or maltodextrin. By using a combination of 0.5:1 fructose and glucose\/maltodextrin, up to 90g can be absorbed per hour. Each serving contains 25g of carbohydrates.","og_url":"https:\/\/varjesteg.se\/en\/product\/maurten-gel-100-caf-100\/","og_site_name":"VarjeSteg","article_publisher":"https:\/\/www.facebook.com\/varjesteg","article_modified_time":"2025-01-07T22:00:15+00:00","og_image":[{"width":640,"height":640,"url":"https:\/\/varjesteg.se\/wp-content\/uploads\/2024\/02\/maurten-gel-100-caf-100-2.webp","type":"image\/webp"}],"twitter_card":"summary_large_image","twitter_misc":{"Est. reading time":"1 minute"},"schema":{"@context":"https:\/\/schema.org","@graph":[{"@type":"WebPage","@id":"https:\/\/varjesteg.se\/en\/product\/maurten-gel-100-caf-100\/","url":"https:\/\/varjesteg.se\/en\/product\/maurten-gel-100-caf-100\/","name":"MAURTEN \u2013 Gel 100 Caf 100 - VarjeSteg","isPartOf":{"@id":"https:\/\/varjesteg.se\/en\/#website"},"primaryImageOfPage":{"@id":"https:\/\/varjesteg.se\/en\/product\/maurten-gel-100-caf-100\/#primaryimage"},"image":{"@id":"https:\/\/varjesteg.se\/en\/product\/maurten-gel-100-caf-100\/#primaryimage"},"thumbnailUrl":"https:\/\/varjesteg.se\/wp-content\/uploads\/2024\/02\/maurten-gel-100-caf-100-2.webp","datePublished":"2022-11-07T17:35:55+00:00","dateModified":"2025-01-07T22:00:15+00:00","breadcrumb":{"@id":"https:\/\/varjesteg.se\/en\/product\/maurten-gel-100-caf-100\/#breadcrumb"},"inLanguage":"en-US","potentialAction":[{"@type":"ReadAction","target":["https:\/\/varjesteg.se\/en\/product\/maurten-gel-100-caf-100\/"]}]},{"@type":"ImageObject","inLanguage":"en-US","@id":"https:\/\/varjesteg.se\/en\/product\/maurten-gel-100-caf-100\/#primaryimage","url":"https:\/\/varjesteg.se\/wp-content\/uploads\/2024\/02\/maurten-gel-100-caf-100-2.webp","contentUrl":"https:\/\/varjesteg.se\/wp-content\/uploads\/2024\/02\/maurten-gel-100-caf-100-2.webp","width":640,"height":640},{"@type":"BreadcrumbList","@id":"https:\/\/varjesteg.se\/en\/product\/maurten-gel-100-caf-100\/#breadcrumb","itemListElement":[{"@type":"ListItem","position":1,"name":"Hem","item":"https:\/\/varjesteg.se\/en\/"},{"@type":"ListItem","position":2,"name":"Store","item":"https:\/\/varjesteg.se\/en\/store\/"},{"@type":"ListItem","position":3,"name":"MAURTEN \u2013 Gel 100 Caf 100"}]},{"@type":"WebSite","@id":"https:\/\/varjesteg.se\/en\/#website","url":"https:\/\/varjesteg.se\/en\/","name":"Varjesteg","description":"L\u00f6ptr\u00e4ning f\u00f6r alla","publisher":{"@id":"https:\/\/varjesteg.se\/en\/#organization"},"potentialAction":[{"@type":"SearchAction","target":{"@type":"EntryPoint","urlTemplate":"https:\/\/varjesteg.se\/en\/?s={search_term_string}"},"query-input":{"@type":"PropertyValueSpecification","valueRequired":true,"valueName":"search_term_string"}}],"inLanguage":"en-US"},{"@type":"Organization","@id":"https:\/\/varjesteg.se\/en\/#organization","name":"Varjesteg","url":"https:\/\/varjesteg.se\/en\/","logo":{"@type":"ImageObject","inLanguage":"en-US","@id":"https:\/\/varjesteg.se\/en\/#\/schema\/logo\/image\/","url":"https:\/\/varjesteg.se\/wp-content\/uploads\/2024\/02\/varjesteg-logo.png.webp","contentUrl":"https:\/\/varjesteg.se\/wp-content\/uploads\/2024\/02\/varjesteg-logo.png.webp","width":819,"height":200,"caption":"Varjesteg"},"image":{"@id":"https:\/\/varjesteg.se\/en\/#\/schema\/logo\/image\/"},"sameAs":["https:\/\/www.facebook.com\/varjesteg","https:\/\/www.tiktok.com\/@varjesteg?is_from_webapp=1&sender_device=pc","https:\/\/www.instagram.com\/varjesteg.se\/","https:\/\/se.linkedin.com\/company\/varjesteg"]}]}},"_links":{"self":[{"href":"https:\/\/varjesteg.se\/en\/wp-json\/wp\/v2\/product\/61729","targetHints":{"allow":["GET"]}}],"collection":[{"href":"https:\/\/varjesteg.se\/en\/wp-json\/wp\/v2\/product"}],"about":[{"href":"https:\/\/varjesteg.se\/en\/wp-json\/wp\/v2\/types\/product"}],"wp:featuredmedia":[{"embeddable":true,"href":"https:\/\/varjesteg.se\/en\/wp-json\/wp\/v2\/media\/47362"}],"wp:attachment":[{"href":"https:\/\/varjesteg.se\/en\/wp-json\/wp\/v2\/media?parent=61729"}],"wp:term":[{"taxonomy":"product_brand","embeddable":true,"href":"https:\/\/varjesteg.se\/en\/wp-json\/wp\/v2\/product_brand?post=61729"},{"taxonomy":"product_cat","embeddable":true,"href":"https:\/\/varjesteg.se\/en\/wp-json\/wp\/v2\/product_cat?post=61729"},{"taxonomy":"product_tag","embeddable":true,"href":"https:\/\/varjesteg.se\/en\/wp-json\/wp\/v2\/product_tag?post=61729"}],"curies":[{"name":"wp","href":"https:\/\/api.w.org\/{rel}","templated":true}]}}