

{"id":61728,"date":"2022-10-28T16:20:35","date_gmt":"2022-10-28T16:20:35","guid":{"rendered":"https:\/\/varjesteg.se\/produkt\/maurten-gel-100-box-12-packages\/"},"modified":"2025-01-08T00:00:15","modified_gmt":"2025-01-07T22:00:15","slug":"maurten-gel-100-box-12-packages","status":"publish","type":"product","link":"https:\/\/varjesteg.se\/en\/product\/maurten-gel-100-box-12-packages\/","title":{"rendered":"MAURTEN \u2013 Gel 100 Box 12 packages"},"content":{"rendered":"<p><strong>GEL 100<\/strong> is a concentrated carbohydrate solution encapsulated in a biopolymer matrix. It consists of a unique blend of glucose and fructose (ratio: 0.8:1), allowing for the intake of up to 100g of carbohydrates per hour. It is the world\u2019s first energy gel developed to utilize hydrogel technology.<\/p>\n<p>Maurten\u2019s <strong>GEL 100<\/strong> is made from six natural ingredients and contains no colorants or preservatives. The gel comes in single-serving packages of 40g, containing 60% carbohydrates (25g of carbohydrates per serving). It can be consumed before, during, and\/or after activity.<\/p>\n<h3>Energy Content:<\/h3>\n<p>Studies have shown that our bodies can utilize up to 90g of carbohydrates per hour. New research has demonstrated that the 0.8:1 ratio of glucose to fructose allows for better absorption, enabling the intake of up to 100g of carbohydrates per hour. GEL 100 is developed using this specific ratio with a very high carbohydrate concentration of 60%. Each serving contains 25g of carbohydrates.<\/p>\n<h3>How Does It Work?<\/h3>\n<p>GEL 100 is based on hydrogel technology, which allows for the easy transport of carbohydrates through the stomach to the intestines, where water, salt, and carbohydrates are absorbed effectively.<\/p>\n","protected":false},"excerpt":{"rendered":"<p><strong>GEL 100<\/strong> is a concentrated carbohydrate solution encapsulated in a biopolymer matrix. It consists of a unique blend of glucose and fructose (ratio: 0.8:1), allowing for the intake of up to 100g of carbohydrates per hour. It is the world\u2019s first energy gel developed to utilize hydrogel technology.<\/p>\n<p>Maurten\u2019s <strong>GEL 100<\/strong> is made from six natural ingredients and contains no colorants or preservatives. The gel comes in single-serving packages of 40g, containing 60% carbohydrates (25g of carbohydrates per serving). It can be consumed before, during, and\/or after activity.<\/p>\n<h3>Energy Content:<\/h3>\n<p>Studies have shown that our bodies can utilize up to 90g of carbohydrates per hour. New research has demonstrated that the 0.8:1 ratio of glucose to fructose allows for better absorption, enabling the intake of up to 100g of carbohydrates per hour. GEL 100 is developed using this specific ratio with a very high carbohydrate concentration of 60%. Each serving contains 25g of carbohydrates.<\/p>\n<h3>How Does It Work?<\/h3>\n<p>GEL 100 is based on hydrogel technology, which allows for the easy transport of carbohydrates through the stomach to the intestines, where water, salt, and carbohydrates are absorbed effectively.<\/p>\n","protected":false},"featured_media":47356,"template":"","meta":{"om_disable_all_campaigns":false,"_price":"449","_stock":"","_tribe_ticket_header":"","_tribe_default_ticket_provider":"","_tribe_ticket_capacity":"42","_ticket_start_date":"","_ticket_end_date":"","_tribe_ticket_show_description":"","_tribe_ticket_show_not_going":false,"_tribe_ticket_use_global_stock":"","_tribe_ticket_global_stock_level":"","_global_stock_mode":"","_global_stock_cap":"","_tribe_rsvp_for_event":"","_tribe_ticket_going_count":"","_tribe_ticket_not_going_count":"","_tribe_tickets_list":"[]","_tribe_ticket_has_attendee_info_fields":false,"_tec_slr_enabled":"","_tec_slr_layout":""},"product_brand":[],"product_cat":[463],"product_tag":[],"class_list":{"0":"post-61728","1":"product","2":"type-product","3":"status-publish","4":"has-post-thumbnail","5":"product_cat-energy","7":"first","8":"instock","9":"taxable","10":"shipping-taxable","11":"purchasable","12":"product-type-simple"},"acf":[],"yoast_head":"<!-- This site is optimized with the Yoast SEO plugin v27.1.1 - https:\/\/yoast.com\/product\/yoast-seo-wordpress\/ -->\n<title>MAURTEN \u2013 Gel 100 Box 12 packages - VarjeSteg<\/title>\n<meta name=\"robots\" content=\"index, follow, max-snippet:-1, max-image-preview:large, max-video-preview:-1\" \/>\n<link rel=\"canonical\" href=\"https:\/\/varjesteg.se\/en\/product\/maurten-gel-100-box-12-packages\/\" \/>\n<meta property=\"og:locale\" content=\"en_US\" \/>\n<meta property=\"og:type\" content=\"article\" \/>\n<meta property=\"og:title\" content=\"MAURTEN \u2013 Gel 100 Box 12 packages - VarjeSteg\" \/>\n<meta property=\"og:description\" content=\"GEL 100 is a concentrated carbohydrate solution encapsulated in a biopolymer matrix. It consists of a unique blend of glucose and fructose (ratio: 0.8:1), allowing for the intake of up to 100g of carbohydrates per hour. It is the world\u2019s first energy gel developed to utilize hydrogel technology.  Maurten\u2019s GEL 100 is made from six natural ingredients and contains no colorants or preservatives. The gel comes in single-serving packages of 40g, containing 60% carbohydrates (25g of carbohydrates per serving). It can be consumed before, during, and\/or after activity. Energy Content: Studies have shown that our bodies can utilize up to 90g of carbohydrates per hour. New research has demonstrated that the 0.8:1 ratio of glucose to fructose allows for better absorption, enabling the intake of up to 100g of carbohydrates per hour. GEL 100 is developed using this specific ratio with a very high carbohydrate concentration of 60%. Each serving contains 25g of carbohydrates. How Does It Work? GEL 100 is based on hydrogel technology, which allows for the easy transport of carbohydrates through the stomach to the intestines, where water, salt, and carbohydrates are absorbed effectively.\" \/>\n<meta property=\"og:url\" content=\"https:\/\/varjesteg.se\/en\/product\/maurten-gel-100-box-12-packages\/\" \/>\n<meta property=\"og:site_name\" content=\"VarjeSteg\" \/>\n<meta property=\"article:publisher\" content=\"https:\/\/www.facebook.com\/varjesteg\" \/>\n<meta property=\"article:modified_time\" content=\"2025-01-07T22:00:15+00:00\" \/>\n<meta property=\"og:image\" content=\"https:\/\/varjesteg.se\/wp-content\/uploads\/2024\/02\/maurten-gel-100.webp\" \/>\n\t<meta property=\"og:image:width\" content=\"960\" \/>\n\t<meta property=\"og:image:height\" content=\"960\" \/>\n\t<meta property=\"og:image:type\" content=\"image\/webp\" \/>\n<meta name=\"twitter:card\" content=\"summary_large_image\" \/>\n<meta name=\"twitter:label1\" content=\"Est. reading time\" \/>\n\t<meta name=\"twitter:data1\" content=\"1 minute\" \/>\n<script type=\"application\/ld+json\" class=\"yoast-schema-graph\">{\"@context\":\"https:\/\/schema.org\",\"@graph\":[{\"@type\":\"WebPage\",\"@id\":\"https:\/\/varjesteg.se\/en\/product\/maurten-gel-100-box-12-packages\/\",\"url\":\"https:\/\/varjesteg.se\/en\/product\/maurten-gel-100-box-12-packages\/\",\"name\":\"MAURTEN \u2013 Gel 100 Box 12 packages - VarjeSteg\",\"isPartOf\":{\"@id\":\"https:\/\/varjesteg.se\/en\/#website\"},\"primaryImageOfPage\":{\"@id\":\"https:\/\/varjesteg.se\/en\/product\/maurten-gel-100-box-12-packages\/#primaryimage\"},\"image\":{\"@id\":\"https:\/\/varjesteg.se\/en\/product\/maurten-gel-100-box-12-packages\/#primaryimage\"},\"thumbnailUrl\":\"https:\/\/varjesteg.se\/wp-content\/uploads\/2024\/02\/maurten-gel-100.webp\",\"datePublished\":\"2022-10-28T16:20:35+00:00\",\"dateModified\":\"2025-01-07T22:00:15+00:00\",\"breadcrumb\":{\"@id\":\"https:\/\/varjesteg.se\/en\/product\/maurten-gel-100-box-12-packages\/#breadcrumb\"},\"inLanguage\":\"en-US\",\"potentialAction\":[{\"@type\":\"ReadAction\",\"target\":[\"https:\/\/varjesteg.se\/en\/product\/maurten-gel-100-box-12-packages\/\"]}]},{\"@type\":\"ImageObject\",\"inLanguage\":\"en-US\",\"@id\":\"https:\/\/varjesteg.se\/en\/product\/maurten-gel-100-box-12-packages\/#primaryimage\",\"url\":\"https:\/\/varjesteg.se\/wp-content\/uploads\/2024\/02\/maurten-gel-100.webp\",\"contentUrl\":\"https:\/\/varjesteg.se\/wp-content\/uploads\/2024\/02\/maurten-gel-100.webp\",\"width\":960,\"height\":960},{\"@type\":\"BreadcrumbList\",\"@id\":\"https:\/\/varjesteg.se\/en\/product\/maurten-gel-100-box-12-packages\/#breadcrumb\",\"itemListElement\":[{\"@type\":\"ListItem\",\"position\":1,\"name\":\"Hem\",\"item\":\"https:\/\/varjesteg.se\/en\/\"},{\"@type\":\"ListItem\",\"position\":2,\"name\":\"Store\",\"item\":\"https:\/\/varjesteg.se\/en\/store\/\"},{\"@type\":\"ListItem\",\"position\":3,\"name\":\"MAURTEN \u2013 Gel 100 Box 12 packages\"}]},{\"@type\":\"WebSite\",\"@id\":\"https:\/\/varjesteg.se\/en\/#website\",\"url\":\"https:\/\/varjesteg.se\/en\/\",\"name\":\"Varjesteg\",\"description\":\"L\u00f6ptr\u00e4ning f\u00f6r alla\",\"publisher\":{\"@id\":\"https:\/\/varjesteg.se\/en\/#organization\"},\"potentialAction\":[{\"@type\":\"SearchAction\",\"target\":{\"@type\":\"EntryPoint\",\"urlTemplate\":\"https:\/\/varjesteg.se\/en\/?s={search_term_string}\"},\"query-input\":{\"@type\":\"PropertyValueSpecification\",\"valueRequired\":true,\"valueName\":\"search_term_string\"}}],\"inLanguage\":\"en-US\"},{\"@type\":\"Organization\",\"@id\":\"https:\/\/varjesteg.se\/en\/#organization\",\"name\":\"Varjesteg\",\"url\":\"https:\/\/varjesteg.se\/en\/\",\"logo\":{\"@type\":\"ImageObject\",\"inLanguage\":\"en-US\",\"@id\":\"https:\/\/varjesteg.se\/en\/#\/schema\/logo\/image\/\",\"url\":\"https:\/\/varjesteg.se\/wp-content\/uploads\/2024\/02\/varjesteg-logo.png.webp\",\"contentUrl\":\"https:\/\/varjesteg.se\/wp-content\/uploads\/2024\/02\/varjesteg-logo.png.webp\",\"width\":819,\"height\":200,\"caption\":\"Varjesteg\"},\"image\":{\"@id\":\"https:\/\/varjesteg.se\/en\/#\/schema\/logo\/image\/\"},\"sameAs\":[\"https:\/\/www.facebook.com\/varjesteg\",\"https:\/\/www.tiktok.com\/@varjesteg?is_from_webapp=1&sender_device=pc\",\"https:\/\/www.instagram.com\/varjesteg.se\/\",\"https:\/\/se.linkedin.com\/company\/varjesteg\"]}]}<\/script>\n<!-- \/ Yoast SEO plugin. -->","yoast_head_json":{"title":"MAURTEN \u2013 Gel 100 Box 12 packages - VarjeSteg","robots":{"index":"index","follow":"follow","max-snippet":"max-snippet:-1","max-image-preview":"max-image-preview:large","max-video-preview":"max-video-preview:-1"},"canonical":"https:\/\/varjesteg.se\/en\/product\/maurten-gel-100-box-12-packages\/","og_locale":"en_US","og_type":"article","og_title":"MAURTEN \u2013 Gel 100 Box 12 packages - VarjeSteg","og_description":"GEL 100 is a concentrated carbohydrate solution encapsulated in a biopolymer matrix. It consists of a unique blend of glucose and fructose (ratio: 0.8:1), allowing for the intake of up to 100g of carbohydrates per hour. It is the world\u2019s first energy gel developed to utilize hydrogel technology.  Maurten\u2019s GEL 100 is made from six natural ingredients and contains no colorants or preservatives. The gel comes in single-serving packages of 40g, containing 60% carbohydrates (25g of carbohydrates per serving). It can be consumed before, during, and\/or after activity. Energy Content: Studies have shown that our bodies can utilize up to 90g of carbohydrates per hour. New research has demonstrated that the 0.8:1 ratio of glucose to fructose allows for better absorption, enabling the intake of up to 100g of carbohydrates per hour. GEL 100 is developed using this specific ratio with a very high carbohydrate concentration of 60%. Each serving contains 25g of carbohydrates. How Does It Work? GEL 100 is based on hydrogel technology, which allows for the easy transport of carbohydrates through the stomach to the intestines, where water, salt, and carbohydrates are absorbed effectively.","og_url":"https:\/\/varjesteg.se\/en\/product\/maurten-gel-100-box-12-packages\/","og_site_name":"VarjeSteg","article_publisher":"https:\/\/www.facebook.com\/varjesteg","article_modified_time":"2025-01-07T22:00:15+00:00","og_image":[{"width":960,"height":960,"url":"https:\/\/varjesteg.se\/wp-content\/uploads\/2024\/02\/maurten-gel-100.webp","type":"image\/webp"}],"twitter_card":"summary_large_image","twitter_misc":{"Est. reading time":"1 minute"},"schema":{"@context":"https:\/\/schema.org","@graph":[{"@type":"WebPage","@id":"https:\/\/varjesteg.se\/en\/product\/maurten-gel-100-box-12-packages\/","url":"https:\/\/varjesteg.se\/en\/product\/maurten-gel-100-box-12-packages\/","name":"MAURTEN \u2013 Gel 100 Box 12 packages - VarjeSteg","isPartOf":{"@id":"https:\/\/varjesteg.se\/en\/#website"},"primaryImageOfPage":{"@id":"https:\/\/varjesteg.se\/en\/product\/maurten-gel-100-box-12-packages\/#primaryimage"},"image":{"@id":"https:\/\/varjesteg.se\/en\/product\/maurten-gel-100-box-12-packages\/#primaryimage"},"thumbnailUrl":"https:\/\/varjesteg.se\/wp-content\/uploads\/2024\/02\/maurten-gel-100.webp","datePublished":"2022-10-28T16:20:35+00:00","dateModified":"2025-01-07T22:00:15+00:00","breadcrumb":{"@id":"https:\/\/varjesteg.se\/en\/product\/maurten-gel-100-box-12-packages\/#breadcrumb"},"inLanguage":"en-US","potentialAction":[{"@type":"ReadAction","target":["https:\/\/varjesteg.se\/en\/product\/maurten-gel-100-box-12-packages\/"]}]},{"@type":"ImageObject","inLanguage":"en-US","@id":"https:\/\/varjesteg.se\/en\/product\/maurten-gel-100-box-12-packages\/#primaryimage","url":"https:\/\/varjesteg.se\/wp-content\/uploads\/2024\/02\/maurten-gel-100.webp","contentUrl":"https:\/\/varjesteg.se\/wp-content\/uploads\/2024\/02\/maurten-gel-100.webp","width":960,"height":960},{"@type":"BreadcrumbList","@id":"https:\/\/varjesteg.se\/en\/product\/maurten-gel-100-box-12-packages\/#breadcrumb","itemListElement":[{"@type":"ListItem","position":1,"name":"Hem","item":"https:\/\/varjesteg.se\/en\/"},{"@type":"ListItem","position":2,"name":"Store","item":"https:\/\/varjesteg.se\/en\/store\/"},{"@type":"ListItem","position":3,"name":"MAURTEN \u2013 Gel 100 Box 12 packages"}]},{"@type":"WebSite","@id":"https:\/\/varjesteg.se\/en\/#website","url":"https:\/\/varjesteg.se\/en\/","name":"Varjesteg","description":"L\u00f6ptr\u00e4ning f\u00f6r alla","publisher":{"@id":"https:\/\/varjesteg.se\/en\/#organization"},"potentialAction":[{"@type":"SearchAction","target":{"@type":"EntryPoint","urlTemplate":"https:\/\/varjesteg.se\/en\/?s={search_term_string}"},"query-input":{"@type":"PropertyValueSpecification","valueRequired":true,"valueName":"search_term_string"}}],"inLanguage":"en-US"},{"@type":"Organization","@id":"https:\/\/varjesteg.se\/en\/#organization","name":"Varjesteg","url":"https:\/\/varjesteg.se\/en\/","logo":{"@type":"ImageObject","inLanguage":"en-US","@id":"https:\/\/varjesteg.se\/en\/#\/schema\/logo\/image\/","url":"https:\/\/varjesteg.se\/wp-content\/uploads\/2024\/02\/varjesteg-logo.png.webp","contentUrl":"https:\/\/varjesteg.se\/wp-content\/uploads\/2024\/02\/varjesteg-logo.png.webp","width":819,"height":200,"caption":"Varjesteg"},"image":{"@id":"https:\/\/varjesteg.se\/en\/#\/schema\/logo\/image\/"},"sameAs":["https:\/\/www.facebook.com\/varjesteg","https:\/\/www.tiktok.com\/@varjesteg?is_from_webapp=1&sender_device=pc","https:\/\/www.instagram.com\/varjesteg.se\/","https:\/\/se.linkedin.com\/company\/varjesteg"]}]}},"_links":{"self":[{"href":"https:\/\/varjesteg.se\/en\/wp-json\/wp\/v2\/product\/61728","targetHints":{"allow":["GET"]}}],"collection":[{"href":"https:\/\/varjesteg.se\/en\/wp-json\/wp\/v2\/product"}],"about":[{"href":"https:\/\/varjesteg.se\/en\/wp-json\/wp\/v2\/types\/product"}],"wp:featuredmedia":[{"embeddable":true,"href":"https:\/\/varjesteg.se\/en\/wp-json\/wp\/v2\/media\/47356"}],"wp:attachment":[{"href":"https:\/\/varjesteg.se\/en\/wp-json\/wp\/v2\/media?parent=61728"}],"wp:term":[{"taxonomy":"product_brand","embeddable":true,"href":"https:\/\/varjesteg.se\/en\/wp-json\/wp\/v2\/product_brand?post=61728"},{"taxonomy":"product_cat","embeddable":true,"href":"https:\/\/varjesteg.se\/en\/wp-json\/wp\/v2\/product_cat?post=61728"},{"taxonomy":"product_tag","embeddable":true,"href":"https:\/\/varjesteg.se\/en\/wp-json\/wp\/v2\/product_tag?post=61728"}],"curies":[{"name":"wp","href":"https:\/\/api.w.org\/{rel}","templated":true}]}}