

{"id":61726,"date":"2022-10-28T16:16:17","date_gmt":"2022-10-28T14:16:17","guid":{"rendered":"https:\/\/varjesteg.se\/produkt\/maurten-drink-mix-320-box-14-packages\/"},"modified":"2025-01-08T00:00:15","modified_gmt":"2025-01-07T22:00:15","slug":"maurten-drink-mix-320-box-14-packages","status":"publish","type":"product","link":"https:\/\/varjesteg.se\/en\/product\/maurten-drink-mix-320-box-14-packages\/","title":{"rendered":"MAURTEN \u2013 Drink Mix 320 Box 14 packages"},"content":{"rendered":"<p>The most carbohydrate-rich sports drink in the world, trusted by top runners. Each single-serving package provides 80g of carbohydrates. It can be consumed before, during, and\/or after activity.<\/p>\n<h3>Energy Content:<\/h3>\n<p>Studies show that our bodies can utilize up to 90g of carbohydrates per hour. A single serving of Drink Mix 320 mixed with 500ml of water contains 80g of carbohydrates.<\/p>\n<h3>How Does It Work?<\/h3>\n<p>Drink Mix 320 is based on hydrogel technology. When the powder is mixed with water, it creates a sports drink with a high concentration of maltodextrin and fructose. The drink transforms into a hydrogel upon reaching the stomach&#8217;s acidity. This hydrogel facilitates easy transportation of the drink through the stomach to the intestines, where water, salt, and carbohydrates are absorbed efficiently.<\/p>\n","protected":false},"excerpt":{"rendered":"<p>The most carbohydrate-rich sports drink in the world, trusted by top runners. Each single-serving package provides 80g of carbohydrates. It can be consumed before, during, and\/or after activity.<\/p>\n<h3>Energy Content:<\/h3>\n<p>Studies show that our bodies can utilize up to 90g of carbohydrates per hour. A single serving of Drink Mix 320 mixed with 500ml of water contains 80g of carbohydrates.<\/p>\n<h3>How Does It Work?<\/h3>\n<p>Drink Mix 320 is based on hydrogel technology. When the powder is mixed with water, it creates a sports drink with a high concentration of maltodextrin and fructose. The drink transforms into a hydrogel upon reaching the stomach&#8217;s acidity. This hydrogel facilitates easy transportation of the drink through the stomach to the intestines, where water, salt, and carbohydrates are absorbed efficiently.<\/p>\n","protected":false},"featured_media":47331,"template":"","meta":{"om_disable_all_campaigns":false,"_price":"549","_stock":"","_tribe_ticket_header":"","_tribe_default_ticket_provider":"","_tribe_ticket_capacity":"10","_ticket_start_date":"","_ticket_end_date":"","_tribe_ticket_show_description":"","_tribe_ticket_show_not_going":false,"_tribe_ticket_use_global_stock":"","_tribe_ticket_global_stock_level":"","_global_stock_mode":"","_global_stock_cap":"","_tribe_rsvp_for_event":"","_tribe_ticket_going_count":"","_tribe_ticket_not_going_count":"","_tribe_tickets_list":"[]","_tribe_ticket_has_attendee_info_fields":false,"_tec_slr_enabled":"","_tec_slr_layout":""},"product_brand":[],"product_cat":[463],"product_tag":[],"class_list":{"0":"post-61726","1":"product","2":"type-product","3":"status-publish","4":"has-post-thumbnail","5":"product_cat-energy","7":"first","8":"instock","9":"taxable","10":"shipping-taxable","11":"purchasable","12":"product-type-simple"},"acf":[],"yoast_head":"<!-- This site is optimized with the Yoast SEO plugin v27.1.1 - https:\/\/yoast.com\/product\/yoast-seo-wordpress\/ -->\n<title>MAURTEN \u2013 Drink Mix 320 Box 14 packages - VarjeSteg<\/title>\n<meta name=\"robots\" content=\"index, follow, max-snippet:-1, max-image-preview:large, max-video-preview:-1\" \/>\n<link rel=\"canonical\" href=\"https:\/\/varjesteg.se\/en\/product\/maurten-drink-mix-320-box-14-packages\/\" \/>\n<meta property=\"og:locale\" content=\"en_US\" \/>\n<meta property=\"og:type\" content=\"article\" \/>\n<meta property=\"og:title\" content=\"MAURTEN \u2013 Drink Mix 320 Box 14 packages - VarjeSteg\" \/>\n<meta property=\"og:description\" content=\"The most carbohydrate-rich sports drink in the world, trusted by top runners. Each single-serving package provides 80g of carbohydrates. It can be consumed before, during, and\/or after activity. Energy Content: Studies show that our bodies can utilize up to 90g of carbohydrates per hour. A single serving of Drink Mix 320 mixed with 500ml of water contains 80g of carbohydrates. How Does It Work? Drink Mix 320 is based on hydrogel technology. When the powder is mixed with water, it creates a sports drink with a high concentration of maltodextrin and fructose. The drink transforms into a hydrogel upon reaching the stomach&#039;s acidity. This hydrogel facilitates easy transportation of the drink through the stomach to the intestines, where water, salt, and carbohydrates are absorbed efficiently.\" \/>\n<meta property=\"og:url\" content=\"https:\/\/varjesteg.se\/en\/product\/maurten-drink-mix-320-box-14-packages\/\" \/>\n<meta property=\"og:site_name\" content=\"VarjeSteg\" \/>\n<meta property=\"article:publisher\" content=\"https:\/\/www.facebook.com\/varjesteg\" \/>\n<meta property=\"article:modified_time\" content=\"2025-01-07T22:00:15+00:00\" \/>\n<meta property=\"og:image\" content=\"https:\/\/varjesteg.se\/wp-content\/uploads\/2022\/09\/maurten-320.jpg\" \/>\n\t<meta property=\"og:image:width\" content=\"960\" \/>\n\t<meta property=\"og:image:height\" content=\"960\" \/>\n\t<meta property=\"og:image:type\" content=\"image\/jpeg\" \/>\n<meta name=\"twitter:card\" content=\"summary_large_image\" \/>\n<meta name=\"twitter:label1\" content=\"Est. reading time\" \/>\n\t<meta name=\"twitter:data1\" content=\"1 minute\" \/>\n<script type=\"application\/ld+json\" class=\"yoast-schema-graph\">{\"@context\":\"https:\/\/schema.org\",\"@graph\":[{\"@type\":\"WebPage\",\"@id\":\"https:\/\/varjesteg.se\/en\/product\/maurten-drink-mix-320-box-14-packages\/\",\"url\":\"https:\/\/varjesteg.se\/en\/product\/maurten-drink-mix-320-box-14-packages\/\",\"name\":\"MAURTEN \u2013 Drink Mix 320 Box 14 packages - VarjeSteg\",\"isPartOf\":{\"@id\":\"https:\/\/varjesteg.se\/en\/#website\"},\"primaryImageOfPage\":{\"@id\":\"https:\/\/varjesteg.se\/en\/product\/maurten-drink-mix-320-box-14-packages\/#primaryimage\"},\"image\":{\"@id\":\"https:\/\/varjesteg.se\/en\/product\/maurten-drink-mix-320-box-14-packages\/#primaryimage\"},\"thumbnailUrl\":\"https:\/\/varjesteg.se\/wp-content\/uploads\/2022\/09\/maurten-320.jpg\",\"datePublished\":\"2022-10-28T14:16:17+00:00\",\"dateModified\":\"2025-01-07T22:00:15+00:00\",\"breadcrumb\":{\"@id\":\"https:\/\/varjesteg.se\/en\/product\/maurten-drink-mix-320-box-14-packages\/#breadcrumb\"},\"inLanguage\":\"en-US\",\"potentialAction\":[{\"@type\":\"ReadAction\",\"target\":[\"https:\/\/varjesteg.se\/en\/product\/maurten-drink-mix-320-box-14-packages\/\"]}]},{\"@type\":\"ImageObject\",\"inLanguage\":\"en-US\",\"@id\":\"https:\/\/varjesteg.se\/en\/product\/maurten-drink-mix-320-box-14-packages\/#primaryimage\",\"url\":\"https:\/\/varjesteg.se\/wp-content\/uploads\/2022\/09\/maurten-320.jpg\",\"contentUrl\":\"https:\/\/varjesteg.se\/wp-content\/uploads\/2022\/09\/maurten-320.jpg\",\"width\":960,\"height\":960},{\"@type\":\"BreadcrumbList\",\"@id\":\"https:\/\/varjesteg.se\/en\/product\/maurten-drink-mix-320-box-14-packages\/#breadcrumb\",\"itemListElement\":[{\"@type\":\"ListItem\",\"position\":1,\"name\":\"Hem\",\"item\":\"https:\/\/varjesteg.se\/en\/\"},{\"@type\":\"ListItem\",\"position\":2,\"name\":\"Store\",\"item\":\"https:\/\/varjesteg.se\/en\/store\/\"},{\"@type\":\"ListItem\",\"position\":3,\"name\":\"MAURTEN \u2013 Drink Mix 320 Box 14 packages\"}]},{\"@type\":\"WebSite\",\"@id\":\"https:\/\/varjesteg.se\/en\/#website\",\"url\":\"https:\/\/varjesteg.se\/en\/\",\"name\":\"Varjesteg\",\"description\":\"L\u00f6ptr\u00e4ning f\u00f6r alla\",\"publisher\":{\"@id\":\"https:\/\/varjesteg.se\/en\/#organization\"},\"potentialAction\":[{\"@type\":\"SearchAction\",\"target\":{\"@type\":\"EntryPoint\",\"urlTemplate\":\"https:\/\/varjesteg.se\/en\/?s={search_term_string}\"},\"query-input\":{\"@type\":\"PropertyValueSpecification\",\"valueRequired\":true,\"valueName\":\"search_term_string\"}}],\"inLanguage\":\"en-US\"},{\"@type\":\"Organization\",\"@id\":\"https:\/\/varjesteg.se\/en\/#organization\",\"name\":\"Varjesteg\",\"url\":\"https:\/\/varjesteg.se\/en\/\",\"logo\":{\"@type\":\"ImageObject\",\"inLanguage\":\"en-US\",\"@id\":\"https:\/\/varjesteg.se\/en\/#\/schema\/logo\/image\/\",\"url\":\"https:\/\/varjesteg.se\/wp-content\/uploads\/2024\/02\/varjesteg-logo.png.webp\",\"contentUrl\":\"https:\/\/varjesteg.se\/wp-content\/uploads\/2024\/02\/varjesteg-logo.png.webp\",\"width\":819,\"height\":200,\"caption\":\"Varjesteg\"},\"image\":{\"@id\":\"https:\/\/varjesteg.se\/en\/#\/schema\/logo\/image\/\"},\"sameAs\":[\"https:\/\/www.facebook.com\/varjesteg\",\"https:\/\/www.tiktok.com\/@varjesteg?is_from_webapp=1&sender_device=pc\",\"https:\/\/www.instagram.com\/varjesteg.se\/\",\"https:\/\/se.linkedin.com\/company\/varjesteg\"]}]}<\/script>\n<!-- \/ Yoast SEO plugin. -->","yoast_head_json":{"title":"MAURTEN \u2013 Drink Mix 320 Box 14 packages - VarjeSteg","robots":{"index":"index","follow":"follow","max-snippet":"max-snippet:-1","max-image-preview":"max-image-preview:large","max-video-preview":"max-video-preview:-1"},"canonical":"https:\/\/varjesteg.se\/en\/product\/maurten-drink-mix-320-box-14-packages\/","og_locale":"en_US","og_type":"article","og_title":"MAURTEN \u2013 Drink Mix 320 Box 14 packages - VarjeSteg","og_description":"The most carbohydrate-rich sports drink in the world, trusted by top runners. Each single-serving package provides 80g of carbohydrates. It can be consumed before, during, and\/or after activity. Energy Content: Studies show that our bodies can utilize up to 90g of carbohydrates per hour. A single serving of Drink Mix 320 mixed with 500ml of water contains 80g of carbohydrates. How Does It Work? Drink Mix 320 is based on hydrogel technology. When the powder is mixed with water, it creates a sports drink with a high concentration of maltodextrin and fructose. The drink transforms into a hydrogel upon reaching the stomach's acidity. This hydrogel facilitates easy transportation of the drink through the stomach to the intestines, where water, salt, and carbohydrates are absorbed efficiently.","og_url":"https:\/\/varjesteg.se\/en\/product\/maurten-drink-mix-320-box-14-packages\/","og_site_name":"VarjeSteg","article_publisher":"https:\/\/www.facebook.com\/varjesteg","article_modified_time":"2025-01-07T22:00:15+00:00","og_image":[{"width":960,"height":960,"url":"https:\/\/varjesteg.se\/wp-content\/uploads\/2022\/09\/maurten-320.jpg","type":"image\/jpeg"}],"twitter_card":"summary_large_image","twitter_misc":{"Est. reading time":"1 minute"},"schema":{"@context":"https:\/\/schema.org","@graph":[{"@type":"WebPage","@id":"https:\/\/varjesteg.se\/en\/product\/maurten-drink-mix-320-box-14-packages\/","url":"https:\/\/varjesteg.se\/en\/product\/maurten-drink-mix-320-box-14-packages\/","name":"MAURTEN \u2013 Drink Mix 320 Box 14 packages - VarjeSteg","isPartOf":{"@id":"https:\/\/varjesteg.se\/en\/#website"},"primaryImageOfPage":{"@id":"https:\/\/varjesteg.se\/en\/product\/maurten-drink-mix-320-box-14-packages\/#primaryimage"},"image":{"@id":"https:\/\/varjesteg.se\/en\/product\/maurten-drink-mix-320-box-14-packages\/#primaryimage"},"thumbnailUrl":"https:\/\/varjesteg.se\/wp-content\/uploads\/2022\/09\/maurten-320.jpg","datePublished":"2022-10-28T14:16:17+00:00","dateModified":"2025-01-07T22:00:15+00:00","breadcrumb":{"@id":"https:\/\/varjesteg.se\/en\/product\/maurten-drink-mix-320-box-14-packages\/#breadcrumb"},"inLanguage":"en-US","potentialAction":[{"@type":"ReadAction","target":["https:\/\/varjesteg.se\/en\/product\/maurten-drink-mix-320-box-14-packages\/"]}]},{"@type":"ImageObject","inLanguage":"en-US","@id":"https:\/\/varjesteg.se\/en\/product\/maurten-drink-mix-320-box-14-packages\/#primaryimage","url":"https:\/\/varjesteg.se\/wp-content\/uploads\/2022\/09\/maurten-320.jpg","contentUrl":"https:\/\/varjesteg.se\/wp-content\/uploads\/2022\/09\/maurten-320.jpg","width":960,"height":960},{"@type":"BreadcrumbList","@id":"https:\/\/varjesteg.se\/en\/product\/maurten-drink-mix-320-box-14-packages\/#breadcrumb","itemListElement":[{"@type":"ListItem","position":1,"name":"Hem","item":"https:\/\/varjesteg.se\/en\/"},{"@type":"ListItem","position":2,"name":"Store","item":"https:\/\/varjesteg.se\/en\/store\/"},{"@type":"ListItem","position":3,"name":"MAURTEN \u2013 Drink Mix 320 Box 14 packages"}]},{"@type":"WebSite","@id":"https:\/\/varjesteg.se\/en\/#website","url":"https:\/\/varjesteg.se\/en\/","name":"Varjesteg","description":"L\u00f6ptr\u00e4ning f\u00f6r alla","publisher":{"@id":"https:\/\/varjesteg.se\/en\/#organization"},"potentialAction":[{"@type":"SearchAction","target":{"@type":"EntryPoint","urlTemplate":"https:\/\/varjesteg.se\/en\/?s={search_term_string}"},"query-input":{"@type":"PropertyValueSpecification","valueRequired":true,"valueName":"search_term_string"}}],"inLanguage":"en-US"},{"@type":"Organization","@id":"https:\/\/varjesteg.se\/en\/#organization","name":"Varjesteg","url":"https:\/\/varjesteg.se\/en\/","logo":{"@type":"ImageObject","inLanguage":"en-US","@id":"https:\/\/varjesteg.se\/en\/#\/schema\/logo\/image\/","url":"https:\/\/varjesteg.se\/wp-content\/uploads\/2024\/02\/varjesteg-logo.png.webp","contentUrl":"https:\/\/varjesteg.se\/wp-content\/uploads\/2024\/02\/varjesteg-logo.png.webp","width":819,"height":200,"caption":"Varjesteg"},"image":{"@id":"https:\/\/varjesteg.se\/en\/#\/schema\/logo\/image\/"},"sameAs":["https:\/\/www.facebook.com\/varjesteg","https:\/\/www.tiktok.com\/@varjesteg?is_from_webapp=1&sender_device=pc","https:\/\/www.instagram.com\/varjesteg.se\/","https:\/\/se.linkedin.com\/company\/varjesteg"]}]}},"_links":{"self":[{"href":"https:\/\/varjesteg.se\/en\/wp-json\/wp\/v2\/product\/61726","targetHints":{"allow":["GET"]}}],"collection":[{"href":"https:\/\/varjesteg.se\/en\/wp-json\/wp\/v2\/product"}],"about":[{"href":"https:\/\/varjesteg.se\/en\/wp-json\/wp\/v2\/types\/product"}],"wp:featuredmedia":[{"embeddable":true,"href":"https:\/\/varjesteg.se\/en\/wp-json\/wp\/v2\/media\/47331"}],"wp:attachment":[{"href":"https:\/\/varjesteg.se\/en\/wp-json\/wp\/v2\/media?parent=61726"}],"wp:term":[{"taxonomy":"product_brand","embeddable":true,"href":"https:\/\/varjesteg.se\/en\/wp-json\/wp\/v2\/product_brand?post=61726"},{"taxonomy":"product_cat","embeddable":true,"href":"https:\/\/varjesteg.se\/en\/wp-json\/wp\/v2\/product_cat?post=61726"},{"taxonomy":"product_tag","embeddable":true,"href":"https:\/\/varjesteg.se\/en\/wp-json\/wp\/v2\/product_tag?post=61726"}],"curies":[{"name":"wp","href":"https:\/\/api.w.org\/{rel}","templated":true}]}}