

{"id":61720,"date":"2024-11-11T14:56:28","date_gmt":"2024-11-11T12:56:28","guid":{"rendered":"https:\/\/varjesteg.se\/produkt\/oofos-oolala-unisex\/"},"modified":"2025-07-01T00:00:36","modified_gmt":"2025-06-30T22:00:36","slug":"oofos-oolala-unisex","status":"publish","type":"product","link":"https:\/\/varjesteg.se\/en\/product\/oofos-oolala-unisex\/","title":{"rendered":"Oofos &#8211; OOlala Unisex"},"content":{"rendered":"<p>OOFOS recovery sandals help you recover optimally, ensuring you&#8217;re ready for your next workout in no time! These sandals absorb shocks up to 37% better than traditional foam, making them market leaders.<\/p>\n<p>To relieve stress on your ankles, knees, and back, these recovery sandals feature a specially designed sole that provides excellent arch support and a perfect roll for your foot. They reduce strain by up to 20% compared to other sandals!<\/p>\n<p>If your recovery sandals get dirty, you can toss them in the washing machine on a low-temperature setting. Plus, they dry quickly.<\/p>\n","protected":false},"excerpt":{"rendered":"<p>OOFOS recovery sandals help you recover optimally, ensuring you&#8217;re ready for your next workout in no time! These sandals absorb shocks up to 37% better than traditional foam, making them market leaders.<\/p>\n<p>To relieve stress on your ankles, knees, and back, these recovery sandals feature a specially designed sole that provides excellent arch support and a perfect roll for your foot. They reduce strain by up to 20% compared to other sandals!<\/p>\n<p>If your recovery sandals get dirty, you can toss them in the washing machine on a low-temperature setting. Plus, they dry quickly.<\/p>\n","protected":false},"featured_media":60174,"template":"","meta":{"om_disable_all_campaigns":false,"_price":"699","_stock":"","_tribe_ticket_header":"","_tribe_default_ticket_provider":"","_tribe_ticket_capacity":"0","_ticket_start_date":"","_ticket_end_date":"","_tribe_ticket_show_description":"","_tribe_ticket_show_not_going":false,"_tribe_ticket_use_global_stock":"","_tribe_ticket_global_stock_level":"","_global_stock_mode":"","_global_stock_cap":"","_tribe_rsvp_for_event":"","_tribe_ticket_going_count":"","_tribe_ticket_not_going_count":"","_tribe_tickets_list":"[]","_tribe_ticket_has_attendee_info_fields":false,"_tec_slr_enabled":"","_tec_slr_layout":""},"product_brand":[],"product_cat":[945],"product_tag":[],"class_list":{"0":"post-61720","1":"product","2":"type-product","3":"status-publish","4":"has-post-thumbnail","5":"product_cat-sandals","7":"first","8":"outofstock","9":"taxable","10":"shipping-taxable","11":"purchasable","12":"product-type-variable"},"acf":[],"yoast_head":"<!-- This site is optimized with the Yoast SEO plugin v27.1.1 - https:\/\/yoast.com\/product\/yoast-seo-wordpress\/ -->\n<title>Oofos - OOlala Unisex - VarjeSteg<\/title>\n<meta name=\"robots\" content=\"index, follow, max-snippet:-1, max-image-preview:large, max-video-preview:-1\" \/>\n<link rel=\"canonical\" href=\"https:\/\/varjesteg.se\/en\/product\/oofos-oolala-unisex\/\" \/>\n<meta property=\"og:locale\" content=\"en_US\" \/>\n<meta property=\"og:type\" content=\"article\" \/>\n<meta property=\"og:title\" content=\"Oofos - OOlala Unisex - VarjeSteg\" \/>\n<meta property=\"og:description\" content=\"OOFOS recovery sandals help you recover optimally, ensuring you&#039;re ready for your next workout in no time! These sandals absorb shocks up to 37% better than traditional foam, making them market leaders.  To relieve stress on your ankles, knees, and back, these recovery sandals feature a specially designed sole that provides excellent arch support and a perfect roll for your foot. They reduce strain by up to 20% compared to other sandals!  If your recovery sandals get dirty, you can toss them in the washing machine on a low-temperature setting. Plus, they dry quickly.\" \/>\n<meta property=\"og:url\" content=\"https:\/\/varjesteg.se\/en\/product\/oofos-oolala-unisex\/\" \/>\n<meta property=\"og:site_name\" content=\"VarjeSteg\" \/>\n<meta property=\"article:publisher\" content=\"https:\/\/www.facebook.com\/varjesteg\" \/>\n<meta property=\"article:modified_time\" content=\"2025-06-30T22:00:36+00:00\" \/>\n<meta property=\"og:image\" content=\"https:\/\/varjesteg.se\/wp-content\/uploads\/2024\/11\/FullSizeRender-100.jpg\" \/>\n\t<meta property=\"og:image:width\" content=\"1632\" \/>\n\t<meta property=\"og:image:height\" content=\"1224\" \/>\n\t<meta property=\"og:image:type\" content=\"image\/jpeg\" \/>\n<meta name=\"twitter:card\" content=\"summary_large_image\" \/>\n<script type=\"application\/ld+json\" class=\"yoast-schema-graph\">{\"@context\":\"https:\/\/schema.org\",\"@graph\":[{\"@type\":\"WebPage\",\"@id\":\"https:\/\/varjesteg.se\/en\/product\/oofos-oolala-unisex\/\",\"url\":\"https:\/\/varjesteg.se\/en\/product\/oofos-oolala-unisex\/\",\"name\":\"Oofos - OOlala Unisex - VarjeSteg\",\"isPartOf\":{\"@id\":\"https:\/\/varjesteg.se\/en\/#website\"},\"primaryImageOfPage\":{\"@id\":\"https:\/\/varjesteg.se\/en\/product\/oofos-oolala-unisex\/#primaryimage\"},\"image\":{\"@id\":\"https:\/\/varjesteg.se\/en\/product\/oofos-oolala-unisex\/#primaryimage\"},\"thumbnailUrl\":\"https:\/\/varjesteg.se\/wp-content\/uploads\/2024\/11\/periwinkle_800x.webp\",\"datePublished\":\"2024-11-11T12:56:28+00:00\",\"dateModified\":\"2025-06-30T22:00:36+00:00\",\"breadcrumb\":{\"@id\":\"https:\/\/varjesteg.se\/en\/product\/oofos-oolala-unisex\/#breadcrumb\"},\"inLanguage\":\"en-US\",\"potentialAction\":[{\"@type\":\"ReadAction\",\"target\":[\"https:\/\/varjesteg.se\/en\/product\/oofos-oolala-unisex\/\"]}]},{\"@type\":\"ImageObject\",\"inLanguage\":\"en-US\",\"@id\":\"https:\/\/varjesteg.se\/en\/product\/oofos-oolala-unisex\/#primaryimage\",\"url\":\"https:\/\/varjesteg.se\/wp-content\/uploads\/2024\/11\/periwinkle_800x.webp\",\"contentUrl\":\"https:\/\/varjesteg.se\/wp-content\/uploads\/2024\/11\/periwinkle_800x.webp\",\"width\":800,\"height\":393},{\"@type\":\"BreadcrumbList\",\"@id\":\"https:\/\/varjesteg.se\/en\/product\/oofos-oolala-unisex\/#breadcrumb\",\"itemListElement\":[{\"@type\":\"ListItem\",\"position\":1,\"name\":\"Hem\",\"item\":\"https:\/\/varjesteg.se\/en\/\"},{\"@type\":\"ListItem\",\"position\":2,\"name\":\"Store\",\"item\":\"https:\/\/varjesteg.se\/en\/store\/\"},{\"@type\":\"ListItem\",\"position\":3,\"name\":\"Sandals\",\"item\":\"https:\/\/varjesteg.se\/en\/product-category\/sandals\/\"},{\"@type\":\"ListItem\",\"position\":4,\"name\":\"Oofos &#8211; OOlala Unisex\"}]},{\"@type\":\"WebSite\",\"@id\":\"https:\/\/varjesteg.se\/en\/#website\",\"url\":\"https:\/\/varjesteg.se\/en\/\",\"name\":\"Varjesteg\",\"description\":\"L\u00f6ptr\u00e4ning f\u00f6r alla\",\"publisher\":{\"@id\":\"https:\/\/varjesteg.se\/en\/#organization\"},\"potentialAction\":[{\"@type\":\"SearchAction\",\"target\":{\"@type\":\"EntryPoint\",\"urlTemplate\":\"https:\/\/varjesteg.se\/en\/?s={search_term_string}\"},\"query-input\":{\"@type\":\"PropertyValueSpecification\",\"valueRequired\":true,\"valueName\":\"search_term_string\"}}],\"inLanguage\":\"en-US\"},{\"@type\":\"Organization\",\"@id\":\"https:\/\/varjesteg.se\/en\/#organization\",\"name\":\"Varjesteg\",\"url\":\"https:\/\/varjesteg.se\/en\/\",\"logo\":{\"@type\":\"ImageObject\",\"inLanguage\":\"en-US\",\"@id\":\"https:\/\/varjesteg.se\/en\/#\/schema\/logo\/image\/\",\"url\":\"https:\/\/varjesteg.se\/wp-content\/uploads\/2024\/02\/varjesteg-logo.png.webp\",\"contentUrl\":\"https:\/\/varjesteg.se\/wp-content\/uploads\/2024\/02\/varjesteg-logo.png.webp\",\"width\":819,\"height\":200,\"caption\":\"Varjesteg\"},\"image\":{\"@id\":\"https:\/\/varjesteg.se\/en\/#\/schema\/logo\/image\/\"},\"sameAs\":[\"https:\/\/www.facebook.com\/varjesteg\",\"https:\/\/www.tiktok.com\/@varjesteg?is_from_webapp=1&sender_device=pc\",\"https:\/\/www.instagram.com\/varjesteg.se\/\",\"https:\/\/se.linkedin.com\/company\/varjesteg\"]}]}<\/script>\n<!-- \/ Yoast SEO plugin. -->","yoast_head_json":{"title":"Oofos - OOlala Unisex - VarjeSteg","robots":{"index":"index","follow":"follow","max-snippet":"max-snippet:-1","max-image-preview":"max-image-preview:large","max-video-preview":"max-video-preview:-1"},"canonical":"https:\/\/varjesteg.se\/en\/product\/oofos-oolala-unisex\/","og_locale":"en_US","og_type":"article","og_title":"Oofos - OOlala Unisex - VarjeSteg","og_description":"OOFOS recovery sandals help you recover optimally, ensuring you're ready for your next workout in no time! These sandals absorb shocks up to 37% better than traditional foam, making them market leaders.  To relieve stress on your ankles, knees, and back, these recovery sandals feature a specially designed sole that provides excellent arch support and a perfect roll for your foot. They reduce strain by up to 20% compared to other sandals!  If your recovery sandals get dirty, you can toss them in the washing machine on a low-temperature setting. Plus, they dry quickly.","og_url":"https:\/\/varjesteg.se\/en\/product\/oofos-oolala-unisex\/","og_site_name":"VarjeSteg","article_publisher":"https:\/\/www.facebook.com\/varjesteg","article_modified_time":"2025-06-30T22:00:36+00:00","og_image":[{"width":1632,"height":1224,"url":"https:\/\/varjesteg.se\/wp-content\/uploads\/2024\/11\/FullSizeRender-100.jpg","type":"image\/jpeg"}],"twitter_card":"summary_large_image","schema":{"@context":"https:\/\/schema.org","@graph":[{"@type":"WebPage","@id":"https:\/\/varjesteg.se\/en\/product\/oofos-oolala-unisex\/","url":"https:\/\/varjesteg.se\/en\/product\/oofos-oolala-unisex\/","name":"Oofos - OOlala Unisex - VarjeSteg","isPartOf":{"@id":"https:\/\/varjesteg.se\/en\/#website"},"primaryImageOfPage":{"@id":"https:\/\/varjesteg.se\/en\/product\/oofos-oolala-unisex\/#primaryimage"},"image":{"@id":"https:\/\/varjesteg.se\/en\/product\/oofos-oolala-unisex\/#primaryimage"},"thumbnailUrl":"https:\/\/varjesteg.se\/wp-content\/uploads\/2024\/11\/periwinkle_800x.webp","datePublished":"2024-11-11T12:56:28+00:00","dateModified":"2025-06-30T22:00:36+00:00","breadcrumb":{"@id":"https:\/\/varjesteg.se\/en\/product\/oofos-oolala-unisex\/#breadcrumb"},"inLanguage":"en-US","potentialAction":[{"@type":"ReadAction","target":["https:\/\/varjesteg.se\/en\/product\/oofos-oolala-unisex\/"]}]},{"@type":"ImageObject","inLanguage":"en-US","@id":"https:\/\/varjesteg.se\/en\/product\/oofos-oolala-unisex\/#primaryimage","url":"https:\/\/varjesteg.se\/wp-content\/uploads\/2024\/11\/periwinkle_800x.webp","contentUrl":"https:\/\/varjesteg.se\/wp-content\/uploads\/2024\/11\/periwinkle_800x.webp","width":800,"height":393},{"@type":"BreadcrumbList","@id":"https:\/\/varjesteg.se\/en\/product\/oofos-oolala-unisex\/#breadcrumb","itemListElement":[{"@type":"ListItem","position":1,"name":"Hem","item":"https:\/\/varjesteg.se\/en\/"},{"@type":"ListItem","position":2,"name":"Store","item":"https:\/\/varjesteg.se\/en\/store\/"},{"@type":"ListItem","position":3,"name":"Sandals","item":"https:\/\/varjesteg.se\/en\/product-category\/sandals\/"},{"@type":"ListItem","position":4,"name":"Oofos &#8211; OOlala Unisex"}]},{"@type":"WebSite","@id":"https:\/\/varjesteg.se\/en\/#website","url":"https:\/\/varjesteg.se\/en\/","name":"Varjesteg","description":"L\u00f6ptr\u00e4ning f\u00f6r alla","publisher":{"@id":"https:\/\/varjesteg.se\/en\/#organization"},"potentialAction":[{"@type":"SearchAction","target":{"@type":"EntryPoint","urlTemplate":"https:\/\/varjesteg.se\/en\/?s={search_term_string}"},"query-input":{"@type":"PropertyValueSpecification","valueRequired":true,"valueName":"search_term_string"}}],"inLanguage":"en-US"},{"@type":"Organization","@id":"https:\/\/varjesteg.se\/en\/#organization","name":"Varjesteg","url":"https:\/\/varjesteg.se\/en\/","logo":{"@type":"ImageObject","inLanguage":"en-US","@id":"https:\/\/varjesteg.se\/en\/#\/schema\/logo\/image\/","url":"https:\/\/varjesteg.se\/wp-content\/uploads\/2024\/02\/varjesteg-logo.png.webp","contentUrl":"https:\/\/varjesteg.se\/wp-content\/uploads\/2024\/02\/varjesteg-logo.png.webp","width":819,"height":200,"caption":"Varjesteg"},"image":{"@id":"https:\/\/varjesteg.se\/en\/#\/schema\/logo\/image\/"},"sameAs":["https:\/\/www.facebook.com\/varjesteg","https:\/\/www.tiktok.com\/@varjesteg?is_from_webapp=1&sender_device=pc","https:\/\/www.instagram.com\/varjesteg.se\/","https:\/\/se.linkedin.com\/company\/varjesteg"]}]}},"_links":{"self":[{"href":"https:\/\/varjesteg.se\/en\/wp-json\/wp\/v2\/product\/61720","targetHints":{"allow":["GET"]}}],"collection":[{"href":"https:\/\/varjesteg.se\/en\/wp-json\/wp\/v2\/product"}],"about":[{"href":"https:\/\/varjesteg.se\/en\/wp-json\/wp\/v2\/types\/product"}],"wp:featuredmedia":[{"embeddable":true,"href":"https:\/\/varjesteg.se\/en\/wp-json\/wp\/v2\/media\/60174"}],"wp:attachment":[{"href":"https:\/\/varjesteg.se\/en\/wp-json\/wp\/v2\/media?parent=61720"}],"wp:term":[{"taxonomy":"product_brand","embeddable":true,"href":"https:\/\/varjesteg.se\/en\/wp-json\/wp\/v2\/product_brand?post=61720"},{"taxonomy":"product_cat","embeddable":true,"href":"https:\/\/varjesteg.se\/en\/wp-json\/wp\/v2\/product_cat?post=61720"},{"taxonomy":"product_tag","embeddable":true,"href":"https:\/\/varjesteg.se\/en\/wp-json\/wp\/v2\/product_tag?post=61720"}],"curies":[{"name":"wp","href":"https:\/\/api.w.org\/{rel}","templated":true}]}}