

{"id":61710,"date":"2022-05-03T13:06:08","date_gmt":"2022-05-03T11:06:08","guid":{"rendered":"https:\/\/varjesteg.se\/produkt\/sportdoc-super-elastic-bandage-1-pack\/"},"modified":"2025-01-08T00:00:19","modified_gmt":"2025-01-07T22:00:19","slug":"sportdoc-super-elastic-bandage-1-pack","status":"publish","type":"product","link":"https:\/\/varjesteg.se\/en\/product\/sportdoc-super-elastic-bandage-1-pack\/","title":{"rendered":"SPORTDOC &#8211; Super elastic bandage 1-Pack"},"content":{"rendered":"<div class=\"flex max-w-full flex-col flex-grow\">\n<div class=\"min-h-8 text-message flex w-full flex-col items-end gap-2 whitespace-normal break-words [.text-message+&amp;]:mt-5\" dir=\"auto\" data-message-author-role=\"assistant\" data-message-id=\"cf5609b6-1aef-4a16-834b-defbe14bb874\" data-message-model-slug=\"gpt-4o\">\n<div class=\"flex w-full flex-col gap-1 empty:hidden first:pt-[3px]\">\n<div class=\"markdown prose w-full break-words dark:prose-invert light\">\n<p>Compression bandage with high elasticity. An easy-to-use and comfortable bandage that is breathable. It is used to provide compression, support, and relief, making it ideal for treating sprains, among other injuries.<\/p>\n<\/div>\n<\/div>\n<\/div>\n<\/div>\n","protected":false},"excerpt":{"rendered":"<p>Compression bandage with high elasticity. An easy-to-use and comfortable bandage that is breathable. It is used to provide compression, support, and relief, making it ideal for treating sprains, among other injuries.<\/p>\n","protected":false},"featured_media":53268,"template":"","meta":{"om_disable_all_campaigns":false,"_price":"49","_stock":"","_tribe_ticket_header":"","_tribe_default_ticket_provider":"","_tribe_ticket_capacity":"5","_ticket_start_date":"","_ticket_end_date":"","_tribe_ticket_show_description":"","_tribe_ticket_show_not_going":false,"_tribe_ticket_use_global_stock":"","_tribe_ticket_global_stock_level":"","_global_stock_mode":"","_global_stock_cap":"","_tribe_rsvp_for_event":"","_tribe_ticket_going_count":"","_tribe_ticket_not_going_count":"","_tribe_tickets_list":"[]","_tribe_ticket_has_attendee_info_fields":false,"_tec_slr_enabled":"","_tec_slr_layout":""},"product_brand":[],"product_cat":[944],"product_tag":[],"class_list":{"0":"post-61710","1":"product","2":"type-product","3":"status-publish","4":"has-post-thumbnail","5":"product_cat-sports-medicine-supplies","7":"first","8":"instock","9":"taxable","10":"shipping-taxable","11":"purchasable","12":"product-type-simple"},"acf":[],"yoast_head":"<!-- This site is optimized with the Yoast SEO plugin v27.1.1 - https:\/\/yoast.com\/product\/yoast-seo-wordpress\/ -->\n<title>SPORTDOC - Super elastic bandage 1-Pack - VarjeSteg<\/title>\n<meta name=\"robots\" content=\"index, follow, max-snippet:-1, max-image-preview:large, max-video-preview:-1\" \/>\n<link rel=\"canonical\" href=\"https:\/\/varjesteg.se\/en\/product\/sportdoc-super-elastic-bandage-1-pack\/\" \/>\n<meta property=\"og:locale\" content=\"en_US\" \/>\n<meta property=\"og:type\" content=\"article\" \/>\n<meta property=\"og:title\" content=\"SPORTDOC - Super elastic bandage 1-Pack - VarjeSteg\" \/>\n<meta property=\"og:description\" content=\"Compression bandage with high elasticity. An easy-to-use and comfortable bandage that is breathable. It is used to provide compression, support, and relief, making it ideal for treating sprains, among other injuries.\" \/>\n<meta property=\"og:url\" content=\"https:\/\/varjesteg.se\/en\/product\/sportdoc-super-elastic-bandage-1-pack\/\" \/>\n<meta property=\"og:site_name\" content=\"VarjeSteg\" \/>\n<meta property=\"article:publisher\" content=\"https:\/\/www.facebook.com\/varjesteg\" \/>\n<meta property=\"article:modified_time\" content=\"2025-01-07T22:00:19+00:00\" \/>\n<meta property=\"og:image\" content=\"https:\/\/varjesteg.se\/wp-content\/uploads\/2022\/05\/productpage-11.png\" \/>\n\t<meta property=\"og:image:width\" content=\"700\" \/>\n\t<meta property=\"og:image:height\" content=\"382\" \/>\n\t<meta property=\"og:image:type\" content=\"image\/png\" \/>\n<meta name=\"twitter:card\" content=\"summary_large_image\" \/>\n<script type=\"application\/ld+json\" class=\"yoast-schema-graph\">{\"@context\":\"https:\/\/schema.org\",\"@graph\":[{\"@type\":\"WebPage\",\"@id\":\"https:\/\/varjesteg.se\/en\/product\/sportdoc-super-elastic-bandage-1-pack\/\",\"url\":\"https:\/\/varjesteg.se\/en\/product\/sportdoc-super-elastic-bandage-1-pack\/\",\"name\":\"SPORTDOC - Super elastic bandage 1-Pack - VarjeSteg\",\"isPartOf\":{\"@id\":\"https:\/\/varjesteg.se\/en\/#website\"},\"primaryImageOfPage\":{\"@id\":\"https:\/\/varjesteg.se\/en\/product\/sportdoc-super-elastic-bandage-1-pack\/#primaryimage\"},\"image\":{\"@id\":\"https:\/\/varjesteg.se\/en\/product\/sportdoc-super-elastic-bandage-1-pack\/#primaryimage\"},\"thumbnailUrl\":\"https:\/\/varjesteg.se\/wp-content\/uploads\/2022\/05\/productpage-11.png\",\"datePublished\":\"2022-05-03T11:06:08+00:00\",\"dateModified\":\"2025-01-07T22:00:19+00:00\",\"breadcrumb\":{\"@id\":\"https:\/\/varjesteg.se\/en\/product\/sportdoc-super-elastic-bandage-1-pack\/#breadcrumb\"},\"inLanguage\":\"en-US\",\"potentialAction\":[{\"@type\":\"ReadAction\",\"target\":[\"https:\/\/varjesteg.se\/en\/product\/sportdoc-super-elastic-bandage-1-pack\/\"]}]},{\"@type\":\"ImageObject\",\"inLanguage\":\"en-US\",\"@id\":\"https:\/\/varjesteg.se\/en\/product\/sportdoc-super-elastic-bandage-1-pack\/#primaryimage\",\"url\":\"https:\/\/varjesteg.se\/wp-content\/uploads\/2022\/05\/productpage-11.png\",\"contentUrl\":\"https:\/\/varjesteg.se\/wp-content\/uploads\/2022\/05\/productpage-11.png\",\"width\":700,\"height\":382},{\"@type\":\"BreadcrumbList\",\"@id\":\"https:\/\/varjesteg.se\/en\/product\/sportdoc-super-elastic-bandage-1-pack\/#breadcrumb\",\"itemListElement\":[{\"@type\":\"ListItem\",\"position\":1,\"name\":\"Hem\",\"item\":\"https:\/\/varjesteg.se\/en\/\"},{\"@type\":\"ListItem\",\"position\":2,\"name\":\"Store\",\"item\":\"https:\/\/varjesteg.se\/en\/store\/\"},{\"@type\":\"ListItem\",\"position\":3,\"name\":\"Sports medicine supplies\",\"item\":\"https:\/\/varjesteg.se\/en\/product-category\/sports-medicine-supplies\/\"},{\"@type\":\"ListItem\",\"position\":4,\"name\":\"SPORTDOC &#8211; Super elastic bandage 1-Pack\"}]},{\"@type\":\"WebSite\",\"@id\":\"https:\/\/varjesteg.se\/en\/#website\",\"url\":\"https:\/\/varjesteg.se\/en\/\",\"name\":\"Varjesteg\",\"description\":\"L\u00f6ptr\u00e4ning f\u00f6r alla\",\"publisher\":{\"@id\":\"https:\/\/varjesteg.se\/en\/#organization\"},\"potentialAction\":[{\"@type\":\"SearchAction\",\"target\":{\"@type\":\"EntryPoint\",\"urlTemplate\":\"https:\/\/varjesteg.se\/en\/?s={search_term_string}\"},\"query-input\":{\"@type\":\"PropertyValueSpecification\",\"valueRequired\":true,\"valueName\":\"search_term_string\"}}],\"inLanguage\":\"en-US\"},{\"@type\":\"Organization\",\"@id\":\"https:\/\/varjesteg.se\/en\/#organization\",\"name\":\"Varjesteg\",\"url\":\"https:\/\/varjesteg.se\/en\/\",\"logo\":{\"@type\":\"ImageObject\",\"inLanguage\":\"en-US\",\"@id\":\"https:\/\/varjesteg.se\/en\/#\/schema\/logo\/image\/\",\"url\":\"https:\/\/varjesteg.se\/wp-content\/uploads\/2024\/02\/varjesteg-logo.png.webp\",\"contentUrl\":\"https:\/\/varjesteg.se\/wp-content\/uploads\/2024\/02\/varjesteg-logo.png.webp\",\"width\":819,\"height\":200,\"caption\":\"Varjesteg\"},\"image\":{\"@id\":\"https:\/\/varjesteg.se\/en\/#\/schema\/logo\/image\/\"},\"sameAs\":[\"https:\/\/www.facebook.com\/varjesteg\",\"https:\/\/www.tiktok.com\/@varjesteg?is_from_webapp=1&sender_device=pc\",\"https:\/\/www.instagram.com\/varjesteg.se\/\",\"https:\/\/se.linkedin.com\/company\/varjesteg\"]}]}<\/script>\n<!-- \/ Yoast SEO plugin. -->","yoast_head_json":{"title":"SPORTDOC - Super elastic bandage 1-Pack - VarjeSteg","robots":{"index":"index","follow":"follow","max-snippet":"max-snippet:-1","max-image-preview":"max-image-preview:large","max-video-preview":"max-video-preview:-1"},"canonical":"https:\/\/varjesteg.se\/en\/product\/sportdoc-super-elastic-bandage-1-pack\/","og_locale":"en_US","og_type":"article","og_title":"SPORTDOC - Super elastic bandage 1-Pack - VarjeSteg","og_description":"Compression bandage with high elasticity. An easy-to-use and comfortable bandage that is breathable. It is used to provide compression, support, and relief, making it ideal for treating sprains, among other injuries.","og_url":"https:\/\/varjesteg.se\/en\/product\/sportdoc-super-elastic-bandage-1-pack\/","og_site_name":"VarjeSteg","article_publisher":"https:\/\/www.facebook.com\/varjesteg","article_modified_time":"2025-01-07T22:00:19+00:00","og_image":[{"width":700,"height":382,"url":"https:\/\/varjesteg.se\/wp-content\/uploads\/2022\/05\/productpage-11.png","type":"image\/png"}],"twitter_card":"summary_large_image","schema":{"@context":"https:\/\/schema.org","@graph":[{"@type":"WebPage","@id":"https:\/\/varjesteg.se\/en\/product\/sportdoc-super-elastic-bandage-1-pack\/","url":"https:\/\/varjesteg.se\/en\/product\/sportdoc-super-elastic-bandage-1-pack\/","name":"SPORTDOC - Super elastic bandage 1-Pack - VarjeSteg","isPartOf":{"@id":"https:\/\/varjesteg.se\/en\/#website"},"primaryImageOfPage":{"@id":"https:\/\/varjesteg.se\/en\/product\/sportdoc-super-elastic-bandage-1-pack\/#primaryimage"},"image":{"@id":"https:\/\/varjesteg.se\/en\/product\/sportdoc-super-elastic-bandage-1-pack\/#primaryimage"},"thumbnailUrl":"https:\/\/varjesteg.se\/wp-content\/uploads\/2022\/05\/productpage-11.png","datePublished":"2022-05-03T11:06:08+00:00","dateModified":"2025-01-07T22:00:19+00:00","breadcrumb":{"@id":"https:\/\/varjesteg.se\/en\/product\/sportdoc-super-elastic-bandage-1-pack\/#breadcrumb"},"inLanguage":"en-US","potentialAction":[{"@type":"ReadAction","target":["https:\/\/varjesteg.se\/en\/product\/sportdoc-super-elastic-bandage-1-pack\/"]}]},{"@type":"ImageObject","inLanguage":"en-US","@id":"https:\/\/varjesteg.se\/en\/product\/sportdoc-super-elastic-bandage-1-pack\/#primaryimage","url":"https:\/\/varjesteg.se\/wp-content\/uploads\/2022\/05\/productpage-11.png","contentUrl":"https:\/\/varjesteg.se\/wp-content\/uploads\/2022\/05\/productpage-11.png","width":700,"height":382},{"@type":"BreadcrumbList","@id":"https:\/\/varjesteg.se\/en\/product\/sportdoc-super-elastic-bandage-1-pack\/#breadcrumb","itemListElement":[{"@type":"ListItem","position":1,"name":"Hem","item":"https:\/\/varjesteg.se\/en\/"},{"@type":"ListItem","position":2,"name":"Store","item":"https:\/\/varjesteg.se\/en\/store\/"},{"@type":"ListItem","position":3,"name":"Sports medicine supplies","item":"https:\/\/varjesteg.se\/en\/product-category\/sports-medicine-supplies\/"},{"@type":"ListItem","position":4,"name":"SPORTDOC &#8211; Super elastic bandage 1-Pack"}]},{"@type":"WebSite","@id":"https:\/\/varjesteg.se\/en\/#website","url":"https:\/\/varjesteg.se\/en\/","name":"Varjesteg","description":"L\u00f6ptr\u00e4ning f\u00f6r alla","publisher":{"@id":"https:\/\/varjesteg.se\/en\/#organization"},"potentialAction":[{"@type":"SearchAction","target":{"@type":"EntryPoint","urlTemplate":"https:\/\/varjesteg.se\/en\/?s={search_term_string}"},"query-input":{"@type":"PropertyValueSpecification","valueRequired":true,"valueName":"search_term_string"}}],"inLanguage":"en-US"},{"@type":"Organization","@id":"https:\/\/varjesteg.se\/en\/#organization","name":"Varjesteg","url":"https:\/\/varjesteg.se\/en\/","logo":{"@type":"ImageObject","inLanguage":"en-US","@id":"https:\/\/varjesteg.se\/en\/#\/schema\/logo\/image\/","url":"https:\/\/varjesteg.se\/wp-content\/uploads\/2024\/02\/varjesteg-logo.png.webp","contentUrl":"https:\/\/varjesteg.se\/wp-content\/uploads\/2024\/02\/varjesteg-logo.png.webp","width":819,"height":200,"caption":"Varjesteg"},"image":{"@id":"https:\/\/varjesteg.se\/en\/#\/schema\/logo\/image\/"},"sameAs":["https:\/\/www.facebook.com\/varjesteg","https:\/\/www.tiktok.com\/@varjesteg?is_from_webapp=1&sender_device=pc","https:\/\/www.instagram.com\/varjesteg.se\/","https:\/\/se.linkedin.com\/company\/varjesteg"]}]}},"_links":{"self":[{"href":"https:\/\/varjesteg.se\/en\/wp-json\/wp\/v2\/product\/61710","targetHints":{"allow":["GET"]}}],"collection":[{"href":"https:\/\/varjesteg.se\/en\/wp-json\/wp\/v2\/product"}],"about":[{"href":"https:\/\/varjesteg.se\/en\/wp-json\/wp\/v2\/types\/product"}],"wp:featuredmedia":[{"embeddable":true,"href":"https:\/\/varjesteg.se\/en\/wp-json\/wp\/v2\/media\/53268"}],"wp:attachment":[{"href":"https:\/\/varjesteg.se\/en\/wp-json\/wp\/v2\/media?parent=61710"}],"wp:term":[{"taxonomy":"product_brand","embeddable":true,"href":"https:\/\/varjesteg.se\/en\/wp-json\/wp\/v2\/product_brand?post=61710"},{"taxonomy":"product_cat","embeddable":true,"href":"https:\/\/varjesteg.se\/en\/wp-json\/wp\/v2\/product_cat?post=61710"},{"taxonomy":"product_tag","embeddable":true,"href":"https:\/\/varjesteg.se\/en\/wp-json\/wp\/v2\/product_tag?post=61710"}],"curies":[{"name":"wp","href":"https:\/\/api.w.org\/{rel}","templated":true}]}}