

{"id":61686,"date":"2021-01-20T20:48:28","date_gmt":"2021-01-20T19:48:28","guid":{"rendered":"https:\/\/varjesteg.se\/produkt\/varjesteg-scarf\/"},"modified":"2025-01-08T00:00:37","modified_gmt":"2025-01-07T22:00:37","slug":"varjesteg-scarf","status":"publish","type":"product","link":"https:\/\/varjesteg.se\/en\/product\/varjesteg-scarf\/","title":{"rendered":"VarjeSteg scarf"},"content":{"rendered":"<div class=\"flex max-w-full flex-col flex-grow\">\n<div class=\"min-h-8 text-message flex w-full flex-col items-end gap-2 whitespace-normal break-words [.text-message+&amp;]:mt-5\" dir=\"auto\" data-message-author-role=\"assistant\" data-message-id=\"ec204c5b-892e-4f03-9f9e-9e1c5319d5b3\" data-message-model-slug=\"gpt-4o\">\n<div class=\"flex w-full flex-col gap-1 empty:hidden first:pt-[3px]\">\n<div class=\"markdown prose w-full break-words dark:prose-invert light\">\n<p><span style=\"color: #000000;\">A stylish and functional scarf with versatile uses.<\/span><\/p>\n<\/div>\n<\/div>\n<\/div>\n<\/div>\n","protected":false},"excerpt":{"rendered":"<div class=\"flex max-w-full flex-col flex-grow\">\n<div class=\"min-h-8 text-message flex w-full flex-col items-end gap-2 whitespace-normal break-words [.text-message+&amp;]:mt-5\" dir=\"auto\" data-message-author-role=\"assistant\" data-message-id=\"ec204c5b-892e-4f03-9f9e-9e1c5319d5b3\" data-message-model-slug=\"gpt-4o\">\n<div class=\"flex w-full flex-col gap-1 empty:hidden first:pt-[3px]\">\n<div class=\"markdown prose w-full break-words dark:prose-invert light\">\n<p><span style=\"color: #000000;\">A stylish and functional scarf with versatile uses.<\/span><\/p>\n<\/div>\n<\/div>\n<\/div>\n<\/div>\n","protected":false},"featured_media":62210,"template":"","meta":{"om_disable_all_campaigns":false,"_price":"99","_stock":"16","_tribe_ticket_header":"","_tribe_default_ticket_provider":"","_tribe_ticket_capacity":"22","_ticket_start_date":"","_ticket_end_date":"","_tribe_ticket_show_description":"","_tribe_ticket_show_not_going":false,"_tribe_ticket_use_global_stock":"","_tribe_ticket_global_stock_level":"","_global_stock_mode":"","_global_stock_cap":"","_tribe_rsvp_for_event":"","_tribe_ticket_going_count":"","_tribe_ticket_not_going_count":"","_tribe_tickets_list":"[]","_tribe_ticket_has_attendee_info_fields":false,"_tec_slr_enabled":"","_tec_slr_layout":""},"product_brand":[],"product_cat":[940],"product_tag":[],"class_list":{"0":"post-61686","1":"product","2":"type-product","3":"status-publish","4":"has-post-thumbnail","5":"product_cat-accessories","6":"product_shipping_class-shipping","8":"first","9":"instock","10":"taxable","11":"shipping-taxable","12":"purchasable","13":"product-type-variable"},"acf":[],"yoast_head":"<!-- This site is optimized with the Yoast SEO plugin v27.1.1 - https:\/\/yoast.com\/product\/yoast-seo-wordpress\/ -->\n<title>VarjeSteg scarf - VarjeSteg<\/title>\n<meta name=\"robots\" content=\"index, follow, max-snippet:-1, max-image-preview:large, max-video-preview:-1\" \/>\n<link rel=\"canonical\" href=\"https:\/\/varjesteg.se\/en\/product\/varjesteg-scarf\/\" \/>\n<meta property=\"og:locale\" content=\"en_US\" \/>\n<meta property=\"og:type\" content=\"article\" \/>\n<meta property=\"og:title\" content=\"VarjeSteg scarf - VarjeSteg\" \/>\n<meta property=\"og:description\" content=\"A stylish and functional scarf with versatile uses.\" \/>\n<meta property=\"og:url\" content=\"https:\/\/varjesteg.se\/en\/product\/varjesteg-scarf\/\" \/>\n<meta property=\"og:site_name\" content=\"VarjeSteg\" \/>\n<meta property=\"article:publisher\" content=\"https:\/\/www.facebook.com\/varjesteg\" \/>\n<meta property=\"article:modified_time\" content=\"2025-01-07T22:00:37+00:00\" \/>\n<meta property=\"og:image\" content=\"https:\/\/varjesteg.se\/wp-content\/uploads\/2021\/01\/c50f0464-6cbd-4f23-a9f9-6e04da5abee6.jpeg\" \/>\n\t<meta property=\"og:image:width\" content=\"1536\" \/>\n\t<meta property=\"og:image:height\" content=\"2048\" \/>\n\t<meta property=\"og:image:type\" content=\"image\/jpeg\" \/>\n<meta name=\"twitter:card\" content=\"summary_large_image\" \/>\n<meta name=\"twitter:label1\" content=\"Est. reading time\" \/>\n\t<meta name=\"twitter:data1\" content=\"1 minute\" \/>\n<script type=\"application\/ld+json\" class=\"yoast-schema-graph\">{\"@context\":\"https:\/\/schema.org\",\"@graph\":[{\"@type\":\"WebPage\",\"@id\":\"https:\/\/varjesteg.se\/en\/product\/varjesteg-scarf\/\",\"url\":\"https:\/\/varjesteg.se\/en\/product\/varjesteg-scarf\/\",\"name\":\"VarjeSteg scarf - VarjeSteg\",\"isPartOf\":{\"@id\":\"https:\/\/varjesteg.se\/en\/#website\"},\"primaryImageOfPage\":{\"@id\":\"https:\/\/varjesteg.se\/en\/product\/varjesteg-scarf\/#primaryimage\"},\"image\":{\"@id\":\"https:\/\/varjesteg.se\/en\/product\/varjesteg-scarf\/#primaryimage\"},\"thumbnailUrl\":\"https:\/\/varjesteg.se\/wp-content\/uploads\/2021\/01\/c50f0464-6cbd-4f23-a9f9-6e04da5abee6.jpeg\",\"datePublished\":\"2021-01-20T19:48:28+00:00\",\"dateModified\":\"2025-01-07T22:00:37+00:00\",\"breadcrumb\":{\"@id\":\"https:\/\/varjesteg.se\/en\/product\/varjesteg-scarf\/#breadcrumb\"},\"inLanguage\":\"en-US\",\"potentialAction\":[{\"@type\":\"ReadAction\",\"target\":[\"https:\/\/varjesteg.se\/en\/product\/varjesteg-scarf\/\"]}]},{\"@type\":\"ImageObject\",\"inLanguage\":\"en-US\",\"@id\":\"https:\/\/varjesteg.se\/en\/product\/varjesteg-scarf\/#primaryimage\",\"url\":\"https:\/\/varjesteg.se\/wp-content\/uploads\/2021\/01\/c50f0464-6cbd-4f23-a9f9-6e04da5abee6.jpeg\",\"contentUrl\":\"https:\/\/varjesteg.se\/wp-content\/uploads\/2021\/01\/c50f0464-6cbd-4f23-a9f9-6e04da5abee6.jpeg\",\"width\":1536,\"height\":2048},{\"@type\":\"BreadcrumbList\",\"@id\":\"https:\/\/varjesteg.se\/en\/product\/varjesteg-scarf\/#breadcrumb\",\"itemListElement\":[{\"@type\":\"ListItem\",\"position\":1,\"name\":\"Hem\",\"item\":\"https:\/\/varjesteg.se\/en\/\"},{\"@type\":\"ListItem\",\"position\":2,\"name\":\"Store\",\"item\":\"https:\/\/varjesteg.se\/en\/store\/\"},{\"@type\":\"ListItem\",\"position\":3,\"name\":\"Accessories\",\"item\":\"https:\/\/varjesteg.se\/en\/product-category\/accessories\/\"},{\"@type\":\"ListItem\",\"position\":4,\"name\":\"VarjeSteg scarf\"}]},{\"@type\":\"WebSite\",\"@id\":\"https:\/\/varjesteg.se\/en\/#website\",\"url\":\"https:\/\/varjesteg.se\/en\/\",\"name\":\"Varjesteg\",\"description\":\"L\u00f6ptr\u00e4ning f\u00f6r alla\",\"publisher\":{\"@id\":\"https:\/\/varjesteg.se\/en\/#organization\"},\"potentialAction\":[{\"@type\":\"SearchAction\",\"target\":{\"@type\":\"EntryPoint\",\"urlTemplate\":\"https:\/\/varjesteg.se\/en\/?s={search_term_string}\"},\"query-input\":{\"@type\":\"PropertyValueSpecification\",\"valueRequired\":true,\"valueName\":\"search_term_string\"}}],\"inLanguage\":\"en-US\"},{\"@type\":\"Organization\",\"@id\":\"https:\/\/varjesteg.se\/en\/#organization\",\"name\":\"Varjesteg\",\"url\":\"https:\/\/varjesteg.se\/en\/\",\"logo\":{\"@type\":\"ImageObject\",\"inLanguage\":\"en-US\",\"@id\":\"https:\/\/varjesteg.se\/en\/#\/schema\/logo\/image\/\",\"url\":\"https:\/\/varjesteg.se\/wp-content\/uploads\/2024\/02\/varjesteg-logo.png.webp\",\"contentUrl\":\"https:\/\/varjesteg.se\/wp-content\/uploads\/2024\/02\/varjesteg-logo.png.webp\",\"width\":819,\"height\":200,\"caption\":\"Varjesteg\"},\"image\":{\"@id\":\"https:\/\/varjesteg.se\/en\/#\/schema\/logo\/image\/\"},\"sameAs\":[\"https:\/\/www.facebook.com\/varjesteg\",\"https:\/\/www.tiktok.com\/@varjesteg?is_from_webapp=1&sender_device=pc\",\"https:\/\/www.instagram.com\/varjesteg.se\/\",\"https:\/\/se.linkedin.com\/company\/varjesteg\"]}]}<\/script>\n<!-- \/ Yoast SEO plugin. -->","yoast_head_json":{"title":"VarjeSteg scarf - VarjeSteg","robots":{"index":"index","follow":"follow","max-snippet":"max-snippet:-1","max-image-preview":"max-image-preview:large","max-video-preview":"max-video-preview:-1"},"canonical":"https:\/\/varjesteg.se\/en\/product\/varjesteg-scarf\/","og_locale":"en_US","og_type":"article","og_title":"VarjeSteg scarf - VarjeSteg","og_description":"A stylish and functional scarf with versatile uses.","og_url":"https:\/\/varjesteg.se\/en\/product\/varjesteg-scarf\/","og_site_name":"VarjeSteg","article_publisher":"https:\/\/www.facebook.com\/varjesteg","article_modified_time":"2025-01-07T22:00:37+00:00","og_image":[{"width":1536,"height":2048,"url":"https:\/\/varjesteg.se\/wp-content\/uploads\/2021\/01\/c50f0464-6cbd-4f23-a9f9-6e04da5abee6.jpeg","type":"image\/jpeg"}],"twitter_card":"summary_large_image","twitter_misc":{"Est. reading time":"1 minute"},"schema":{"@context":"https:\/\/schema.org","@graph":[{"@type":"WebPage","@id":"https:\/\/varjesteg.se\/en\/product\/varjesteg-scarf\/","url":"https:\/\/varjesteg.se\/en\/product\/varjesteg-scarf\/","name":"VarjeSteg scarf - VarjeSteg","isPartOf":{"@id":"https:\/\/varjesteg.se\/en\/#website"},"primaryImageOfPage":{"@id":"https:\/\/varjesteg.se\/en\/product\/varjesteg-scarf\/#primaryimage"},"image":{"@id":"https:\/\/varjesteg.se\/en\/product\/varjesteg-scarf\/#primaryimage"},"thumbnailUrl":"https:\/\/varjesteg.se\/wp-content\/uploads\/2021\/01\/c50f0464-6cbd-4f23-a9f9-6e04da5abee6.jpeg","datePublished":"2021-01-20T19:48:28+00:00","dateModified":"2025-01-07T22:00:37+00:00","breadcrumb":{"@id":"https:\/\/varjesteg.se\/en\/product\/varjesteg-scarf\/#breadcrumb"},"inLanguage":"en-US","potentialAction":[{"@type":"ReadAction","target":["https:\/\/varjesteg.se\/en\/product\/varjesteg-scarf\/"]}]},{"@type":"ImageObject","inLanguage":"en-US","@id":"https:\/\/varjesteg.se\/en\/product\/varjesteg-scarf\/#primaryimage","url":"https:\/\/varjesteg.se\/wp-content\/uploads\/2021\/01\/c50f0464-6cbd-4f23-a9f9-6e04da5abee6.jpeg","contentUrl":"https:\/\/varjesteg.se\/wp-content\/uploads\/2021\/01\/c50f0464-6cbd-4f23-a9f9-6e04da5abee6.jpeg","width":1536,"height":2048},{"@type":"BreadcrumbList","@id":"https:\/\/varjesteg.se\/en\/product\/varjesteg-scarf\/#breadcrumb","itemListElement":[{"@type":"ListItem","position":1,"name":"Hem","item":"https:\/\/varjesteg.se\/en\/"},{"@type":"ListItem","position":2,"name":"Store","item":"https:\/\/varjesteg.se\/en\/store\/"},{"@type":"ListItem","position":3,"name":"Accessories","item":"https:\/\/varjesteg.se\/en\/product-category\/accessories\/"},{"@type":"ListItem","position":4,"name":"VarjeSteg scarf"}]},{"@type":"WebSite","@id":"https:\/\/varjesteg.se\/en\/#website","url":"https:\/\/varjesteg.se\/en\/","name":"Varjesteg","description":"L\u00f6ptr\u00e4ning f\u00f6r alla","publisher":{"@id":"https:\/\/varjesteg.se\/en\/#organization"},"potentialAction":[{"@type":"SearchAction","target":{"@type":"EntryPoint","urlTemplate":"https:\/\/varjesteg.se\/en\/?s={search_term_string}"},"query-input":{"@type":"PropertyValueSpecification","valueRequired":true,"valueName":"search_term_string"}}],"inLanguage":"en-US"},{"@type":"Organization","@id":"https:\/\/varjesteg.se\/en\/#organization","name":"Varjesteg","url":"https:\/\/varjesteg.se\/en\/","logo":{"@type":"ImageObject","inLanguage":"en-US","@id":"https:\/\/varjesteg.se\/en\/#\/schema\/logo\/image\/","url":"https:\/\/varjesteg.se\/wp-content\/uploads\/2024\/02\/varjesteg-logo.png.webp","contentUrl":"https:\/\/varjesteg.se\/wp-content\/uploads\/2024\/02\/varjesteg-logo.png.webp","width":819,"height":200,"caption":"Varjesteg"},"image":{"@id":"https:\/\/varjesteg.se\/en\/#\/schema\/logo\/image\/"},"sameAs":["https:\/\/www.facebook.com\/varjesteg","https:\/\/www.tiktok.com\/@varjesteg?is_from_webapp=1&sender_device=pc","https:\/\/www.instagram.com\/varjesteg.se\/","https:\/\/se.linkedin.com\/company\/varjesteg"]}]}},"_links":{"self":[{"href":"https:\/\/varjesteg.se\/en\/wp-json\/wp\/v2\/product\/61686","targetHints":{"allow":["GET"]}}],"collection":[{"href":"https:\/\/varjesteg.se\/en\/wp-json\/wp\/v2\/product"}],"about":[{"href":"https:\/\/varjesteg.se\/en\/wp-json\/wp\/v2\/types\/product"}],"wp:featuredmedia":[{"embeddable":true,"href":"https:\/\/varjesteg.se\/en\/wp-json\/wp\/v2\/media\/62210"}],"wp:attachment":[{"href":"https:\/\/varjesteg.se\/en\/wp-json\/wp\/v2\/media?parent=61686"}],"wp:term":[{"taxonomy":"product_brand","embeddable":true,"href":"https:\/\/varjesteg.se\/en\/wp-json\/wp\/v2\/product_brand?post=61686"},{"taxonomy":"product_cat","embeddable":true,"href":"https:\/\/varjesteg.se\/en\/wp-json\/wp\/v2\/product_cat?post=61686"},{"taxonomy":"product_tag","embeddable":true,"href":"https:\/\/varjesteg.se\/en\/wp-json\/wp\/v2\/product_tag?post=61686"}],"curies":[{"name":"wp","href":"https:\/\/api.w.org\/{rel}","templated":true}]}}