

{"id":61683,"date":"2024-05-28T16:10:47","date_gmt":"2024-05-28T14:10:47","guid":{"rendered":"https:\/\/varjesteg.se\/produkt\/ultimate-direction-xodus-vesta-women\/"},"modified":"2026-01-08T00:27:54","modified_gmt":"2026-01-07T22:27:54","slug":"ultimate-direction-xodus-vesta-women","status":"publish","type":"product","link":"https:\/\/varjesteg.se\/en\/product\/ultimate-direction-xodus-vesta-women\/","title":{"rendered":"Ultimate Direction Xodus Vesta Women"},"content":{"rendered":"<p>The <strong>Xodus Vest<\/strong> from Ultimate Direction is ideal for long runs and has a 7L capacity. This training vest includes attachment points for trekking poles and pockets both at the front and back to store extra clothes, snacks, and other essentials for your adventure.<\/p>\n<p><strong>Size Guide:<\/strong><\/p>\n<ul>\n<li><strong>XS<\/strong>: Chest: 27\u201331 in | 70\u201378 cm, Lower Ribs: 21\u201325 in | 55\u201363 cm<\/li>\n<li><strong>SM<\/strong>: Chest: 31\u201335 in | 78\u201388 cm, Lower Ribs: 25\u201329 in | 63\u201373 cm<\/li>\n<li><strong>MD<\/strong>: Chest: 35\u201339 in | 88\u201398 cm, Lower Ribs: 29\u201333 in | 73\u201383 cm<\/li>\n<li><strong>LG<\/strong>: Chest: 39\u201343 in | 98\u2013108 cm, Lower Ribs: 33\u201337 in | 83\u201394 cm<\/li>\n<\/ul>\n","protected":false},"excerpt":{"rendered":"<p>The <strong>Xodus Vest<\/strong> from Ultimate Direction is ideal for long runs and has a 7L capacity. This training vest includes attachment points for trekking poles and pockets both at the front and back to store extra clothes, snacks, and other essentials for your adventure.<\/p>\n<p><strong>Size Guide:<\/strong><\/p>\n<ul>\n<li><strong>XS<\/strong>: Chest: 27\u201331 in | 70\u201378 cm, Lower Ribs: 21\u201325 in | 55\u201363 cm<\/li>\n<li><strong>SM<\/strong>: Chest: 31\u201335 in | 78\u201388 cm, Lower Ribs: 25\u201329 in | 63\u201373 cm<\/li>\n<li><strong>MD<\/strong>: Chest: 35\u201339 in | 88\u201398 cm, Lower Ribs: 29\u201333 in | 73\u201383 cm<\/li>\n<li><strong>LG<\/strong>: Chest: 39\u201343 in | 98\u2013108 cm, Lower Ribs: 33\u201337 in | 83\u201394 cm<\/li>\n<\/ul>\n","protected":false},"featured_media":52268,"template":"","meta":{"om_disable_all_campaigns":false,"_price":"1149.50","_stock":"","_tribe_ticket_header":"","_tribe_default_ticket_provider":"","_tribe_ticket_capacity":"0","_ticket_start_date":"","_ticket_end_date":"","_tribe_ticket_show_description":"","_tribe_ticket_show_not_going":false,"_tribe_ticket_use_global_stock":"","_tribe_ticket_global_stock_level":"","_global_stock_mode":"","_global_stock_cap":"","_tribe_rsvp_for_event":"","_tribe_ticket_going_count":"","_tribe_ticket_not_going_count":"","_tribe_tickets_list":"[]","_tribe_ticket_has_attendee_info_fields":false,"_tec_slr_enabled":"","_tec_slr_layout":""},"product_brand":[],"product_cat":[940],"product_tag":[],"class_list":{"0":"post-61683","1":"product","2":"type-product","3":"status-publish","4":"has-post-thumbnail","5":"product_cat-accessories","7":"first","8":"instock","9":"sale","10":"taxable","11":"shipping-taxable","12":"purchasable","13":"product-type-variable"},"acf":[],"yoast_head":"<!-- This site is optimized with the Yoast SEO plugin v27.1.1 - https:\/\/yoast.com\/product\/yoast-seo-wordpress\/ -->\n<title>Ultimate Direction Xodus Vesta Women - VarjeSteg<\/title>\n<meta name=\"robots\" content=\"index, follow, max-snippet:-1, max-image-preview:large, max-video-preview:-1\" \/>\n<link rel=\"canonical\" href=\"https:\/\/varjesteg.se\/en\/product\/ultimate-direction-xodus-vesta-women\/\" \/>\n<meta property=\"og:locale\" content=\"en_US\" \/>\n<meta property=\"og:type\" content=\"article\" \/>\n<meta property=\"og:title\" content=\"Ultimate Direction Xodus Vesta Women - VarjeSteg\" \/>\n<meta property=\"og:description\" content=\"The Xodus Vest from Ultimate Direction is ideal for long runs and has a 7L capacity. This training vest includes attachment points for trekking poles and pockets both at the front and back to store extra clothes, snacks, and other essentials for your adventure.  Size Guide:   XS: Chest: 27\u201331 in | 70\u201378 cm, Lower Ribs: 21\u201325 in | 55\u201363 cm  SM: Chest: 31\u201335 in | 78\u201388 cm, Lower Ribs: 25\u201329 in | 63\u201373 cm  MD: Chest: 35\u201339 in | 88\u201398 cm, Lower Ribs: 29\u201333 in | 73\u201383 cm  LG: Chest: 39\u201343 in | 98\u2013108 cm, Lower Ribs: 33\u201337 in | 83\u201394 cm\" \/>\n<meta property=\"og:url\" content=\"https:\/\/varjesteg.se\/en\/product\/ultimate-direction-xodus-vesta-women\/\" \/>\n<meta property=\"og:site_name\" content=\"VarjeSteg\" \/>\n<meta property=\"article:publisher\" content=\"https:\/\/www.facebook.com\/varjesteg\" \/>\n<meta property=\"article:modified_time\" content=\"2026-01-07T22:27:54+00:00\" \/>\n<meta property=\"og:image\" content=\"https:\/\/varjesteg.se\/wp-content\/uploads\/2024\/05\/80480624ONX_MAIN_UD_S24_Xodus_Vesta_Onyx__33782.jpg\" \/>\n\t<meta property=\"og:image:width\" content=\"1280\" \/>\n\t<meta property=\"og:image:height\" content=\"1280\" \/>\n\t<meta property=\"og:image:type\" content=\"image\/jpeg\" \/>\n<meta name=\"twitter:card\" content=\"summary_large_image\" \/>\n<script type=\"application\/ld+json\" class=\"yoast-schema-graph\">{\"@context\":\"https:\/\/schema.org\",\"@graph\":[{\"@type\":\"WebPage\",\"@id\":\"https:\/\/varjesteg.se\/en\/product\/ultimate-direction-xodus-vesta-women\/\",\"url\":\"https:\/\/varjesteg.se\/en\/product\/ultimate-direction-xodus-vesta-women\/\",\"name\":\"Ultimate Direction Xodus Vesta Women - VarjeSteg\",\"isPartOf\":{\"@id\":\"https:\/\/varjesteg.se\/en\/#website\"},\"primaryImageOfPage\":{\"@id\":\"https:\/\/varjesteg.se\/en\/product\/ultimate-direction-xodus-vesta-women\/#primaryimage\"},\"image\":{\"@id\":\"https:\/\/varjesteg.se\/en\/product\/ultimate-direction-xodus-vesta-women\/#primaryimage\"},\"thumbnailUrl\":\"https:\/\/varjesteg.se\/wp-content\/uploads\/2024\/05\/80480624ONX_MAIN_UD_S24_Xodus_Vesta_Onyx__33782.jpg\",\"datePublished\":\"2024-05-28T14:10:47+00:00\",\"dateModified\":\"2026-01-07T22:27:54+00:00\",\"breadcrumb\":{\"@id\":\"https:\/\/varjesteg.se\/en\/product\/ultimate-direction-xodus-vesta-women\/#breadcrumb\"},\"inLanguage\":\"en-US\",\"potentialAction\":[{\"@type\":\"ReadAction\",\"target\":[\"https:\/\/varjesteg.se\/en\/product\/ultimate-direction-xodus-vesta-women\/\"]}]},{\"@type\":\"ImageObject\",\"inLanguage\":\"en-US\",\"@id\":\"https:\/\/varjesteg.se\/en\/product\/ultimate-direction-xodus-vesta-women\/#primaryimage\",\"url\":\"https:\/\/varjesteg.se\/wp-content\/uploads\/2024\/05\/80480624ONX_MAIN_UD_S24_Xodus_Vesta_Onyx__33782.jpg\",\"contentUrl\":\"https:\/\/varjesteg.se\/wp-content\/uploads\/2024\/05\/80480624ONX_MAIN_UD_S24_Xodus_Vesta_Onyx__33782.jpg\",\"width\":1280,\"height\":1280},{\"@type\":\"BreadcrumbList\",\"@id\":\"https:\/\/varjesteg.se\/en\/product\/ultimate-direction-xodus-vesta-women\/#breadcrumb\",\"itemListElement\":[{\"@type\":\"ListItem\",\"position\":1,\"name\":\"Hem\",\"item\":\"https:\/\/varjesteg.se\/en\/\"},{\"@type\":\"ListItem\",\"position\":2,\"name\":\"Store\",\"item\":\"https:\/\/varjesteg.se\/en\/store\/\"},{\"@type\":\"ListItem\",\"position\":3,\"name\":\"Accessories\",\"item\":\"https:\/\/varjesteg.se\/en\/product-category\/accessories\/\"},{\"@type\":\"ListItem\",\"position\":4,\"name\":\"Ultimate Direction Xodus Vesta Women\"}]},{\"@type\":\"WebSite\",\"@id\":\"https:\/\/varjesteg.se\/en\/#website\",\"url\":\"https:\/\/varjesteg.se\/en\/\",\"name\":\"Varjesteg\",\"description\":\"L\u00f6ptr\u00e4ning f\u00f6r alla\",\"publisher\":{\"@id\":\"https:\/\/varjesteg.se\/en\/#organization\"},\"potentialAction\":[{\"@type\":\"SearchAction\",\"target\":{\"@type\":\"EntryPoint\",\"urlTemplate\":\"https:\/\/varjesteg.se\/en\/?s={search_term_string}\"},\"query-input\":{\"@type\":\"PropertyValueSpecification\",\"valueRequired\":true,\"valueName\":\"search_term_string\"}}],\"inLanguage\":\"en-US\"},{\"@type\":\"Organization\",\"@id\":\"https:\/\/varjesteg.se\/en\/#organization\",\"name\":\"Varjesteg\",\"url\":\"https:\/\/varjesteg.se\/en\/\",\"logo\":{\"@type\":\"ImageObject\",\"inLanguage\":\"en-US\",\"@id\":\"https:\/\/varjesteg.se\/en\/#\/schema\/logo\/image\/\",\"url\":\"https:\/\/varjesteg.se\/wp-content\/uploads\/2024\/02\/varjesteg-logo.png.webp\",\"contentUrl\":\"https:\/\/varjesteg.se\/wp-content\/uploads\/2024\/02\/varjesteg-logo.png.webp\",\"width\":819,\"height\":200,\"caption\":\"Varjesteg\"},\"image\":{\"@id\":\"https:\/\/varjesteg.se\/en\/#\/schema\/logo\/image\/\"},\"sameAs\":[\"https:\/\/www.facebook.com\/varjesteg\",\"https:\/\/www.tiktok.com\/@varjesteg?is_from_webapp=1&sender_device=pc\",\"https:\/\/www.instagram.com\/varjesteg.se\/\",\"https:\/\/se.linkedin.com\/company\/varjesteg\"]}]}<\/script>\n<!-- \/ Yoast SEO plugin. -->","yoast_head_json":{"title":"Ultimate Direction Xodus Vesta Women - VarjeSteg","robots":{"index":"index","follow":"follow","max-snippet":"max-snippet:-1","max-image-preview":"max-image-preview:large","max-video-preview":"max-video-preview:-1"},"canonical":"https:\/\/varjesteg.se\/en\/product\/ultimate-direction-xodus-vesta-women\/","og_locale":"en_US","og_type":"article","og_title":"Ultimate Direction Xodus Vesta Women - VarjeSteg","og_description":"The Xodus Vest from Ultimate Direction is ideal for long runs and has a 7L capacity. This training vest includes attachment points for trekking poles and pockets both at the front and back to store extra clothes, snacks, and other essentials for your adventure.  Size Guide:   XS: Chest: 27\u201331 in | 70\u201378 cm, Lower Ribs: 21\u201325 in | 55\u201363 cm  SM: Chest: 31\u201335 in | 78\u201388 cm, Lower Ribs: 25\u201329 in | 63\u201373 cm  MD: Chest: 35\u201339 in | 88\u201398 cm, Lower Ribs: 29\u201333 in | 73\u201383 cm  LG: Chest: 39\u201343 in | 98\u2013108 cm, Lower Ribs: 33\u201337 in | 83\u201394 cm","og_url":"https:\/\/varjesteg.se\/en\/product\/ultimate-direction-xodus-vesta-women\/","og_site_name":"VarjeSteg","article_publisher":"https:\/\/www.facebook.com\/varjesteg","article_modified_time":"2026-01-07T22:27:54+00:00","og_image":[{"width":1280,"height":1280,"url":"https:\/\/varjesteg.se\/wp-content\/uploads\/2024\/05\/80480624ONX_MAIN_UD_S24_Xodus_Vesta_Onyx__33782.jpg","type":"image\/jpeg"}],"twitter_card":"summary_large_image","schema":{"@context":"https:\/\/schema.org","@graph":[{"@type":"WebPage","@id":"https:\/\/varjesteg.se\/en\/product\/ultimate-direction-xodus-vesta-women\/","url":"https:\/\/varjesteg.se\/en\/product\/ultimate-direction-xodus-vesta-women\/","name":"Ultimate Direction Xodus Vesta Women - VarjeSteg","isPartOf":{"@id":"https:\/\/varjesteg.se\/en\/#website"},"primaryImageOfPage":{"@id":"https:\/\/varjesteg.se\/en\/product\/ultimate-direction-xodus-vesta-women\/#primaryimage"},"image":{"@id":"https:\/\/varjesteg.se\/en\/product\/ultimate-direction-xodus-vesta-women\/#primaryimage"},"thumbnailUrl":"https:\/\/varjesteg.se\/wp-content\/uploads\/2024\/05\/80480624ONX_MAIN_UD_S24_Xodus_Vesta_Onyx__33782.jpg","datePublished":"2024-05-28T14:10:47+00:00","dateModified":"2026-01-07T22:27:54+00:00","breadcrumb":{"@id":"https:\/\/varjesteg.se\/en\/product\/ultimate-direction-xodus-vesta-women\/#breadcrumb"},"inLanguage":"en-US","potentialAction":[{"@type":"ReadAction","target":["https:\/\/varjesteg.se\/en\/product\/ultimate-direction-xodus-vesta-women\/"]}]},{"@type":"ImageObject","inLanguage":"en-US","@id":"https:\/\/varjesteg.se\/en\/product\/ultimate-direction-xodus-vesta-women\/#primaryimage","url":"https:\/\/varjesteg.se\/wp-content\/uploads\/2024\/05\/80480624ONX_MAIN_UD_S24_Xodus_Vesta_Onyx__33782.jpg","contentUrl":"https:\/\/varjesteg.se\/wp-content\/uploads\/2024\/05\/80480624ONX_MAIN_UD_S24_Xodus_Vesta_Onyx__33782.jpg","width":1280,"height":1280},{"@type":"BreadcrumbList","@id":"https:\/\/varjesteg.se\/en\/product\/ultimate-direction-xodus-vesta-women\/#breadcrumb","itemListElement":[{"@type":"ListItem","position":1,"name":"Hem","item":"https:\/\/varjesteg.se\/en\/"},{"@type":"ListItem","position":2,"name":"Store","item":"https:\/\/varjesteg.se\/en\/store\/"},{"@type":"ListItem","position":3,"name":"Accessories","item":"https:\/\/varjesteg.se\/en\/product-category\/accessories\/"},{"@type":"ListItem","position":4,"name":"Ultimate Direction Xodus Vesta Women"}]},{"@type":"WebSite","@id":"https:\/\/varjesteg.se\/en\/#website","url":"https:\/\/varjesteg.se\/en\/","name":"Varjesteg","description":"L\u00f6ptr\u00e4ning f\u00f6r alla","publisher":{"@id":"https:\/\/varjesteg.se\/en\/#organization"},"potentialAction":[{"@type":"SearchAction","target":{"@type":"EntryPoint","urlTemplate":"https:\/\/varjesteg.se\/en\/?s={search_term_string}"},"query-input":{"@type":"PropertyValueSpecification","valueRequired":true,"valueName":"search_term_string"}}],"inLanguage":"en-US"},{"@type":"Organization","@id":"https:\/\/varjesteg.se\/en\/#organization","name":"Varjesteg","url":"https:\/\/varjesteg.se\/en\/","logo":{"@type":"ImageObject","inLanguage":"en-US","@id":"https:\/\/varjesteg.se\/en\/#\/schema\/logo\/image\/","url":"https:\/\/varjesteg.se\/wp-content\/uploads\/2024\/02\/varjesteg-logo.png.webp","contentUrl":"https:\/\/varjesteg.se\/wp-content\/uploads\/2024\/02\/varjesteg-logo.png.webp","width":819,"height":200,"caption":"Varjesteg"},"image":{"@id":"https:\/\/varjesteg.se\/en\/#\/schema\/logo\/image\/"},"sameAs":["https:\/\/www.facebook.com\/varjesteg","https:\/\/www.tiktok.com\/@varjesteg?is_from_webapp=1&sender_device=pc","https:\/\/www.instagram.com\/varjesteg.se\/","https:\/\/se.linkedin.com\/company\/varjesteg"]}]}},"_links":{"self":[{"href":"https:\/\/varjesteg.se\/en\/wp-json\/wp\/v2\/product\/61683","targetHints":{"allow":["GET"]}}],"collection":[{"href":"https:\/\/varjesteg.se\/en\/wp-json\/wp\/v2\/product"}],"about":[{"href":"https:\/\/varjesteg.se\/en\/wp-json\/wp\/v2\/types\/product"}],"wp:featuredmedia":[{"embeddable":true,"href":"https:\/\/varjesteg.se\/en\/wp-json\/wp\/v2\/media\/52268"}],"wp:attachment":[{"href":"https:\/\/varjesteg.se\/en\/wp-json\/wp\/v2\/media?parent=61683"}],"wp:term":[{"taxonomy":"product_brand","embeddable":true,"href":"https:\/\/varjesteg.se\/en\/wp-json\/wp\/v2\/product_brand?post=61683"},{"taxonomy":"product_cat","embeddable":true,"href":"https:\/\/varjesteg.se\/en\/wp-json\/wp\/v2\/product_cat?post=61683"},{"taxonomy":"product_tag","embeddable":true,"href":"https:\/\/varjesteg.se\/en\/wp-json\/wp\/v2\/product_tag?post=61683"}],"curies":[{"name":"wp","href":"https:\/\/api.w.org\/{rel}","templated":true}]}}