

{"id":61680,"date":"2024-05-28T15:23:52","date_gmt":"2024-05-28T13:23:52","guid":{"rendered":"https:\/\/varjesteg.se\/produkt\/ultimate-direction-utility-belt\/"},"modified":"2025-01-08T00:00:36","modified_gmt":"2025-01-07T22:00:36","slug":"ultimate-direction-utility-belt","status":"publish","type":"product","link":"https:\/\/varjesteg.se\/en\/product\/ultimate-direction-utility-belt\/","title":{"rendered":"Ultimate Direction Utility Belt"},"content":{"rendered":"<p>The <strong>Utility Belt<\/strong> is thin yet durable and remains lightweight even when loaded with gear. It can hold a 500 ml Body Bottle\u2122, trekking poles, a phone, a lightweight jacket, and other small valuables without bouncing during activity. The Utility Belt is perfect for everyday use or as an alternative to a running vest or handheld bottle during a race.<\/p>\n<p><strong>Size Guide:<\/strong><\/p>\n<ul>\n<li>XS: 56\u201363 cm<\/li>\n<li>S: 66\u201373 cm<\/li>\n<li>M: 73\u201381 cm<\/li>\n<li>L: 81\u201389 cm<\/li>\n<li>XL: 89\u201397 cm<\/li>\n<\/ul>\n","protected":false},"excerpt":{"rendered":"<p>The <strong>Utility Belt<\/strong> is thin yet durable and remains lightweight even when loaded with gear. It can hold a 500 ml Body Bottle\u2122, trekking poles, a phone, a lightweight jacket, and other small valuables without bouncing during activity. The Utility Belt is perfect for everyday use or as an alternative to a running vest or handheld bottle during a race.<\/p>\n<p><strong>Size Guide:<\/strong><\/p>\n<ul>\n<li>XS: 56\u201363 cm<\/li>\n<li>S: 66\u201373 cm<\/li>\n<li>M: 73\u201381 cm<\/li>\n<li>L: 81\u201389 cm<\/li>\n<li>XL: 89\u201397 cm<\/li>\n<\/ul>\n","protected":false},"featured_media":52224,"template":"","meta":{"om_disable_all_campaigns":false,"_price":"499","_stock":"","_tribe_ticket_header":"","_tribe_default_ticket_provider":"","_tribe_ticket_capacity":"50","_ticket_start_date":"","_ticket_end_date":"","_tribe_ticket_show_description":"","_tribe_ticket_show_not_going":false,"_tribe_ticket_use_global_stock":"","_tribe_ticket_global_stock_level":"","_global_stock_mode":"","_global_stock_cap":"","_tribe_rsvp_for_event":"","_tribe_ticket_going_count":"","_tribe_ticket_not_going_count":"","_tribe_tickets_list":"[]","_tribe_ticket_has_attendee_info_fields":false,"_tec_slr_enabled":"","_tec_slr_layout":""},"product_brand":[],"product_cat":[940],"product_tag":[],"class_list":{"0":"post-61680","1":"product","2":"type-product","3":"status-publish","4":"has-post-thumbnail","5":"product_cat-accessories","7":"first","8":"outofstock","9":"taxable","10":"shipping-taxable","11":"purchasable","12":"product-type-variable"},"acf":[],"yoast_head":"<!-- This site is optimized with the Yoast SEO plugin v27.1.1 - https:\/\/yoast.com\/product\/yoast-seo-wordpress\/ -->\n<title>Ultimate Direction Utility Belt - VarjeSteg<\/title>\n<meta name=\"robots\" content=\"index, follow, max-snippet:-1, max-image-preview:large, max-video-preview:-1\" \/>\n<link rel=\"canonical\" href=\"https:\/\/varjesteg.se\/en\/product\/ultimate-direction-utility-belt\/\" \/>\n<meta property=\"og:locale\" content=\"en_US\" \/>\n<meta property=\"og:type\" content=\"article\" \/>\n<meta property=\"og:title\" content=\"Ultimate Direction Utility Belt - VarjeSteg\" \/>\n<meta property=\"og:description\" content=\"The Utility Belt is thin yet durable and remains lightweight even when loaded with gear. It can hold a 500 ml Body Bottle\u2122, trekking poles, a phone, a lightweight jacket, and other small valuables without bouncing during activity. The Utility Belt is perfect for everyday use or as an alternative to a running vest or handheld bottle during a race.  Size Guide:   XS: 56\u201363 cm  S: 66\u201373 cm  M: 73\u201381 cm  L: 81\u201389 cm  XL: 89\u201397 cm\" \/>\n<meta property=\"og:url\" content=\"https:\/\/varjesteg.se\/en\/product\/ultimate-direction-utility-belt\/\" \/>\n<meta property=\"og:site_name\" content=\"VarjeSteg\" \/>\n<meta property=\"article:publisher\" content=\"https:\/\/www.facebook.com\/varjesteg\" \/>\n<meta property=\"article:modified_time\" content=\"2025-01-07T22:00:36+00:00\" \/>\n<meta property=\"og:image\" content=\"https:\/\/varjesteg.se\/wp-content\/uploads\/2024\/05\/Utility_Belt_XL_Onyx_Onyx_80465322ONX-XL_2__52113.jpg\" \/>\n\t<meta property=\"og:image:width\" content=\"1280\" \/>\n\t<meta property=\"og:image:height\" content=\"1280\" \/>\n\t<meta property=\"og:image:type\" content=\"image\/jpeg\" \/>\n<meta name=\"twitter:card\" content=\"summary_large_image\" \/>\n<script type=\"application\/ld+json\" class=\"yoast-schema-graph\">{\"@context\":\"https:\/\/schema.org\",\"@graph\":[{\"@type\":\"WebPage\",\"@id\":\"https:\/\/varjesteg.se\/en\/product\/ultimate-direction-utility-belt\/\",\"url\":\"https:\/\/varjesteg.se\/en\/product\/ultimate-direction-utility-belt\/\",\"name\":\"Ultimate Direction Utility Belt - VarjeSteg\",\"isPartOf\":{\"@id\":\"https:\/\/varjesteg.se\/en\/#website\"},\"primaryImageOfPage\":{\"@id\":\"https:\/\/varjesteg.se\/en\/product\/ultimate-direction-utility-belt\/#primaryimage\"},\"image\":{\"@id\":\"https:\/\/varjesteg.se\/en\/product\/ultimate-direction-utility-belt\/#primaryimage\"},\"thumbnailUrl\":\"https:\/\/varjesteg.se\/wp-content\/uploads\/2024\/05\/Utility_Belt_XL_Onyx_Onyx_80465322ONX-XL_2__52113.jpg\",\"datePublished\":\"2024-05-28T13:23:52+00:00\",\"dateModified\":\"2025-01-07T22:00:36+00:00\",\"breadcrumb\":{\"@id\":\"https:\/\/varjesteg.se\/en\/product\/ultimate-direction-utility-belt\/#breadcrumb\"},\"inLanguage\":\"en-US\",\"potentialAction\":[{\"@type\":\"ReadAction\",\"target\":[\"https:\/\/varjesteg.se\/en\/product\/ultimate-direction-utility-belt\/\"]}]},{\"@type\":\"ImageObject\",\"inLanguage\":\"en-US\",\"@id\":\"https:\/\/varjesteg.se\/en\/product\/ultimate-direction-utility-belt\/#primaryimage\",\"url\":\"https:\/\/varjesteg.se\/wp-content\/uploads\/2024\/05\/Utility_Belt_XL_Onyx_Onyx_80465322ONX-XL_2__52113.jpg\",\"contentUrl\":\"https:\/\/varjesteg.se\/wp-content\/uploads\/2024\/05\/Utility_Belt_XL_Onyx_Onyx_80465322ONX-XL_2__52113.jpg\",\"width\":1280,\"height\":1280},{\"@type\":\"BreadcrumbList\",\"@id\":\"https:\/\/varjesteg.se\/en\/product\/ultimate-direction-utility-belt\/#breadcrumb\",\"itemListElement\":[{\"@type\":\"ListItem\",\"position\":1,\"name\":\"Hem\",\"item\":\"https:\/\/varjesteg.se\/en\/\"},{\"@type\":\"ListItem\",\"position\":2,\"name\":\"Store\",\"item\":\"https:\/\/varjesteg.se\/en\/store\/\"},{\"@type\":\"ListItem\",\"position\":3,\"name\":\"Accessories\",\"item\":\"https:\/\/varjesteg.se\/en\/product-category\/accessories\/\"},{\"@type\":\"ListItem\",\"position\":4,\"name\":\"Ultimate Direction Utility Belt\"}]},{\"@type\":\"WebSite\",\"@id\":\"https:\/\/varjesteg.se\/en\/#website\",\"url\":\"https:\/\/varjesteg.se\/en\/\",\"name\":\"Varjesteg\",\"description\":\"L\u00f6ptr\u00e4ning f\u00f6r alla\",\"publisher\":{\"@id\":\"https:\/\/varjesteg.se\/en\/#organization\"},\"potentialAction\":[{\"@type\":\"SearchAction\",\"target\":{\"@type\":\"EntryPoint\",\"urlTemplate\":\"https:\/\/varjesteg.se\/en\/?s={search_term_string}\"},\"query-input\":{\"@type\":\"PropertyValueSpecification\",\"valueRequired\":true,\"valueName\":\"search_term_string\"}}],\"inLanguage\":\"en-US\"},{\"@type\":\"Organization\",\"@id\":\"https:\/\/varjesteg.se\/en\/#organization\",\"name\":\"Varjesteg\",\"url\":\"https:\/\/varjesteg.se\/en\/\",\"logo\":{\"@type\":\"ImageObject\",\"inLanguage\":\"en-US\",\"@id\":\"https:\/\/varjesteg.se\/en\/#\/schema\/logo\/image\/\",\"url\":\"https:\/\/varjesteg.se\/wp-content\/uploads\/2024\/02\/varjesteg-logo.png.webp\",\"contentUrl\":\"https:\/\/varjesteg.se\/wp-content\/uploads\/2024\/02\/varjesteg-logo.png.webp\",\"width\":819,\"height\":200,\"caption\":\"Varjesteg\"},\"image\":{\"@id\":\"https:\/\/varjesteg.se\/en\/#\/schema\/logo\/image\/\"},\"sameAs\":[\"https:\/\/www.facebook.com\/varjesteg\",\"https:\/\/www.tiktok.com\/@varjesteg?is_from_webapp=1&sender_device=pc\",\"https:\/\/www.instagram.com\/varjesteg.se\/\",\"https:\/\/se.linkedin.com\/company\/varjesteg\"]}]}<\/script>\n<!-- \/ Yoast SEO plugin. -->","yoast_head_json":{"title":"Ultimate Direction Utility Belt - VarjeSteg","robots":{"index":"index","follow":"follow","max-snippet":"max-snippet:-1","max-image-preview":"max-image-preview:large","max-video-preview":"max-video-preview:-1"},"canonical":"https:\/\/varjesteg.se\/en\/product\/ultimate-direction-utility-belt\/","og_locale":"en_US","og_type":"article","og_title":"Ultimate Direction Utility Belt - VarjeSteg","og_description":"The Utility Belt is thin yet durable and remains lightweight even when loaded with gear. It can hold a 500 ml Body Bottle\u2122, trekking poles, a phone, a lightweight jacket, and other small valuables without bouncing during activity. The Utility Belt is perfect for everyday use or as an alternative to a running vest or handheld bottle during a race.  Size Guide:   XS: 56\u201363 cm  S: 66\u201373 cm  M: 73\u201381 cm  L: 81\u201389 cm  XL: 89\u201397 cm","og_url":"https:\/\/varjesteg.se\/en\/product\/ultimate-direction-utility-belt\/","og_site_name":"VarjeSteg","article_publisher":"https:\/\/www.facebook.com\/varjesteg","article_modified_time":"2025-01-07T22:00:36+00:00","og_image":[{"width":1280,"height":1280,"url":"https:\/\/varjesteg.se\/wp-content\/uploads\/2024\/05\/Utility_Belt_XL_Onyx_Onyx_80465322ONX-XL_2__52113.jpg","type":"image\/jpeg"}],"twitter_card":"summary_large_image","schema":{"@context":"https:\/\/schema.org","@graph":[{"@type":"WebPage","@id":"https:\/\/varjesteg.se\/en\/product\/ultimate-direction-utility-belt\/","url":"https:\/\/varjesteg.se\/en\/product\/ultimate-direction-utility-belt\/","name":"Ultimate Direction Utility Belt - VarjeSteg","isPartOf":{"@id":"https:\/\/varjesteg.se\/en\/#website"},"primaryImageOfPage":{"@id":"https:\/\/varjesteg.se\/en\/product\/ultimate-direction-utility-belt\/#primaryimage"},"image":{"@id":"https:\/\/varjesteg.se\/en\/product\/ultimate-direction-utility-belt\/#primaryimage"},"thumbnailUrl":"https:\/\/varjesteg.se\/wp-content\/uploads\/2024\/05\/Utility_Belt_XL_Onyx_Onyx_80465322ONX-XL_2__52113.jpg","datePublished":"2024-05-28T13:23:52+00:00","dateModified":"2025-01-07T22:00:36+00:00","breadcrumb":{"@id":"https:\/\/varjesteg.se\/en\/product\/ultimate-direction-utility-belt\/#breadcrumb"},"inLanguage":"en-US","potentialAction":[{"@type":"ReadAction","target":["https:\/\/varjesteg.se\/en\/product\/ultimate-direction-utility-belt\/"]}]},{"@type":"ImageObject","inLanguage":"en-US","@id":"https:\/\/varjesteg.se\/en\/product\/ultimate-direction-utility-belt\/#primaryimage","url":"https:\/\/varjesteg.se\/wp-content\/uploads\/2024\/05\/Utility_Belt_XL_Onyx_Onyx_80465322ONX-XL_2__52113.jpg","contentUrl":"https:\/\/varjesteg.se\/wp-content\/uploads\/2024\/05\/Utility_Belt_XL_Onyx_Onyx_80465322ONX-XL_2__52113.jpg","width":1280,"height":1280},{"@type":"BreadcrumbList","@id":"https:\/\/varjesteg.se\/en\/product\/ultimate-direction-utility-belt\/#breadcrumb","itemListElement":[{"@type":"ListItem","position":1,"name":"Hem","item":"https:\/\/varjesteg.se\/en\/"},{"@type":"ListItem","position":2,"name":"Store","item":"https:\/\/varjesteg.se\/en\/store\/"},{"@type":"ListItem","position":3,"name":"Accessories","item":"https:\/\/varjesteg.se\/en\/product-category\/accessories\/"},{"@type":"ListItem","position":4,"name":"Ultimate Direction Utility Belt"}]},{"@type":"WebSite","@id":"https:\/\/varjesteg.se\/en\/#website","url":"https:\/\/varjesteg.se\/en\/","name":"Varjesteg","description":"L\u00f6ptr\u00e4ning f\u00f6r alla","publisher":{"@id":"https:\/\/varjesteg.se\/en\/#organization"},"potentialAction":[{"@type":"SearchAction","target":{"@type":"EntryPoint","urlTemplate":"https:\/\/varjesteg.se\/en\/?s={search_term_string}"},"query-input":{"@type":"PropertyValueSpecification","valueRequired":true,"valueName":"search_term_string"}}],"inLanguage":"en-US"},{"@type":"Organization","@id":"https:\/\/varjesteg.se\/en\/#organization","name":"Varjesteg","url":"https:\/\/varjesteg.se\/en\/","logo":{"@type":"ImageObject","inLanguage":"en-US","@id":"https:\/\/varjesteg.se\/en\/#\/schema\/logo\/image\/","url":"https:\/\/varjesteg.se\/wp-content\/uploads\/2024\/02\/varjesteg-logo.png.webp","contentUrl":"https:\/\/varjesteg.se\/wp-content\/uploads\/2024\/02\/varjesteg-logo.png.webp","width":819,"height":200,"caption":"Varjesteg"},"image":{"@id":"https:\/\/varjesteg.se\/en\/#\/schema\/logo\/image\/"},"sameAs":["https:\/\/www.facebook.com\/varjesteg","https:\/\/www.tiktok.com\/@varjesteg?is_from_webapp=1&sender_device=pc","https:\/\/www.instagram.com\/varjesteg.se\/","https:\/\/se.linkedin.com\/company\/varjesteg"]}]}},"_links":{"self":[{"href":"https:\/\/varjesteg.se\/en\/wp-json\/wp\/v2\/product\/61680","targetHints":{"allow":["GET"]}}],"collection":[{"href":"https:\/\/varjesteg.se\/en\/wp-json\/wp\/v2\/product"}],"about":[{"href":"https:\/\/varjesteg.se\/en\/wp-json\/wp\/v2\/types\/product"}],"wp:featuredmedia":[{"embeddable":true,"href":"https:\/\/varjesteg.se\/en\/wp-json\/wp\/v2\/media\/52224"}],"wp:attachment":[{"href":"https:\/\/varjesteg.se\/en\/wp-json\/wp\/v2\/media?parent=61680"}],"wp:term":[{"taxonomy":"product_brand","embeddable":true,"href":"https:\/\/varjesteg.se\/en\/wp-json\/wp\/v2\/product_brand?post=61680"},{"taxonomy":"product_cat","embeddable":true,"href":"https:\/\/varjesteg.se\/en\/wp-json\/wp\/v2\/product_cat?post=61680"},{"taxonomy":"product_tag","embeddable":true,"href":"https:\/\/varjesteg.se\/en\/wp-json\/wp\/v2\/product_tag?post=61680"}],"curies":[{"name":"wp","href":"https:\/\/api.w.org\/{rel}","templated":true}]}}