

{"id":61673,"date":"2023-09-19T15:32:54","date_gmt":"2023-09-19T13:32:54","guid":{"rendered":"https:\/\/varjesteg.se\/produkt\/ultimate-direction-fastpack-30-women\/"},"modified":"2025-01-08T00:00:36","modified_gmt":"2025-01-07T22:00:36","slug":"ultimate-direction-fastpack-30-women","status":"publish","type":"product","link":"https:\/\/varjesteg.se\/en\/product\/ultimate-direction-fastpack-30-women\/","title":{"rendered":"Ultimate Direction Fastpack 30 Women"},"content":{"rendered":"<p>The Ultimate Direction Fastpack 30 is a lightweight and durable backpack designed for fast-paced activities in the outdoors. It is crafted with Infiniknit and FastFlow technology to enhance breathability and moisture-wicking on the back panel. The backpack features the same front fit as Ultimate Direction&#8217;s running vests, but it distributes pack weight as efficiently as a traditional backpack.<\/p>\n<p>The roll-top closure allows you to expand or compress the pack&#8217;s contents as needed, while a full-length side zipper provides quick and easy access to gear in the main compartment. It also includes a large front pocket for water, phone, maps, sunglasses, or food, as well as large mesh pockets on the exterior, attachment points for trekking poles, and additional pockets on the front shoulder straps. Water bottles are not included.<\/p>\n<p><strong>Specifications<\/strong><\/p>\n<ul>\n<li>Volume: 30 L<\/li>\n<li>Dimensions: 48.3 x 27.9 x 18.7 cm<\/li>\n<li>Weight: 690 g<\/li>\n<li>Material: 100% polyester<\/li>\n<\/ul>\n","protected":false},"excerpt":{"rendered":"<p>The Ultimate Direction Fastpack 30 is a lightweight and durable backpack designed for fast-paced activities in the outdoors. It is crafted with Infiniknit and FastFlow technology to enhance breathability and moisture-wicking on the back panel. The backpack features the same front fit as Ultimate Direction&#8217;s running vests, but it distributes pack weight as efficiently as a traditional backpack.<\/p>\n<p>The roll-top closure allows you to expand or compress the pack&#8217;s contents as needed, while a full-length side zipper provides quick and easy access to gear in the main compartment. It also includes a large front pocket for water, phone, maps, sunglasses, or food, as well as large mesh pockets on the exterior, attachment points for trekking poles, and additional pockets on the front shoulder straps. Water bottles are not included.<\/p>\n<p><strong>Specifications<\/strong><\/p>\n<ul>\n<li>Volume: 30 L<\/li>\n<li>Dimensions: 48.3 x 27.9 x 18.7 cm<\/li>\n<li>Weight: 690 g<\/li>\n<li>Material: 100% polyester<\/li>\n<\/ul>\n","protected":false},"featured_media":47591,"template":"","meta":{"om_disable_all_campaigns":false,"_price":"2299","_stock":"","_tribe_ticket_header":"","_tribe_default_ticket_provider":"","_tribe_ticket_capacity":"1","_ticket_start_date":"","_ticket_end_date":"","_tribe_ticket_show_description":"","_tribe_ticket_show_not_going":false,"_tribe_ticket_use_global_stock":"","_tribe_ticket_global_stock_level":"","_global_stock_mode":"","_global_stock_cap":"","_tribe_rsvp_for_event":"","_tribe_ticket_going_count":"","_tribe_ticket_not_going_count":"","_tribe_tickets_list":"[]","_tribe_ticket_has_attendee_info_fields":false,"_tec_slr_enabled":"","_tec_slr_layout":""},"product_brand":[],"product_cat":[940],"product_tag":[],"class_list":{"0":"post-61673","1":"product","2":"type-product","3":"status-publish","4":"has-post-thumbnail","5":"product_cat-accessories","7":"first","8":"instock","9":"taxable","10":"shipping-taxable","11":"purchasable","12":"product-type-variable"},"acf":[],"yoast_head":"<!-- This site is optimized with the Yoast SEO plugin v27.1.1 - https:\/\/yoast.com\/product\/yoast-seo-wordpress\/ -->\n<title>Ultimate Direction Fastpack 30 Women - VarjeSteg<\/title>\n<meta name=\"robots\" content=\"index, follow, max-snippet:-1, max-image-preview:large, max-video-preview:-1\" \/>\n<link rel=\"canonical\" href=\"https:\/\/varjesteg.se\/en\/product\/ultimate-direction-fastpack-30-women\/\" \/>\n<meta property=\"og:locale\" content=\"en_US\" \/>\n<meta property=\"og:type\" content=\"article\" \/>\n<meta property=\"og:title\" content=\"Ultimate Direction Fastpack 30 Women - VarjeSteg\" \/>\n<meta property=\"og:description\" content=\"The Ultimate Direction Fastpack 30 is a lightweight and durable backpack designed for fast-paced activities in the outdoors. It is crafted with Infiniknit and FastFlow technology to enhance breathability and moisture-wicking on the back panel. The backpack features the same front fit as Ultimate Direction&#039;s running vests, but it distributes pack weight as efficiently as a traditional backpack.  The roll-top closure allows you to expand or compress the pack&#039;s contents as needed, while a full-length side zipper provides quick and easy access to gear in the main compartment. It also includes a large front pocket for water, phone, maps, sunglasses, or food, as well as large mesh pockets on the exterior, attachment points for trekking poles, and additional pockets on the front shoulder straps. Water bottles are not included.  Specifications   Volume: 30 L  Dimensions: 48.3 x 27.9 x 18.7 cm  Weight: 690 g  Material: 100% polyester\" \/>\n<meta property=\"og:url\" content=\"https:\/\/varjesteg.se\/en\/product\/ultimate-direction-fastpack-30-women\/\" \/>\n<meta property=\"og:site_name\" content=\"VarjeSteg\" \/>\n<meta property=\"article:publisher\" content=\"https:\/\/www.facebook.com\/varjesteg\" \/>\n<meta property=\"article:modified_time\" content=\"2025-01-07T22:00:36+00:00\" \/>\n<meta property=\"og:image\" content=\"https:\/\/varjesteg.se\/wp-content\/uploads\/2023\/09\/Fastpack-30.jpeg\" \/>\n\t<meta property=\"og:image:width\" content=\"500\" \/>\n\t<meta property=\"og:image:height\" content=\"500\" \/>\n\t<meta property=\"og:image:type\" content=\"image\/jpeg\" \/>\n<meta name=\"twitter:card\" content=\"summary_large_image\" \/>\n<meta name=\"twitter:label1\" content=\"Est. reading time\" \/>\n\t<meta name=\"twitter:data1\" content=\"1 minute\" \/>\n<script type=\"application\/ld+json\" class=\"yoast-schema-graph\">{\"@context\":\"https:\/\/schema.org\",\"@graph\":[{\"@type\":\"WebPage\",\"@id\":\"https:\/\/varjesteg.se\/en\/product\/ultimate-direction-fastpack-30-women\/\",\"url\":\"https:\/\/varjesteg.se\/en\/product\/ultimate-direction-fastpack-30-women\/\",\"name\":\"Ultimate Direction Fastpack 30 Women - VarjeSteg\",\"isPartOf\":{\"@id\":\"https:\/\/varjesteg.se\/en\/#website\"},\"primaryImageOfPage\":{\"@id\":\"https:\/\/varjesteg.se\/en\/product\/ultimate-direction-fastpack-30-women\/#primaryimage\"},\"image\":{\"@id\":\"https:\/\/varjesteg.se\/en\/product\/ultimate-direction-fastpack-30-women\/#primaryimage\"},\"thumbnailUrl\":\"https:\/\/varjesteg.se\/wp-content\/uploads\/2023\/09\/Fastpack-30.jpeg\",\"datePublished\":\"2023-09-19T13:32:54+00:00\",\"dateModified\":\"2025-01-07T22:00:36+00:00\",\"breadcrumb\":{\"@id\":\"https:\/\/varjesteg.se\/en\/product\/ultimate-direction-fastpack-30-women\/#breadcrumb\"},\"inLanguage\":\"en-US\",\"potentialAction\":[{\"@type\":\"ReadAction\",\"target\":[\"https:\/\/varjesteg.se\/en\/product\/ultimate-direction-fastpack-30-women\/\"]}]},{\"@type\":\"ImageObject\",\"inLanguage\":\"en-US\",\"@id\":\"https:\/\/varjesteg.se\/en\/product\/ultimate-direction-fastpack-30-women\/#primaryimage\",\"url\":\"https:\/\/varjesteg.se\/wp-content\/uploads\/2023\/09\/Fastpack-30.jpeg\",\"contentUrl\":\"https:\/\/varjesteg.se\/wp-content\/uploads\/2023\/09\/Fastpack-30.jpeg\",\"width\":500,\"height\":500},{\"@type\":\"BreadcrumbList\",\"@id\":\"https:\/\/varjesteg.se\/en\/product\/ultimate-direction-fastpack-30-women\/#breadcrumb\",\"itemListElement\":[{\"@type\":\"ListItem\",\"position\":1,\"name\":\"Hem\",\"item\":\"https:\/\/varjesteg.se\/en\/\"},{\"@type\":\"ListItem\",\"position\":2,\"name\":\"Store\",\"item\":\"https:\/\/varjesteg.se\/en\/store\/\"},{\"@type\":\"ListItem\",\"position\":3,\"name\":\"Ultimate Direction Fastpack 30 Women\"}]},{\"@type\":\"WebSite\",\"@id\":\"https:\/\/varjesteg.se\/en\/#website\",\"url\":\"https:\/\/varjesteg.se\/en\/\",\"name\":\"Varjesteg\",\"description\":\"L\u00f6ptr\u00e4ning f\u00f6r alla\",\"publisher\":{\"@id\":\"https:\/\/varjesteg.se\/en\/#organization\"},\"potentialAction\":[{\"@type\":\"SearchAction\",\"target\":{\"@type\":\"EntryPoint\",\"urlTemplate\":\"https:\/\/varjesteg.se\/en\/?s={search_term_string}\"},\"query-input\":{\"@type\":\"PropertyValueSpecification\",\"valueRequired\":true,\"valueName\":\"search_term_string\"}}],\"inLanguage\":\"en-US\"},{\"@type\":\"Organization\",\"@id\":\"https:\/\/varjesteg.se\/en\/#organization\",\"name\":\"Varjesteg\",\"url\":\"https:\/\/varjesteg.se\/en\/\",\"logo\":{\"@type\":\"ImageObject\",\"inLanguage\":\"en-US\",\"@id\":\"https:\/\/varjesteg.se\/en\/#\/schema\/logo\/image\/\",\"url\":\"https:\/\/varjesteg.se\/wp-content\/uploads\/2024\/02\/varjesteg-logo.png.webp\",\"contentUrl\":\"https:\/\/varjesteg.se\/wp-content\/uploads\/2024\/02\/varjesteg-logo.png.webp\",\"width\":819,\"height\":200,\"caption\":\"Varjesteg\"},\"image\":{\"@id\":\"https:\/\/varjesteg.se\/en\/#\/schema\/logo\/image\/\"},\"sameAs\":[\"https:\/\/www.facebook.com\/varjesteg\",\"https:\/\/www.tiktok.com\/@varjesteg?is_from_webapp=1&sender_device=pc\",\"https:\/\/www.instagram.com\/varjesteg.se\/\",\"https:\/\/se.linkedin.com\/company\/varjesteg\"]}]}<\/script>\n<!-- \/ Yoast SEO plugin. -->","yoast_head_json":{"title":"Ultimate Direction Fastpack 30 Women - VarjeSteg","robots":{"index":"index","follow":"follow","max-snippet":"max-snippet:-1","max-image-preview":"max-image-preview:large","max-video-preview":"max-video-preview:-1"},"canonical":"https:\/\/varjesteg.se\/en\/product\/ultimate-direction-fastpack-30-women\/","og_locale":"en_US","og_type":"article","og_title":"Ultimate Direction Fastpack 30 Women - VarjeSteg","og_description":"The Ultimate Direction Fastpack 30 is a lightweight and durable backpack designed for fast-paced activities in the outdoors. It is crafted with Infiniknit and FastFlow technology to enhance breathability and moisture-wicking on the back panel. The backpack features the same front fit as Ultimate Direction's running vests, but it distributes pack weight as efficiently as a traditional backpack.  The roll-top closure allows you to expand or compress the pack's contents as needed, while a full-length side zipper provides quick and easy access to gear in the main compartment. It also includes a large front pocket for water, phone, maps, sunglasses, or food, as well as large mesh pockets on the exterior, attachment points for trekking poles, and additional pockets on the front shoulder straps. Water bottles are not included.  Specifications   Volume: 30 L  Dimensions: 48.3 x 27.9 x 18.7 cm  Weight: 690 g  Material: 100% polyester","og_url":"https:\/\/varjesteg.se\/en\/product\/ultimate-direction-fastpack-30-women\/","og_site_name":"VarjeSteg","article_publisher":"https:\/\/www.facebook.com\/varjesteg","article_modified_time":"2025-01-07T22:00:36+00:00","og_image":[{"width":500,"height":500,"url":"https:\/\/varjesteg.se\/wp-content\/uploads\/2023\/09\/Fastpack-30.jpeg","type":"image\/jpeg"}],"twitter_card":"summary_large_image","twitter_misc":{"Est. reading time":"1 minute"},"schema":{"@context":"https:\/\/schema.org","@graph":[{"@type":"WebPage","@id":"https:\/\/varjesteg.se\/en\/product\/ultimate-direction-fastpack-30-women\/","url":"https:\/\/varjesteg.se\/en\/product\/ultimate-direction-fastpack-30-women\/","name":"Ultimate Direction Fastpack 30 Women - VarjeSteg","isPartOf":{"@id":"https:\/\/varjesteg.se\/en\/#website"},"primaryImageOfPage":{"@id":"https:\/\/varjesteg.se\/en\/product\/ultimate-direction-fastpack-30-women\/#primaryimage"},"image":{"@id":"https:\/\/varjesteg.se\/en\/product\/ultimate-direction-fastpack-30-women\/#primaryimage"},"thumbnailUrl":"https:\/\/varjesteg.se\/wp-content\/uploads\/2023\/09\/Fastpack-30.jpeg","datePublished":"2023-09-19T13:32:54+00:00","dateModified":"2025-01-07T22:00:36+00:00","breadcrumb":{"@id":"https:\/\/varjesteg.se\/en\/product\/ultimate-direction-fastpack-30-women\/#breadcrumb"},"inLanguage":"en-US","potentialAction":[{"@type":"ReadAction","target":["https:\/\/varjesteg.se\/en\/product\/ultimate-direction-fastpack-30-women\/"]}]},{"@type":"ImageObject","inLanguage":"en-US","@id":"https:\/\/varjesteg.se\/en\/product\/ultimate-direction-fastpack-30-women\/#primaryimage","url":"https:\/\/varjesteg.se\/wp-content\/uploads\/2023\/09\/Fastpack-30.jpeg","contentUrl":"https:\/\/varjesteg.se\/wp-content\/uploads\/2023\/09\/Fastpack-30.jpeg","width":500,"height":500},{"@type":"BreadcrumbList","@id":"https:\/\/varjesteg.se\/en\/product\/ultimate-direction-fastpack-30-women\/#breadcrumb","itemListElement":[{"@type":"ListItem","position":1,"name":"Hem","item":"https:\/\/varjesteg.se\/en\/"},{"@type":"ListItem","position":2,"name":"Store","item":"https:\/\/varjesteg.se\/en\/store\/"},{"@type":"ListItem","position":3,"name":"Ultimate Direction Fastpack 30 Women"}]},{"@type":"WebSite","@id":"https:\/\/varjesteg.se\/en\/#website","url":"https:\/\/varjesteg.se\/en\/","name":"Varjesteg","description":"L\u00f6ptr\u00e4ning f\u00f6r alla","publisher":{"@id":"https:\/\/varjesteg.se\/en\/#organization"},"potentialAction":[{"@type":"SearchAction","target":{"@type":"EntryPoint","urlTemplate":"https:\/\/varjesteg.se\/en\/?s={search_term_string}"},"query-input":{"@type":"PropertyValueSpecification","valueRequired":true,"valueName":"search_term_string"}}],"inLanguage":"en-US"},{"@type":"Organization","@id":"https:\/\/varjesteg.se\/en\/#organization","name":"Varjesteg","url":"https:\/\/varjesteg.se\/en\/","logo":{"@type":"ImageObject","inLanguage":"en-US","@id":"https:\/\/varjesteg.se\/en\/#\/schema\/logo\/image\/","url":"https:\/\/varjesteg.se\/wp-content\/uploads\/2024\/02\/varjesteg-logo.png.webp","contentUrl":"https:\/\/varjesteg.se\/wp-content\/uploads\/2024\/02\/varjesteg-logo.png.webp","width":819,"height":200,"caption":"Varjesteg"},"image":{"@id":"https:\/\/varjesteg.se\/en\/#\/schema\/logo\/image\/"},"sameAs":["https:\/\/www.facebook.com\/varjesteg","https:\/\/www.tiktok.com\/@varjesteg?is_from_webapp=1&sender_device=pc","https:\/\/www.instagram.com\/varjesteg.se\/","https:\/\/se.linkedin.com\/company\/varjesteg"]}]}},"_links":{"self":[{"href":"https:\/\/varjesteg.se\/en\/wp-json\/wp\/v2\/product\/61673","targetHints":{"allow":["GET"]}}],"collection":[{"href":"https:\/\/varjesteg.se\/en\/wp-json\/wp\/v2\/product"}],"about":[{"href":"https:\/\/varjesteg.se\/en\/wp-json\/wp\/v2\/types\/product"}],"wp:featuredmedia":[{"embeddable":true,"href":"https:\/\/varjesteg.se\/en\/wp-json\/wp\/v2\/media\/47591"}],"wp:attachment":[{"href":"https:\/\/varjesteg.se\/en\/wp-json\/wp\/v2\/media?parent=61673"}],"wp:term":[{"taxonomy":"product_brand","embeddable":true,"href":"https:\/\/varjesteg.se\/en\/wp-json\/wp\/v2\/product_brand?post=61673"},{"taxonomy":"product_cat","embeddable":true,"href":"https:\/\/varjesteg.se\/en\/wp-json\/wp\/v2\/product_cat?post=61673"},{"taxonomy":"product_tag","embeddable":true,"href":"https:\/\/varjesteg.se\/en\/wp-json\/wp\/v2\/product_tag?post=61673"}],"curies":[{"name":"wp","href":"https:\/\/api.w.org\/{rel}","templated":true}]}}