

{"id":61397,"date":"2021-01-12T22:50:22","date_gmt":"2021-01-12T21:50:22","guid":{"rendered":"https:\/\/varjesteg.se\/produkt\/injinji-trail-mini-crew\/"},"modified":"2026-01-08T00:27:55","modified_gmt":"2026-01-07T22:27:55","slug":"injinji-trail-mini-crew","status":"publish","type":"product","link":"https:\/\/varjesteg.se\/en\/product\/injinji-trail-mini-crew\/","title":{"rendered":"Injinji Trail Mini-crew"},"content":{"rendered":"<p><strong>Injinji&#8217;s Trail Series<\/strong> is designed to provide the best fit, feel, and protection inside your shoe on uneven and unpredictable terrain. The sock features protective cushioning to tackle rugged trails and rocky paths. The Mini-Crew length sits just above the ankle, offering full coverage and heel protection.<\/p>\n<p><strong>Injinji Trail Midweight<\/strong> is made with CoolMax, ensuring your feet stay cool, dry, and protected. The seamless construction and five-toe design eliminate skin-to-skin contact between toes, preventing blisters and irritation. The midweight thickness makes it Injinji&#8217;s most cushioned running sock, suitable for all types of running shoes.<\/p>\n","protected":false},"excerpt":{"rendered":"<p><strong>Injinji&#8217;s Trail Series<\/strong> is designed to provide the best fit, feel, and protection inside your shoe on uneven and unpredictable terrain. The sock features protective cushioning to tackle rugged trails and rocky paths. The Mini-Crew length sits just above the ankle, offering full coverage and heel protection.<\/p>\n<p><strong>Injinji Trail Midweight<\/strong> is made with CoolMax, ensuring your feet stay cool, dry, and protected. The seamless construction and five-toe design eliminate skin-to-skin contact between toes, preventing blisters and irritation. The midweight thickness makes it Injinji&#8217;s most cushioned running sock, suitable for all types of running shoes.<\/p>\n","protected":false},"featured_media":47025,"template":"","meta":{"om_disable_all_campaigns":false,"_price":"167","_stock":"","_tribe_ticket_header":"","_tribe_default_ticket_provider":"","_tribe_ticket_capacity":"53","_ticket_start_date":"","_ticket_end_date":"","_tribe_ticket_show_description":"","_tribe_ticket_show_not_going":false,"_tribe_ticket_use_global_stock":"","_tribe_ticket_global_stock_level":"","_global_stock_mode":"","_global_stock_cap":"","_tribe_rsvp_for_event":"","_tribe_ticket_going_count":"","_tribe_ticket_not_going_count":"","_tribe_tickets_list":"[]","_tribe_ticket_has_attendee_info_fields":false,"_tec_slr_enabled":"","_tec_slr_layout":""},"product_brand":[],"product_cat":[934],"product_tag":[],"class_list":{"0":"post-61397","1":"product","2":"type-product","3":"status-publish","4":"has-post-thumbnail","5":"product_cat-socks","6":"product_shipping_class-shipping","8":"first","9":"instock","10":"sale","11":"taxable","12":"shipping-taxable","13":"purchasable","14":"product-type-variable"},"acf":[],"yoast_head":"<!-- This site is optimized with the Yoast SEO plugin v27.1.1 - https:\/\/yoast.com\/product\/yoast-seo-wordpress\/ -->\n<title>Injinji Trail Mini-crew - VarjeSteg<\/title>\n<meta name=\"robots\" content=\"index, follow, max-snippet:-1, max-image-preview:large, max-video-preview:-1\" \/>\n<link rel=\"canonical\" href=\"https:\/\/varjesteg.se\/en\/product\/injinji-trail-mini-crew\/\" \/>\n<meta property=\"og:locale\" content=\"en_US\" \/>\n<meta property=\"og:type\" content=\"article\" \/>\n<meta property=\"og:title\" content=\"Injinji Trail Mini-crew - VarjeSteg\" \/>\n<meta property=\"og:description\" content=\"Injinji&#039;s Trail Series is designed to provide the best fit, feel, and protection inside your shoe on uneven and unpredictable terrain. The sock features protective cushioning to tackle rugged trails and rocky paths. The Mini-Crew length sits just above the ankle, offering full coverage and heel protection.  Injinji Trail Midweight is made with CoolMax, ensuring your feet stay cool, dry, and protected. The seamless construction and five-toe design eliminate skin-to-skin contact between toes, preventing blisters and irritation. The midweight thickness makes it Injinji&#039;s most cushioned running sock, suitable for all types of running shoes.\" \/>\n<meta property=\"og:url\" content=\"https:\/\/varjesteg.se\/en\/product\/injinji-trail-mini-crew\/\" \/>\n<meta property=\"og:site_name\" content=\"VarjeSteg\" \/>\n<meta property=\"article:publisher\" content=\"https:\/\/www.facebook.com\/varjesteg\" \/>\n<meta property=\"article:modified_time\" content=\"2026-01-07T22:27:55+00:00\" \/>\n<meta property=\"og:image\" content=\"https:\/\/varjesteg.se\/wp-content\/uploads\/2020\/10\/8lAOxMvrEeqR5Opy9-V2Dw-QmhhBNFuEequoPTcLi5kFA.jpeg\" \/>\n\t<meta property=\"og:image:width\" content=\"1830\" \/>\n\t<meta property=\"og:image:height\" content=\"1536\" \/>\n\t<meta property=\"og:image:type\" content=\"image\/jpeg\" \/>\n<meta name=\"twitter:card\" content=\"summary_large_image\" \/>\n<script type=\"application\/ld+json\" class=\"yoast-schema-graph\">{\"@context\":\"https:\/\/schema.org\",\"@graph\":[{\"@type\":\"WebPage\",\"@id\":\"https:\/\/varjesteg.se\/en\/product\/injinji-trail-mini-crew\/\",\"url\":\"https:\/\/varjesteg.se\/en\/product\/injinji-trail-mini-crew\/\",\"name\":\"Injinji Trail Mini-crew - VarjeSteg\",\"isPartOf\":{\"@id\":\"https:\/\/varjesteg.se\/en\/#website\"},\"primaryImageOfPage\":{\"@id\":\"https:\/\/varjesteg.se\/en\/product\/injinji-trail-mini-crew\/#primaryimage\"},\"image\":{\"@id\":\"https:\/\/varjesteg.se\/en\/product\/injinji-trail-mini-crew\/#primaryimage\"},\"thumbnailUrl\":\"https:\/\/varjesteg.se\/wp-content\/uploads\/2020\/10\/8lAOxMvrEeqR5Opy9-V2Dw-QmhhBNFuEequoPTcLi5kFA.jpeg\",\"datePublished\":\"2021-01-12T21:50:22+00:00\",\"dateModified\":\"2026-01-07T22:27:55+00:00\",\"breadcrumb\":{\"@id\":\"https:\/\/varjesteg.se\/en\/product\/injinji-trail-mini-crew\/#breadcrumb\"},\"inLanguage\":\"en-US\",\"potentialAction\":[{\"@type\":\"ReadAction\",\"target\":[\"https:\/\/varjesteg.se\/en\/product\/injinji-trail-mini-crew\/\"]}]},{\"@type\":\"ImageObject\",\"inLanguage\":\"en-US\",\"@id\":\"https:\/\/varjesteg.se\/en\/product\/injinji-trail-mini-crew\/#primaryimage\",\"url\":\"https:\/\/varjesteg.se\/wp-content\/uploads\/2020\/10\/8lAOxMvrEeqR5Opy9-V2Dw-QmhhBNFuEequoPTcLi5kFA.jpeg\",\"contentUrl\":\"https:\/\/varjesteg.se\/wp-content\/uploads\/2020\/10\/8lAOxMvrEeqR5Opy9-V2Dw-QmhhBNFuEequoPTcLi5kFA.jpeg\",\"width\":1830,\"height\":1536},{\"@type\":\"BreadcrumbList\",\"@id\":\"https:\/\/varjesteg.se\/en\/product\/injinji-trail-mini-crew\/#breadcrumb\",\"itemListElement\":[{\"@type\":\"ListItem\",\"position\":1,\"name\":\"Hem\",\"item\":\"https:\/\/varjesteg.se\/en\/\"},{\"@type\":\"ListItem\",\"position\":2,\"name\":\"Store\",\"item\":\"https:\/\/varjesteg.se\/en\/store\/\"},{\"@type\":\"ListItem\",\"position\":3,\"name\":\"Injinji Trail Mini-crew\"}]},{\"@type\":\"WebSite\",\"@id\":\"https:\/\/varjesteg.se\/en\/#website\",\"url\":\"https:\/\/varjesteg.se\/en\/\",\"name\":\"Varjesteg\",\"description\":\"L\u00f6ptr\u00e4ning f\u00f6r alla\",\"publisher\":{\"@id\":\"https:\/\/varjesteg.se\/en\/#organization\"},\"potentialAction\":[{\"@type\":\"SearchAction\",\"target\":{\"@type\":\"EntryPoint\",\"urlTemplate\":\"https:\/\/varjesteg.se\/en\/?s={search_term_string}\"},\"query-input\":{\"@type\":\"PropertyValueSpecification\",\"valueRequired\":true,\"valueName\":\"search_term_string\"}}],\"inLanguage\":\"en-US\"},{\"@type\":\"Organization\",\"@id\":\"https:\/\/varjesteg.se\/en\/#organization\",\"name\":\"Varjesteg\",\"url\":\"https:\/\/varjesteg.se\/en\/\",\"logo\":{\"@type\":\"ImageObject\",\"inLanguage\":\"en-US\",\"@id\":\"https:\/\/varjesteg.se\/en\/#\/schema\/logo\/image\/\",\"url\":\"https:\/\/varjesteg.se\/wp-content\/uploads\/2024\/02\/varjesteg-logo.png.webp\",\"contentUrl\":\"https:\/\/varjesteg.se\/wp-content\/uploads\/2024\/02\/varjesteg-logo.png.webp\",\"width\":819,\"height\":200,\"caption\":\"Varjesteg\"},\"image\":{\"@id\":\"https:\/\/varjesteg.se\/en\/#\/schema\/logo\/image\/\"},\"sameAs\":[\"https:\/\/www.facebook.com\/varjesteg\",\"https:\/\/www.tiktok.com\/@varjesteg?is_from_webapp=1&sender_device=pc\",\"https:\/\/www.instagram.com\/varjesteg.se\/\",\"https:\/\/se.linkedin.com\/company\/varjesteg\"]}]}<\/script>\n<!-- \/ Yoast SEO plugin. -->","yoast_head_json":{"title":"Injinji Trail Mini-crew - VarjeSteg","robots":{"index":"index","follow":"follow","max-snippet":"max-snippet:-1","max-image-preview":"max-image-preview:large","max-video-preview":"max-video-preview:-1"},"canonical":"https:\/\/varjesteg.se\/en\/product\/injinji-trail-mini-crew\/","og_locale":"en_US","og_type":"article","og_title":"Injinji Trail Mini-crew - VarjeSteg","og_description":"Injinji's Trail Series is designed to provide the best fit, feel, and protection inside your shoe on uneven and unpredictable terrain. The sock features protective cushioning to tackle rugged trails and rocky paths. The Mini-Crew length sits just above the ankle, offering full coverage and heel protection.  Injinji Trail Midweight is made with CoolMax, ensuring your feet stay cool, dry, and protected. The seamless construction and five-toe design eliminate skin-to-skin contact between toes, preventing blisters and irritation. The midweight thickness makes it Injinji's most cushioned running sock, suitable for all types of running shoes.","og_url":"https:\/\/varjesteg.se\/en\/product\/injinji-trail-mini-crew\/","og_site_name":"VarjeSteg","article_publisher":"https:\/\/www.facebook.com\/varjesteg","article_modified_time":"2026-01-07T22:27:55+00:00","og_image":[{"width":1830,"height":1536,"url":"https:\/\/varjesteg.se\/wp-content\/uploads\/2020\/10\/8lAOxMvrEeqR5Opy9-V2Dw-QmhhBNFuEequoPTcLi5kFA.jpeg","type":"image\/jpeg"}],"twitter_card":"summary_large_image","schema":{"@context":"https:\/\/schema.org","@graph":[{"@type":"WebPage","@id":"https:\/\/varjesteg.se\/en\/product\/injinji-trail-mini-crew\/","url":"https:\/\/varjesteg.se\/en\/product\/injinji-trail-mini-crew\/","name":"Injinji Trail Mini-crew - VarjeSteg","isPartOf":{"@id":"https:\/\/varjesteg.se\/en\/#website"},"primaryImageOfPage":{"@id":"https:\/\/varjesteg.se\/en\/product\/injinji-trail-mini-crew\/#primaryimage"},"image":{"@id":"https:\/\/varjesteg.se\/en\/product\/injinji-trail-mini-crew\/#primaryimage"},"thumbnailUrl":"https:\/\/varjesteg.se\/wp-content\/uploads\/2020\/10\/8lAOxMvrEeqR5Opy9-V2Dw-QmhhBNFuEequoPTcLi5kFA.jpeg","datePublished":"2021-01-12T21:50:22+00:00","dateModified":"2026-01-07T22:27:55+00:00","breadcrumb":{"@id":"https:\/\/varjesteg.se\/en\/product\/injinji-trail-mini-crew\/#breadcrumb"},"inLanguage":"en-US","potentialAction":[{"@type":"ReadAction","target":["https:\/\/varjesteg.se\/en\/product\/injinji-trail-mini-crew\/"]}]},{"@type":"ImageObject","inLanguage":"en-US","@id":"https:\/\/varjesteg.se\/en\/product\/injinji-trail-mini-crew\/#primaryimage","url":"https:\/\/varjesteg.se\/wp-content\/uploads\/2020\/10\/8lAOxMvrEeqR5Opy9-V2Dw-QmhhBNFuEequoPTcLi5kFA.jpeg","contentUrl":"https:\/\/varjesteg.se\/wp-content\/uploads\/2020\/10\/8lAOxMvrEeqR5Opy9-V2Dw-QmhhBNFuEequoPTcLi5kFA.jpeg","width":1830,"height":1536},{"@type":"BreadcrumbList","@id":"https:\/\/varjesteg.se\/en\/product\/injinji-trail-mini-crew\/#breadcrumb","itemListElement":[{"@type":"ListItem","position":1,"name":"Hem","item":"https:\/\/varjesteg.se\/en\/"},{"@type":"ListItem","position":2,"name":"Store","item":"https:\/\/varjesteg.se\/en\/store\/"},{"@type":"ListItem","position":3,"name":"Injinji Trail Mini-crew"}]},{"@type":"WebSite","@id":"https:\/\/varjesteg.se\/en\/#website","url":"https:\/\/varjesteg.se\/en\/","name":"Varjesteg","description":"L\u00f6ptr\u00e4ning f\u00f6r alla","publisher":{"@id":"https:\/\/varjesteg.se\/en\/#organization"},"potentialAction":[{"@type":"SearchAction","target":{"@type":"EntryPoint","urlTemplate":"https:\/\/varjesteg.se\/en\/?s={search_term_string}"},"query-input":{"@type":"PropertyValueSpecification","valueRequired":true,"valueName":"search_term_string"}}],"inLanguage":"en-US"},{"@type":"Organization","@id":"https:\/\/varjesteg.se\/en\/#organization","name":"Varjesteg","url":"https:\/\/varjesteg.se\/en\/","logo":{"@type":"ImageObject","inLanguage":"en-US","@id":"https:\/\/varjesteg.se\/en\/#\/schema\/logo\/image\/","url":"https:\/\/varjesteg.se\/wp-content\/uploads\/2024\/02\/varjesteg-logo.png.webp","contentUrl":"https:\/\/varjesteg.se\/wp-content\/uploads\/2024\/02\/varjesteg-logo.png.webp","width":819,"height":200,"caption":"Varjesteg"},"image":{"@id":"https:\/\/varjesteg.se\/en\/#\/schema\/logo\/image\/"},"sameAs":["https:\/\/www.facebook.com\/varjesteg","https:\/\/www.tiktok.com\/@varjesteg?is_from_webapp=1&sender_device=pc","https:\/\/www.instagram.com\/varjesteg.se\/","https:\/\/se.linkedin.com\/company\/varjesteg"]}]}},"_links":{"self":[{"href":"https:\/\/varjesteg.se\/en\/wp-json\/wp\/v2\/product\/61397","targetHints":{"allow":["GET"]}}],"collection":[{"href":"https:\/\/varjesteg.se\/en\/wp-json\/wp\/v2\/product"}],"about":[{"href":"https:\/\/varjesteg.se\/en\/wp-json\/wp\/v2\/types\/product"}],"wp:featuredmedia":[{"embeddable":true,"href":"https:\/\/varjesteg.se\/en\/wp-json\/wp\/v2\/media\/47025"}],"wp:attachment":[{"href":"https:\/\/varjesteg.se\/en\/wp-json\/wp\/v2\/media?parent=61397"}],"wp:term":[{"taxonomy":"product_brand","embeddable":true,"href":"https:\/\/varjesteg.se\/en\/wp-json\/wp\/v2\/product_brand?post=61397"},{"taxonomy":"product_cat","embeddable":true,"href":"https:\/\/varjesteg.se\/en\/wp-json\/wp\/v2\/product_cat?post=61397"},{"taxonomy":"product_tag","embeddable":true,"href":"https:\/\/varjesteg.se\/en\/wp-json\/wp\/v2\/product_tag?post=61397"}],"curies":[{"name":"wp","href":"https:\/\/api.w.org\/{rel}","templated":true}]}}