

{"id":61393,"date":"2021-01-12T22:53:47","date_gmt":"2021-01-12T21:53:47","guid":{"rendered":"https:\/\/varjesteg.se\/produkt\/injinji-trail-crew\/"},"modified":"2026-01-08T00:27:55","modified_gmt":"2026-01-07T22:27:55","slug":"injinji-trail-crew","status":"publish","type":"product","link":"https:\/\/varjesteg.se\/en\/product\/injinji-trail-crew\/","title":{"rendered":"Injinji Trail Crew"},"content":{"rendered":"<div class=\"flex max-w-full flex-col flex-grow\">\n<div class=\"min-h-8 text-message flex w-full flex-col items-end gap-2 whitespace-normal break-words [.text-message+&amp;]:mt-5\" dir=\"auto\" data-message-author-role=\"assistant\" data-message-id=\"3b6630ac-7180-4e85-a9b9-cc7e75169bf4\" data-message-model-slug=\"gpt-4o\">\n<div class=\"flex w-full flex-col gap-1 empty:hidden first:pt-[3px]\">\n<div class=\"markdown prose w-full break-words dark:prose-invert light\">\n<p>The Trail series is designed to provide the best possible fit, feel, and protection inside your shoe when tackling uneven and unpredictable terrain. The sock features protective cushioning to handle rugged trails and rocky paths. The crew length extends the sock partially up the calf for added coverage.<\/p>\n<\/div>\n<\/div>\n<\/div>\n<\/div>\n","protected":false},"excerpt":{"rendered":"<p>The Trail series is designed to provide the best possible fit, feel, and protection inside your shoe when tackling uneven and unpredictable terrain. The sock features protective cushioning to handle rugged trails and rocky paths. The crew length extends the sock partially up the calf for added coverage.<\/p>\n","protected":false},"featured_media":47024,"template":"","meta":{"om_disable_all_campaigns":false,"_price":"191","_stock":"","_tribe_ticket_header":"","_tribe_default_ticket_provider":"","_tribe_ticket_capacity":"53","_ticket_start_date":"","_ticket_end_date":"","_tribe_ticket_show_description":"","_tribe_ticket_show_not_going":false,"_tribe_ticket_use_global_stock":"","_tribe_ticket_global_stock_level":"","_global_stock_mode":"","_global_stock_cap":"","_tribe_rsvp_for_event":"","_tribe_ticket_going_count":"","_tribe_ticket_not_going_count":"","_tribe_tickets_list":"[]","_tribe_ticket_has_attendee_info_fields":false,"_tec_slr_enabled":"","_tec_slr_layout":""},"product_brand":[],"product_cat":[934],"product_tag":[],"class_list":{"0":"post-61393","1":"product","2":"type-product","3":"status-publish","4":"has-post-thumbnail","5":"product_cat-socks","6":"product_shipping_class-shipping","8":"first","9":"outofstock","10":"sale","11":"taxable","12":"shipping-taxable","13":"purchasable","14":"product-type-variable"},"acf":[],"yoast_head":"<!-- This site is optimized with the Yoast SEO plugin v27.1.1 - https:\/\/yoast.com\/product\/yoast-seo-wordpress\/ -->\n<title>Injinji Trail Crew - VarjeSteg<\/title>\n<meta name=\"robots\" content=\"index, follow, max-snippet:-1, max-image-preview:large, max-video-preview:-1\" \/>\n<link rel=\"canonical\" href=\"https:\/\/varjesteg.se\/en\/product\/injinji-trail-crew\/\" \/>\n<meta property=\"og:locale\" content=\"en_US\" \/>\n<meta property=\"og:type\" content=\"article\" \/>\n<meta property=\"og:title\" content=\"Injinji Trail Crew - VarjeSteg\" \/>\n<meta property=\"og:description\" content=\"The Trail series is designed to provide the best possible fit, feel, and protection inside your shoe when tackling uneven and unpredictable terrain. The sock features protective cushioning to handle rugged trails and rocky paths. The crew length extends the sock partially up the calf for added coverage.\" \/>\n<meta property=\"og:url\" content=\"https:\/\/varjesteg.se\/en\/product\/injinji-trail-crew\/\" \/>\n<meta property=\"og:site_name\" content=\"VarjeSteg\" \/>\n<meta property=\"article:publisher\" content=\"https:\/\/www.facebook.com\/varjesteg\" \/>\n<meta property=\"article:modified_time\" content=\"2026-01-07T22:27:55+00:00\" \/>\n<meta property=\"og:image\" content=\"https:\/\/varjesteg.se\/wp-content\/uploads\/2020\/10\/8lAOxMvrEeqR5Opy9-V2Dw-Icx-EtABEeqcyiIBjzg4UA.jpeg\" \/>\n\t<meta property=\"og:image:width\" content=\"1202\" \/>\n\t<meta property=\"og:image:height\" content=\"1536\" \/>\n\t<meta property=\"og:image:type\" content=\"image\/jpeg\" \/>\n<meta name=\"twitter:card\" content=\"summary_large_image\" \/>\n<script type=\"application\/ld+json\" class=\"yoast-schema-graph\">{\"@context\":\"https:\/\/schema.org\",\"@graph\":[{\"@type\":\"WebPage\",\"@id\":\"https:\/\/varjesteg.se\/en\/product\/injinji-trail-crew\/\",\"url\":\"https:\/\/varjesteg.se\/en\/product\/injinji-trail-crew\/\",\"name\":\"Injinji Trail Crew - VarjeSteg\",\"isPartOf\":{\"@id\":\"https:\/\/varjesteg.se\/en\/#website\"},\"primaryImageOfPage\":{\"@id\":\"https:\/\/varjesteg.se\/en\/product\/injinji-trail-crew\/#primaryimage\"},\"image\":{\"@id\":\"https:\/\/varjesteg.se\/en\/product\/injinji-trail-crew\/#primaryimage\"},\"thumbnailUrl\":\"https:\/\/varjesteg.se\/wp-content\/uploads\/2020\/10\/8lAOxMvrEeqR5Opy9-V2Dw-Icx-EtABEeqcyiIBjzg4UA.jpeg\",\"datePublished\":\"2021-01-12T21:53:47+00:00\",\"dateModified\":\"2026-01-07T22:27:55+00:00\",\"breadcrumb\":{\"@id\":\"https:\/\/varjesteg.se\/en\/product\/injinji-trail-crew\/#breadcrumb\"},\"inLanguage\":\"en-US\",\"potentialAction\":[{\"@type\":\"ReadAction\",\"target\":[\"https:\/\/varjesteg.se\/en\/product\/injinji-trail-crew\/\"]}]},{\"@type\":\"ImageObject\",\"inLanguage\":\"en-US\",\"@id\":\"https:\/\/varjesteg.se\/en\/product\/injinji-trail-crew\/#primaryimage\",\"url\":\"https:\/\/varjesteg.se\/wp-content\/uploads\/2020\/10\/8lAOxMvrEeqR5Opy9-V2Dw-Icx-EtABEeqcyiIBjzg4UA.jpeg\",\"contentUrl\":\"https:\/\/varjesteg.se\/wp-content\/uploads\/2020\/10\/8lAOxMvrEeqR5Opy9-V2Dw-Icx-EtABEeqcyiIBjzg4UA.jpeg\",\"width\":1202,\"height\":1536},{\"@type\":\"BreadcrumbList\",\"@id\":\"https:\/\/varjesteg.se\/en\/product\/injinji-trail-crew\/#breadcrumb\",\"itemListElement\":[{\"@type\":\"ListItem\",\"position\":1,\"name\":\"Hem\",\"item\":\"https:\/\/varjesteg.se\/en\/\"},{\"@type\":\"ListItem\",\"position\":2,\"name\":\"Store\",\"item\":\"https:\/\/varjesteg.se\/en\/store\/\"},{\"@type\":\"ListItem\",\"position\":3,\"name\":\"Injinji Trail Crew\"}]},{\"@type\":\"WebSite\",\"@id\":\"https:\/\/varjesteg.se\/en\/#website\",\"url\":\"https:\/\/varjesteg.se\/en\/\",\"name\":\"Varjesteg\",\"description\":\"L\u00f6ptr\u00e4ning f\u00f6r alla\",\"publisher\":{\"@id\":\"https:\/\/varjesteg.se\/en\/#organization\"},\"potentialAction\":[{\"@type\":\"SearchAction\",\"target\":{\"@type\":\"EntryPoint\",\"urlTemplate\":\"https:\/\/varjesteg.se\/en\/?s={search_term_string}\"},\"query-input\":{\"@type\":\"PropertyValueSpecification\",\"valueRequired\":true,\"valueName\":\"search_term_string\"}}],\"inLanguage\":\"en-US\"},{\"@type\":\"Organization\",\"@id\":\"https:\/\/varjesteg.se\/en\/#organization\",\"name\":\"Varjesteg\",\"url\":\"https:\/\/varjesteg.se\/en\/\",\"logo\":{\"@type\":\"ImageObject\",\"inLanguage\":\"en-US\",\"@id\":\"https:\/\/varjesteg.se\/en\/#\/schema\/logo\/image\/\",\"url\":\"https:\/\/varjesteg.se\/wp-content\/uploads\/2024\/02\/varjesteg-logo.png.webp\",\"contentUrl\":\"https:\/\/varjesteg.se\/wp-content\/uploads\/2024\/02\/varjesteg-logo.png.webp\",\"width\":819,\"height\":200,\"caption\":\"Varjesteg\"},\"image\":{\"@id\":\"https:\/\/varjesteg.se\/en\/#\/schema\/logo\/image\/\"},\"sameAs\":[\"https:\/\/www.facebook.com\/varjesteg\",\"https:\/\/www.tiktok.com\/@varjesteg?is_from_webapp=1&sender_device=pc\",\"https:\/\/www.instagram.com\/varjesteg.se\/\",\"https:\/\/se.linkedin.com\/company\/varjesteg\"]}]}<\/script>\n<!-- \/ Yoast SEO plugin. -->","yoast_head_json":{"title":"Injinji Trail Crew - VarjeSteg","robots":{"index":"index","follow":"follow","max-snippet":"max-snippet:-1","max-image-preview":"max-image-preview:large","max-video-preview":"max-video-preview:-1"},"canonical":"https:\/\/varjesteg.se\/en\/product\/injinji-trail-crew\/","og_locale":"en_US","og_type":"article","og_title":"Injinji Trail Crew - VarjeSteg","og_description":"The Trail series is designed to provide the best possible fit, feel, and protection inside your shoe when tackling uneven and unpredictable terrain. The sock features protective cushioning to handle rugged trails and rocky paths. The crew length extends the sock partially up the calf for added coverage.","og_url":"https:\/\/varjesteg.se\/en\/product\/injinji-trail-crew\/","og_site_name":"VarjeSteg","article_publisher":"https:\/\/www.facebook.com\/varjesteg","article_modified_time":"2026-01-07T22:27:55+00:00","og_image":[{"width":1202,"height":1536,"url":"https:\/\/varjesteg.se\/wp-content\/uploads\/2020\/10\/8lAOxMvrEeqR5Opy9-V2Dw-Icx-EtABEeqcyiIBjzg4UA.jpeg","type":"image\/jpeg"}],"twitter_card":"summary_large_image","schema":{"@context":"https:\/\/schema.org","@graph":[{"@type":"WebPage","@id":"https:\/\/varjesteg.se\/en\/product\/injinji-trail-crew\/","url":"https:\/\/varjesteg.se\/en\/product\/injinji-trail-crew\/","name":"Injinji Trail Crew - VarjeSteg","isPartOf":{"@id":"https:\/\/varjesteg.se\/en\/#website"},"primaryImageOfPage":{"@id":"https:\/\/varjesteg.se\/en\/product\/injinji-trail-crew\/#primaryimage"},"image":{"@id":"https:\/\/varjesteg.se\/en\/product\/injinji-trail-crew\/#primaryimage"},"thumbnailUrl":"https:\/\/varjesteg.se\/wp-content\/uploads\/2020\/10\/8lAOxMvrEeqR5Opy9-V2Dw-Icx-EtABEeqcyiIBjzg4UA.jpeg","datePublished":"2021-01-12T21:53:47+00:00","dateModified":"2026-01-07T22:27:55+00:00","breadcrumb":{"@id":"https:\/\/varjesteg.se\/en\/product\/injinji-trail-crew\/#breadcrumb"},"inLanguage":"en-US","potentialAction":[{"@type":"ReadAction","target":["https:\/\/varjesteg.se\/en\/product\/injinji-trail-crew\/"]}]},{"@type":"ImageObject","inLanguage":"en-US","@id":"https:\/\/varjesteg.se\/en\/product\/injinji-trail-crew\/#primaryimage","url":"https:\/\/varjesteg.se\/wp-content\/uploads\/2020\/10\/8lAOxMvrEeqR5Opy9-V2Dw-Icx-EtABEeqcyiIBjzg4UA.jpeg","contentUrl":"https:\/\/varjesteg.se\/wp-content\/uploads\/2020\/10\/8lAOxMvrEeqR5Opy9-V2Dw-Icx-EtABEeqcyiIBjzg4UA.jpeg","width":1202,"height":1536},{"@type":"BreadcrumbList","@id":"https:\/\/varjesteg.se\/en\/product\/injinji-trail-crew\/#breadcrumb","itemListElement":[{"@type":"ListItem","position":1,"name":"Hem","item":"https:\/\/varjesteg.se\/en\/"},{"@type":"ListItem","position":2,"name":"Store","item":"https:\/\/varjesteg.se\/en\/store\/"},{"@type":"ListItem","position":3,"name":"Injinji Trail Crew"}]},{"@type":"WebSite","@id":"https:\/\/varjesteg.se\/en\/#website","url":"https:\/\/varjesteg.se\/en\/","name":"Varjesteg","description":"L\u00f6ptr\u00e4ning f\u00f6r alla","publisher":{"@id":"https:\/\/varjesteg.se\/en\/#organization"},"potentialAction":[{"@type":"SearchAction","target":{"@type":"EntryPoint","urlTemplate":"https:\/\/varjesteg.se\/en\/?s={search_term_string}"},"query-input":{"@type":"PropertyValueSpecification","valueRequired":true,"valueName":"search_term_string"}}],"inLanguage":"en-US"},{"@type":"Organization","@id":"https:\/\/varjesteg.se\/en\/#organization","name":"Varjesteg","url":"https:\/\/varjesteg.se\/en\/","logo":{"@type":"ImageObject","inLanguage":"en-US","@id":"https:\/\/varjesteg.se\/en\/#\/schema\/logo\/image\/","url":"https:\/\/varjesteg.se\/wp-content\/uploads\/2024\/02\/varjesteg-logo.png.webp","contentUrl":"https:\/\/varjesteg.se\/wp-content\/uploads\/2024\/02\/varjesteg-logo.png.webp","width":819,"height":200,"caption":"Varjesteg"},"image":{"@id":"https:\/\/varjesteg.se\/en\/#\/schema\/logo\/image\/"},"sameAs":["https:\/\/www.facebook.com\/varjesteg","https:\/\/www.tiktok.com\/@varjesteg?is_from_webapp=1&sender_device=pc","https:\/\/www.instagram.com\/varjesteg.se\/","https:\/\/se.linkedin.com\/company\/varjesteg"]}]}},"_links":{"self":[{"href":"https:\/\/varjesteg.se\/en\/wp-json\/wp\/v2\/product\/61393","targetHints":{"allow":["GET"]}}],"collection":[{"href":"https:\/\/varjesteg.se\/en\/wp-json\/wp\/v2\/product"}],"about":[{"href":"https:\/\/varjesteg.se\/en\/wp-json\/wp\/v2\/types\/product"}],"wp:featuredmedia":[{"embeddable":true,"href":"https:\/\/varjesteg.se\/en\/wp-json\/wp\/v2\/media\/47024"}],"wp:attachment":[{"href":"https:\/\/varjesteg.se\/en\/wp-json\/wp\/v2\/media?parent=61393"}],"wp:term":[{"taxonomy":"product_brand","embeddable":true,"href":"https:\/\/varjesteg.se\/en\/wp-json\/wp\/v2\/product_brand?post=61393"},{"taxonomy":"product_cat","embeddable":true,"href":"https:\/\/varjesteg.se\/en\/wp-json\/wp\/v2\/product_cat?post=61393"},{"taxonomy":"product_tag","embeddable":true,"href":"https:\/\/varjesteg.se\/en\/wp-json\/wp\/v2\/product_tag?post=61393"}],"curies":[{"name":"wp","href":"https:\/\/api.w.org\/{rel}","templated":true}]}}