

{"id":61333,"date":"2024-09-26T15:52:02","date_gmt":"2024-09-26T13:52:02","guid":{"rendered":"https:\/\/varjesteg.se\/produkt\/ud-cirriform-long-sleeve-women\/"},"modified":"2025-12-02T00:01:24","modified_gmt":"2025-12-01T22:01:24","slug":"ud-cirriform-long-sleeve-women","status":"publish","type":"product","link":"https:\/\/varjesteg.se\/en\/product\/ud-cirriform-long-sleeve-women\/","title":{"rendered":"UD &#8211; Cirriform Long Sleeve Women"},"content":{"rendered":"<p>The Cirriform Long Sleeve is breathable and comfortable, with quick-drying fabric and mesh material placed in areas that sweat the most. Whether you\u2019re running in the mountains or on the road, the seamless shoulder design is optimized for comfortably wearing a running vest.<\/p>\n<p><strong>FEATURES<\/strong><\/p>\n<ul>\n<li>Mesh back for increased breathability<\/li>\n<li>Reflective logo for visibility during low-light runs<\/li>\n<li>SILVADUR\u2122 Advanced Microbial Control and moisture-wicking functionality<\/li>\n<li>Flat seams to prevent chafing<\/li>\n<li>UPF 20+ for sun protection<\/li>\n<li>Seamless shoulder design for maximum comfort and compatibility with running vests and backpacks<\/li>\n<\/ul>\n","protected":false},"excerpt":{"rendered":"<p>The Cirriform Long Sleeve is breathable and comfortable, with quick-drying fabric and mesh material placed in areas that sweat the most. Whether you\u2019re running in the mountains or on the road, the seamless shoulder design is optimized for comfortably wearing a running vest.<\/p>\n<p><strong>FEATURES<\/strong><\/p>\n<ul>\n<li>Mesh back for increased breathability<\/li>\n<li>Reflective logo for visibility during low-light runs<\/li>\n<li>SILVADUR\u2122 Advanced Microbial Control and moisture-wicking functionality<\/li>\n<li>Flat seams to prevent chafing<\/li>\n<li>UPF 20+ for sun protection<\/li>\n<li>Seamless shoulder design for maximum comfort and compatibility with running vests and backpacks<\/li>\n<\/ul>\n","protected":false},"featured_media":57768,"template":"","meta":{"om_disable_all_campaigns":false,"_price":"699","_stock":"","_tribe_ticket_header":"","_tribe_default_ticket_provider":"","_tribe_ticket_capacity":"0","_ticket_start_date":"","_ticket_end_date":"","_tribe_ticket_show_description":"","_tribe_ticket_show_not_going":false,"_tribe_ticket_use_global_stock":"","_tribe_ticket_global_stock_level":"","_global_stock_mode":"","_global_stock_cap":"","_tribe_rsvp_for_event":"","_tribe_ticket_going_count":"","_tribe_ticket_not_going_count":"","_tribe_tickets_list":"[]","_tribe_ticket_has_attendee_info_fields":false,"_tec_slr_enabled":"","_tec_slr_layout":""},"product_brand":[],"product_cat":[464],"product_tag":[],"class_list":{"0":"post-61333","1":"product","2":"type-product","3":"status-publish","4":"has-post-thumbnail","5":"product_cat-clothes","7":"first","8":"outofstock","9":"taxable","10":"shipping-taxable","11":"purchasable","12":"product-type-variable"},"acf":[],"yoast_head":"<!-- This site is optimized with the Yoast SEO plugin v27.1.1 - https:\/\/yoast.com\/product\/yoast-seo-wordpress\/ -->\n<title>UD - Cirriform Long Sleeve Women - VarjeSteg<\/title>\n<meta name=\"robots\" content=\"index, follow, max-snippet:-1, max-image-preview:large, max-video-preview:-1\" \/>\n<link rel=\"canonical\" href=\"https:\/\/varjesteg.se\/en\/product\/ud-cirriform-long-sleeve-women\/\" \/>\n<meta property=\"og:locale\" content=\"en_US\" \/>\n<meta property=\"og:type\" content=\"article\" \/>\n<meta property=\"og:title\" content=\"UD - Cirriform Long Sleeve Women - VarjeSteg\" \/>\n<meta property=\"og:description\" content=\"The Cirriform Long Sleeve is breathable and comfortable, with quick-drying fabric and mesh material placed in areas that sweat the most. Whether you\u2019re running in the mountains or on the road, the seamless shoulder design is optimized for comfortably wearing a running vest.  FEATURES   Mesh back for increased breathability  Reflective logo for visibility during low-light runs  SILVADUR\u2122 Advanced Microbial Control and moisture-wicking functionality  Flat seams to prevent chafing  UPF 20+ for sun protection  Seamless shoulder design for maximum comfort and compatibility with running vests and backpacks\" \/>\n<meta property=\"og:url\" content=\"https:\/\/varjesteg.se\/en\/product\/ud-cirriform-long-sleeve-women\/\" \/>\n<meta property=\"og:site_name\" content=\"VarjeSteg\" \/>\n<meta property=\"article:publisher\" content=\"https:\/\/www.facebook.com\/varjesteg\" \/>\n<meta property=\"article:modified_time\" content=\"2025-12-01T22:01:24+00:00\" \/>\n<meta property=\"og:image\" content=\"https:\/\/varjesteg.se\/wp-content\/uploads\/2024\/09\/83474923ONX_MAIN_UD_S23_CirriformL_SW_Onyx__20248.jpg\" \/>\n\t<meta property=\"og:image:width\" content=\"1280\" \/>\n\t<meta property=\"og:image:height\" content=\"1280\" \/>\n\t<meta property=\"og:image:type\" content=\"image\/jpeg\" \/>\n<meta name=\"twitter:card\" content=\"summary_large_image\" \/>\n<script type=\"application\/ld+json\" class=\"yoast-schema-graph\">{\"@context\":\"https:\/\/schema.org\",\"@graph\":[{\"@type\":\"WebPage\",\"@id\":\"https:\/\/varjesteg.se\/en\/product\/ud-cirriform-long-sleeve-women\/\",\"url\":\"https:\/\/varjesteg.se\/en\/product\/ud-cirriform-long-sleeve-women\/\",\"name\":\"UD - Cirriform Long Sleeve Women - VarjeSteg\",\"isPartOf\":{\"@id\":\"https:\/\/varjesteg.se\/en\/#website\"},\"primaryImageOfPage\":{\"@id\":\"https:\/\/varjesteg.se\/en\/product\/ud-cirriform-long-sleeve-women\/#primaryimage\"},\"image\":{\"@id\":\"https:\/\/varjesteg.se\/en\/product\/ud-cirriform-long-sleeve-women\/#primaryimage\"},\"thumbnailUrl\":\"https:\/\/varjesteg.se\/wp-content\/uploads\/2024\/09\/83474923ONX_MAIN_UD_S23_CirriformL_SW_Onyx__20248.jpg\",\"datePublished\":\"2024-09-26T13:52:02+00:00\",\"dateModified\":\"2025-12-01T22:01:24+00:00\",\"breadcrumb\":{\"@id\":\"https:\/\/varjesteg.se\/en\/product\/ud-cirriform-long-sleeve-women\/#breadcrumb\"},\"inLanguage\":\"en-US\",\"potentialAction\":[{\"@type\":\"ReadAction\",\"target\":[\"https:\/\/varjesteg.se\/en\/product\/ud-cirriform-long-sleeve-women\/\"]}]},{\"@type\":\"ImageObject\",\"inLanguage\":\"en-US\",\"@id\":\"https:\/\/varjesteg.se\/en\/product\/ud-cirriform-long-sleeve-women\/#primaryimage\",\"url\":\"https:\/\/varjesteg.se\/wp-content\/uploads\/2024\/09\/83474923ONX_MAIN_UD_S23_CirriformL_SW_Onyx__20248.jpg\",\"contentUrl\":\"https:\/\/varjesteg.se\/wp-content\/uploads\/2024\/09\/83474923ONX_MAIN_UD_S23_CirriformL_SW_Onyx__20248.jpg\",\"width\":1280,\"height\":1280},{\"@type\":\"BreadcrumbList\",\"@id\":\"https:\/\/varjesteg.se\/en\/product\/ud-cirriform-long-sleeve-women\/#breadcrumb\",\"itemListElement\":[{\"@type\":\"ListItem\",\"position\":1,\"name\":\"Hem\",\"item\":\"https:\/\/varjesteg.se\/en\/\"},{\"@type\":\"ListItem\",\"position\":2,\"name\":\"Store\",\"item\":\"https:\/\/varjesteg.se\/en\/store\/\"},{\"@type\":\"ListItem\",\"position\":3,\"name\":\"Clothes\",\"item\":\"https:\/\/varjesteg.se\/en\/product-category\/clothes\/\"},{\"@type\":\"ListItem\",\"position\":4,\"name\":\"UD &#8211; Cirriform Long Sleeve Women\"}]},{\"@type\":\"WebSite\",\"@id\":\"https:\/\/varjesteg.se\/en\/#website\",\"url\":\"https:\/\/varjesteg.se\/en\/\",\"name\":\"Varjesteg\",\"description\":\"L\u00f6ptr\u00e4ning f\u00f6r alla\",\"publisher\":{\"@id\":\"https:\/\/varjesteg.se\/en\/#organization\"},\"potentialAction\":[{\"@type\":\"SearchAction\",\"target\":{\"@type\":\"EntryPoint\",\"urlTemplate\":\"https:\/\/varjesteg.se\/en\/?s={search_term_string}\"},\"query-input\":{\"@type\":\"PropertyValueSpecification\",\"valueRequired\":true,\"valueName\":\"search_term_string\"}}],\"inLanguage\":\"en-US\"},{\"@type\":\"Organization\",\"@id\":\"https:\/\/varjesteg.se\/en\/#organization\",\"name\":\"Varjesteg\",\"url\":\"https:\/\/varjesteg.se\/en\/\",\"logo\":{\"@type\":\"ImageObject\",\"inLanguage\":\"en-US\",\"@id\":\"https:\/\/varjesteg.se\/en\/#\/schema\/logo\/image\/\",\"url\":\"https:\/\/varjesteg.se\/wp-content\/uploads\/2024\/02\/varjesteg-logo.png.webp\",\"contentUrl\":\"https:\/\/varjesteg.se\/wp-content\/uploads\/2024\/02\/varjesteg-logo.png.webp\",\"width\":819,\"height\":200,\"caption\":\"Varjesteg\"},\"image\":{\"@id\":\"https:\/\/varjesteg.se\/en\/#\/schema\/logo\/image\/\"},\"sameAs\":[\"https:\/\/www.facebook.com\/varjesteg\",\"https:\/\/www.tiktok.com\/@varjesteg?is_from_webapp=1&sender_device=pc\",\"https:\/\/www.instagram.com\/varjesteg.se\/\",\"https:\/\/se.linkedin.com\/company\/varjesteg\"]}]}<\/script>\n<!-- \/ Yoast SEO plugin. -->","yoast_head_json":{"title":"UD - Cirriform Long Sleeve Women - VarjeSteg","robots":{"index":"index","follow":"follow","max-snippet":"max-snippet:-1","max-image-preview":"max-image-preview:large","max-video-preview":"max-video-preview:-1"},"canonical":"https:\/\/varjesteg.se\/en\/product\/ud-cirriform-long-sleeve-women\/","og_locale":"en_US","og_type":"article","og_title":"UD - Cirriform Long Sleeve Women - VarjeSteg","og_description":"The Cirriform Long Sleeve is breathable and comfortable, with quick-drying fabric and mesh material placed in areas that sweat the most. Whether you\u2019re running in the mountains or on the road, the seamless shoulder design is optimized for comfortably wearing a running vest.  FEATURES   Mesh back for increased breathability  Reflective logo for visibility during low-light runs  SILVADUR\u2122 Advanced Microbial Control and moisture-wicking functionality  Flat seams to prevent chafing  UPF 20+ for sun protection  Seamless shoulder design for maximum comfort and compatibility with running vests and backpacks","og_url":"https:\/\/varjesteg.se\/en\/product\/ud-cirriform-long-sleeve-women\/","og_site_name":"VarjeSteg","article_publisher":"https:\/\/www.facebook.com\/varjesteg","article_modified_time":"2025-12-01T22:01:24+00:00","og_image":[{"width":1280,"height":1280,"url":"https:\/\/varjesteg.se\/wp-content\/uploads\/2024\/09\/83474923ONX_MAIN_UD_S23_CirriformL_SW_Onyx__20248.jpg","type":"image\/jpeg"}],"twitter_card":"summary_large_image","schema":{"@context":"https:\/\/schema.org","@graph":[{"@type":"WebPage","@id":"https:\/\/varjesteg.se\/en\/product\/ud-cirriform-long-sleeve-women\/","url":"https:\/\/varjesteg.se\/en\/product\/ud-cirriform-long-sleeve-women\/","name":"UD - Cirriform Long Sleeve Women - VarjeSteg","isPartOf":{"@id":"https:\/\/varjesteg.se\/en\/#website"},"primaryImageOfPage":{"@id":"https:\/\/varjesteg.se\/en\/product\/ud-cirriform-long-sleeve-women\/#primaryimage"},"image":{"@id":"https:\/\/varjesteg.se\/en\/product\/ud-cirriform-long-sleeve-women\/#primaryimage"},"thumbnailUrl":"https:\/\/varjesteg.se\/wp-content\/uploads\/2024\/09\/83474923ONX_MAIN_UD_S23_CirriformL_SW_Onyx__20248.jpg","datePublished":"2024-09-26T13:52:02+00:00","dateModified":"2025-12-01T22:01:24+00:00","breadcrumb":{"@id":"https:\/\/varjesteg.se\/en\/product\/ud-cirriform-long-sleeve-women\/#breadcrumb"},"inLanguage":"en-US","potentialAction":[{"@type":"ReadAction","target":["https:\/\/varjesteg.se\/en\/product\/ud-cirriform-long-sleeve-women\/"]}]},{"@type":"ImageObject","inLanguage":"en-US","@id":"https:\/\/varjesteg.se\/en\/product\/ud-cirriform-long-sleeve-women\/#primaryimage","url":"https:\/\/varjesteg.se\/wp-content\/uploads\/2024\/09\/83474923ONX_MAIN_UD_S23_CirriformL_SW_Onyx__20248.jpg","contentUrl":"https:\/\/varjesteg.se\/wp-content\/uploads\/2024\/09\/83474923ONX_MAIN_UD_S23_CirriformL_SW_Onyx__20248.jpg","width":1280,"height":1280},{"@type":"BreadcrumbList","@id":"https:\/\/varjesteg.se\/en\/product\/ud-cirriform-long-sleeve-women\/#breadcrumb","itemListElement":[{"@type":"ListItem","position":1,"name":"Hem","item":"https:\/\/varjesteg.se\/en\/"},{"@type":"ListItem","position":2,"name":"Store","item":"https:\/\/varjesteg.se\/en\/store\/"},{"@type":"ListItem","position":3,"name":"Clothes","item":"https:\/\/varjesteg.se\/en\/product-category\/clothes\/"},{"@type":"ListItem","position":4,"name":"UD &#8211; Cirriform Long Sleeve Women"}]},{"@type":"WebSite","@id":"https:\/\/varjesteg.se\/en\/#website","url":"https:\/\/varjesteg.se\/en\/","name":"Varjesteg","description":"L\u00f6ptr\u00e4ning f\u00f6r alla","publisher":{"@id":"https:\/\/varjesteg.se\/en\/#organization"},"potentialAction":[{"@type":"SearchAction","target":{"@type":"EntryPoint","urlTemplate":"https:\/\/varjesteg.se\/en\/?s={search_term_string}"},"query-input":{"@type":"PropertyValueSpecification","valueRequired":true,"valueName":"search_term_string"}}],"inLanguage":"en-US"},{"@type":"Organization","@id":"https:\/\/varjesteg.se\/en\/#organization","name":"Varjesteg","url":"https:\/\/varjesteg.se\/en\/","logo":{"@type":"ImageObject","inLanguage":"en-US","@id":"https:\/\/varjesteg.se\/en\/#\/schema\/logo\/image\/","url":"https:\/\/varjesteg.se\/wp-content\/uploads\/2024\/02\/varjesteg-logo.png.webp","contentUrl":"https:\/\/varjesteg.se\/wp-content\/uploads\/2024\/02\/varjesteg-logo.png.webp","width":819,"height":200,"caption":"Varjesteg"},"image":{"@id":"https:\/\/varjesteg.se\/en\/#\/schema\/logo\/image\/"},"sameAs":["https:\/\/www.facebook.com\/varjesteg","https:\/\/www.tiktok.com\/@varjesteg?is_from_webapp=1&sender_device=pc","https:\/\/www.instagram.com\/varjesteg.se\/","https:\/\/se.linkedin.com\/company\/varjesteg"]}]}},"_links":{"self":[{"href":"https:\/\/varjesteg.se\/en\/wp-json\/wp\/v2\/product\/61333","targetHints":{"allow":["GET"]}}],"collection":[{"href":"https:\/\/varjesteg.se\/en\/wp-json\/wp\/v2\/product"}],"about":[{"href":"https:\/\/varjesteg.se\/en\/wp-json\/wp\/v2\/types\/product"}],"wp:featuredmedia":[{"embeddable":true,"href":"https:\/\/varjesteg.se\/en\/wp-json\/wp\/v2\/media\/57768"}],"wp:attachment":[{"href":"https:\/\/varjesteg.se\/en\/wp-json\/wp\/v2\/media?parent=61333"}],"wp:term":[{"taxonomy":"product_brand","embeddable":true,"href":"https:\/\/varjesteg.se\/en\/wp-json\/wp\/v2\/product_brand?post=61333"},{"taxonomy":"product_cat","embeddable":true,"href":"https:\/\/varjesteg.se\/en\/wp-json\/wp\/v2\/product_cat?post=61333"},{"taxonomy":"product_tag","embeddable":true,"href":"https:\/\/varjesteg.se\/en\/wp-json\/wp\/v2\/product_tag?post=61333"}],"curies":[{"name":"wp","href":"https:\/\/api.w.org\/{rel}","templated":true}]}}