

{"id":61318,"date":"2023-09-21T15:07:03","date_gmt":"2023-09-21T13:07:03","guid":{"rendered":"https:\/\/varjesteg.se\/produkt\/ortovox-fleece-light-zip-neck\/"},"modified":"2025-04-28T00:00:42","modified_gmt":"2025-04-27T22:00:42","slug":"ortovox-fleece-light-zip-neck","status":"publish","type":"product","link":"https:\/\/varjesteg.se\/en\/product\/ortovox-fleece-light-zip-neck\/","title":{"rendered":"Ortovox &#8211; Fleece Light zip neck"},"content":{"rendered":"<p>This Fleece Light is made from fine fibers of Tasmanian merino wool, which makes it exceptionally soft and comfortable against the skin. The special waffle texture on the inside ensures optimal moisture wicking, keeping you warm and dry. The fleece is easy to put on and take off, thanks to its large zipper. The shoulder seams are placed forward to prevent chafing. Because the fleece is highly stretchy, it feels like a second skin. Whether you wear it as a first or second layer, it is ideal for sports activities in the mountains.<\/p>\n","protected":false},"excerpt":{"rendered":"<p>This Fleece Light is made from fine fibers of Tasmanian merino wool, which makes it exceptionally soft and comfortable against the skin. The special waffle texture on the inside ensures optimal moisture wicking, keeping you warm and dry. The fleece is easy to put on and take off, thanks to its large zipper. The shoulder seams are placed forward to prevent chafing. Because the fleece is highly stretchy, it feels like a second skin. Whether you wear it as a first or second layer, it is ideal for sports activities in the mountains.<\/p>\n","protected":false},"featured_media":47672,"template":"","meta":{"om_disable_all_campaigns":false,"_price":"1800","_stock":"","_tribe_ticket_header":"","_tribe_default_ticket_provider":"","_tribe_ticket_capacity":"2","_ticket_start_date":"","_ticket_end_date":"","_tribe_ticket_show_description":"","_tribe_ticket_show_not_going":false,"_tribe_ticket_use_global_stock":"","_tribe_ticket_global_stock_level":"","_global_stock_mode":"","_global_stock_cap":"","_tribe_rsvp_for_event":"","_tribe_ticket_going_count":"","_tribe_ticket_not_going_count":"","_tribe_tickets_list":"[]","_tribe_ticket_has_attendee_info_fields":false,"_tec_slr_enabled":"","_tec_slr_layout":""},"product_brand":[],"product_cat":[464],"product_tag":[],"class_list":{"0":"post-61318","1":"product","2":"type-product","3":"status-publish","4":"has-post-thumbnail","5":"product_cat-clothes","7":"first","8":"outofstock","9":"taxable","10":"shipping-taxable","11":"purchasable","12":"product-type-variable"},"acf":[],"yoast_head":"<!-- This site is optimized with the Yoast SEO plugin v27.1.1 - https:\/\/yoast.com\/product\/yoast-seo-wordpress\/ -->\n<title>Ortovox - Fleece Light zip neck - VarjeSteg<\/title>\n<meta name=\"robots\" content=\"index, follow, max-snippet:-1, max-image-preview:large, max-video-preview:-1\" \/>\n<link rel=\"canonical\" href=\"https:\/\/varjesteg.se\/en\/product\/ortovox-fleece-light-zip-neck\/\" \/>\n<meta property=\"og:locale\" content=\"en_US\" \/>\n<meta property=\"og:type\" content=\"article\" \/>\n<meta property=\"og:title\" content=\"Ortovox - Fleece Light zip neck - VarjeSteg\" \/>\n<meta property=\"og:description\" content=\"This Fleece Light is made from fine fibers of Tasmanian merino wool, which makes it exceptionally soft and comfortable against the skin. The special waffle texture on the inside ensures optimal moisture wicking, keeping you warm and dry. The fleece is easy to put on and take off, thanks to its large zipper. The shoulder seams are placed forward to prevent chafing. Because the fleece is highly stretchy, it feels like a second skin. Whether you wear it as a first or second layer, it is ideal for sports activities in the mountains.\" \/>\n<meta property=\"og:url\" content=\"https:\/\/varjesteg.se\/en\/product\/ortovox-fleece-light-zip-neck\/\" \/>\n<meta property=\"og:site_name\" content=\"VarjeSteg\" \/>\n<meta property=\"article:publisher\" content=\"https:\/\/www.facebook.com\/varjesteg\" \/>\n<meta property=\"article:modified_time\" content=\"2025-04-27T22:00:42+00:00\" \/>\n<meta property=\"og:image\" content=\"https:\/\/varjesteg.se\/wp-content\/uploads\/2023\/09\/183570_971_740_02.jpg\" \/>\n\t<meta property=\"og:image:width\" content=\"624\" \/>\n\t<meta property=\"og:image:height\" content=\"624\" \/>\n\t<meta property=\"og:image:type\" content=\"image\/jpeg\" \/>\n<meta name=\"twitter:card\" content=\"summary_large_image\" \/>\n<script type=\"application\/ld+json\" class=\"yoast-schema-graph\">{\"@context\":\"https:\/\/schema.org\",\"@graph\":[{\"@type\":\"WebPage\",\"@id\":\"https:\/\/varjesteg.se\/en\/product\/ortovox-fleece-light-zip-neck\/\",\"url\":\"https:\/\/varjesteg.se\/en\/product\/ortovox-fleece-light-zip-neck\/\",\"name\":\"Ortovox - Fleece Light zip neck - VarjeSteg\",\"isPartOf\":{\"@id\":\"https:\/\/varjesteg.se\/en\/#website\"},\"primaryImageOfPage\":{\"@id\":\"https:\/\/varjesteg.se\/en\/product\/ortovox-fleece-light-zip-neck\/#primaryimage\"},\"image\":{\"@id\":\"https:\/\/varjesteg.se\/en\/product\/ortovox-fleece-light-zip-neck\/#primaryimage\"},\"thumbnailUrl\":\"https:\/\/varjesteg.se\/wp-content\/uploads\/2023\/09\/183570_971_740_02.jpg\",\"datePublished\":\"2023-09-21T13:07:03+00:00\",\"dateModified\":\"2025-04-27T22:00:42+00:00\",\"breadcrumb\":{\"@id\":\"https:\/\/varjesteg.se\/en\/product\/ortovox-fleece-light-zip-neck\/#breadcrumb\"},\"inLanguage\":\"en-US\",\"potentialAction\":[{\"@type\":\"ReadAction\",\"target\":[\"https:\/\/varjesteg.se\/en\/product\/ortovox-fleece-light-zip-neck\/\"]}]},{\"@type\":\"ImageObject\",\"inLanguage\":\"en-US\",\"@id\":\"https:\/\/varjesteg.se\/en\/product\/ortovox-fleece-light-zip-neck\/#primaryimage\",\"url\":\"https:\/\/varjesteg.se\/wp-content\/uploads\/2023\/09\/183570_971_740_02.jpg\",\"contentUrl\":\"https:\/\/varjesteg.se\/wp-content\/uploads\/2023\/09\/183570_971_740_02.jpg\",\"width\":624,\"height\":624},{\"@type\":\"BreadcrumbList\",\"@id\":\"https:\/\/varjesteg.se\/en\/product\/ortovox-fleece-light-zip-neck\/#breadcrumb\",\"itemListElement\":[{\"@type\":\"ListItem\",\"position\":1,\"name\":\"Hem\",\"item\":\"https:\/\/varjesteg.se\/en\/\"},{\"@type\":\"ListItem\",\"position\":2,\"name\":\"Store\",\"item\":\"https:\/\/varjesteg.se\/en\/store\/\"},{\"@type\":\"ListItem\",\"position\":3,\"name\":\"Ortovox &#8211; Fleece Light zip neck\"}]},{\"@type\":\"WebSite\",\"@id\":\"https:\/\/varjesteg.se\/en\/#website\",\"url\":\"https:\/\/varjesteg.se\/en\/\",\"name\":\"Varjesteg\",\"description\":\"L\u00f6ptr\u00e4ning f\u00f6r alla\",\"publisher\":{\"@id\":\"https:\/\/varjesteg.se\/en\/#organization\"},\"potentialAction\":[{\"@type\":\"SearchAction\",\"target\":{\"@type\":\"EntryPoint\",\"urlTemplate\":\"https:\/\/varjesteg.se\/en\/?s={search_term_string}\"},\"query-input\":{\"@type\":\"PropertyValueSpecification\",\"valueRequired\":true,\"valueName\":\"search_term_string\"}}],\"inLanguage\":\"en-US\"},{\"@type\":\"Organization\",\"@id\":\"https:\/\/varjesteg.se\/en\/#organization\",\"name\":\"Varjesteg\",\"url\":\"https:\/\/varjesteg.se\/en\/\",\"logo\":{\"@type\":\"ImageObject\",\"inLanguage\":\"en-US\",\"@id\":\"https:\/\/varjesteg.se\/en\/#\/schema\/logo\/image\/\",\"url\":\"https:\/\/varjesteg.se\/wp-content\/uploads\/2024\/02\/varjesteg-logo.png.webp\",\"contentUrl\":\"https:\/\/varjesteg.se\/wp-content\/uploads\/2024\/02\/varjesteg-logo.png.webp\",\"width\":819,\"height\":200,\"caption\":\"Varjesteg\"},\"image\":{\"@id\":\"https:\/\/varjesteg.se\/en\/#\/schema\/logo\/image\/\"},\"sameAs\":[\"https:\/\/www.facebook.com\/varjesteg\",\"https:\/\/www.tiktok.com\/@varjesteg?is_from_webapp=1&sender_device=pc\",\"https:\/\/www.instagram.com\/varjesteg.se\/\",\"https:\/\/se.linkedin.com\/company\/varjesteg\"]}]}<\/script>\n<!-- \/ Yoast SEO plugin. -->","yoast_head_json":{"title":"Ortovox - Fleece Light zip neck - VarjeSteg","robots":{"index":"index","follow":"follow","max-snippet":"max-snippet:-1","max-image-preview":"max-image-preview:large","max-video-preview":"max-video-preview:-1"},"canonical":"https:\/\/varjesteg.se\/en\/product\/ortovox-fleece-light-zip-neck\/","og_locale":"en_US","og_type":"article","og_title":"Ortovox - Fleece Light zip neck - VarjeSteg","og_description":"This Fleece Light is made from fine fibers of Tasmanian merino wool, which makes it exceptionally soft and comfortable against the skin. The special waffle texture on the inside ensures optimal moisture wicking, keeping you warm and dry. The fleece is easy to put on and take off, thanks to its large zipper. The shoulder seams are placed forward to prevent chafing. Because the fleece is highly stretchy, it feels like a second skin. Whether you wear it as a first or second layer, it is ideal for sports activities in the mountains.","og_url":"https:\/\/varjesteg.se\/en\/product\/ortovox-fleece-light-zip-neck\/","og_site_name":"VarjeSteg","article_publisher":"https:\/\/www.facebook.com\/varjesteg","article_modified_time":"2025-04-27T22:00:42+00:00","og_image":[{"width":624,"height":624,"url":"https:\/\/varjesteg.se\/wp-content\/uploads\/2023\/09\/183570_971_740_02.jpg","type":"image\/jpeg"}],"twitter_card":"summary_large_image","schema":{"@context":"https:\/\/schema.org","@graph":[{"@type":"WebPage","@id":"https:\/\/varjesteg.se\/en\/product\/ortovox-fleece-light-zip-neck\/","url":"https:\/\/varjesteg.se\/en\/product\/ortovox-fleece-light-zip-neck\/","name":"Ortovox - Fleece Light zip neck - VarjeSteg","isPartOf":{"@id":"https:\/\/varjesteg.se\/en\/#website"},"primaryImageOfPage":{"@id":"https:\/\/varjesteg.se\/en\/product\/ortovox-fleece-light-zip-neck\/#primaryimage"},"image":{"@id":"https:\/\/varjesteg.se\/en\/product\/ortovox-fleece-light-zip-neck\/#primaryimage"},"thumbnailUrl":"https:\/\/varjesteg.se\/wp-content\/uploads\/2023\/09\/183570_971_740_02.jpg","datePublished":"2023-09-21T13:07:03+00:00","dateModified":"2025-04-27T22:00:42+00:00","breadcrumb":{"@id":"https:\/\/varjesteg.se\/en\/product\/ortovox-fleece-light-zip-neck\/#breadcrumb"},"inLanguage":"en-US","potentialAction":[{"@type":"ReadAction","target":["https:\/\/varjesteg.se\/en\/product\/ortovox-fleece-light-zip-neck\/"]}]},{"@type":"ImageObject","inLanguage":"en-US","@id":"https:\/\/varjesteg.se\/en\/product\/ortovox-fleece-light-zip-neck\/#primaryimage","url":"https:\/\/varjesteg.se\/wp-content\/uploads\/2023\/09\/183570_971_740_02.jpg","contentUrl":"https:\/\/varjesteg.se\/wp-content\/uploads\/2023\/09\/183570_971_740_02.jpg","width":624,"height":624},{"@type":"BreadcrumbList","@id":"https:\/\/varjesteg.se\/en\/product\/ortovox-fleece-light-zip-neck\/#breadcrumb","itemListElement":[{"@type":"ListItem","position":1,"name":"Hem","item":"https:\/\/varjesteg.se\/en\/"},{"@type":"ListItem","position":2,"name":"Store","item":"https:\/\/varjesteg.se\/en\/store\/"},{"@type":"ListItem","position":3,"name":"Ortovox &#8211; Fleece Light zip neck"}]},{"@type":"WebSite","@id":"https:\/\/varjesteg.se\/en\/#website","url":"https:\/\/varjesteg.se\/en\/","name":"Varjesteg","description":"L\u00f6ptr\u00e4ning f\u00f6r alla","publisher":{"@id":"https:\/\/varjesteg.se\/en\/#organization"},"potentialAction":[{"@type":"SearchAction","target":{"@type":"EntryPoint","urlTemplate":"https:\/\/varjesteg.se\/en\/?s={search_term_string}"},"query-input":{"@type":"PropertyValueSpecification","valueRequired":true,"valueName":"search_term_string"}}],"inLanguage":"en-US"},{"@type":"Organization","@id":"https:\/\/varjesteg.se\/en\/#organization","name":"Varjesteg","url":"https:\/\/varjesteg.se\/en\/","logo":{"@type":"ImageObject","inLanguage":"en-US","@id":"https:\/\/varjesteg.se\/en\/#\/schema\/logo\/image\/","url":"https:\/\/varjesteg.se\/wp-content\/uploads\/2024\/02\/varjesteg-logo.png.webp","contentUrl":"https:\/\/varjesteg.se\/wp-content\/uploads\/2024\/02\/varjesteg-logo.png.webp","width":819,"height":200,"caption":"Varjesteg"},"image":{"@id":"https:\/\/varjesteg.se\/en\/#\/schema\/logo\/image\/"},"sameAs":["https:\/\/www.facebook.com\/varjesteg","https:\/\/www.tiktok.com\/@varjesteg?is_from_webapp=1&sender_device=pc","https:\/\/www.instagram.com\/varjesteg.se\/","https:\/\/se.linkedin.com\/company\/varjesteg"]}]}},"_links":{"self":[{"href":"https:\/\/varjesteg.se\/en\/wp-json\/wp\/v2\/product\/61318","targetHints":{"allow":["GET"]}}],"collection":[{"href":"https:\/\/varjesteg.se\/en\/wp-json\/wp\/v2\/product"}],"about":[{"href":"https:\/\/varjesteg.se\/en\/wp-json\/wp\/v2\/types\/product"}],"wp:featuredmedia":[{"embeddable":true,"href":"https:\/\/varjesteg.se\/en\/wp-json\/wp\/v2\/media\/47672"}],"wp:attachment":[{"href":"https:\/\/varjesteg.se\/en\/wp-json\/wp\/v2\/media?parent=61318"}],"wp:term":[{"taxonomy":"product_brand","embeddable":true,"href":"https:\/\/varjesteg.se\/en\/wp-json\/wp\/v2\/product_brand?post=61318"},{"taxonomy":"product_cat","embeddable":true,"href":"https:\/\/varjesteg.se\/en\/wp-json\/wp\/v2\/product_cat?post=61318"},{"taxonomy":"product_tag","embeddable":true,"href":"https:\/\/varjesteg.se\/en\/wp-json\/wp\/v2\/product_tag?post=61318"}],"curies":[{"name":"wp","href":"https:\/\/api.w.org\/{rel}","templated":true}]}}