

{"id":61312,"date":"2021-09-10T11:19:38","date_gmt":"2021-09-10T09:19:38","guid":{"rendered":"https:\/\/varjesteg.se\/produkt\/devold-woman-tights-caviar\/"},"modified":"2026-04-21T01:28:35","modified_gmt":"2026-04-20T23:28:35","slug":"devold-woman-tights-caviar","status":"publish","type":"product","link":"https:\/\/varjesteg.se\/en\/product\/devold-woman-tights-caviar\/","title":{"rendered":"Devold Woman tights Caviar"},"content":{"rendered":"<p>Devold\u00ae Running tights combine a flexible fit with the excellent properties of merino wool. The wool ensures that the garment provides insulation while also breathing and regulating your body temperature according to exercise intensity. The tights breathe when you&#8217;re moving but keep you warm when you stop. The material is lightweight, offering both great support and freedom of movement.<\/p>\n<p>Thanks to high comfort and excellent breathability, these tights are the natural choice for year-round training. The wide merino wool blend waistband and ergonomic seams ensure a secure and comfortable fit during workouts.<\/p>\n<p><strong>Key Features:<\/strong><\/p>\n<ul>\n<li>Excellent breathability while providing insulation<\/li>\n<li>Lightweight material that doesn\u2019t itch<\/li>\n<li>Good support and a high range of motion<\/li>\n<li>Fabric that offers support during exerciseDevold\u00ae Running tights combine a flexible fit with the excellent properties of merino wool. The wool ensures that the garment provides insulation while also breathing and regulating your body temperature according to exercise intensity. The tights breathe when you&#8217;re moving but keep you warm when you stop. The material is lightweight, offering both great support and freedom of movement.\n<p>Thanks to high comfort and excellent breathability, these tights are the natural choice for year-round training. The wide merino wool blend waistband and ergonomic seams ensure a secure and comfortable fit during workouts.<\/p>\n<p><strong>Key Features:<\/strong><\/p>\n<ul>\n<li>Excellent breathability while providing insulation<\/li>\n<li>Lightweight material that doesn\u2019t itch<\/li>\n<li>Good support and a high range of motion<\/li>\n<li>Fabric that offers support during exercise<\/li>\n<\/ul>\n<\/li>\n<\/ul>\n","protected":false},"excerpt":{"rendered":"<p>Devold\u00ae Running tights combine a flexible fit with the excellent properties of merino wool. The wool ensures that the garment provides insulation while also breathing and regulating your body temperature according to exercise intensity. The tights breathe when you&#8217;re moving but keep you warm when you stop. The material is lightweight, offering both great support and freedom of movement.<\/p>\n<p>Thanks to high comfort and excellent breathability, these tights are the natural choice for year-round training. The wide merino wool blend waistband and ergonomic seams ensure a secure and comfortable fit during workouts.<\/p>\n<p><strong>Key Features:<\/strong><\/p>\n<ul>\n<li>Excellent breathability while providing insulation<\/li>\n<li>Lightweight material that doesn\u2019t itch<\/li>\n<li>Good support and a high range of motion<\/li>\n<li>Fabric that offers support during exercise<\/li>\n<\/ul>\n","protected":false},"featured_media":47668,"template":"","meta":{"om_disable_all_campaigns":false,"_price":"1299","_stock":"","_tribe_ticket_header":"","_tribe_default_ticket_provider":"","_tribe_ticket_capacity":"4","_ticket_start_date":"","_ticket_end_date":"","_tribe_ticket_show_description":"","_tribe_ticket_show_not_going":false,"_tribe_ticket_use_global_stock":"","_tribe_ticket_global_stock_level":"","_global_stock_mode":"","_global_stock_cap":"","_tribe_rsvp_for_event":"","_tribe_ticket_going_count":"","_tribe_ticket_not_going_count":"","_tribe_tickets_list":"[]","_tribe_ticket_has_attendee_info_fields":false,"_tec_slr_enabled":"","_tec_slr_layout":""},"product_brand":[],"product_cat":[464],"product_tag":[],"class_list":{"0":"post-61312","1":"product","2":"type-product","3":"status-publish","4":"has-post-thumbnail","5":"product_cat-clothes","7":"first","8":"instock","9":"taxable","10":"shipping-taxable","11":"purchasable","12":"product-type-variable"},"acf":[],"yoast_head":"<!-- This site is optimized with the Yoast SEO plugin v27.1.1 - https:\/\/yoast.com\/product\/yoast-seo-wordpress\/ -->\n<title>Devold Woman tights Caviar - VarjeSteg<\/title>\n<meta name=\"robots\" content=\"index, follow, max-snippet:-1, max-image-preview:large, max-video-preview:-1\" \/>\n<link rel=\"canonical\" href=\"https:\/\/varjesteg.se\/en\/product\/devold-woman-tights-caviar\/\" \/>\n<meta property=\"og:locale\" content=\"en_US\" \/>\n<meta property=\"og:type\" content=\"article\" \/>\n<meta property=\"og:title\" content=\"Devold Woman tights Caviar - VarjeSteg\" \/>\n<meta property=\"og:description\" content=\"Devold\u00ae Running tights combine a flexible fit with the excellent properties of merino wool. The wool ensures that the garment provides insulation while also breathing and regulating your body temperature according to exercise intensity. The tights breathe when you&#039;re moving but keep you warm when you stop. The material is lightweight, offering both great support and freedom of movement.  Thanks to high comfort and excellent breathability, these tights are the natural choice for year-round training. The wide merino wool blend waistband and ergonomic seams ensure a secure and comfortable fit during workouts.  Key Features:   Excellent breathability while providing insulation  Lightweight material that doesn\u2019t itch  Good support and a high range of motion  Fabric that offers support during exercise\" \/>\n<meta property=\"og:url\" content=\"https:\/\/varjesteg.se\/en\/product\/devold-woman-tights-caviar\/\" \/>\n<meta property=\"og:site_name\" content=\"VarjeSteg\" \/>\n<meta property=\"article:publisher\" content=\"https:\/\/www.facebook.com\/varjesteg\" \/>\n<meta property=\"article:modified_time\" content=\"2026-04-20T23:28:35+00:00\" \/>\n<meta property=\"og:image\" content=\"https:\/\/varjesteg.se\/wp-content\/uploads\/2021\/09\/devold-running-woman-tights.jpeg\" \/>\n\t<meta property=\"og:image:width\" content=\"600\" \/>\n\t<meta property=\"og:image:height\" content=\"600\" \/>\n\t<meta property=\"og:image:type\" content=\"image\/jpeg\" \/>\n<meta name=\"twitter:card\" content=\"summary_large_image\" \/>\n<meta name=\"twitter:label1\" content=\"Est. reading time\" \/>\n\t<meta name=\"twitter:data1\" content=\"1 minute\" \/>\n<script type=\"application\/ld+json\" class=\"yoast-schema-graph\">{\"@context\":\"https:\/\/schema.org\",\"@graph\":[{\"@type\":\"WebPage\",\"@id\":\"https:\/\/varjesteg.se\/en\/product\/devold-woman-tights-caviar\/\",\"url\":\"https:\/\/varjesteg.se\/en\/product\/devold-woman-tights-caviar\/\",\"name\":\"Devold Woman tights Caviar - VarjeSteg\",\"isPartOf\":{\"@id\":\"https:\/\/varjesteg.se\/en\/#website\"},\"primaryImageOfPage\":{\"@id\":\"https:\/\/varjesteg.se\/en\/product\/devold-woman-tights-caviar\/#primaryimage\"},\"image\":{\"@id\":\"https:\/\/varjesteg.se\/en\/product\/devold-woman-tights-caviar\/#primaryimage\"},\"thumbnailUrl\":\"https:\/\/varjesteg.se\/wp-content\/uploads\/2021\/09\/devold-running-woman-tights.jpeg\",\"datePublished\":\"2021-09-10T09:19:38+00:00\",\"dateModified\":\"2026-04-20T23:28:35+00:00\",\"breadcrumb\":{\"@id\":\"https:\/\/varjesteg.se\/en\/product\/devold-woman-tights-caviar\/#breadcrumb\"},\"inLanguage\":\"en-US\",\"potentialAction\":[{\"@type\":\"ReadAction\",\"target\":[\"https:\/\/varjesteg.se\/en\/product\/devold-woman-tights-caviar\/\"]}]},{\"@type\":\"ImageObject\",\"inLanguage\":\"en-US\",\"@id\":\"https:\/\/varjesteg.se\/en\/product\/devold-woman-tights-caviar\/#primaryimage\",\"url\":\"https:\/\/varjesteg.se\/wp-content\/uploads\/2021\/09\/devold-running-woman-tights.jpeg\",\"contentUrl\":\"https:\/\/varjesteg.se\/wp-content\/uploads\/2021\/09\/devold-running-woman-tights.jpeg\",\"width\":600,\"height\":600},{\"@type\":\"BreadcrumbList\",\"@id\":\"https:\/\/varjesteg.se\/en\/product\/devold-woman-tights-caviar\/#breadcrumb\",\"itemListElement\":[{\"@type\":\"ListItem\",\"position\":1,\"name\":\"Hem\",\"item\":\"https:\/\/varjesteg.se\/en\/\"},{\"@type\":\"ListItem\",\"position\":2,\"name\":\"Store\",\"item\":\"https:\/\/varjesteg.se\/en\/store\/\"},{\"@type\":\"ListItem\",\"position\":3,\"name\":\"Devold Woman tights Caviar\"}]},{\"@type\":\"WebSite\",\"@id\":\"https:\/\/varjesteg.se\/en\/#website\",\"url\":\"https:\/\/varjesteg.se\/en\/\",\"name\":\"Varjesteg\",\"description\":\"L\u00f6ptr\u00e4ning f\u00f6r alla\",\"publisher\":{\"@id\":\"https:\/\/varjesteg.se\/en\/#organization\"},\"potentialAction\":[{\"@type\":\"SearchAction\",\"target\":{\"@type\":\"EntryPoint\",\"urlTemplate\":\"https:\/\/varjesteg.se\/en\/?s={search_term_string}\"},\"query-input\":{\"@type\":\"PropertyValueSpecification\",\"valueRequired\":true,\"valueName\":\"search_term_string\"}}],\"inLanguage\":\"en-US\"},{\"@type\":\"Organization\",\"@id\":\"https:\/\/varjesteg.se\/en\/#organization\",\"name\":\"Varjesteg\",\"url\":\"https:\/\/varjesteg.se\/en\/\",\"logo\":{\"@type\":\"ImageObject\",\"inLanguage\":\"en-US\",\"@id\":\"https:\/\/varjesteg.se\/en\/#\/schema\/logo\/image\/\",\"url\":\"https:\/\/varjesteg.se\/wp-content\/uploads\/2024\/02\/varjesteg-logo.png.webp\",\"contentUrl\":\"https:\/\/varjesteg.se\/wp-content\/uploads\/2024\/02\/varjesteg-logo.png.webp\",\"width\":819,\"height\":200,\"caption\":\"Varjesteg\"},\"image\":{\"@id\":\"https:\/\/varjesteg.se\/en\/#\/schema\/logo\/image\/\"},\"sameAs\":[\"https:\/\/www.facebook.com\/varjesteg\",\"https:\/\/www.tiktok.com\/@varjesteg?is_from_webapp=1&sender_device=pc\",\"https:\/\/www.instagram.com\/varjesteg.se\/\",\"https:\/\/se.linkedin.com\/company\/varjesteg\"]}]}<\/script>\n<!-- \/ Yoast SEO plugin. -->","yoast_head_json":{"title":"Devold Woman tights Caviar - VarjeSteg","robots":{"index":"index","follow":"follow","max-snippet":"max-snippet:-1","max-image-preview":"max-image-preview:large","max-video-preview":"max-video-preview:-1"},"canonical":"https:\/\/varjesteg.se\/en\/product\/devold-woman-tights-caviar\/","og_locale":"en_US","og_type":"article","og_title":"Devold Woman tights Caviar - VarjeSteg","og_description":"Devold\u00ae Running tights combine a flexible fit with the excellent properties of merino wool. The wool ensures that the garment provides insulation while also breathing and regulating your body temperature according to exercise intensity. The tights breathe when you're moving but keep you warm when you stop. The material is lightweight, offering both great support and freedom of movement.  Thanks to high comfort and excellent breathability, these tights are the natural choice for year-round training. The wide merino wool blend waistband and ergonomic seams ensure a secure and comfortable fit during workouts.  Key Features:   Excellent breathability while providing insulation  Lightweight material that doesn\u2019t itch  Good support and a high range of motion  Fabric that offers support during exercise","og_url":"https:\/\/varjesteg.se\/en\/product\/devold-woman-tights-caviar\/","og_site_name":"VarjeSteg","article_publisher":"https:\/\/www.facebook.com\/varjesteg","article_modified_time":"2026-04-20T23:28:35+00:00","og_image":[{"width":600,"height":600,"url":"https:\/\/varjesteg.se\/wp-content\/uploads\/2021\/09\/devold-running-woman-tights.jpeg","type":"image\/jpeg"}],"twitter_card":"summary_large_image","twitter_misc":{"Est. reading time":"1 minute"},"schema":{"@context":"https:\/\/schema.org","@graph":[{"@type":"WebPage","@id":"https:\/\/varjesteg.se\/en\/product\/devold-woman-tights-caviar\/","url":"https:\/\/varjesteg.se\/en\/product\/devold-woman-tights-caviar\/","name":"Devold Woman tights Caviar - VarjeSteg","isPartOf":{"@id":"https:\/\/varjesteg.se\/en\/#website"},"primaryImageOfPage":{"@id":"https:\/\/varjesteg.se\/en\/product\/devold-woman-tights-caviar\/#primaryimage"},"image":{"@id":"https:\/\/varjesteg.se\/en\/product\/devold-woman-tights-caviar\/#primaryimage"},"thumbnailUrl":"https:\/\/varjesteg.se\/wp-content\/uploads\/2021\/09\/devold-running-woman-tights.jpeg","datePublished":"2021-09-10T09:19:38+00:00","dateModified":"2026-04-20T23:28:35+00:00","breadcrumb":{"@id":"https:\/\/varjesteg.se\/en\/product\/devold-woman-tights-caviar\/#breadcrumb"},"inLanguage":"en-US","potentialAction":[{"@type":"ReadAction","target":["https:\/\/varjesteg.se\/en\/product\/devold-woman-tights-caviar\/"]}]},{"@type":"ImageObject","inLanguage":"en-US","@id":"https:\/\/varjesteg.se\/en\/product\/devold-woman-tights-caviar\/#primaryimage","url":"https:\/\/varjesteg.se\/wp-content\/uploads\/2021\/09\/devold-running-woman-tights.jpeg","contentUrl":"https:\/\/varjesteg.se\/wp-content\/uploads\/2021\/09\/devold-running-woman-tights.jpeg","width":600,"height":600},{"@type":"BreadcrumbList","@id":"https:\/\/varjesteg.se\/en\/product\/devold-woman-tights-caviar\/#breadcrumb","itemListElement":[{"@type":"ListItem","position":1,"name":"Hem","item":"https:\/\/varjesteg.se\/en\/"},{"@type":"ListItem","position":2,"name":"Store","item":"https:\/\/varjesteg.se\/en\/store\/"},{"@type":"ListItem","position":3,"name":"Devold Woman tights Caviar"}]},{"@type":"WebSite","@id":"https:\/\/varjesteg.se\/en\/#website","url":"https:\/\/varjesteg.se\/en\/","name":"Varjesteg","description":"L\u00f6ptr\u00e4ning f\u00f6r alla","publisher":{"@id":"https:\/\/varjesteg.se\/en\/#organization"},"potentialAction":[{"@type":"SearchAction","target":{"@type":"EntryPoint","urlTemplate":"https:\/\/varjesteg.se\/en\/?s={search_term_string}"},"query-input":{"@type":"PropertyValueSpecification","valueRequired":true,"valueName":"search_term_string"}}],"inLanguage":"en-US"},{"@type":"Organization","@id":"https:\/\/varjesteg.se\/en\/#organization","name":"Varjesteg","url":"https:\/\/varjesteg.se\/en\/","logo":{"@type":"ImageObject","inLanguage":"en-US","@id":"https:\/\/varjesteg.se\/en\/#\/schema\/logo\/image\/","url":"https:\/\/varjesteg.se\/wp-content\/uploads\/2024\/02\/varjesteg-logo.png.webp","contentUrl":"https:\/\/varjesteg.se\/wp-content\/uploads\/2024\/02\/varjesteg-logo.png.webp","width":819,"height":200,"caption":"Varjesteg"},"image":{"@id":"https:\/\/varjesteg.se\/en\/#\/schema\/logo\/image\/"},"sameAs":["https:\/\/www.facebook.com\/varjesteg","https:\/\/www.tiktok.com\/@varjesteg?is_from_webapp=1&sender_device=pc","https:\/\/www.instagram.com\/varjesteg.se\/","https:\/\/se.linkedin.com\/company\/varjesteg"]}]}},"_links":{"self":[{"href":"https:\/\/varjesteg.se\/en\/wp-json\/wp\/v2\/product\/61312","targetHints":{"allow":["GET"]}}],"collection":[{"href":"https:\/\/varjesteg.se\/en\/wp-json\/wp\/v2\/product"}],"about":[{"href":"https:\/\/varjesteg.se\/en\/wp-json\/wp\/v2\/types\/product"}],"wp:featuredmedia":[{"embeddable":true,"href":"https:\/\/varjesteg.se\/en\/wp-json\/wp\/v2\/media\/47668"}],"wp:attachment":[{"href":"https:\/\/varjesteg.se\/en\/wp-json\/wp\/v2\/media?parent=61312"}],"wp:term":[{"taxonomy":"product_brand","embeddable":true,"href":"https:\/\/varjesteg.se\/en\/wp-json\/wp\/v2\/product_brand?post=61312"},{"taxonomy":"product_cat","embeddable":true,"href":"https:\/\/varjesteg.se\/en\/wp-json\/wp\/v2\/product_cat?post=61312"},{"taxonomy":"product_tag","embeddable":true,"href":"https:\/\/varjesteg.se\/en\/wp-json\/wp\/v2\/product_tag?post=61312"}],"curies":[{"name":"wp","href":"https:\/\/api.w.org\/{rel}","templated":true}]}}