

{"id":61309,"date":"2022-03-26T17:46:07","date_gmt":"2022-03-26T16:46:07","guid":{"rendered":"https:\/\/varjesteg.se\/produkt\/devold-woman-shorts-caviar\/"},"modified":"2026-04-21T01:28:35","modified_gmt":"2026-04-20T23:28:35","slug":"devold-woman-shorts-caviar","status":"publish","type":"product","link":"https:\/\/varjesteg.se\/en\/product\/devold-woman-shorts-caviar\/","title":{"rendered":"Devold Woman shorts Caviar"},"content":{"rendered":"<p>Running Woman Shorts are lightweight running shorts designed for excellent freedom of movement and a comfortable fit. They are made from a breathable, temperature-regulating blend of merino wool (58%), polyamide, and elastane for added durability and elasticity.<\/p>\n<p>Merino wool is naturally resistant to bacteria and odors, meaning the shorts require less frequent washing compared to other workout apparel. Additionally, they provide extra warmth during runs in cooler temperatures.<\/p>\n<p><strong>Key Features:<\/strong><\/p>\n<ul>\n<li>Reflective details for enhanced visibility<\/li>\n<li>Wide elastic waistband with drawstring for optimal comfort<\/li>\n<li>Outer layer made from a tightly woven merino wool blend<\/li>\n<li>Wind-resistant properties<\/li>\n<\/ul>\n<p>Ideal for runners seeking functionality, comfort, and performance in varying conditions.<\/p>\n","protected":false},"excerpt":{"rendered":"<p>Running Woman Shorts are lightweight running shorts designed for excellent freedom of movement and a comfortable fit. They are made from a breathable, temperature-regulating blend of merino wool (58%), polyamide, and elastane for added durability and elasticity.<\/p>\n<p>Merino wool is naturally resistant to bacteria and odors, meaning the shorts require less frequent washing compared to other workout apparel. Additionally, they provide extra warmth during runs in cooler temperatures.<\/p>\n<p><strong>Key Features:<\/strong><\/p>\n<ul>\n<li>Reflective details for enhanced visibility<\/li>\n<li>Wide elastic waistband with drawstring for optimal comfort<\/li>\n<li>Outer layer made from a tightly woven merino wool blend<\/li>\n<li>Wind-resistant properties<\/li>\n<\/ul>\n<p>Ideal for runners seeking functionality, comfort, and performance in varying conditions.<\/p>\n","protected":false},"featured_media":47664,"template":"","meta":{"om_disable_all_campaigns":false,"_price":"1199","_stock":"","_tribe_ticket_header":"","_tribe_default_ticket_provider":"","_tribe_ticket_capacity":"5","_ticket_start_date":"","_ticket_end_date":"","_tribe_ticket_show_description":"","_tribe_ticket_show_not_going":false,"_tribe_ticket_use_global_stock":"","_tribe_ticket_global_stock_level":"","_global_stock_mode":"","_global_stock_cap":"","_tribe_rsvp_for_event":"","_tribe_ticket_going_count":"","_tribe_ticket_not_going_count":"","_tribe_tickets_list":"[]","_tribe_ticket_has_attendee_info_fields":false,"_tec_slr_enabled":"","_tec_slr_layout":""},"product_brand":[],"product_cat":[464],"product_tag":[],"class_list":{"0":"post-61309","1":"product","2":"type-product","3":"status-publish","4":"has-post-thumbnail","5":"product_cat-clothes","7":"first","8":"instock","9":"taxable","10":"shipping-taxable","11":"purchasable","12":"product-type-variable"},"acf":[],"yoast_head":"<!-- This site is optimized with the Yoast SEO plugin v27.1.1 - https:\/\/yoast.com\/product\/yoast-seo-wordpress\/ -->\n<title>Devold Woman shorts Caviar - VarjeSteg<\/title>\n<meta name=\"robots\" content=\"index, follow, max-snippet:-1, max-image-preview:large, max-video-preview:-1\" \/>\n<link rel=\"canonical\" href=\"https:\/\/varjesteg.se\/en\/product\/devold-woman-shorts-caviar\/\" \/>\n<meta property=\"og:locale\" content=\"en_US\" \/>\n<meta property=\"og:type\" content=\"article\" \/>\n<meta property=\"og:title\" content=\"Devold Woman shorts Caviar - VarjeSteg\" \/>\n<meta property=\"og:description\" content=\"Running Woman Shorts are lightweight running shorts designed for excellent freedom of movement and a comfortable fit. They are made from a breathable, temperature-regulating blend of merino wool (58%), polyamide, and elastane for added durability and elasticity.  Merino wool is naturally resistant to bacteria and odors, meaning the shorts require less frequent washing compared to other workout apparel. Additionally, they provide extra warmth during runs in cooler temperatures.  Key Features:   Reflective details for enhanced visibility  Wide elastic waistband with drawstring for optimal comfort  Outer layer made from a tightly woven merino wool blend  Wind-resistant properties  Ideal for runners seeking functionality, comfort, and performance in varying conditions.\" \/>\n<meta property=\"og:url\" content=\"https:\/\/varjesteg.se\/en\/product\/devold-woman-shorts-caviar\/\" \/>\n<meta property=\"og:site_name\" content=\"VarjeSteg\" \/>\n<meta property=\"article:publisher\" content=\"https:\/\/www.facebook.com\/varjesteg\" \/>\n<meta property=\"article:modified_time\" content=\"2026-04-20T23:28:35+00:00\" \/>\n<meta property=\"og:image\" content=\"https:\/\/varjesteg.se\/wp-content\/uploads\/2022\/03\/go-407-175-a-960a-front.jpg\" \/>\n\t<meta property=\"og:image:width\" content=\"737\" \/>\n\t<meta property=\"og:image:height\" content=\"737\" \/>\n\t<meta property=\"og:image:type\" content=\"image\/jpeg\" \/>\n<meta name=\"twitter:card\" content=\"summary_large_image\" \/>\n<meta name=\"twitter:label1\" content=\"Est. reading time\" \/>\n\t<meta name=\"twitter:data1\" content=\"1 minute\" \/>\n<script type=\"application\/ld+json\" class=\"yoast-schema-graph\">{\"@context\":\"https:\/\/schema.org\",\"@graph\":[{\"@type\":\"WebPage\",\"@id\":\"https:\/\/varjesteg.se\/en\/product\/devold-woman-shorts-caviar\/\",\"url\":\"https:\/\/varjesteg.se\/en\/product\/devold-woman-shorts-caviar\/\",\"name\":\"Devold Woman shorts Caviar - VarjeSteg\",\"isPartOf\":{\"@id\":\"https:\/\/varjesteg.se\/en\/#website\"},\"primaryImageOfPage\":{\"@id\":\"https:\/\/varjesteg.se\/en\/product\/devold-woman-shorts-caviar\/#primaryimage\"},\"image\":{\"@id\":\"https:\/\/varjesteg.se\/en\/product\/devold-woman-shorts-caviar\/#primaryimage\"},\"thumbnailUrl\":\"https:\/\/varjesteg.se\/wp-content\/uploads\/2022\/03\/go-407-175-a-960a-front.jpg\",\"datePublished\":\"2022-03-26T16:46:07+00:00\",\"dateModified\":\"2026-04-20T23:28:35+00:00\",\"breadcrumb\":{\"@id\":\"https:\/\/varjesteg.se\/en\/product\/devold-woman-shorts-caviar\/#breadcrumb\"},\"inLanguage\":\"en-US\",\"potentialAction\":[{\"@type\":\"ReadAction\",\"target\":[\"https:\/\/varjesteg.se\/en\/product\/devold-woman-shorts-caviar\/\"]}]},{\"@type\":\"ImageObject\",\"inLanguage\":\"en-US\",\"@id\":\"https:\/\/varjesteg.se\/en\/product\/devold-woman-shorts-caviar\/#primaryimage\",\"url\":\"https:\/\/varjesteg.se\/wp-content\/uploads\/2022\/03\/go-407-175-a-960a-front.jpg\",\"contentUrl\":\"https:\/\/varjesteg.se\/wp-content\/uploads\/2022\/03\/go-407-175-a-960a-front.jpg\",\"width\":737,\"height\":737},{\"@type\":\"BreadcrumbList\",\"@id\":\"https:\/\/varjesteg.se\/en\/product\/devold-woman-shorts-caviar\/#breadcrumb\",\"itemListElement\":[{\"@type\":\"ListItem\",\"position\":1,\"name\":\"Hem\",\"item\":\"https:\/\/varjesteg.se\/en\/\"},{\"@type\":\"ListItem\",\"position\":2,\"name\":\"Store\",\"item\":\"https:\/\/varjesteg.se\/en\/store\/\"},{\"@type\":\"ListItem\",\"position\":3,\"name\":\"Devold Woman shorts Caviar\"}]},{\"@type\":\"WebSite\",\"@id\":\"https:\/\/varjesteg.se\/en\/#website\",\"url\":\"https:\/\/varjesteg.se\/en\/\",\"name\":\"Varjesteg\",\"description\":\"L\u00f6ptr\u00e4ning f\u00f6r alla\",\"publisher\":{\"@id\":\"https:\/\/varjesteg.se\/en\/#organization\"},\"potentialAction\":[{\"@type\":\"SearchAction\",\"target\":{\"@type\":\"EntryPoint\",\"urlTemplate\":\"https:\/\/varjesteg.se\/en\/?s={search_term_string}\"},\"query-input\":{\"@type\":\"PropertyValueSpecification\",\"valueRequired\":true,\"valueName\":\"search_term_string\"}}],\"inLanguage\":\"en-US\"},{\"@type\":\"Organization\",\"@id\":\"https:\/\/varjesteg.se\/en\/#organization\",\"name\":\"Varjesteg\",\"url\":\"https:\/\/varjesteg.se\/en\/\",\"logo\":{\"@type\":\"ImageObject\",\"inLanguage\":\"en-US\",\"@id\":\"https:\/\/varjesteg.se\/en\/#\/schema\/logo\/image\/\",\"url\":\"https:\/\/varjesteg.se\/wp-content\/uploads\/2024\/02\/varjesteg-logo.png.webp\",\"contentUrl\":\"https:\/\/varjesteg.se\/wp-content\/uploads\/2024\/02\/varjesteg-logo.png.webp\",\"width\":819,\"height\":200,\"caption\":\"Varjesteg\"},\"image\":{\"@id\":\"https:\/\/varjesteg.se\/en\/#\/schema\/logo\/image\/\"},\"sameAs\":[\"https:\/\/www.facebook.com\/varjesteg\",\"https:\/\/www.tiktok.com\/@varjesteg?is_from_webapp=1&sender_device=pc\",\"https:\/\/www.instagram.com\/varjesteg.se\/\",\"https:\/\/se.linkedin.com\/company\/varjesteg\"]}]}<\/script>\n<!-- \/ Yoast SEO plugin. -->","yoast_head_json":{"title":"Devold Woman shorts Caviar - VarjeSteg","robots":{"index":"index","follow":"follow","max-snippet":"max-snippet:-1","max-image-preview":"max-image-preview:large","max-video-preview":"max-video-preview:-1"},"canonical":"https:\/\/varjesteg.se\/en\/product\/devold-woman-shorts-caviar\/","og_locale":"en_US","og_type":"article","og_title":"Devold Woman shorts Caviar - VarjeSteg","og_description":"Running Woman Shorts are lightweight running shorts designed for excellent freedom of movement and a comfortable fit. They are made from a breathable, temperature-regulating blend of merino wool (58%), polyamide, and elastane for added durability and elasticity.  Merino wool is naturally resistant to bacteria and odors, meaning the shorts require less frequent washing compared to other workout apparel. Additionally, they provide extra warmth during runs in cooler temperatures.  Key Features:   Reflective details for enhanced visibility  Wide elastic waistband with drawstring for optimal comfort  Outer layer made from a tightly woven merino wool blend  Wind-resistant properties  Ideal for runners seeking functionality, comfort, and performance in varying conditions.","og_url":"https:\/\/varjesteg.se\/en\/product\/devold-woman-shorts-caviar\/","og_site_name":"VarjeSteg","article_publisher":"https:\/\/www.facebook.com\/varjesteg","article_modified_time":"2026-04-20T23:28:35+00:00","og_image":[{"width":737,"height":737,"url":"https:\/\/varjesteg.se\/wp-content\/uploads\/2022\/03\/go-407-175-a-960a-front.jpg","type":"image\/jpeg"}],"twitter_card":"summary_large_image","twitter_misc":{"Est. reading time":"1 minute"},"schema":{"@context":"https:\/\/schema.org","@graph":[{"@type":"WebPage","@id":"https:\/\/varjesteg.se\/en\/product\/devold-woman-shorts-caviar\/","url":"https:\/\/varjesteg.se\/en\/product\/devold-woman-shorts-caviar\/","name":"Devold Woman shorts Caviar - VarjeSteg","isPartOf":{"@id":"https:\/\/varjesteg.se\/en\/#website"},"primaryImageOfPage":{"@id":"https:\/\/varjesteg.se\/en\/product\/devold-woman-shorts-caviar\/#primaryimage"},"image":{"@id":"https:\/\/varjesteg.se\/en\/product\/devold-woman-shorts-caviar\/#primaryimage"},"thumbnailUrl":"https:\/\/varjesteg.se\/wp-content\/uploads\/2022\/03\/go-407-175-a-960a-front.jpg","datePublished":"2022-03-26T16:46:07+00:00","dateModified":"2026-04-20T23:28:35+00:00","breadcrumb":{"@id":"https:\/\/varjesteg.se\/en\/product\/devold-woman-shorts-caviar\/#breadcrumb"},"inLanguage":"en-US","potentialAction":[{"@type":"ReadAction","target":["https:\/\/varjesteg.se\/en\/product\/devold-woman-shorts-caviar\/"]}]},{"@type":"ImageObject","inLanguage":"en-US","@id":"https:\/\/varjesteg.se\/en\/product\/devold-woman-shorts-caviar\/#primaryimage","url":"https:\/\/varjesteg.se\/wp-content\/uploads\/2022\/03\/go-407-175-a-960a-front.jpg","contentUrl":"https:\/\/varjesteg.se\/wp-content\/uploads\/2022\/03\/go-407-175-a-960a-front.jpg","width":737,"height":737},{"@type":"BreadcrumbList","@id":"https:\/\/varjesteg.se\/en\/product\/devold-woman-shorts-caviar\/#breadcrumb","itemListElement":[{"@type":"ListItem","position":1,"name":"Hem","item":"https:\/\/varjesteg.se\/en\/"},{"@type":"ListItem","position":2,"name":"Store","item":"https:\/\/varjesteg.se\/en\/store\/"},{"@type":"ListItem","position":3,"name":"Devold Woman shorts Caviar"}]},{"@type":"WebSite","@id":"https:\/\/varjesteg.se\/en\/#website","url":"https:\/\/varjesteg.se\/en\/","name":"Varjesteg","description":"L\u00f6ptr\u00e4ning f\u00f6r alla","publisher":{"@id":"https:\/\/varjesteg.se\/en\/#organization"},"potentialAction":[{"@type":"SearchAction","target":{"@type":"EntryPoint","urlTemplate":"https:\/\/varjesteg.se\/en\/?s={search_term_string}"},"query-input":{"@type":"PropertyValueSpecification","valueRequired":true,"valueName":"search_term_string"}}],"inLanguage":"en-US"},{"@type":"Organization","@id":"https:\/\/varjesteg.se\/en\/#organization","name":"Varjesteg","url":"https:\/\/varjesteg.se\/en\/","logo":{"@type":"ImageObject","inLanguage":"en-US","@id":"https:\/\/varjesteg.se\/en\/#\/schema\/logo\/image\/","url":"https:\/\/varjesteg.se\/wp-content\/uploads\/2024\/02\/varjesteg-logo.png.webp","contentUrl":"https:\/\/varjesteg.se\/wp-content\/uploads\/2024\/02\/varjesteg-logo.png.webp","width":819,"height":200,"caption":"Varjesteg"},"image":{"@id":"https:\/\/varjesteg.se\/en\/#\/schema\/logo\/image\/"},"sameAs":["https:\/\/www.facebook.com\/varjesteg","https:\/\/www.tiktok.com\/@varjesteg?is_from_webapp=1&sender_device=pc","https:\/\/www.instagram.com\/varjesteg.se\/","https:\/\/se.linkedin.com\/company\/varjesteg"]}]}},"_links":{"self":[{"href":"https:\/\/varjesteg.se\/en\/wp-json\/wp\/v2\/product\/61309","targetHints":{"allow":["GET"]}}],"collection":[{"href":"https:\/\/varjesteg.se\/en\/wp-json\/wp\/v2\/product"}],"about":[{"href":"https:\/\/varjesteg.se\/en\/wp-json\/wp\/v2\/types\/product"}],"wp:featuredmedia":[{"embeddable":true,"href":"https:\/\/varjesteg.se\/en\/wp-json\/wp\/v2\/media\/47664"}],"wp:attachment":[{"href":"https:\/\/varjesteg.se\/en\/wp-json\/wp\/v2\/media?parent=61309"}],"wp:term":[{"taxonomy":"product_brand","embeddable":true,"href":"https:\/\/varjesteg.se\/en\/wp-json\/wp\/v2\/product_brand?post=61309"},{"taxonomy":"product_cat","embeddable":true,"href":"https:\/\/varjesteg.se\/en\/wp-json\/wp\/v2\/product_cat?post=61309"},{"taxonomy":"product_tag","embeddable":true,"href":"https:\/\/varjesteg.se\/en\/wp-json\/wp\/v2\/product_tag?post=61309"}],"curies":[{"name":"wp","href":"https:\/\/api.w.org\/{rel}","templated":true}]}}