

{"id":61280,"date":"2022-03-26T18:06:56","date_gmt":"2022-03-26T17:06:56","guid":{"rendered":"https:\/\/varjesteg.se\/produkt\/devold-man-singlet-anthracite\/"},"modified":"2026-04-21T01:28:35","modified_gmt":"2026-04-20T23:28:35","slug":"devold-man-singlet-anthracite","status":"publish","type":"product","link":"https:\/\/varjesteg.se\/en\/product\/devold-man-singlet-anthracite\/","title":{"rendered":"Devold Man singlet Anthracite"},"content":{"rendered":"<p>Devold\u00ae Running is the ultimate training garment for any intensity level. These quick-drying, ultra-lightweight, and breathable pieces are made from a blend of merino wool and TENCEL\u2122. TENCEL\u2122 provides a cooling effect by rapidly absorbing and wicking away moisture. The material is also durable, lightweight, and stretchy.<\/p>\n<p>With moisture-wicking rib fabric and strategically placed mesh panels, these garments offer optimal comfort and excellent breathability from start to finish. The ergonomic design and seams positioned to minimize friction ensure outstanding freedom of movement and comfort.<\/p>\n<p>The soft texture and the natural odor-resistant properties of wool make this the perfect choice for both active athletes and casual exercisers.<\/p>\n<p><strong>Features:<\/strong><\/p>\n<ul>\n<li>Strategically placed ventilating mesh panels<\/li>\n<li>Seams designed to minimize friction<\/li>\n<li>Reflective details<\/li>\n<li>Moisture-wicking<\/li>\n<li>Naturally odor-resistant<\/li>\n<\/ul>\n","protected":false},"excerpt":{"rendered":"<p>Devold\u00ae Running is the ultimate training garment for any intensity level. These quick-drying, ultra-lightweight, and breathable pieces are made from a blend of merino wool and TENCEL\u2122. TENCEL\u2122 provides a cooling effect by rapidly absorbing and wicking away moisture. The material is also durable, lightweight, and stretchy.<\/p>\n<p>With moisture-wicking rib fabric and strategically placed mesh panels, these garments offer optimal comfort and excellent breathability from start to finish. The ergonomic design and seams positioned to minimize friction ensure outstanding freedom of movement and comfort.<\/p>\n<p>The soft texture and the natural odor-resistant properties of wool make this the perfect choice for both active athletes and casual exercisers.<\/p>\n<p><strong>Features:<\/strong><\/p>\n<ul>\n<li>Strategically placed ventilating mesh panels<\/li>\n<li>Seams designed to minimize friction<\/li>\n<li>Reflective details<\/li>\n<li>Moisture-wicking<\/li>\n<li>Naturally odor-resistant<\/li>\n<\/ul>\n","protected":false},"featured_media":47665,"template":"","meta":{"om_disable_all_campaigns":false,"_price":"699","_stock":"","_tribe_ticket_header":"","_tribe_default_ticket_provider":"","_tribe_ticket_capacity":"2","_ticket_start_date":"","_ticket_end_date":"","_tribe_ticket_show_description":"","_tribe_ticket_show_not_going":false,"_tribe_ticket_use_global_stock":"","_tribe_ticket_global_stock_level":"","_global_stock_mode":"","_global_stock_cap":"","_tribe_rsvp_for_event":"","_tribe_ticket_going_count":"","_tribe_ticket_not_going_count":"","_tribe_tickets_list":"[]","_tribe_ticket_has_attendee_info_fields":false,"_tec_slr_enabled":"","_tec_slr_layout":""},"product_brand":[],"product_cat":[464],"product_tag":[],"class_list":{"0":"post-61280","1":"product","2":"type-product","3":"status-publish","4":"has-post-thumbnail","5":"product_cat-clothes","7":"first","8":"instock","9":"taxable","10":"shipping-taxable","11":"purchasable","12":"product-type-variable"},"acf":[],"yoast_head":"<!-- This site is optimized with the Yoast SEO plugin v27.1.1 - https:\/\/yoast.com\/product\/yoast-seo-wordpress\/ -->\n<title>Devold Man singlet Anthracite - VarjeSteg<\/title>\n<meta name=\"robots\" content=\"index, follow, max-snippet:-1, max-image-preview:large, max-video-preview:-1\" \/>\n<link rel=\"canonical\" href=\"https:\/\/varjesteg.se\/en\/product\/devold-man-singlet-anthracite\/\" \/>\n<meta property=\"og:locale\" content=\"en_US\" \/>\n<meta property=\"og:type\" content=\"article\" \/>\n<meta property=\"og:title\" content=\"Devold Man singlet Anthracite - VarjeSteg\" \/>\n<meta property=\"og:description\" content=\"Devold\u00ae Running is the ultimate training garment for any intensity level. These quick-drying, ultra-lightweight, and breathable pieces are made from a blend of merino wool and TENCEL\u2122. TENCEL\u2122 provides a cooling effect by rapidly absorbing and wicking away moisture. The material is also durable, lightweight, and stretchy.  With moisture-wicking rib fabric and strategically placed mesh panels, these garments offer optimal comfort and excellent breathability from start to finish. The ergonomic design and seams positioned to minimize friction ensure outstanding freedom of movement and comfort.  The soft texture and the natural odor-resistant properties of wool make this the perfect choice for both active athletes and casual exercisers.  Features:   Strategically placed ventilating mesh panels  Seams designed to minimize friction  Reflective details  Moisture-wicking  Naturally odor-resistant\" \/>\n<meta property=\"og:url\" content=\"https:\/\/varjesteg.se\/en\/product\/devold-man-singlet-anthracite\/\" \/>\n<meta property=\"og:site_name\" content=\"VarjeSteg\" \/>\n<meta property=\"article:publisher\" content=\"https:\/\/www.facebook.com\/varjesteg\" \/>\n<meta property=\"article:modified_time\" content=\"2026-04-20T23:28:35+00:00\" \/>\n<meta property=\"og:image\" content=\"https:\/\/varjesteg.se\/wp-content\/uploads\/2022\/03\/go-293-204-a-940a.jpg\" \/>\n\t<meta property=\"og:image:width\" content=\"737\" \/>\n\t<meta property=\"og:image:height\" content=\"737\" \/>\n\t<meta property=\"og:image:type\" content=\"image\/jpeg\" \/>\n<meta name=\"twitter:card\" content=\"summary_large_image\" \/>\n<meta name=\"twitter:label1\" content=\"Est. reading time\" \/>\n\t<meta name=\"twitter:data1\" content=\"1 minute\" \/>\n<script type=\"application\/ld+json\" class=\"yoast-schema-graph\">{\"@context\":\"https:\/\/schema.org\",\"@graph\":[{\"@type\":\"WebPage\",\"@id\":\"https:\/\/varjesteg.se\/en\/product\/devold-man-singlet-anthracite\/\",\"url\":\"https:\/\/varjesteg.se\/en\/product\/devold-man-singlet-anthracite\/\",\"name\":\"Devold Man singlet Anthracite - VarjeSteg\",\"isPartOf\":{\"@id\":\"https:\/\/varjesteg.se\/en\/#website\"},\"primaryImageOfPage\":{\"@id\":\"https:\/\/varjesteg.se\/en\/product\/devold-man-singlet-anthracite\/#primaryimage\"},\"image\":{\"@id\":\"https:\/\/varjesteg.se\/en\/product\/devold-man-singlet-anthracite\/#primaryimage\"},\"thumbnailUrl\":\"https:\/\/varjesteg.se\/wp-content\/uploads\/2022\/03\/go-293-204-a-940a.jpg\",\"datePublished\":\"2022-03-26T17:06:56+00:00\",\"dateModified\":\"2026-04-20T23:28:35+00:00\",\"breadcrumb\":{\"@id\":\"https:\/\/varjesteg.se\/en\/product\/devold-man-singlet-anthracite\/#breadcrumb\"},\"inLanguage\":\"en-US\",\"potentialAction\":[{\"@type\":\"ReadAction\",\"target\":[\"https:\/\/varjesteg.se\/en\/product\/devold-man-singlet-anthracite\/\"]}]},{\"@type\":\"ImageObject\",\"inLanguage\":\"en-US\",\"@id\":\"https:\/\/varjesteg.se\/en\/product\/devold-man-singlet-anthracite\/#primaryimage\",\"url\":\"https:\/\/varjesteg.se\/wp-content\/uploads\/2022\/03\/go-293-204-a-940a.jpg\",\"contentUrl\":\"https:\/\/varjesteg.se\/wp-content\/uploads\/2022\/03\/go-293-204-a-940a.jpg\",\"width\":737,\"height\":737},{\"@type\":\"BreadcrumbList\",\"@id\":\"https:\/\/varjesteg.se\/en\/product\/devold-man-singlet-anthracite\/#breadcrumb\",\"itemListElement\":[{\"@type\":\"ListItem\",\"position\":1,\"name\":\"Hem\",\"item\":\"https:\/\/varjesteg.se\/en\/\"},{\"@type\":\"ListItem\",\"position\":2,\"name\":\"Store\",\"item\":\"https:\/\/varjesteg.se\/en\/store\/\"},{\"@type\":\"ListItem\",\"position\":3,\"name\":\"Devold Man singlet Anthracite\"}]},{\"@type\":\"WebSite\",\"@id\":\"https:\/\/varjesteg.se\/en\/#website\",\"url\":\"https:\/\/varjesteg.se\/en\/\",\"name\":\"Varjesteg\",\"description\":\"L\u00f6ptr\u00e4ning f\u00f6r alla\",\"publisher\":{\"@id\":\"https:\/\/varjesteg.se\/en\/#organization\"},\"potentialAction\":[{\"@type\":\"SearchAction\",\"target\":{\"@type\":\"EntryPoint\",\"urlTemplate\":\"https:\/\/varjesteg.se\/en\/?s={search_term_string}\"},\"query-input\":{\"@type\":\"PropertyValueSpecification\",\"valueRequired\":true,\"valueName\":\"search_term_string\"}}],\"inLanguage\":\"en-US\"},{\"@type\":\"Organization\",\"@id\":\"https:\/\/varjesteg.se\/en\/#organization\",\"name\":\"Varjesteg\",\"url\":\"https:\/\/varjesteg.se\/en\/\",\"logo\":{\"@type\":\"ImageObject\",\"inLanguage\":\"en-US\",\"@id\":\"https:\/\/varjesteg.se\/en\/#\/schema\/logo\/image\/\",\"url\":\"https:\/\/varjesteg.se\/wp-content\/uploads\/2024\/02\/varjesteg-logo.png.webp\",\"contentUrl\":\"https:\/\/varjesteg.se\/wp-content\/uploads\/2024\/02\/varjesteg-logo.png.webp\",\"width\":819,\"height\":200,\"caption\":\"Varjesteg\"},\"image\":{\"@id\":\"https:\/\/varjesteg.se\/en\/#\/schema\/logo\/image\/\"},\"sameAs\":[\"https:\/\/www.facebook.com\/varjesteg\",\"https:\/\/www.tiktok.com\/@varjesteg?is_from_webapp=1&sender_device=pc\",\"https:\/\/www.instagram.com\/varjesteg.se\/\",\"https:\/\/se.linkedin.com\/company\/varjesteg\"]}]}<\/script>\n<!-- \/ Yoast SEO plugin. -->","yoast_head_json":{"title":"Devold Man singlet Anthracite - VarjeSteg","robots":{"index":"index","follow":"follow","max-snippet":"max-snippet:-1","max-image-preview":"max-image-preview:large","max-video-preview":"max-video-preview:-1"},"canonical":"https:\/\/varjesteg.se\/en\/product\/devold-man-singlet-anthracite\/","og_locale":"en_US","og_type":"article","og_title":"Devold Man singlet Anthracite - VarjeSteg","og_description":"Devold\u00ae Running is the ultimate training garment for any intensity level. These quick-drying, ultra-lightweight, and breathable pieces are made from a blend of merino wool and TENCEL\u2122. TENCEL\u2122 provides a cooling effect by rapidly absorbing and wicking away moisture. The material is also durable, lightweight, and stretchy.  With moisture-wicking rib fabric and strategically placed mesh panels, these garments offer optimal comfort and excellent breathability from start to finish. The ergonomic design and seams positioned to minimize friction ensure outstanding freedom of movement and comfort.  The soft texture and the natural odor-resistant properties of wool make this the perfect choice for both active athletes and casual exercisers.  Features:   Strategically placed ventilating mesh panels  Seams designed to minimize friction  Reflective details  Moisture-wicking  Naturally odor-resistant","og_url":"https:\/\/varjesteg.se\/en\/product\/devold-man-singlet-anthracite\/","og_site_name":"VarjeSteg","article_publisher":"https:\/\/www.facebook.com\/varjesteg","article_modified_time":"2026-04-20T23:28:35+00:00","og_image":[{"width":737,"height":737,"url":"https:\/\/varjesteg.se\/wp-content\/uploads\/2022\/03\/go-293-204-a-940a.jpg","type":"image\/jpeg"}],"twitter_card":"summary_large_image","twitter_misc":{"Est. reading time":"1 minute"},"schema":{"@context":"https:\/\/schema.org","@graph":[{"@type":"WebPage","@id":"https:\/\/varjesteg.se\/en\/product\/devold-man-singlet-anthracite\/","url":"https:\/\/varjesteg.se\/en\/product\/devold-man-singlet-anthracite\/","name":"Devold Man singlet Anthracite - VarjeSteg","isPartOf":{"@id":"https:\/\/varjesteg.se\/en\/#website"},"primaryImageOfPage":{"@id":"https:\/\/varjesteg.se\/en\/product\/devold-man-singlet-anthracite\/#primaryimage"},"image":{"@id":"https:\/\/varjesteg.se\/en\/product\/devold-man-singlet-anthracite\/#primaryimage"},"thumbnailUrl":"https:\/\/varjesteg.se\/wp-content\/uploads\/2022\/03\/go-293-204-a-940a.jpg","datePublished":"2022-03-26T17:06:56+00:00","dateModified":"2026-04-20T23:28:35+00:00","breadcrumb":{"@id":"https:\/\/varjesteg.se\/en\/product\/devold-man-singlet-anthracite\/#breadcrumb"},"inLanguage":"en-US","potentialAction":[{"@type":"ReadAction","target":["https:\/\/varjesteg.se\/en\/product\/devold-man-singlet-anthracite\/"]}]},{"@type":"ImageObject","inLanguage":"en-US","@id":"https:\/\/varjesteg.se\/en\/product\/devold-man-singlet-anthracite\/#primaryimage","url":"https:\/\/varjesteg.se\/wp-content\/uploads\/2022\/03\/go-293-204-a-940a.jpg","contentUrl":"https:\/\/varjesteg.se\/wp-content\/uploads\/2022\/03\/go-293-204-a-940a.jpg","width":737,"height":737},{"@type":"BreadcrumbList","@id":"https:\/\/varjesteg.se\/en\/product\/devold-man-singlet-anthracite\/#breadcrumb","itemListElement":[{"@type":"ListItem","position":1,"name":"Hem","item":"https:\/\/varjesteg.se\/en\/"},{"@type":"ListItem","position":2,"name":"Store","item":"https:\/\/varjesteg.se\/en\/store\/"},{"@type":"ListItem","position":3,"name":"Devold Man singlet Anthracite"}]},{"@type":"WebSite","@id":"https:\/\/varjesteg.se\/en\/#website","url":"https:\/\/varjesteg.se\/en\/","name":"Varjesteg","description":"L\u00f6ptr\u00e4ning f\u00f6r alla","publisher":{"@id":"https:\/\/varjesteg.se\/en\/#organization"},"potentialAction":[{"@type":"SearchAction","target":{"@type":"EntryPoint","urlTemplate":"https:\/\/varjesteg.se\/en\/?s={search_term_string}"},"query-input":{"@type":"PropertyValueSpecification","valueRequired":true,"valueName":"search_term_string"}}],"inLanguage":"en-US"},{"@type":"Organization","@id":"https:\/\/varjesteg.se\/en\/#organization","name":"Varjesteg","url":"https:\/\/varjesteg.se\/en\/","logo":{"@type":"ImageObject","inLanguage":"en-US","@id":"https:\/\/varjesteg.se\/en\/#\/schema\/logo\/image\/","url":"https:\/\/varjesteg.se\/wp-content\/uploads\/2024\/02\/varjesteg-logo.png.webp","contentUrl":"https:\/\/varjesteg.se\/wp-content\/uploads\/2024\/02\/varjesteg-logo.png.webp","width":819,"height":200,"caption":"Varjesteg"},"image":{"@id":"https:\/\/varjesteg.se\/en\/#\/schema\/logo\/image\/"},"sameAs":["https:\/\/www.facebook.com\/varjesteg","https:\/\/www.tiktok.com\/@varjesteg?is_from_webapp=1&sender_device=pc","https:\/\/www.instagram.com\/varjesteg.se\/","https:\/\/se.linkedin.com\/company\/varjesteg"]}]}},"_links":{"self":[{"href":"https:\/\/varjesteg.se\/en\/wp-json\/wp\/v2\/product\/61280","targetHints":{"allow":["GET"]}}],"collection":[{"href":"https:\/\/varjesteg.se\/en\/wp-json\/wp\/v2\/product"}],"about":[{"href":"https:\/\/varjesteg.se\/en\/wp-json\/wp\/v2\/types\/product"}],"wp:featuredmedia":[{"embeddable":true,"href":"https:\/\/varjesteg.se\/en\/wp-json\/wp\/v2\/media\/47665"}],"wp:attachment":[{"href":"https:\/\/varjesteg.se\/en\/wp-json\/wp\/v2\/media?parent=61280"}],"wp:term":[{"taxonomy":"product_brand","embeddable":true,"href":"https:\/\/varjesteg.se\/en\/wp-json\/wp\/v2\/product_brand?post=61280"},{"taxonomy":"product_cat","embeddable":true,"href":"https:\/\/varjesteg.se\/en\/wp-json\/wp\/v2\/product_cat?post=61280"},{"taxonomy":"product_tag","embeddable":true,"href":"https:\/\/varjesteg.se\/en\/wp-json\/wp\/v2\/product_tag?post=61280"}],"curies":[{"name":"wp","href":"https:\/\/api.w.org\/{rel}","templated":true}]}}