

{"id":61161,"date":"2022-05-03T08:06:35","date_gmt":"2022-05-03T06:06:35","guid":{"rendered":"https:\/\/varjesteg.se\/produkt\/joe-nimble-nimbletoes-addict-trail-women\/"},"modified":"2025-11-18T19:50:40","modified_gmt":"2025-11-18T17:50:40","slug":"joe-nimble-nimbletoes-addict-trail-women","status":"publish","type":"product","link":"https:\/\/varjesteg.se\/en\/product\/joe-nimble-nimbletoes-addict-trail-women\/","title":{"rendered":"Joe Nimble &#8211; nimbleToes Addict Trail Women"},"content":{"rendered":"<p>The <strong>Joe Nimble Addict Trail<\/strong> is designed for technical terrain, making it the perfect choice for those tackling earthy, rocky, or uneven trails. The sole provides extra grip thanks to its rubber studs, which perform well even on wet surfaces. The upper material is durable and robust, yet breathable, making the <strong>Addict Trail<\/strong> suitable for the most extreme conditions.<\/p>\n<p>Like the <strong>Addict Road<\/strong>, the sole, unlike conventional running shoes, is of equal thickness across the entire foot (zero drop), including at the toes. The toe area is also flat, without any upward curvature (no toe spring). The shoe offers <strong>ToeFreedom<\/strong>, a concept developed by Sebastian B\u00e4r, which allows your big toe to have space to be active, offering a more stable base and better control of your foot.<\/p>\n<p>The secure lacing system is easy to use and ensures a smooth running experience. For added convenience, the shoes come with gaiter attachments to protect against dirt and stones, which can be easily secured via specially designed rings and Velcro on the shoe.<\/p>\n<h3>Key Features:<\/h3>\n<ul>\n<li><strong>Upper Material:<\/strong> Durable rip-stop textile mesh<\/li>\n<li><strong>Lining Material:<\/strong> Textile<\/li>\n<li><strong>Outsole:<\/strong> Trail Running Sole (10 mm) from <strong>Soles by Michelin<\/strong>, EVA foam with rubber studs (6 mm)<\/li>\n<li><strong>Insole:<\/strong> Addict insole (6 mm) in EVA with textile covering<\/li>\n<li><strong>Weight:<\/strong> &lt;290 grams (depending on size)<\/li>\n<\/ul>\n<h3>Additional Information:<\/h3>\n<ul>\n<li><strong>Style:<\/strong> Lace-up shoes, Running shoes<\/li>\n<li><strong>Activity:<\/strong> Everyday shoes, Running shoes, Trail<\/li>\n<li><strong>Sole Thickness:<\/strong> 10 mm<\/li>\n<li><strong>Season:<\/strong> Spring, Summer, Fall<\/li>\n<li><strong>Material:<\/strong> Vegan shoes<\/li>\n<\/ul>\n","protected":false},"excerpt":{"rendered":"<p>The <strong>Joe Nimble Addict Trail<\/strong> is designed for technical terrain, making it the perfect choice for those tackling earthy, rocky, or uneven trails. The sole provides extra grip thanks to its rubber studs, which perform well even on wet surfaces. The upper material is durable and robust, yet breathable, making the <strong>Addict Trail<\/strong> suitable for the most extreme conditions.<\/p>\n<p>Like the <strong>Addict Road<\/strong>, the sole, unlike conventional running shoes, is of equal thickness across the entire foot (zero drop), including at the toes. The toe area is also flat, without any upward curvature (no toe spring). The shoe offers <strong>ToeFreedom<\/strong>, a concept developed by Sebastian B\u00e4r, which allows your big toe to have space to be active, offering a more stable base and better control of your foot.<\/p>\n<p>The secure lacing system is easy to use and ensures a smooth running experience. For added convenience, the shoes come with gaiter attachments to protect against dirt and stones, which can be easily secured via specially designed rings and Velcro on the shoe.<\/p>\n<h3>Key Features:<\/h3>\n<ul>\n<li><strong>Upper Material:<\/strong> Durable rip-stop textile mesh<\/li>\n<li><strong>Lining Material:<\/strong> Textile<\/li>\n<li><strong>Outsole:<\/strong> Trail Running Sole (10 mm) from <strong>Soles by Michelin<\/strong>, EVA foam with rubber studs (6 mm)<\/li>\n<li><strong>Insole:<\/strong> Addict insole (6 mm) in EVA with textile covering<\/li>\n<li><strong>Weight:<\/strong> &lt;290 grams (depending on size)<\/li>\n<\/ul>\n<h3>Additional Information:<\/h3>\n<ul>\n<li><strong>Style:<\/strong> Lace-up shoes, Running shoes<\/li>\n<li><strong>Activity:<\/strong> Everyday shoes, Running shoes, Trail<\/li>\n<li><strong>Sole Thickness:<\/strong> 10 mm<\/li>\n<li><strong>Season:<\/strong> Spring, Summer, Fall<\/li>\n<li><strong>Material:<\/strong> Vegan shoes<\/li>\n<\/ul>\n","protected":false},"featured_media":47270,"template":"","meta":{"om_disable_all_campaigns":false,"_price":"998","_stock":"","_tribe_ticket_header":"","_tribe_default_ticket_provider":"","_tribe_ticket_capacity":"2","_ticket_start_date":"","_ticket_end_date":"","_tribe_ticket_show_description":"","_tribe_ticket_show_not_going":false,"_tribe_ticket_use_global_stock":"","_tribe_ticket_global_stock_level":"","_global_stock_mode":"","_global_stock_cap":"","_tribe_rsvp_for_event":"","_tribe_ticket_going_count":"","_tribe_ticket_not_going_count":"","_tribe_tickets_list":"[]","_tribe_ticket_has_attendee_info_fields":false,"_tec_slr_enabled":"","_tec_slr_layout":""},"product_brand":[],"product_cat":[561],"product_tag":[],"class_list":{"0":"post-61161","1":"product","2":"type-product","3":"status-publish","4":"has-post-thumbnail","5":"product_cat-running-shoes","7":"first","8":"outofstock","9":"sale","10":"taxable","11":"shipping-taxable","12":"purchasable","13":"product-type-variable"},"acf":[],"yoast_head":"<!-- This site is optimized with the Yoast SEO plugin v27.1.1 - https:\/\/yoast.com\/product\/yoast-seo-wordpress\/ -->\n<title>Joe Nimble - nimbleToes Addict Trail Women - VarjeSteg<\/title>\n<meta name=\"robots\" content=\"index, follow, max-snippet:-1, max-image-preview:large, max-video-preview:-1\" \/>\n<link rel=\"canonical\" href=\"https:\/\/varjesteg.se\/en\/product\/joe-nimble-nimbletoes-addict-trail-women\/\" \/>\n<meta property=\"og:locale\" content=\"en_US\" \/>\n<meta property=\"og:type\" content=\"article\" \/>\n<meta property=\"og:title\" content=\"Joe Nimble - nimbleToes Addict Trail Women - VarjeSteg\" \/>\n<meta property=\"og:description\" content=\"The Joe Nimble Addict Trail is designed for technical terrain, making it the perfect choice for those tackling earthy, rocky, or uneven trails. The sole provides extra grip thanks to its rubber studs, which perform well even on wet surfaces. The upper material is durable and robust, yet breathable, making the Addict Trail suitable for the most extreme conditions.  Like the Addict Road, the sole, unlike conventional running shoes, is of equal thickness across the entire foot (zero drop), including at the toes. The toe area is also flat, without any upward curvature (no toe spring). The shoe offers ToeFreedom, a concept developed by Sebastian B\u00e4r, which allows your big toe to have space to be active, offering a more stable base and better control of your foot.  The secure lacing system is easy to use and ensures a smooth running experience. For added convenience, the shoes come with gaiter attachments to protect against dirt and stones, which can be easily secured via specially designed rings and Velcro on the shoe. Key Features:   Upper Material: Durable rip-stop textile mesh  Lining Material: Textile  Outsole: Trail Running Sole (10 mm) from Soles by Michelin, EVA foam with rubber studs (6 mm)  Insole: Addict insole (6 mm) in EVA with textile covering  Weight: &lt;290 grams (depending on size)  Additional Information:   Style: Lace-up shoes, Running shoes  Activity: Everyday shoes, Running shoes, Trail  Sole Thickness: 10 mm  Season: Spring, Summer, Fall  Material: Vegan shoes\" \/>\n<meta property=\"og:url\" content=\"https:\/\/varjesteg.se\/en\/product\/joe-nimble-nimbletoes-addict-trail-women\/\" \/>\n<meta property=\"og:site_name\" content=\"VarjeSteg\" \/>\n<meta property=\"article:publisher\" content=\"https:\/\/www.facebook.com\/varjesteg\" \/>\n<meta property=\"article:modified_time\" content=\"2025-11-18T17:50:40+00:00\" \/>\n<meta property=\"og:image\" content=\"https:\/\/varjesteg.se\/wp-content\/uploads\/2022\/05\/1773896_nimbleToes_trial_addict_s_c5c8bab2-2349-414e-8e2d-38c5908b0d3d_2000x.webp\" \/>\n\t<meta property=\"og:image:width\" content=\"2000\" \/>\n\t<meta property=\"og:image:height\" content=\"2000\" \/>\n\t<meta property=\"og:image:type\" content=\"image\/webp\" \/>\n<meta name=\"twitter:card\" content=\"summary_large_image\" \/>\n<meta name=\"twitter:label1\" content=\"Est. reading time\" \/>\n\t<meta name=\"twitter:data1\" content=\"1 minute\" \/>\n<script type=\"application\/ld+json\" class=\"yoast-schema-graph\">{\"@context\":\"https:\/\/schema.org\",\"@graph\":[{\"@type\":\"WebPage\",\"@id\":\"https:\/\/varjesteg.se\/en\/product\/joe-nimble-nimbletoes-addict-trail-women\/\",\"url\":\"https:\/\/varjesteg.se\/en\/product\/joe-nimble-nimbletoes-addict-trail-women\/\",\"name\":\"Joe Nimble - nimbleToes Addict Trail Women - VarjeSteg\",\"isPartOf\":{\"@id\":\"https:\/\/varjesteg.se\/en\/#website\"},\"primaryImageOfPage\":{\"@id\":\"https:\/\/varjesteg.se\/en\/product\/joe-nimble-nimbletoes-addict-trail-women\/#primaryimage\"},\"image\":{\"@id\":\"https:\/\/varjesteg.se\/en\/product\/joe-nimble-nimbletoes-addict-trail-women\/#primaryimage\"},\"thumbnailUrl\":\"https:\/\/varjesteg.se\/wp-content\/uploads\/2022\/05\/1773896_nimbleToes_trial_addict_s_c5c8bab2-2349-414e-8e2d-38c5908b0d3d_2000x.webp\",\"datePublished\":\"2022-05-03T06:06:35+00:00\",\"dateModified\":\"2025-11-18T17:50:40+00:00\",\"breadcrumb\":{\"@id\":\"https:\/\/varjesteg.se\/en\/product\/joe-nimble-nimbletoes-addict-trail-women\/#breadcrumb\"},\"inLanguage\":\"en-US\",\"potentialAction\":[{\"@type\":\"ReadAction\",\"target\":[\"https:\/\/varjesteg.se\/en\/product\/joe-nimble-nimbletoes-addict-trail-women\/\"]}]},{\"@type\":\"ImageObject\",\"inLanguage\":\"en-US\",\"@id\":\"https:\/\/varjesteg.se\/en\/product\/joe-nimble-nimbletoes-addict-trail-women\/#primaryimage\",\"url\":\"https:\/\/varjesteg.se\/wp-content\/uploads\/2022\/05\/1773896_nimbleToes_trial_addict_s_c5c8bab2-2349-414e-8e2d-38c5908b0d3d_2000x.webp\",\"contentUrl\":\"https:\/\/varjesteg.se\/wp-content\/uploads\/2022\/05\/1773896_nimbleToes_trial_addict_s_c5c8bab2-2349-414e-8e2d-38c5908b0d3d_2000x.webp\",\"width\":2000,\"height\":2000},{\"@type\":\"BreadcrumbList\",\"@id\":\"https:\/\/varjesteg.se\/en\/product\/joe-nimble-nimbletoes-addict-trail-women\/#breadcrumb\",\"itemListElement\":[{\"@type\":\"ListItem\",\"position\":1,\"name\":\"Hem\",\"item\":\"https:\/\/varjesteg.se\/en\/\"},{\"@type\":\"ListItem\",\"position\":2,\"name\":\"Store\",\"item\":\"https:\/\/varjesteg.se\/en\/store\/\"},{\"@type\":\"ListItem\",\"position\":3,\"name\":\"Joe Nimble &#8211; nimbleToes Addict Trail Women\"}]},{\"@type\":\"WebSite\",\"@id\":\"https:\/\/varjesteg.se\/en\/#website\",\"url\":\"https:\/\/varjesteg.se\/en\/\",\"name\":\"Varjesteg\",\"description\":\"L\u00f6ptr\u00e4ning f\u00f6r alla\",\"publisher\":{\"@id\":\"https:\/\/varjesteg.se\/en\/#organization\"},\"potentialAction\":[{\"@type\":\"SearchAction\",\"target\":{\"@type\":\"EntryPoint\",\"urlTemplate\":\"https:\/\/varjesteg.se\/en\/?s={search_term_string}\"},\"query-input\":{\"@type\":\"PropertyValueSpecification\",\"valueRequired\":true,\"valueName\":\"search_term_string\"}}],\"inLanguage\":\"en-US\"},{\"@type\":\"Organization\",\"@id\":\"https:\/\/varjesteg.se\/en\/#organization\",\"name\":\"Varjesteg\",\"url\":\"https:\/\/varjesteg.se\/en\/\",\"logo\":{\"@type\":\"ImageObject\",\"inLanguage\":\"en-US\",\"@id\":\"https:\/\/varjesteg.se\/en\/#\/schema\/logo\/image\/\",\"url\":\"https:\/\/varjesteg.se\/wp-content\/uploads\/2024\/02\/varjesteg-logo.png.webp\",\"contentUrl\":\"https:\/\/varjesteg.se\/wp-content\/uploads\/2024\/02\/varjesteg-logo.png.webp\",\"width\":819,\"height\":200,\"caption\":\"Varjesteg\"},\"image\":{\"@id\":\"https:\/\/varjesteg.se\/en\/#\/schema\/logo\/image\/\"},\"sameAs\":[\"https:\/\/www.facebook.com\/varjesteg\",\"https:\/\/www.tiktok.com\/@varjesteg?is_from_webapp=1&sender_device=pc\",\"https:\/\/www.instagram.com\/varjesteg.se\/\",\"https:\/\/se.linkedin.com\/company\/varjesteg\"]}]}<\/script>\n<!-- \/ Yoast SEO plugin. -->","yoast_head_json":{"title":"Joe Nimble - nimbleToes Addict Trail Women - VarjeSteg","robots":{"index":"index","follow":"follow","max-snippet":"max-snippet:-1","max-image-preview":"max-image-preview:large","max-video-preview":"max-video-preview:-1"},"canonical":"https:\/\/varjesteg.se\/en\/product\/joe-nimble-nimbletoes-addict-trail-women\/","og_locale":"en_US","og_type":"article","og_title":"Joe Nimble - nimbleToes Addict Trail Women - VarjeSteg","og_description":"The Joe Nimble Addict Trail is designed for technical terrain, making it the perfect choice for those tackling earthy, rocky, or uneven trails. The sole provides extra grip thanks to its rubber studs, which perform well even on wet surfaces. The upper material is durable and robust, yet breathable, making the Addict Trail suitable for the most extreme conditions.  Like the Addict Road, the sole, unlike conventional running shoes, is of equal thickness across the entire foot (zero drop), including at the toes. The toe area is also flat, without any upward curvature (no toe spring). The shoe offers ToeFreedom, a concept developed by Sebastian B\u00e4r, which allows your big toe to have space to be active, offering a more stable base and better control of your foot.  The secure lacing system is easy to use and ensures a smooth running experience. For added convenience, the shoes come with gaiter attachments to protect against dirt and stones, which can be easily secured via specially designed rings and Velcro on the shoe. Key Features:   Upper Material: Durable rip-stop textile mesh  Lining Material: Textile  Outsole: Trail Running Sole (10 mm) from Soles by Michelin, EVA foam with rubber studs (6 mm)  Insole: Addict insole (6 mm) in EVA with textile covering  Weight: &lt;290 grams (depending on size)  Additional Information:   Style: Lace-up shoes, Running shoes  Activity: Everyday shoes, Running shoes, Trail  Sole Thickness: 10 mm  Season: Spring, Summer, Fall  Material: Vegan shoes","og_url":"https:\/\/varjesteg.se\/en\/product\/joe-nimble-nimbletoes-addict-trail-women\/","og_site_name":"VarjeSteg","article_publisher":"https:\/\/www.facebook.com\/varjesteg","article_modified_time":"2025-11-18T17:50:40+00:00","og_image":[{"width":2000,"height":2000,"url":"https:\/\/varjesteg.se\/wp-content\/uploads\/2022\/05\/1773896_nimbleToes_trial_addict_s_c5c8bab2-2349-414e-8e2d-38c5908b0d3d_2000x.webp","type":"image\/webp"}],"twitter_card":"summary_large_image","twitter_misc":{"Est. reading time":"1 minute"},"schema":{"@context":"https:\/\/schema.org","@graph":[{"@type":"WebPage","@id":"https:\/\/varjesteg.se\/en\/product\/joe-nimble-nimbletoes-addict-trail-women\/","url":"https:\/\/varjesteg.se\/en\/product\/joe-nimble-nimbletoes-addict-trail-women\/","name":"Joe Nimble - nimbleToes Addict Trail Women - VarjeSteg","isPartOf":{"@id":"https:\/\/varjesteg.se\/en\/#website"},"primaryImageOfPage":{"@id":"https:\/\/varjesteg.se\/en\/product\/joe-nimble-nimbletoes-addict-trail-women\/#primaryimage"},"image":{"@id":"https:\/\/varjesteg.se\/en\/product\/joe-nimble-nimbletoes-addict-trail-women\/#primaryimage"},"thumbnailUrl":"https:\/\/varjesteg.se\/wp-content\/uploads\/2022\/05\/1773896_nimbleToes_trial_addict_s_c5c8bab2-2349-414e-8e2d-38c5908b0d3d_2000x.webp","datePublished":"2022-05-03T06:06:35+00:00","dateModified":"2025-11-18T17:50:40+00:00","breadcrumb":{"@id":"https:\/\/varjesteg.se\/en\/product\/joe-nimble-nimbletoes-addict-trail-women\/#breadcrumb"},"inLanguage":"en-US","potentialAction":[{"@type":"ReadAction","target":["https:\/\/varjesteg.se\/en\/product\/joe-nimble-nimbletoes-addict-trail-women\/"]}]},{"@type":"ImageObject","inLanguage":"en-US","@id":"https:\/\/varjesteg.se\/en\/product\/joe-nimble-nimbletoes-addict-trail-women\/#primaryimage","url":"https:\/\/varjesteg.se\/wp-content\/uploads\/2022\/05\/1773896_nimbleToes_trial_addict_s_c5c8bab2-2349-414e-8e2d-38c5908b0d3d_2000x.webp","contentUrl":"https:\/\/varjesteg.se\/wp-content\/uploads\/2022\/05\/1773896_nimbleToes_trial_addict_s_c5c8bab2-2349-414e-8e2d-38c5908b0d3d_2000x.webp","width":2000,"height":2000},{"@type":"BreadcrumbList","@id":"https:\/\/varjesteg.se\/en\/product\/joe-nimble-nimbletoes-addict-trail-women\/#breadcrumb","itemListElement":[{"@type":"ListItem","position":1,"name":"Hem","item":"https:\/\/varjesteg.se\/en\/"},{"@type":"ListItem","position":2,"name":"Store","item":"https:\/\/varjesteg.se\/en\/store\/"},{"@type":"ListItem","position":3,"name":"Joe Nimble &#8211; nimbleToes Addict Trail Women"}]},{"@type":"WebSite","@id":"https:\/\/varjesteg.se\/en\/#website","url":"https:\/\/varjesteg.se\/en\/","name":"Varjesteg","description":"L\u00f6ptr\u00e4ning f\u00f6r alla","publisher":{"@id":"https:\/\/varjesteg.se\/en\/#organization"},"potentialAction":[{"@type":"SearchAction","target":{"@type":"EntryPoint","urlTemplate":"https:\/\/varjesteg.se\/en\/?s={search_term_string}"},"query-input":{"@type":"PropertyValueSpecification","valueRequired":true,"valueName":"search_term_string"}}],"inLanguage":"en-US"},{"@type":"Organization","@id":"https:\/\/varjesteg.se\/en\/#organization","name":"Varjesteg","url":"https:\/\/varjesteg.se\/en\/","logo":{"@type":"ImageObject","inLanguage":"en-US","@id":"https:\/\/varjesteg.se\/en\/#\/schema\/logo\/image\/","url":"https:\/\/varjesteg.se\/wp-content\/uploads\/2024\/02\/varjesteg-logo.png.webp","contentUrl":"https:\/\/varjesteg.se\/wp-content\/uploads\/2024\/02\/varjesteg-logo.png.webp","width":819,"height":200,"caption":"Varjesteg"},"image":{"@id":"https:\/\/varjesteg.se\/en\/#\/schema\/logo\/image\/"},"sameAs":["https:\/\/www.facebook.com\/varjesteg","https:\/\/www.tiktok.com\/@varjesteg?is_from_webapp=1&sender_device=pc","https:\/\/www.instagram.com\/varjesteg.se\/","https:\/\/se.linkedin.com\/company\/varjesteg"]}]}},"_links":{"self":[{"href":"https:\/\/varjesteg.se\/en\/wp-json\/wp\/v2\/product\/61161","targetHints":{"allow":["GET"]}}],"collection":[{"href":"https:\/\/varjesteg.se\/en\/wp-json\/wp\/v2\/product"}],"about":[{"href":"https:\/\/varjesteg.se\/en\/wp-json\/wp\/v2\/types\/product"}],"wp:featuredmedia":[{"embeddable":true,"href":"https:\/\/varjesteg.se\/en\/wp-json\/wp\/v2\/media\/47270"}],"wp:attachment":[{"href":"https:\/\/varjesteg.se\/en\/wp-json\/wp\/v2\/media?parent=61161"}],"wp:term":[{"taxonomy":"product_brand","embeddable":true,"href":"https:\/\/varjesteg.se\/en\/wp-json\/wp\/v2\/product_brand?post=61161"},{"taxonomy":"product_cat","embeddable":true,"href":"https:\/\/varjesteg.se\/en\/wp-json\/wp\/v2\/product_cat?post=61161"},{"taxonomy":"product_tag","embeddable":true,"href":"https:\/\/varjesteg.se\/en\/wp-json\/wp\/v2\/product_tag?post=61161"}],"curies":[{"name":"wp","href":"https:\/\/api.w.org\/{rel}","templated":true}]}}