

{"id":61158,"date":"2022-03-28T22:08:19","date_gmt":"2022-03-28T20:08:19","guid":{"rendered":"https:\/\/varjesteg.se\/produkt\/joe-nimble-nimbletoes-addict-women\/"},"modified":"2025-07-01T00:00:29","modified_gmt":"2025-06-30T22:00:29","slug":"joe-nimble-nimbletoes-addict-women","status":"publish","type":"product","link":"https:\/\/varjesteg.se\/en\/product\/joe-nimble-nimbletoes-addict-women\/","title":{"rendered":"Joe Nimble &#8211; nimbleToes Addict Women"},"content":{"rendered":"<p>Joe Nimble has developed a flat sole that runs evenly across the entire foot, completely without <strong>Toespring<\/strong>. The sole is of uniform thickness, even at the toes. It is designed to harmonize perfectly with your body&#8217;s biomechanics and flexibility. The combination of the midsole and insole guarantees optimal protection without compromising the foot&#8217;s functionality.<\/p>\n<p>Primarily designed for asphalt running, this sole is developed in collaboration with <strong>Soles by Michelin<\/strong>. This type of sole has been a part of Joe Nimble\u2019s vision for many years. Years ago, when Sebastian B\u00e4r (owner of Joe Nimble) visited the legendary <strong>Badwater Ultramarathon<\/strong> (&#8220;the toughest race for feet in the world&#8221;), runners were inspired by Joe Nimble\u2019s unique concept: <strong>ToeFreedom\u00ae = comfort = performance!<\/strong><\/p>\n<p>Now, you can benefit from a more stable base because your big toe has the space to be active, thus allowing it to control the foot. The lacing system promotes a secure fit, and combined with the material of the upper (and its direction), it adapts to various foot shapes and volumes.<\/p>\n<p>So whether you&#8217;re a triathlete, a street runner, or someone who simply enjoys running from time to time, the <strong>Joe Nimble Addict PRO-R<\/strong> is designed to enhance your performance.<\/p>\n<h3>Key Features:<\/h3>\n<ul>\n<li><strong>Upper Material:<\/strong> Multi-directional, breathable mesh<\/li>\n<li><strong>Lining:<\/strong> Partial textile lining<\/li>\n<li><strong>Outsole:<\/strong> Roadrunner sole (10mm) from <strong>Soles by Michelin<\/strong> (EVA midsole) with flex grooves and <strong>zero-drop<\/strong> (foot and heel are at the same level)<\/li>\n<li><strong>Insole:<\/strong> Joe Nimble\u00ae footbed (6mm) with EVA<\/li>\n<li><strong>Weight:<\/strong> &lt;250 grams (depending on size)<\/li>\n<\/ul>\n<h3>Additional Information:<\/h3>\n<ul>\n<li><strong>Style:<\/strong> Lace-up shoes, Running shoes<\/li>\n<li><strong>Activity:<\/strong> Everyday shoes, Running shoes, Road<\/li>\n<li><strong>Sole Thickness:<\/strong> 10 mm<\/li>\n<li><strong>Season:<\/strong> Spring, Summer, Fall, Winter<\/li>\n<\/ul>\n","protected":false},"excerpt":{"rendered":"<p>Joe Nimble has developed a flat sole that runs evenly across the entire foot, completely without <strong>Toespring<\/strong>. The sole is of uniform thickness, even at the toes. It is designed to harmonize perfectly with your body&#8217;s biomechanics and flexibility. The combination of the midsole and insole guarantees optimal protection without compromising the foot&#8217;s functionality.<\/p>\n<p>Primarily designed for asphalt running, this sole is developed in collaboration with <strong>Soles by Michelin<\/strong>. This type of sole has been a part of Joe Nimble\u2019s vision for many years. Years ago, when Sebastian B\u00e4r (owner of Joe Nimble) visited the legendary <strong>Badwater Ultramarathon<\/strong> (&#8220;the toughest race for feet in the world&#8221;), runners were inspired by Joe Nimble\u2019s unique concept: <strong>ToeFreedom\u00ae = comfort = performance!<\/strong><\/p>\n<p>Now, you can benefit from a more stable base because your big toe has the space to be active, thus allowing it to control the foot. The lacing system promotes a secure fit, and combined with the material of the upper (and its direction), it adapts to various foot shapes and volumes.<\/p>\n<p>So whether you&#8217;re a triathlete, a street runner, or someone who simply enjoys running from time to time, the <strong>Joe Nimble Addict PRO-R<\/strong> is designed to enhance your performance.<\/p>\n<h3>Key Features:<\/h3>\n<ul>\n<li><strong>Upper Material:<\/strong> Multi-directional, breathable mesh<\/li>\n<li><strong>Lining:<\/strong> Partial textile lining<\/li>\n<li><strong>Outsole:<\/strong> Roadrunner sole (10mm) from <strong>Soles by Michelin<\/strong> (EVA midsole) with flex grooves and <strong>zero-drop<\/strong> (foot and heel are at the same level)<\/li>\n<li><strong>Insole:<\/strong> Joe Nimble\u00ae footbed (6mm) with EVA<\/li>\n<li><strong>Weight:<\/strong> &lt;250 grams (depending on size)<\/li>\n<\/ul>\n<h3>Additional Information:<\/h3>\n<ul>\n<li><strong>Style:<\/strong> Lace-up shoes, Running shoes<\/li>\n<li><strong>Activity:<\/strong> Everyday shoes, Running shoes, Road<\/li>\n<li><strong>Sole Thickness:<\/strong> 10 mm<\/li>\n<li><strong>Season:<\/strong> Spring, Summer, Fall, Winter<\/li>\n<\/ul>\n","protected":false},"featured_media":47242,"template":"","meta":{"om_disable_all_campaigns":false,"_price":"948","_stock":"","_tribe_ticket_header":"","_tribe_default_ticket_provider":"","_tribe_ticket_capacity":"5","_ticket_start_date":"","_ticket_end_date":"","_tribe_ticket_show_description":"","_tribe_ticket_show_not_going":false,"_tribe_ticket_use_global_stock":"","_tribe_ticket_global_stock_level":"","_global_stock_mode":"","_global_stock_cap":"","_tribe_rsvp_for_event":"","_tribe_ticket_going_count":"","_tribe_ticket_not_going_count":"","_tribe_tickets_list":"[]","_tribe_ticket_has_attendee_info_fields":false,"_tec_slr_enabled":"","_tec_slr_layout":""},"product_brand":[],"product_cat":[916,561],"product_tag":[],"class_list":{"0":"post-61158","1":"product","2":"type-product","3":"status-publish","4":"has-post-thumbnail","5":"product_cat-everyday-shoes","6":"product_cat-running-shoes","8":"first","9":"outofstock","10":"sale","11":"taxable","12":"shipping-taxable","13":"purchasable","14":"product-type-variable"},"acf":[],"yoast_head":"<!-- This site is optimized with the Yoast SEO plugin v27.1.1 - https:\/\/yoast.com\/product\/yoast-seo-wordpress\/ -->\n<title>Joe Nimble - nimbleToes Addict Women - VarjeSteg<\/title>\n<meta name=\"robots\" content=\"index, follow, max-snippet:-1, max-image-preview:large, max-video-preview:-1\" \/>\n<link rel=\"canonical\" href=\"https:\/\/varjesteg.se\/en\/product\/joe-nimble-nimbletoes-addict-women\/\" \/>\n<meta property=\"og:locale\" content=\"en_US\" \/>\n<meta property=\"og:type\" content=\"article\" \/>\n<meta property=\"og:title\" content=\"Joe Nimble - nimbleToes Addict Women - VarjeSteg\" \/>\n<meta property=\"og:description\" content=\"Joe Nimble has developed a flat sole that runs evenly across the entire foot, completely without Toespring. The sole is of uniform thickness, even at the toes. It is designed to harmonize perfectly with your body&#039;s biomechanics and flexibility. The combination of the midsole and insole guarantees optimal protection without compromising the foot&#039;s functionality.  Primarily designed for asphalt running, this sole is developed in collaboration with Soles by Michelin. This type of sole has been a part of Joe Nimble\u2019s vision for many years. Years ago, when Sebastian B\u00e4r (owner of Joe Nimble) visited the legendary Badwater Ultramarathon (&quot;the toughest race for feet in the world&quot;), runners were inspired by Joe Nimble\u2019s unique concept: ToeFreedom\u00ae = comfort = performance!  Now, you can benefit from a more stable base because your big toe has the space to be active, thus allowing it to control the foot. The lacing system promotes a secure fit, and combined with the material of the upper (and its direction), it adapts to various foot shapes and volumes.  So whether you&#039;re a triathlete, a street runner, or someone who simply enjoys running from time to time, the Joe Nimble Addict PRO-R is designed to enhance your performance. Key Features:   Upper Material: Multi-directional, breathable mesh  Lining: Partial textile lining  Outsole: Roadrunner sole (10mm) from Soles by Michelin (EVA midsole) with flex grooves and zero-drop (foot and heel are at the same level)  Insole: Joe Nimble\u00ae footbed (6mm) with EVA  Weight: &lt;250 grams (depending on size)  Additional Information:   Style: Lace-up shoes, Running shoes  Activity: Everyday shoes, Running shoes, Road  Sole Thickness: 10 mm  Season: Spring, Summer, Fall, Winter\" \/>\n<meta property=\"og:url\" content=\"https:\/\/varjesteg.se\/en\/product\/joe-nimble-nimbletoes-addict-women\/\" \/>\n<meta property=\"og:site_name\" content=\"VarjeSteg\" \/>\n<meta property=\"article:publisher\" content=\"https:\/\/www.facebook.com\/varjesteg\" \/>\n<meta property=\"article:modified_time\" content=\"2025-06-30T22:00:29+00:00\" \/>\n<meta property=\"og:image\" content=\"https:\/\/varjesteg.se\/wp-content\/uploads\/2022\/03\/joe-nimble-addict-women.jpg\" \/>\n\t<meta property=\"og:image:width\" content=\"600\" \/>\n\t<meta property=\"og:image:height\" content=\"600\" \/>\n\t<meta property=\"og:image:type\" content=\"image\/jpeg\" \/>\n<meta name=\"twitter:card\" content=\"summary_large_image\" \/>\n<meta name=\"twitter:label1\" content=\"Est. reading time\" \/>\n\t<meta name=\"twitter:data1\" content=\"1 minute\" \/>\n<script type=\"application\/ld+json\" class=\"yoast-schema-graph\">{\"@context\":\"https:\/\/schema.org\",\"@graph\":[{\"@type\":\"WebPage\",\"@id\":\"https:\/\/varjesteg.se\/en\/product\/joe-nimble-nimbletoes-addict-women\/\",\"url\":\"https:\/\/varjesteg.se\/en\/product\/joe-nimble-nimbletoes-addict-women\/\",\"name\":\"Joe Nimble - nimbleToes Addict Women - VarjeSteg\",\"isPartOf\":{\"@id\":\"https:\/\/varjesteg.se\/en\/#website\"},\"primaryImageOfPage\":{\"@id\":\"https:\/\/varjesteg.se\/en\/product\/joe-nimble-nimbletoes-addict-women\/#primaryimage\"},\"image\":{\"@id\":\"https:\/\/varjesteg.se\/en\/product\/joe-nimble-nimbletoes-addict-women\/#primaryimage\"},\"thumbnailUrl\":\"https:\/\/varjesteg.se\/wp-content\/uploads\/2022\/03\/joe-nimble-addict-women.jpg\",\"datePublished\":\"2022-03-28T20:08:19+00:00\",\"dateModified\":\"2025-06-30T22:00:29+00:00\",\"breadcrumb\":{\"@id\":\"https:\/\/varjesteg.se\/en\/product\/joe-nimble-nimbletoes-addict-women\/#breadcrumb\"},\"inLanguage\":\"en-US\",\"potentialAction\":[{\"@type\":\"ReadAction\",\"target\":[\"https:\/\/varjesteg.se\/en\/product\/joe-nimble-nimbletoes-addict-women\/\"]}]},{\"@type\":\"ImageObject\",\"inLanguage\":\"en-US\",\"@id\":\"https:\/\/varjesteg.se\/en\/product\/joe-nimble-nimbletoes-addict-women\/#primaryimage\",\"url\":\"https:\/\/varjesteg.se\/wp-content\/uploads\/2022\/03\/joe-nimble-addict-women.jpg\",\"contentUrl\":\"https:\/\/varjesteg.se\/wp-content\/uploads\/2022\/03\/joe-nimble-addict-women.jpg\",\"width\":600,\"height\":600},{\"@type\":\"BreadcrumbList\",\"@id\":\"https:\/\/varjesteg.se\/en\/product\/joe-nimble-nimbletoes-addict-women\/#breadcrumb\",\"itemListElement\":[{\"@type\":\"ListItem\",\"position\":1,\"name\":\"Hem\",\"item\":\"https:\/\/varjesteg.se\/en\/\"},{\"@type\":\"ListItem\",\"position\":2,\"name\":\"Store\",\"item\":\"https:\/\/varjesteg.se\/en\/store\/\"},{\"@type\":\"ListItem\",\"position\":3,\"name\":\"Everyday shoes\",\"item\":\"https:\/\/varjesteg.se\/en\/product-category\/everyday-shoes\/\"},{\"@type\":\"ListItem\",\"position\":4,\"name\":\"Joe Nimble &#8211; nimbleToes Addict Women\"}]},{\"@type\":\"WebSite\",\"@id\":\"https:\/\/varjesteg.se\/en\/#website\",\"url\":\"https:\/\/varjesteg.se\/en\/\",\"name\":\"Varjesteg\",\"description\":\"L\u00f6ptr\u00e4ning f\u00f6r alla\",\"publisher\":{\"@id\":\"https:\/\/varjesteg.se\/en\/#organization\"},\"potentialAction\":[{\"@type\":\"SearchAction\",\"target\":{\"@type\":\"EntryPoint\",\"urlTemplate\":\"https:\/\/varjesteg.se\/en\/?s={search_term_string}\"},\"query-input\":{\"@type\":\"PropertyValueSpecification\",\"valueRequired\":true,\"valueName\":\"search_term_string\"}}],\"inLanguage\":\"en-US\"},{\"@type\":\"Organization\",\"@id\":\"https:\/\/varjesteg.se\/en\/#organization\",\"name\":\"Varjesteg\",\"url\":\"https:\/\/varjesteg.se\/en\/\",\"logo\":{\"@type\":\"ImageObject\",\"inLanguage\":\"en-US\",\"@id\":\"https:\/\/varjesteg.se\/en\/#\/schema\/logo\/image\/\",\"url\":\"https:\/\/varjesteg.se\/wp-content\/uploads\/2024\/02\/varjesteg-logo.png.webp\",\"contentUrl\":\"https:\/\/varjesteg.se\/wp-content\/uploads\/2024\/02\/varjesteg-logo.png.webp\",\"width\":819,\"height\":200,\"caption\":\"Varjesteg\"},\"image\":{\"@id\":\"https:\/\/varjesteg.se\/en\/#\/schema\/logo\/image\/\"},\"sameAs\":[\"https:\/\/www.facebook.com\/varjesteg\",\"https:\/\/www.tiktok.com\/@varjesteg?is_from_webapp=1&sender_device=pc\",\"https:\/\/www.instagram.com\/varjesteg.se\/\",\"https:\/\/se.linkedin.com\/company\/varjesteg\"]}]}<\/script>\n<!-- \/ Yoast SEO plugin. -->","yoast_head_json":{"title":"Joe Nimble - nimbleToes Addict Women - VarjeSteg","robots":{"index":"index","follow":"follow","max-snippet":"max-snippet:-1","max-image-preview":"max-image-preview:large","max-video-preview":"max-video-preview:-1"},"canonical":"https:\/\/varjesteg.se\/en\/product\/joe-nimble-nimbletoes-addict-women\/","og_locale":"en_US","og_type":"article","og_title":"Joe Nimble - nimbleToes Addict Women - VarjeSteg","og_description":"Joe Nimble has developed a flat sole that runs evenly across the entire foot, completely without Toespring. The sole is of uniform thickness, even at the toes. It is designed to harmonize perfectly with your body's biomechanics and flexibility. The combination of the midsole and insole guarantees optimal protection without compromising the foot's functionality.  Primarily designed for asphalt running, this sole is developed in collaboration with Soles by Michelin. This type of sole has been a part of Joe Nimble\u2019s vision for many years. Years ago, when Sebastian B\u00e4r (owner of Joe Nimble) visited the legendary Badwater Ultramarathon (\"the toughest race for feet in the world\"), runners were inspired by Joe Nimble\u2019s unique concept: ToeFreedom\u00ae = comfort = performance!  Now, you can benefit from a more stable base because your big toe has the space to be active, thus allowing it to control the foot. The lacing system promotes a secure fit, and combined with the material of the upper (and its direction), it adapts to various foot shapes and volumes.  So whether you're a triathlete, a street runner, or someone who simply enjoys running from time to time, the Joe Nimble Addict PRO-R is designed to enhance your performance. Key Features:   Upper Material: Multi-directional, breathable mesh  Lining: Partial textile lining  Outsole: Roadrunner sole (10mm) from Soles by Michelin (EVA midsole) with flex grooves and zero-drop (foot and heel are at the same level)  Insole: Joe Nimble\u00ae footbed (6mm) with EVA  Weight: &lt;250 grams (depending on size)  Additional Information:   Style: Lace-up shoes, Running shoes  Activity: Everyday shoes, Running shoes, Road  Sole Thickness: 10 mm  Season: Spring, Summer, Fall, Winter","og_url":"https:\/\/varjesteg.se\/en\/product\/joe-nimble-nimbletoes-addict-women\/","og_site_name":"VarjeSteg","article_publisher":"https:\/\/www.facebook.com\/varjesteg","article_modified_time":"2025-06-30T22:00:29+00:00","og_image":[{"width":600,"height":600,"url":"https:\/\/varjesteg.se\/wp-content\/uploads\/2022\/03\/joe-nimble-addict-women.jpg","type":"image\/jpeg"}],"twitter_card":"summary_large_image","twitter_misc":{"Est. reading time":"1 minute"},"schema":{"@context":"https:\/\/schema.org","@graph":[{"@type":"WebPage","@id":"https:\/\/varjesteg.se\/en\/product\/joe-nimble-nimbletoes-addict-women\/","url":"https:\/\/varjesteg.se\/en\/product\/joe-nimble-nimbletoes-addict-women\/","name":"Joe Nimble - nimbleToes Addict Women - VarjeSteg","isPartOf":{"@id":"https:\/\/varjesteg.se\/en\/#website"},"primaryImageOfPage":{"@id":"https:\/\/varjesteg.se\/en\/product\/joe-nimble-nimbletoes-addict-women\/#primaryimage"},"image":{"@id":"https:\/\/varjesteg.se\/en\/product\/joe-nimble-nimbletoes-addict-women\/#primaryimage"},"thumbnailUrl":"https:\/\/varjesteg.se\/wp-content\/uploads\/2022\/03\/joe-nimble-addict-women.jpg","datePublished":"2022-03-28T20:08:19+00:00","dateModified":"2025-06-30T22:00:29+00:00","breadcrumb":{"@id":"https:\/\/varjesteg.se\/en\/product\/joe-nimble-nimbletoes-addict-women\/#breadcrumb"},"inLanguage":"en-US","potentialAction":[{"@type":"ReadAction","target":["https:\/\/varjesteg.se\/en\/product\/joe-nimble-nimbletoes-addict-women\/"]}]},{"@type":"ImageObject","inLanguage":"en-US","@id":"https:\/\/varjesteg.se\/en\/product\/joe-nimble-nimbletoes-addict-women\/#primaryimage","url":"https:\/\/varjesteg.se\/wp-content\/uploads\/2022\/03\/joe-nimble-addict-women.jpg","contentUrl":"https:\/\/varjesteg.se\/wp-content\/uploads\/2022\/03\/joe-nimble-addict-women.jpg","width":600,"height":600},{"@type":"BreadcrumbList","@id":"https:\/\/varjesteg.se\/en\/product\/joe-nimble-nimbletoes-addict-women\/#breadcrumb","itemListElement":[{"@type":"ListItem","position":1,"name":"Hem","item":"https:\/\/varjesteg.se\/en\/"},{"@type":"ListItem","position":2,"name":"Store","item":"https:\/\/varjesteg.se\/en\/store\/"},{"@type":"ListItem","position":3,"name":"Everyday shoes","item":"https:\/\/varjesteg.se\/en\/product-category\/everyday-shoes\/"},{"@type":"ListItem","position":4,"name":"Joe Nimble &#8211; nimbleToes Addict Women"}]},{"@type":"WebSite","@id":"https:\/\/varjesteg.se\/en\/#website","url":"https:\/\/varjesteg.se\/en\/","name":"Varjesteg","description":"L\u00f6ptr\u00e4ning f\u00f6r alla","publisher":{"@id":"https:\/\/varjesteg.se\/en\/#organization"},"potentialAction":[{"@type":"SearchAction","target":{"@type":"EntryPoint","urlTemplate":"https:\/\/varjesteg.se\/en\/?s={search_term_string}"},"query-input":{"@type":"PropertyValueSpecification","valueRequired":true,"valueName":"search_term_string"}}],"inLanguage":"en-US"},{"@type":"Organization","@id":"https:\/\/varjesteg.se\/en\/#organization","name":"Varjesteg","url":"https:\/\/varjesteg.se\/en\/","logo":{"@type":"ImageObject","inLanguage":"en-US","@id":"https:\/\/varjesteg.se\/en\/#\/schema\/logo\/image\/","url":"https:\/\/varjesteg.se\/wp-content\/uploads\/2024\/02\/varjesteg-logo.png.webp","contentUrl":"https:\/\/varjesteg.se\/wp-content\/uploads\/2024\/02\/varjesteg-logo.png.webp","width":819,"height":200,"caption":"Varjesteg"},"image":{"@id":"https:\/\/varjesteg.se\/en\/#\/schema\/logo\/image\/"},"sameAs":["https:\/\/www.facebook.com\/varjesteg","https:\/\/www.tiktok.com\/@varjesteg?is_from_webapp=1&sender_device=pc","https:\/\/www.instagram.com\/varjesteg.se\/","https:\/\/se.linkedin.com\/company\/varjesteg"]}]}},"_links":{"self":[{"href":"https:\/\/varjesteg.se\/en\/wp-json\/wp\/v2\/product\/61158","targetHints":{"allow":["GET"]}}],"collection":[{"href":"https:\/\/varjesteg.se\/en\/wp-json\/wp\/v2\/product"}],"about":[{"href":"https:\/\/varjesteg.se\/en\/wp-json\/wp\/v2\/types\/product"}],"wp:featuredmedia":[{"embeddable":true,"href":"https:\/\/varjesteg.se\/en\/wp-json\/wp\/v2\/media\/47242"}],"wp:attachment":[{"href":"https:\/\/varjesteg.se\/en\/wp-json\/wp\/v2\/media?parent=61158"}],"wp:term":[{"taxonomy":"product_brand","embeddable":true,"href":"https:\/\/varjesteg.se\/en\/wp-json\/wp\/v2\/product_brand?post=61158"},{"taxonomy":"product_cat","embeddable":true,"href":"https:\/\/varjesteg.se\/en\/wp-json\/wp\/v2\/product_cat?post=61158"},{"taxonomy":"product_tag","embeddable":true,"href":"https:\/\/varjesteg.se\/en\/wp-json\/wp\/v2\/product_tag?post=61158"}],"curies":[{"name":"wp","href":"https:\/\/api.w.org\/{rel}","templated":true}]}}