

{"id":61153,"date":"2024-05-23T10:14:37","date_gmt":"2024-05-23T08:14:37","guid":{"rendered":"https:\/\/varjesteg.se\/produkt\/joe-nimble-addict-pro-r-women\/"},"modified":"2024-12-16T00:00:39","modified_gmt":"2024-12-15T22:00:39","slug":"joe-nimble-addict-pro-r-women","status":"publish","type":"product","link":"https:\/\/varjesteg.se\/en\/product\/joe-nimble-addict-pro-r-women\/","title":{"rendered":"Joe Nimble &#8211; Addict Pro-R Women"},"content":{"rendered":"<div class=\"flex-shrink-0 flex flex-col relative items-end\">\n<div>\n<div class=\"pt-0\">\n<div class=\"gizmo-bot-avatar flex h-8 w-8 items-center justify-center overflow-hidden rounded-full\">\n<div class=\"relative p-1 rounded-sm flex items-center justify-center bg-token-main-surface-primary text-token-text-primary h-8 w-8\">Experience a whole new level of running with Joe Nimble&#8217;s <strong>Addict PRO-R<\/strong>, the running shoes that will elevate your performance on the track to new heights. With its groundbreaking <strong>ToePilot\u00ae technology<\/strong> and Joe Nimble&#8217;s proven <strong>Toefreedom\u00ae philosophy<\/strong>, the <strong>Addict PRO-R<\/strong> offers everything you need to maximize your running training.<\/div>\n<\/div>\n<\/div>\n<\/div>\n<\/div>\n","protected":false},"excerpt":{"rendered":"<div class=\"flex-shrink-0 flex flex-col relative items-end\">\n<div>\n<div class=\"pt-0\">\n<div class=\"gizmo-bot-avatar flex h-8 w-8 items-center justify-center overflow-hidden rounded-full\">\n<div class=\"relative p-1 rounded-sm flex items-center justify-center bg-token-main-surface-primary text-token-text-primary h-8 w-8\">Experience a whole new level of running with Joe Nimble&#8217;s <strong>Addict PRO-R<\/strong>, the running shoes that will elevate your performance on the track to new heights. With its groundbreaking <strong>ToePilot\u00ae technology<\/strong> and Joe Nimble&#8217;s proven <strong>Toefreedom\u00ae philosophy<\/strong>, the <strong>Addict PRO-R<\/strong> offers everything you need to maximize your running training.<\/div>\n<\/div>\n<\/div>\n<\/div>\n<\/div>\n","protected":false},"featured_media":51787,"template":"","meta":{"om_disable_all_campaigns":false,"_price":"","_stock":"","_tribe_ticket_header":"","_tribe_default_ticket_provider":"","_tribe_ticket_capacity":"2","_ticket_start_date":"","_ticket_end_date":"","_tribe_ticket_show_description":"","_tribe_ticket_show_not_going":false,"_tribe_ticket_use_global_stock":"","_tribe_ticket_global_stock_level":"","_global_stock_mode":"","_global_stock_cap":"","_tribe_rsvp_for_event":"","_tribe_ticket_going_count":"","_tribe_ticket_not_going_count":"","_tribe_tickets_list":"[]","_tribe_ticket_has_attendee_info_fields":false,"_tec_slr_enabled":"","_tec_slr_layout":""},"product_brand":[],"product_cat":[561],"product_tag":[],"class_list":{"0":"post-61153","1":"product","2":"type-product","3":"status-publish","4":"has-post-thumbnail","5":"product_cat-running-shoes","7":"first","8":"outofstock","9":"taxable","10":"shipping-taxable","11":"product-type-variable"},"acf":[],"yoast_head":"<!-- This site is optimized with the Yoast SEO plugin v27.1.1 - https:\/\/yoast.com\/product\/yoast-seo-wordpress\/ -->\n<title>Joe Nimble - Addict Pro-R Women - VarjeSteg<\/title>\n<meta name=\"robots\" content=\"index, follow, max-snippet:-1, max-image-preview:large, max-video-preview:-1\" \/>\n<link rel=\"canonical\" href=\"https:\/\/varjesteg.se\/en\/product\/joe-nimble-addict-pro-r-women\/\" \/>\n<meta property=\"og:locale\" content=\"en_US\" \/>\n<meta property=\"og:type\" content=\"article\" \/>\n<meta property=\"og:title\" content=\"Joe Nimble - Addict Pro-R Women - VarjeSteg\" \/>\n<meta property=\"og:description\" content=\"Experience a whole new level of running with Joe Nimble&#039;s Addict PRO-R, the running shoes that will elevate your performance on the track to new heights. With its groundbreaking ToePilot\u00ae technology and Joe Nimble&#039;s proven Toefreedom\u00ae philosophy, the Addict PRO-R offers everything you need to maximize your running training.\" \/>\n<meta property=\"og:url\" content=\"https:\/\/varjesteg.se\/en\/product\/joe-nimble-addict-pro-r-women\/\" \/>\n<meta property=\"og:site_name\" content=\"VarjeSteg\" \/>\n<meta property=\"article:publisher\" content=\"https:\/\/www.facebook.com\/varjesteg\" \/>\n<meta property=\"article:modified_time\" content=\"2024-12-15T22:00:39+00:00\" \/>\n<meta property=\"og:image\" content=\"https:\/\/varjesteg.se\/wp-content\/uploads\/2024\/05\/joe-nimble-addict-pro-r-m.jpeg\" \/>\n\t<meta property=\"og:image:width\" content=\"760\" \/>\n\t<meta property=\"og:image:height\" content=\"760\" \/>\n\t<meta property=\"og:image:type\" content=\"image\/jpeg\" \/>\n<meta name=\"twitter:card\" content=\"summary_large_image\" \/>\n<meta name=\"twitter:label1\" content=\"Est. reading time\" \/>\n\t<meta name=\"twitter:data1\" content=\"1 minute\" \/>\n<script type=\"application\/ld+json\" class=\"yoast-schema-graph\">{\"@context\":\"https:\/\/schema.org\",\"@graph\":[{\"@type\":\"WebPage\",\"@id\":\"https:\/\/varjesteg.se\/en\/product\/joe-nimble-addict-pro-r-women\/\",\"url\":\"https:\/\/varjesteg.se\/en\/product\/joe-nimble-addict-pro-r-women\/\",\"name\":\"Joe Nimble - Addict Pro-R Women - VarjeSteg\",\"isPartOf\":{\"@id\":\"https:\/\/varjesteg.se\/en\/#website\"},\"primaryImageOfPage\":{\"@id\":\"https:\/\/varjesteg.se\/en\/product\/joe-nimble-addict-pro-r-women\/#primaryimage\"},\"image\":{\"@id\":\"https:\/\/varjesteg.se\/en\/product\/joe-nimble-addict-pro-r-women\/#primaryimage\"},\"thumbnailUrl\":\"https:\/\/varjesteg.se\/wp-content\/uploads\/2024\/05\/joe-nimble-addict-pro-r-m.jpeg\",\"datePublished\":\"2024-05-23T08:14:37+00:00\",\"dateModified\":\"2024-12-15T22:00:39+00:00\",\"breadcrumb\":{\"@id\":\"https:\/\/varjesteg.se\/en\/product\/joe-nimble-addict-pro-r-women\/#breadcrumb\"},\"inLanguage\":\"en-US\",\"potentialAction\":[{\"@type\":\"ReadAction\",\"target\":[\"https:\/\/varjesteg.se\/en\/product\/joe-nimble-addict-pro-r-women\/\"]}]},{\"@type\":\"ImageObject\",\"inLanguage\":\"en-US\",\"@id\":\"https:\/\/varjesteg.se\/en\/product\/joe-nimble-addict-pro-r-women\/#primaryimage\",\"url\":\"https:\/\/varjesteg.se\/wp-content\/uploads\/2024\/05\/joe-nimble-addict-pro-r-m.jpeg\",\"contentUrl\":\"https:\/\/varjesteg.se\/wp-content\/uploads\/2024\/05\/joe-nimble-addict-pro-r-m.jpeg\",\"width\":760,\"height\":760},{\"@type\":\"BreadcrumbList\",\"@id\":\"https:\/\/varjesteg.se\/en\/product\/joe-nimble-addict-pro-r-women\/#breadcrumb\",\"itemListElement\":[{\"@type\":\"ListItem\",\"position\":1,\"name\":\"Hem\",\"item\":\"https:\/\/varjesteg.se\/en\/\"},{\"@type\":\"ListItem\",\"position\":2,\"name\":\"Store\",\"item\":\"https:\/\/varjesteg.se\/en\/store\/\"},{\"@type\":\"ListItem\",\"position\":3,\"name\":\"Running shoes\",\"item\":\"https:\/\/varjesteg.se\/en\/product-category\/running-shoes\/\"},{\"@type\":\"ListItem\",\"position\":4,\"name\":\"Joe Nimble &#8211; Addict Pro-R Women\"}]},{\"@type\":\"WebSite\",\"@id\":\"https:\/\/varjesteg.se\/en\/#website\",\"url\":\"https:\/\/varjesteg.se\/en\/\",\"name\":\"Varjesteg\",\"description\":\"L\u00f6ptr\u00e4ning f\u00f6r alla\",\"publisher\":{\"@id\":\"https:\/\/varjesteg.se\/en\/#organization\"},\"potentialAction\":[{\"@type\":\"SearchAction\",\"target\":{\"@type\":\"EntryPoint\",\"urlTemplate\":\"https:\/\/varjesteg.se\/en\/?s={search_term_string}\"},\"query-input\":{\"@type\":\"PropertyValueSpecification\",\"valueRequired\":true,\"valueName\":\"search_term_string\"}}],\"inLanguage\":\"en-US\"},{\"@type\":\"Organization\",\"@id\":\"https:\/\/varjesteg.se\/en\/#organization\",\"name\":\"Varjesteg\",\"url\":\"https:\/\/varjesteg.se\/en\/\",\"logo\":{\"@type\":\"ImageObject\",\"inLanguage\":\"en-US\",\"@id\":\"https:\/\/varjesteg.se\/en\/#\/schema\/logo\/image\/\",\"url\":\"https:\/\/varjesteg.se\/wp-content\/uploads\/2024\/02\/varjesteg-logo.png.webp\",\"contentUrl\":\"https:\/\/varjesteg.se\/wp-content\/uploads\/2024\/02\/varjesteg-logo.png.webp\",\"width\":819,\"height\":200,\"caption\":\"Varjesteg\"},\"image\":{\"@id\":\"https:\/\/varjesteg.se\/en\/#\/schema\/logo\/image\/\"},\"sameAs\":[\"https:\/\/www.facebook.com\/varjesteg\",\"https:\/\/www.tiktok.com\/@varjesteg?is_from_webapp=1&sender_device=pc\",\"https:\/\/www.instagram.com\/varjesteg.se\/\",\"https:\/\/se.linkedin.com\/company\/varjesteg\"]}]}<\/script>\n<!-- \/ Yoast SEO plugin. -->","yoast_head_json":{"title":"Joe Nimble - Addict Pro-R Women - VarjeSteg","robots":{"index":"index","follow":"follow","max-snippet":"max-snippet:-1","max-image-preview":"max-image-preview:large","max-video-preview":"max-video-preview:-1"},"canonical":"https:\/\/varjesteg.se\/en\/product\/joe-nimble-addict-pro-r-women\/","og_locale":"en_US","og_type":"article","og_title":"Joe Nimble - Addict Pro-R Women - VarjeSteg","og_description":"Experience a whole new level of running with Joe Nimble's Addict PRO-R, the running shoes that will elevate your performance on the track to new heights. With its groundbreaking ToePilot\u00ae technology and Joe Nimble's proven Toefreedom\u00ae philosophy, the Addict PRO-R offers everything you need to maximize your running training.","og_url":"https:\/\/varjesteg.se\/en\/product\/joe-nimble-addict-pro-r-women\/","og_site_name":"VarjeSteg","article_publisher":"https:\/\/www.facebook.com\/varjesteg","article_modified_time":"2024-12-15T22:00:39+00:00","og_image":[{"width":760,"height":760,"url":"https:\/\/varjesteg.se\/wp-content\/uploads\/2024\/05\/joe-nimble-addict-pro-r-m.jpeg","type":"image\/jpeg"}],"twitter_card":"summary_large_image","twitter_misc":{"Est. reading time":"1 minute"},"schema":{"@context":"https:\/\/schema.org","@graph":[{"@type":"WebPage","@id":"https:\/\/varjesteg.se\/en\/product\/joe-nimble-addict-pro-r-women\/","url":"https:\/\/varjesteg.se\/en\/product\/joe-nimble-addict-pro-r-women\/","name":"Joe Nimble - Addict Pro-R Women - VarjeSteg","isPartOf":{"@id":"https:\/\/varjesteg.se\/en\/#website"},"primaryImageOfPage":{"@id":"https:\/\/varjesteg.se\/en\/product\/joe-nimble-addict-pro-r-women\/#primaryimage"},"image":{"@id":"https:\/\/varjesteg.se\/en\/product\/joe-nimble-addict-pro-r-women\/#primaryimage"},"thumbnailUrl":"https:\/\/varjesteg.se\/wp-content\/uploads\/2024\/05\/joe-nimble-addict-pro-r-m.jpeg","datePublished":"2024-05-23T08:14:37+00:00","dateModified":"2024-12-15T22:00:39+00:00","breadcrumb":{"@id":"https:\/\/varjesteg.se\/en\/product\/joe-nimble-addict-pro-r-women\/#breadcrumb"},"inLanguage":"en-US","potentialAction":[{"@type":"ReadAction","target":["https:\/\/varjesteg.se\/en\/product\/joe-nimble-addict-pro-r-women\/"]}]},{"@type":"ImageObject","inLanguage":"en-US","@id":"https:\/\/varjesteg.se\/en\/product\/joe-nimble-addict-pro-r-women\/#primaryimage","url":"https:\/\/varjesteg.se\/wp-content\/uploads\/2024\/05\/joe-nimble-addict-pro-r-m.jpeg","contentUrl":"https:\/\/varjesteg.se\/wp-content\/uploads\/2024\/05\/joe-nimble-addict-pro-r-m.jpeg","width":760,"height":760},{"@type":"BreadcrumbList","@id":"https:\/\/varjesteg.se\/en\/product\/joe-nimble-addict-pro-r-women\/#breadcrumb","itemListElement":[{"@type":"ListItem","position":1,"name":"Hem","item":"https:\/\/varjesteg.se\/en\/"},{"@type":"ListItem","position":2,"name":"Store","item":"https:\/\/varjesteg.se\/en\/store\/"},{"@type":"ListItem","position":3,"name":"Running shoes","item":"https:\/\/varjesteg.se\/en\/product-category\/running-shoes\/"},{"@type":"ListItem","position":4,"name":"Joe Nimble &#8211; Addict Pro-R Women"}]},{"@type":"WebSite","@id":"https:\/\/varjesteg.se\/en\/#website","url":"https:\/\/varjesteg.se\/en\/","name":"Varjesteg","description":"L\u00f6ptr\u00e4ning f\u00f6r alla","publisher":{"@id":"https:\/\/varjesteg.se\/en\/#organization"},"potentialAction":[{"@type":"SearchAction","target":{"@type":"EntryPoint","urlTemplate":"https:\/\/varjesteg.se\/en\/?s={search_term_string}"},"query-input":{"@type":"PropertyValueSpecification","valueRequired":true,"valueName":"search_term_string"}}],"inLanguage":"en-US"},{"@type":"Organization","@id":"https:\/\/varjesteg.se\/en\/#organization","name":"Varjesteg","url":"https:\/\/varjesteg.se\/en\/","logo":{"@type":"ImageObject","inLanguage":"en-US","@id":"https:\/\/varjesteg.se\/en\/#\/schema\/logo\/image\/","url":"https:\/\/varjesteg.se\/wp-content\/uploads\/2024\/02\/varjesteg-logo.png.webp","contentUrl":"https:\/\/varjesteg.se\/wp-content\/uploads\/2024\/02\/varjesteg-logo.png.webp","width":819,"height":200,"caption":"Varjesteg"},"image":{"@id":"https:\/\/varjesteg.se\/en\/#\/schema\/logo\/image\/"},"sameAs":["https:\/\/www.facebook.com\/varjesteg","https:\/\/www.tiktok.com\/@varjesteg?is_from_webapp=1&sender_device=pc","https:\/\/www.instagram.com\/varjesteg.se\/","https:\/\/se.linkedin.com\/company\/varjesteg"]}]}},"_links":{"self":[{"href":"https:\/\/varjesteg.se\/en\/wp-json\/wp\/v2\/product\/61153","targetHints":{"allow":["GET"]}}],"collection":[{"href":"https:\/\/varjesteg.se\/en\/wp-json\/wp\/v2\/product"}],"about":[{"href":"https:\/\/varjesteg.se\/en\/wp-json\/wp\/v2\/types\/product"}],"wp:featuredmedia":[{"embeddable":true,"href":"https:\/\/varjesteg.se\/en\/wp-json\/wp\/v2\/media\/51787"}],"wp:attachment":[{"href":"https:\/\/varjesteg.se\/en\/wp-json\/wp\/v2\/media?parent=61153"}],"wp:term":[{"taxonomy":"product_brand","embeddable":true,"href":"https:\/\/varjesteg.se\/en\/wp-json\/wp\/v2\/product_brand?post=61153"},{"taxonomy":"product_cat","embeddable":true,"href":"https:\/\/varjesteg.se\/en\/wp-json\/wp\/v2\/product_cat?post=61153"},{"taxonomy":"product_tag","embeddable":true,"href":"https:\/\/varjesteg.se\/en\/wp-json\/wp\/v2\/product_tag?post=61153"}],"curies":[{"name":"wp","href":"https:\/\/api.w.org\/{rel}","templated":true}]}}