

{"id":61134,"date":"2023-07-05T13:13:31","date_gmt":"2023-07-05T11:13:31","guid":{"rendered":"https:\/\/varjesteg.se\/produkt\/altra-torin-men\/"},"modified":"2026-04-21T01:28:34","modified_gmt":"2026-04-20T23:28:34","slug":"altra-torin-men","status":"publish","type":"product","link":"https:\/\/varjesteg.se\/en\/product\/altra-torin-men\/","title":{"rendered":"Altra Torin Men"},"content":{"rendered":"<p>The <strong>Torin 7<\/strong> is a versatile and well-cushioned running shoe, perfect for daily training, offering runners a more natural running experience thanks to its <strong>zero drop<\/strong> and wide <strong>FootShape<\/strong> fit.<\/p>\n<p>This version includes several updates that make it the best yet. The midsole has been improved with an additional <strong>2 mm stack height<\/strong> and <strong>Altra\u2019s EGO MAX foam<\/strong>, which is lighter, more cushioned, and more responsive than previous materials. This makes the shoe both lively and gentle on the feet. The upper has also been enhanced with an <strong>engineered mesh<\/strong> that is breathable and flexible, along with a softer tongue and heel counter, providing extra comfort and a secure fit around the heel.<\/p>\n<p>As before, the shoe features a generous toe box that allows your toes to spread naturally, and combined with the <strong>zero drop<\/strong> design, it feels incredibly natural to run in.<\/p>\n<p>The outsole is grooved for increased flexibility, and the rubber provides secure traction and long-lasting durability.<\/p>\n<h3>Key Features:<\/h3>\n<ul>\n<li><strong>Stack Height:<\/strong> 30 mm heel, 30 mm forefoot<\/li>\n<li><strong>Drop:<\/strong> 0 mm<\/li>\n<li><strong>Weight:<\/strong> 230g (US 8, EU 39)<\/li>\n<li><strong>Smooth and versatile shoe with 0 mm drop<\/strong><\/li>\n<li><strong>EGO MAX midsole for a responsive feel<\/strong><\/li>\n<li><strong>Updated upper for improved comfort and fit<\/strong><\/li>\n<li><strong>Generous toe box with plenty of space for toes<\/strong><\/li>\n<\/ul>\n","protected":false},"excerpt":{"rendered":"<p>The <strong>Torin 7<\/strong> is a versatile and well-cushioned running shoe, perfect for daily training, offering runners a more natural running experience thanks to its <strong>zero drop<\/strong> and wide <strong>FootShape<\/strong> fit.<\/p>\n<p>This version includes several updates that make it the best yet. The midsole has been improved with an additional <strong>2 mm stack height<\/strong> and <strong>Altra\u2019s EGO MAX foam<\/strong>, which is lighter, more cushioned, and more responsive than previous materials. This makes the shoe both lively and gentle on the feet. The upper has also been enhanced with an <strong>engineered mesh<\/strong> that is breathable and flexible, along with a softer tongue and heel counter, providing extra comfort and a secure fit around the heel.<\/p>\n<p>As before, the shoe features a generous toe box that allows your toes to spread naturally, and combined with the <strong>zero drop<\/strong> design, it feels incredibly natural to run in.<\/p>\n<p>The outsole is grooved for increased flexibility, and the rubber provides secure traction and long-lasting durability.<\/p>\n<h3>Key Features:<\/h3>\n<ul>\n<li><strong>Stack Height:<\/strong> 30 mm heel, 30 mm forefoot<\/li>\n<li><strong>Drop:<\/strong> 0 mm<\/li>\n<li><strong>Weight:<\/strong> 230g (US 8, EU 39)<\/li>\n<li><strong>Smooth and versatile shoe with 0 mm drop<\/strong><\/li>\n<li><strong>EGO MAX midsole for a responsive feel<\/strong><\/li>\n<li><strong>Updated upper for improved comfort and fit<\/strong><\/li>\n<li><strong>Generous toe box with plenty of space for toes<\/strong><\/li>\n<\/ul>\n","protected":false},"featured_media":78388,"template":"","meta":{"om_disable_all_campaigns":false,"_price":"1899","_stock":"","_tribe_ticket_header":"","_tribe_default_ticket_provider":"","_tribe_ticket_capacity":"5","_ticket_start_date":"","_ticket_end_date":"","_tribe_ticket_show_description":"","_tribe_ticket_show_not_going":false,"_tribe_ticket_use_global_stock":"","_tribe_ticket_global_stock_level":"","_global_stock_mode":"","_global_stock_cap":"","_tribe_rsvp_for_event":"","_tribe_ticket_going_count":"","_tribe_ticket_not_going_count":"","_tribe_tickets_list":"[]","_tribe_ticket_has_attendee_info_fields":false,"_tec_slr_enabled":"","_tec_slr_layout":""},"product_brand":[],"product_cat":[561],"product_tag":[],"class_list":{"0":"post-61134","1":"product","2":"type-product","3":"status-publish","4":"has-post-thumbnail","5":"product_cat-running-shoes","7":"first","8":"instock","9":"taxable","10":"shipping-taxable","11":"purchasable","12":"product-type-variable"},"acf":[],"yoast_head":"<!-- This site is optimized with the Yoast SEO plugin v27.1.1 - https:\/\/yoast.com\/product\/yoast-seo-wordpress\/ -->\n<title>Altra Torin Men - VarjeSteg<\/title>\n<meta name=\"robots\" content=\"index, follow, max-snippet:-1, max-image-preview:large, max-video-preview:-1\" \/>\n<link rel=\"canonical\" href=\"https:\/\/varjesteg.se\/en\/product\/altra-torin-men\/\" \/>\n<meta property=\"og:locale\" content=\"en_US\" \/>\n<meta property=\"og:type\" content=\"article\" \/>\n<meta property=\"og:title\" content=\"Altra Torin Men - VarjeSteg\" \/>\n<meta property=\"og:description\" content=\"The Torin 7 is a versatile and well-cushioned running shoe, perfect for daily training, offering runners a more natural running experience thanks to its zero drop and wide FootShape fit.  This version includes several updates that make it the best yet. The midsole has been improved with an additional 2 mm stack height and Altra\u2019s EGO MAX foam, which is lighter, more cushioned, and more responsive than previous materials. This makes the shoe both lively and gentle on the feet. The upper has also been enhanced with an engineered mesh that is breathable and flexible, along with a softer tongue and heel counter, providing extra comfort and a secure fit around the heel.  As before, the shoe features a generous toe box that allows your toes to spread naturally, and combined with the zero drop design, it feels incredibly natural to run in.  The outsole is grooved for increased flexibility, and the rubber provides secure traction and long-lasting durability. Key Features:   Stack Height: 30 mm heel, 30 mm forefoot  Drop: 0 mm  Weight: 230g (US 8, EU 39)  Smooth and versatile shoe with 0 mm drop  EGO MAX midsole for a responsive feel  Updated upper for improved comfort and fit  Generous toe box with plenty of space for toes\" \/>\n<meta property=\"og:url\" content=\"https:\/\/varjesteg.se\/en\/product\/altra-torin-men\/\" \/>\n<meta property=\"og:site_name\" content=\"VarjeSteg\" \/>\n<meta property=\"article:publisher\" content=\"https:\/\/www.facebook.com\/varjesteg\" \/>\n<meta property=\"article:modified_time\" content=\"2026-04-20T23:28:34+00:00\" \/>\n<meta property=\"og:image\" content=\"https:\/\/varjesteg.se\/wp-content\/uploads\/2023\/07\/altra-torin-7-scarpe-da-running-uomo-orange-al0a82c4880_A.jpg\" \/>\n\t<meta property=\"og:image:width\" content=\"1500\" \/>\n\t<meta property=\"og:image:height\" content=\"1500\" \/>\n\t<meta property=\"og:image:type\" content=\"image\/jpeg\" \/>\n<meta name=\"twitter:card\" content=\"summary_large_image\" \/>\n<meta name=\"twitter:label1\" content=\"Est. reading time\" \/>\n\t<meta name=\"twitter:data1\" content=\"1 minute\" \/>\n<script type=\"application\/ld+json\" class=\"yoast-schema-graph\">{\"@context\":\"https:\/\/schema.org\",\"@graph\":[{\"@type\":\"WebPage\",\"@id\":\"https:\/\/varjesteg.se\/en\/product\/altra-torin-men\/\",\"url\":\"https:\/\/varjesteg.se\/en\/product\/altra-torin-men\/\",\"name\":\"Altra Torin Men - VarjeSteg\",\"isPartOf\":{\"@id\":\"https:\/\/varjesteg.se\/en\/#website\"},\"primaryImageOfPage\":{\"@id\":\"https:\/\/varjesteg.se\/en\/product\/altra-torin-men\/#primaryimage\"},\"image\":{\"@id\":\"https:\/\/varjesteg.se\/en\/product\/altra-torin-men\/#primaryimage\"},\"thumbnailUrl\":\"https:\/\/varjesteg.se\/wp-content\/uploads\/2023\/07\/AL0A85QE315_01.jpg\",\"datePublished\":\"2023-07-05T11:13:31+00:00\",\"dateModified\":\"2026-04-20T23:28:34+00:00\",\"breadcrumb\":{\"@id\":\"https:\/\/varjesteg.se\/en\/product\/altra-torin-men\/#breadcrumb\"},\"inLanguage\":\"en-US\",\"potentialAction\":[{\"@type\":\"ReadAction\",\"target\":[\"https:\/\/varjesteg.se\/en\/product\/altra-torin-men\/\"]}]},{\"@type\":\"ImageObject\",\"inLanguage\":\"en-US\",\"@id\":\"https:\/\/varjesteg.se\/en\/product\/altra-torin-men\/#primaryimage\",\"url\":\"https:\/\/varjesteg.se\/wp-content\/uploads\/2023\/07\/AL0A85QE315_01.jpg\",\"contentUrl\":\"https:\/\/varjesteg.se\/wp-content\/uploads\/2023\/07\/AL0A85QE315_01.jpg\",\"width\":1042,\"height\":1042},{\"@type\":\"BreadcrumbList\",\"@id\":\"https:\/\/varjesteg.se\/en\/product\/altra-torin-men\/#breadcrumb\",\"itemListElement\":[{\"@type\":\"ListItem\",\"position\":1,\"name\":\"Hem\",\"item\":\"https:\/\/varjesteg.se\/en\/\"},{\"@type\":\"ListItem\",\"position\":2,\"name\":\"Store\",\"item\":\"https:\/\/varjesteg.se\/en\/store\/\"},{\"@type\":\"ListItem\",\"position\":3,\"name\":\"Altra Torin Men\"}]},{\"@type\":\"WebSite\",\"@id\":\"https:\/\/varjesteg.se\/en\/#website\",\"url\":\"https:\/\/varjesteg.se\/en\/\",\"name\":\"Varjesteg\",\"description\":\"L\u00f6ptr\u00e4ning f\u00f6r alla\",\"publisher\":{\"@id\":\"https:\/\/varjesteg.se\/en\/#organization\"},\"potentialAction\":[{\"@type\":\"SearchAction\",\"target\":{\"@type\":\"EntryPoint\",\"urlTemplate\":\"https:\/\/varjesteg.se\/en\/?s={search_term_string}\"},\"query-input\":{\"@type\":\"PropertyValueSpecification\",\"valueRequired\":true,\"valueName\":\"search_term_string\"}}],\"inLanguage\":\"en-US\"},{\"@type\":\"Organization\",\"@id\":\"https:\/\/varjesteg.se\/en\/#organization\",\"name\":\"Varjesteg\",\"url\":\"https:\/\/varjesteg.se\/en\/\",\"logo\":{\"@type\":\"ImageObject\",\"inLanguage\":\"en-US\",\"@id\":\"https:\/\/varjesteg.se\/en\/#\/schema\/logo\/image\/\",\"url\":\"https:\/\/varjesteg.se\/wp-content\/uploads\/2024\/02\/varjesteg-logo.png.webp\",\"contentUrl\":\"https:\/\/varjesteg.se\/wp-content\/uploads\/2024\/02\/varjesteg-logo.png.webp\",\"width\":819,\"height\":200,\"caption\":\"Varjesteg\"},\"image\":{\"@id\":\"https:\/\/varjesteg.se\/en\/#\/schema\/logo\/image\/\"},\"sameAs\":[\"https:\/\/www.facebook.com\/varjesteg\",\"https:\/\/www.tiktok.com\/@varjesteg?is_from_webapp=1&sender_device=pc\",\"https:\/\/www.instagram.com\/varjesteg.se\/\",\"https:\/\/se.linkedin.com\/company\/varjesteg\"]}]}<\/script>\n<!-- \/ Yoast SEO plugin. -->","yoast_head_json":{"title":"Altra Torin Men - VarjeSteg","robots":{"index":"index","follow":"follow","max-snippet":"max-snippet:-1","max-image-preview":"max-image-preview:large","max-video-preview":"max-video-preview:-1"},"canonical":"https:\/\/varjesteg.se\/en\/product\/altra-torin-men\/","og_locale":"en_US","og_type":"article","og_title":"Altra Torin Men - VarjeSteg","og_description":"The Torin 7 is a versatile and well-cushioned running shoe, perfect for daily training, offering runners a more natural running experience thanks to its zero drop and wide FootShape fit.  This version includes several updates that make it the best yet. The midsole has been improved with an additional 2 mm stack height and Altra\u2019s EGO MAX foam, which is lighter, more cushioned, and more responsive than previous materials. This makes the shoe both lively and gentle on the feet. The upper has also been enhanced with an engineered mesh that is breathable and flexible, along with a softer tongue and heel counter, providing extra comfort and a secure fit around the heel.  As before, the shoe features a generous toe box that allows your toes to spread naturally, and combined with the zero drop design, it feels incredibly natural to run in.  The outsole is grooved for increased flexibility, and the rubber provides secure traction and long-lasting durability. Key Features:   Stack Height: 30 mm heel, 30 mm forefoot  Drop: 0 mm  Weight: 230g (US 8, EU 39)  Smooth and versatile shoe with 0 mm drop  EGO MAX midsole for a responsive feel  Updated upper for improved comfort and fit  Generous toe box with plenty of space for toes","og_url":"https:\/\/varjesteg.se\/en\/product\/altra-torin-men\/","og_site_name":"VarjeSteg","article_publisher":"https:\/\/www.facebook.com\/varjesteg","article_modified_time":"2026-04-20T23:28:34+00:00","og_image":[{"width":1500,"height":1500,"url":"https:\/\/varjesteg.se\/wp-content\/uploads\/2023\/07\/altra-torin-7-scarpe-da-running-uomo-orange-al0a82c4880_A.jpg","type":"image\/jpeg"}],"twitter_card":"summary_large_image","twitter_misc":{"Est. reading time":"1 minute"},"schema":{"@context":"https:\/\/schema.org","@graph":[{"@type":"WebPage","@id":"https:\/\/varjesteg.se\/en\/product\/altra-torin-men\/","url":"https:\/\/varjesteg.se\/en\/product\/altra-torin-men\/","name":"Altra Torin Men - VarjeSteg","isPartOf":{"@id":"https:\/\/varjesteg.se\/en\/#website"},"primaryImageOfPage":{"@id":"https:\/\/varjesteg.se\/en\/product\/altra-torin-men\/#primaryimage"},"image":{"@id":"https:\/\/varjesteg.se\/en\/product\/altra-torin-men\/#primaryimage"},"thumbnailUrl":"https:\/\/varjesteg.se\/wp-content\/uploads\/2023\/07\/AL0A85QE315_01.jpg","datePublished":"2023-07-05T11:13:31+00:00","dateModified":"2026-04-20T23:28:34+00:00","breadcrumb":{"@id":"https:\/\/varjesteg.se\/en\/product\/altra-torin-men\/#breadcrumb"},"inLanguage":"en-US","potentialAction":[{"@type":"ReadAction","target":["https:\/\/varjesteg.se\/en\/product\/altra-torin-men\/"]}]},{"@type":"ImageObject","inLanguage":"en-US","@id":"https:\/\/varjesteg.se\/en\/product\/altra-torin-men\/#primaryimage","url":"https:\/\/varjesteg.se\/wp-content\/uploads\/2023\/07\/AL0A85QE315_01.jpg","contentUrl":"https:\/\/varjesteg.se\/wp-content\/uploads\/2023\/07\/AL0A85QE315_01.jpg","width":1042,"height":1042},{"@type":"BreadcrumbList","@id":"https:\/\/varjesteg.se\/en\/product\/altra-torin-men\/#breadcrumb","itemListElement":[{"@type":"ListItem","position":1,"name":"Hem","item":"https:\/\/varjesteg.se\/en\/"},{"@type":"ListItem","position":2,"name":"Store","item":"https:\/\/varjesteg.se\/en\/store\/"},{"@type":"ListItem","position":3,"name":"Altra Torin Men"}]},{"@type":"WebSite","@id":"https:\/\/varjesteg.se\/en\/#website","url":"https:\/\/varjesteg.se\/en\/","name":"Varjesteg","description":"L\u00f6ptr\u00e4ning f\u00f6r alla","publisher":{"@id":"https:\/\/varjesteg.se\/en\/#organization"},"potentialAction":[{"@type":"SearchAction","target":{"@type":"EntryPoint","urlTemplate":"https:\/\/varjesteg.se\/en\/?s={search_term_string}"},"query-input":{"@type":"PropertyValueSpecification","valueRequired":true,"valueName":"search_term_string"}}],"inLanguage":"en-US"},{"@type":"Organization","@id":"https:\/\/varjesteg.se\/en\/#organization","name":"Varjesteg","url":"https:\/\/varjesteg.se\/en\/","logo":{"@type":"ImageObject","inLanguage":"en-US","@id":"https:\/\/varjesteg.se\/en\/#\/schema\/logo\/image\/","url":"https:\/\/varjesteg.se\/wp-content\/uploads\/2024\/02\/varjesteg-logo.png.webp","contentUrl":"https:\/\/varjesteg.se\/wp-content\/uploads\/2024\/02\/varjesteg-logo.png.webp","width":819,"height":200,"caption":"Varjesteg"},"image":{"@id":"https:\/\/varjesteg.se\/en\/#\/schema\/logo\/image\/"},"sameAs":["https:\/\/www.facebook.com\/varjesteg","https:\/\/www.tiktok.com\/@varjesteg?is_from_webapp=1&sender_device=pc","https:\/\/www.instagram.com\/varjesteg.se\/","https:\/\/se.linkedin.com\/company\/varjesteg"]}]}},"_links":{"self":[{"href":"https:\/\/varjesteg.se\/en\/wp-json\/wp\/v2\/product\/61134","targetHints":{"allow":["GET"]}}],"collection":[{"href":"https:\/\/varjesteg.se\/en\/wp-json\/wp\/v2\/product"}],"about":[{"href":"https:\/\/varjesteg.se\/en\/wp-json\/wp\/v2\/types\/product"}],"wp:featuredmedia":[{"embeddable":true,"href":"https:\/\/varjesteg.se\/en\/wp-json\/wp\/v2\/media\/78388"}],"wp:attachment":[{"href":"https:\/\/varjesteg.se\/en\/wp-json\/wp\/v2\/media?parent=61134"}],"wp:term":[{"taxonomy":"product_brand","embeddable":true,"href":"https:\/\/varjesteg.se\/en\/wp-json\/wp\/v2\/product_brand?post=61134"},{"taxonomy":"product_cat","embeddable":true,"href":"https:\/\/varjesteg.se\/en\/wp-json\/wp\/v2\/product_cat?post=61134"},{"taxonomy":"product_tag","embeddable":true,"href":"https:\/\/varjesteg.se\/en\/wp-json\/wp\/v2\/product_tag?post=61134"}],"curies":[{"name":"wp","href":"https:\/\/api.w.org\/{rel}","templated":true}]}}