

{"id":61110,"date":"2024-10-11T11:31:44","date_gmt":"2024-10-11T09:31:44","guid":{"rendered":"https:\/\/varjesteg.se\/produkt\/altra-timp-5-hiker-gtx-women\/"},"modified":"2026-01-08T00:27:57","modified_gmt":"2026-01-07T22:27:57","slug":"altra-timp-5-hiker-gtx-women","status":"publish","type":"product","link":"https:\/\/varjesteg.se\/en\/product\/altra-timp-5-hiker-gtx-women\/","title":{"rendered":"Altra Timp 5 Hiker GTX Women"},"content":{"rendered":"<div class=\"flex max-w-full flex-col flex-grow\">\n<div class=\"min-h-8 text-message flex w-full flex-col items-end gap-2 whitespace-normal break-words [.text-message+&amp;]:mt-5\" dir=\"auto\" data-message-author-role=\"assistant\" data-message-id=\"118a1d43-73aa-4d24-aadb-57581a7ee645\" data-message-model-slug=\"gpt-4o\">\n<div class=\"flex w-full flex-col gap-1 empty:hidden first:pt-[3px]\">\n<div class=\"markdown prose w-full break-words dark:prose-invert light\">\n<p><strong>Waterproof Hiking Boot with Excellent Grip<\/strong><\/p>\n<p>The <strong>Timp Hiker GTX<\/strong> is a comfortable and versatile hiking boot designed for all types of terrain. Its <strong>Vibram\u00ae Megagrip outsole<\/strong> ensures excellent traction, even on wet, muddy, and slippery surfaces. Thanks to the <strong>Gore-Tex membrane<\/strong>, the boot is both windproof and waterproof while efficiently releasing excess heat.<\/p>\n<p>The upper is crafted from lightweight material with ankle support, making the boot both light and stable. A leather overlay at the toe provides extra durability and protection against rocks and sharp edges.<\/p>\n<h3>Key Features:<\/h3>\n<ul>\n<li><strong>Spacious toe box<\/strong><\/li>\n<li><strong>Midsole:<\/strong> Altra EGO\u2122 MAX<\/li>\n<li><strong>Outsole:<\/strong> Vibram\u00ae Megagrip<\/li>\n<li><strong>Stack Height:<\/strong> 29 mm<\/li>\n<li><strong>Drop:<\/strong> 0 mm<\/li>\n<\/ul>\n<\/div>\n<\/div>\n<\/div>\n<\/div>\n<div class=\"mb-2 flex gap-3 empty:hidden -ml-2\">\n<div class=\"items-center justify-start rounded-xl p-1 flex\"><\/div>\n<\/div>\n","protected":false},"excerpt":{"rendered":"<p><strong>Waterproof Hiking Boot with Excellent Grip<\/strong><\/p>\n<p>The <strong>Timp Hiker GTX<\/strong> is a comfortable and versatile hiking boot designed for all types of terrain. Its <strong>Vibram\u00ae Megagrip outsole<\/strong> ensures excellent traction, even on wet, muddy, and slippery surfaces. Thanks to the <strong>Gore-Tex membrane<\/strong>, the boot is both windproof and waterproof while efficiently releasing excess heat.<\/p>\n<p>The upper is crafted from lightweight material with ankle support, making the boot both light and stable. A leather overlay at the toe provides extra durability and protection against rocks and sharp edges.<\/p>\n","protected":false},"featured_media":58681,"template":"","meta":{"om_disable_all_campaigns":false,"_price":"1839","_stock":"","_tribe_ticket_header":"","_tribe_default_ticket_provider":"","_tribe_ticket_capacity":"4","_ticket_start_date":"","_ticket_end_date":"","_tribe_ticket_show_description":"","_tribe_ticket_show_not_going":false,"_tribe_ticket_use_global_stock":"","_tribe_ticket_global_stock_level":"","_global_stock_mode":"","_global_stock_cap":"","_tribe_rsvp_for_event":"","_tribe_ticket_going_count":"","_tribe_ticket_not_going_count":"","_tribe_tickets_list":"[]","_tribe_ticket_has_attendee_info_fields":false,"_tec_slr_enabled":"","_tec_slr_layout":""},"product_brand":[],"product_cat":[916,561],"product_tag":[],"class_list":{"0":"post-61110","1":"product","2":"type-product","3":"status-publish","4":"has-post-thumbnail","5":"product_cat-everyday-shoes","6":"product_cat-running-shoes","8":"first","9":"instock","10":"sale","11":"taxable","12":"shipping-taxable","13":"purchasable","14":"product-type-variable"},"acf":[],"yoast_head":"<!-- This site is optimized with the Yoast SEO plugin v27.1.1 - https:\/\/yoast.com\/product\/yoast-seo-wordpress\/ -->\n<title>Altra Timp 5 Hiker GTX Women - VarjeSteg<\/title>\n<meta name=\"robots\" content=\"index, follow, max-snippet:-1, max-image-preview:large, max-video-preview:-1\" \/>\n<link rel=\"canonical\" href=\"https:\/\/varjesteg.se\/en\/product\/altra-timp-5-hiker-gtx-women\/\" \/>\n<meta property=\"og:locale\" content=\"en_US\" \/>\n<meta property=\"og:type\" content=\"article\" \/>\n<meta property=\"og:title\" content=\"Altra Timp 5 Hiker GTX Women - VarjeSteg\" \/>\n<meta property=\"og:description\" content=\"Waterproof Hiking Boot with Excellent Grip  The Timp Hiker GTX is a comfortable and versatile hiking boot designed for all types of terrain. Its Vibram\u00ae Megagrip outsole ensures excellent traction, even on wet, muddy, and slippery surfaces. Thanks to the Gore-Tex membrane, the boot is both windproof and waterproof while efficiently releasing excess heat.  The upper is crafted from lightweight material with ankle support, making the boot both light and stable. A leather overlay at the toe provides extra durability and protection against rocks and sharp edges.\" \/>\n<meta property=\"og:url\" content=\"https:\/\/varjesteg.se\/en\/product\/altra-timp-5-hiker-gtx-women\/\" \/>\n<meta property=\"og:site_name\" content=\"VarjeSteg\" \/>\n<meta property=\"article:publisher\" content=\"https:\/\/www.facebook.com\/varjesteg\" \/>\n<meta property=\"article:modified_time\" content=\"2026-01-07T22:27:57+00:00\" \/>\n<meta property=\"og:image\" content=\"https:\/\/varjesteg.se\/wp-content\/uploads\/2024\/10\/196575368239_a_m_timp_hiker_gtx_altra_20.jpg\" \/>\n\t<meta property=\"og:image:width\" content=\"600\" \/>\n\t<meta property=\"og:image:height\" content=\"600\" \/>\n\t<meta property=\"og:image:type\" content=\"image\/jpeg\" \/>\n<meta name=\"twitter:card\" content=\"summary_large_image\" \/>\n<meta name=\"twitter:label1\" content=\"Est. reading time\" \/>\n\t<meta name=\"twitter:data1\" content=\"1 minute\" \/>\n<script type=\"application\/ld+json\" class=\"yoast-schema-graph\">{\"@context\":\"https:\/\/schema.org\",\"@graph\":[{\"@type\":\"WebPage\",\"@id\":\"https:\/\/varjesteg.se\/en\/product\/altra-timp-5-hiker-gtx-women\/\",\"url\":\"https:\/\/varjesteg.se\/en\/product\/altra-timp-5-hiker-gtx-women\/\",\"name\":\"Altra Timp 5 Hiker GTX Women - VarjeSteg\",\"isPartOf\":{\"@id\":\"https:\/\/varjesteg.se\/en\/#website\"},\"primaryImageOfPage\":{\"@id\":\"https:\/\/varjesteg.se\/en\/product\/altra-timp-5-hiker-gtx-women\/#primaryimage\"},\"image\":{\"@id\":\"https:\/\/varjesteg.se\/en\/product\/altra-timp-5-hiker-gtx-women\/#primaryimage\"},\"thumbnailUrl\":\"https:\/\/varjesteg.se\/wp-content\/uploads\/2024\/10\/196575368239_a_m_timp_hiker_gtx_altra_20.jpg\",\"datePublished\":\"2024-10-11T09:31:44+00:00\",\"dateModified\":\"2026-01-07T22:27:57+00:00\",\"breadcrumb\":{\"@id\":\"https:\/\/varjesteg.se\/en\/product\/altra-timp-5-hiker-gtx-women\/#breadcrumb\"},\"inLanguage\":\"en-US\",\"potentialAction\":[{\"@type\":\"ReadAction\",\"target\":[\"https:\/\/varjesteg.se\/en\/product\/altra-timp-5-hiker-gtx-women\/\"]}]},{\"@type\":\"ImageObject\",\"inLanguage\":\"en-US\",\"@id\":\"https:\/\/varjesteg.se\/en\/product\/altra-timp-5-hiker-gtx-women\/#primaryimage\",\"url\":\"https:\/\/varjesteg.se\/wp-content\/uploads\/2024\/10\/196575368239_a_m_timp_hiker_gtx_altra_20.jpg\",\"contentUrl\":\"https:\/\/varjesteg.se\/wp-content\/uploads\/2024\/10\/196575368239_a_m_timp_hiker_gtx_altra_20.jpg\",\"width\":600,\"height\":600},{\"@type\":\"BreadcrumbList\",\"@id\":\"https:\/\/varjesteg.se\/en\/product\/altra-timp-5-hiker-gtx-women\/#breadcrumb\",\"itemListElement\":[{\"@type\":\"ListItem\",\"position\":1,\"name\":\"Hem\",\"item\":\"https:\/\/varjesteg.se\/en\/\"},{\"@type\":\"ListItem\",\"position\":2,\"name\":\"Store\",\"item\":\"https:\/\/varjesteg.se\/en\/store\/\"},{\"@type\":\"ListItem\",\"position\":3,\"name\":\"Running shoes\",\"item\":\"https:\/\/varjesteg.se\/en\/product-category\/running-shoes\/\"},{\"@type\":\"ListItem\",\"position\":4,\"name\":\"Altra Timp 5 Hiker GTX Women\"}]},{\"@type\":\"WebSite\",\"@id\":\"https:\/\/varjesteg.se\/en\/#website\",\"url\":\"https:\/\/varjesteg.se\/en\/\",\"name\":\"Varjesteg\",\"description\":\"L\u00f6ptr\u00e4ning f\u00f6r alla\",\"publisher\":{\"@id\":\"https:\/\/varjesteg.se\/en\/#organization\"},\"potentialAction\":[{\"@type\":\"SearchAction\",\"target\":{\"@type\":\"EntryPoint\",\"urlTemplate\":\"https:\/\/varjesteg.se\/en\/?s={search_term_string}\"},\"query-input\":{\"@type\":\"PropertyValueSpecification\",\"valueRequired\":true,\"valueName\":\"search_term_string\"}}],\"inLanguage\":\"en-US\"},{\"@type\":\"Organization\",\"@id\":\"https:\/\/varjesteg.se\/en\/#organization\",\"name\":\"Varjesteg\",\"url\":\"https:\/\/varjesteg.se\/en\/\",\"logo\":{\"@type\":\"ImageObject\",\"inLanguage\":\"en-US\",\"@id\":\"https:\/\/varjesteg.se\/en\/#\/schema\/logo\/image\/\",\"url\":\"https:\/\/varjesteg.se\/wp-content\/uploads\/2024\/02\/varjesteg-logo.png.webp\",\"contentUrl\":\"https:\/\/varjesteg.se\/wp-content\/uploads\/2024\/02\/varjesteg-logo.png.webp\",\"width\":819,\"height\":200,\"caption\":\"Varjesteg\"},\"image\":{\"@id\":\"https:\/\/varjesteg.se\/en\/#\/schema\/logo\/image\/\"},\"sameAs\":[\"https:\/\/www.facebook.com\/varjesteg\",\"https:\/\/www.tiktok.com\/@varjesteg?is_from_webapp=1&sender_device=pc\",\"https:\/\/www.instagram.com\/varjesteg.se\/\",\"https:\/\/se.linkedin.com\/company\/varjesteg\"]}]}<\/script>\n<!-- \/ Yoast SEO plugin. -->","yoast_head_json":{"title":"Altra Timp 5 Hiker GTX Women - VarjeSteg","robots":{"index":"index","follow":"follow","max-snippet":"max-snippet:-1","max-image-preview":"max-image-preview:large","max-video-preview":"max-video-preview:-1"},"canonical":"https:\/\/varjesteg.se\/en\/product\/altra-timp-5-hiker-gtx-women\/","og_locale":"en_US","og_type":"article","og_title":"Altra Timp 5 Hiker GTX Women - VarjeSteg","og_description":"Waterproof Hiking Boot with Excellent Grip  The Timp Hiker GTX is a comfortable and versatile hiking boot designed for all types of terrain. Its Vibram\u00ae Megagrip outsole ensures excellent traction, even on wet, muddy, and slippery surfaces. Thanks to the Gore-Tex membrane, the boot is both windproof and waterproof while efficiently releasing excess heat.  The upper is crafted from lightweight material with ankle support, making the boot both light and stable. A leather overlay at the toe provides extra durability and protection against rocks and sharp edges.","og_url":"https:\/\/varjesteg.se\/en\/product\/altra-timp-5-hiker-gtx-women\/","og_site_name":"VarjeSteg","article_publisher":"https:\/\/www.facebook.com\/varjesteg","article_modified_time":"2026-01-07T22:27:57+00:00","og_image":[{"width":600,"height":600,"url":"https:\/\/varjesteg.se\/wp-content\/uploads\/2024\/10\/196575368239_a_m_timp_hiker_gtx_altra_20.jpg","type":"image\/jpeg"}],"twitter_card":"summary_large_image","twitter_misc":{"Est. reading time":"1 minute"},"schema":{"@context":"https:\/\/schema.org","@graph":[{"@type":"WebPage","@id":"https:\/\/varjesteg.se\/en\/product\/altra-timp-5-hiker-gtx-women\/","url":"https:\/\/varjesteg.se\/en\/product\/altra-timp-5-hiker-gtx-women\/","name":"Altra Timp 5 Hiker GTX Women - VarjeSteg","isPartOf":{"@id":"https:\/\/varjesteg.se\/en\/#website"},"primaryImageOfPage":{"@id":"https:\/\/varjesteg.se\/en\/product\/altra-timp-5-hiker-gtx-women\/#primaryimage"},"image":{"@id":"https:\/\/varjesteg.se\/en\/product\/altra-timp-5-hiker-gtx-women\/#primaryimage"},"thumbnailUrl":"https:\/\/varjesteg.se\/wp-content\/uploads\/2024\/10\/196575368239_a_m_timp_hiker_gtx_altra_20.jpg","datePublished":"2024-10-11T09:31:44+00:00","dateModified":"2026-01-07T22:27:57+00:00","breadcrumb":{"@id":"https:\/\/varjesteg.se\/en\/product\/altra-timp-5-hiker-gtx-women\/#breadcrumb"},"inLanguage":"en-US","potentialAction":[{"@type":"ReadAction","target":["https:\/\/varjesteg.se\/en\/product\/altra-timp-5-hiker-gtx-women\/"]}]},{"@type":"ImageObject","inLanguage":"en-US","@id":"https:\/\/varjesteg.se\/en\/product\/altra-timp-5-hiker-gtx-women\/#primaryimage","url":"https:\/\/varjesteg.se\/wp-content\/uploads\/2024\/10\/196575368239_a_m_timp_hiker_gtx_altra_20.jpg","contentUrl":"https:\/\/varjesteg.se\/wp-content\/uploads\/2024\/10\/196575368239_a_m_timp_hiker_gtx_altra_20.jpg","width":600,"height":600},{"@type":"BreadcrumbList","@id":"https:\/\/varjesteg.se\/en\/product\/altra-timp-5-hiker-gtx-women\/#breadcrumb","itemListElement":[{"@type":"ListItem","position":1,"name":"Hem","item":"https:\/\/varjesteg.se\/en\/"},{"@type":"ListItem","position":2,"name":"Store","item":"https:\/\/varjesteg.se\/en\/store\/"},{"@type":"ListItem","position":3,"name":"Running shoes","item":"https:\/\/varjesteg.se\/en\/product-category\/running-shoes\/"},{"@type":"ListItem","position":4,"name":"Altra Timp 5 Hiker GTX Women"}]},{"@type":"WebSite","@id":"https:\/\/varjesteg.se\/en\/#website","url":"https:\/\/varjesteg.se\/en\/","name":"Varjesteg","description":"L\u00f6ptr\u00e4ning f\u00f6r alla","publisher":{"@id":"https:\/\/varjesteg.se\/en\/#organization"},"potentialAction":[{"@type":"SearchAction","target":{"@type":"EntryPoint","urlTemplate":"https:\/\/varjesteg.se\/en\/?s={search_term_string}"},"query-input":{"@type":"PropertyValueSpecification","valueRequired":true,"valueName":"search_term_string"}}],"inLanguage":"en-US"},{"@type":"Organization","@id":"https:\/\/varjesteg.se\/en\/#organization","name":"Varjesteg","url":"https:\/\/varjesteg.se\/en\/","logo":{"@type":"ImageObject","inLanguage":"en-US","@id":"https:\/\/varjesteg.se\/en\/#\/schema\/logo\/image\/","url":"https:\/\/varjesteg.se\/wp-content\/uploads\/2024\/02\/varjesteg-logo.png.webp","contentUrl":"https:\/\/varjesteg.se\/wp-content\/uploads\/2024\/02\/varjesteg-logo.png.webp","width":819,"height":200,"caption":"Varjesteg"},"image":{"@id":"https:\/\/varjesteg.se\/en\/#\/schema\/logo\/image\/"},"sameAs":["https:\/\/www.facebook.com\/varjesteg","https:\/\/www.tiktok.com\/@varjesteg?is_from_webapp=1&sender_device=pc","https:\/\/www.instagram.com\/varjesteg.se\/","https:\/\/se.linkedin.com\/company\/varjesteg"]}]}},"_links":{"self":[{"href":"https:\/\/varjesteg.se\/en\/wp-json\/wp\/v2\/product\/61110","targetHints":{"allow":["GET"]}}],"collection":[{"href":"https:\/\/varjesteg.se\/en\/wp-json\/wp\/v2\/product"}],"about":[{"href":"https:\/\/varjesteg.se\/en\/wp-json\/wp\/v2\/types\/product"}],"wp:featuredmedia":[{"embeddable":true,"href":"https:\/\/varjesteg.se\/en\/wp-json\/wp\/v2\/media\/58681"}],"wp:attachment":[{"href":"https:\/\/varjesteg.se\/en\/wp-json\/wp\/v2\/media?parent=61110"}],"wp:term":[{"taxonomy":"product_brand","embeddable":true,"href":"https:\/\/varjesteg.se\/en\/wp-json\/wp\/v2\/product_brand?post=61110"},{"taxonomy":"product_cat","embeddable":true,"href":"https:\/\/varjesteg.se\/en\/wp-json\/wp\/v2\/product_cat?post=61110"},{"taxonomy":"product_tag","embeddable":true,"href":"https:\/\/varjesteg.se\/en\/wp-json\/wp\/v2\/product_tag?post=61110"}],"curies":[{"name":"wp","href":"https:\/\/api.w.org\/{rel}","templated":true}]}}