

{"id":61108,"date":"2023-07-05T13:48:12","date_gmt":"2023-07-05T11:48:12","guid":{"rendered":"https:\/\/varjesteg.se\/produkt\/altra-paradigm-men\/"},"modified":"2026-02-16T18:14:19","modified_gmt":"2026-02-16T16:14:19","slug":"altra-paradigm-men","status":"publish","type":"product","link":"https:\/\/varjesteg.se\/en\/product\/altra-paradigm-men\/","title":{"rendered":"Altra Paradigm Men"},"content":{"rendered":"<p>The <strong>Altra Paradigm 7<\/strong> is a running shoe built on Altra&#8217;s signature features, including <strong>zero drop<\/strong> and a <strong>wide toe box<\/strong>. It has been refined with a soft <strong>EGO-MAX midsole<\/strong>, providing both comfort and stability during your runs. The shoe is equipped with <strong>GuideRail technology<\/strong>, which supports runners with overpronation and promotes a smoother running style.<\/p>\n<p>The upper is designed with comfort in mind, offering a stable fit and customizable lacing for a secure feel. The <strong>Altra Paradigm 7<\/strong> is an ideal choice for those seeking extra support and comfort during training sessions.<\/p>\n<h3>Key Features:<\/h3>\n<ul>\n<li><strong>Stability<\/strong><\/li>\n<li><strong>EGO-MAX Midsole<\/strong><\/li>\n<li><strong>GuideRail Technology<\/strong><\/li>\n<li><strong>Zero Drop Design<\/strong><\/li>\n<\/ul>\n","protected":false},"excerpt":{"rendered":"<p>The <strong>Altra Paradigm 7<\/strong> is a running shoe built on Altra&#8217;s signature features, including <strong>zero drop<\/strong> and a <strong>wide toe box<\/strong>. It has been refined with a soft <strong>EGO-MAX midsole<\/strong>, providing both comfort and stability during your runs. The shoe is equipped with <strong>GuideRail technology<\/strong>, which supports runners with overpronation and promotes a smoother running style.<\/p>\n<p>The upper is designed with comfort in mind, offering a stable fit and customizable lacing for a secure feel. The <strong>Altra Paradigm 7<\/strong> is an ideal choice for those seeking extra support and comfort during training sessions.<\/p>\n<h3>Key Features:<\/h3>\n<ul>\n<li><strong>Stability<\/strong><\/li>\n<li><strong>EGO-MAX Midsole<\/strong><\/li>\n<li><strong>GuideRail Technology<\/strong><\/li>\n<li><strong>Zero Drop Design<\/strong><\/li>\n<\/ul>\n","protected":false},"featured_media":77879,"template":"","meta":{"om_disable_all_campaigns":false,"_price":"1759","_stock":"","_tribe_ticket_header":"","_tribe_default_ticket_provider":"","_tribe_ticket_capacity":"5","_ticket_start_date":"","_ticket_end_date":"","_tribe_ticket_show_description":"","_tribe_ticket_show_not_going":false,"_tribe_ticket_use_global_stock":"","_tribe_ticket_global_stock_level":"","_global_stock_mode":"","_global_stock_cap":"","_tribe_rsvp_for_event":"","_tribe_ticket_going_count":"","_tribe_ticket_not_going_count":"","_tribe_tickets_list":"[]","_tribe_ticket_has_attendee_info_fields":false,"_tec_slr_enabled":"","_tec_slr_layout":""},"product_brand":[],"product_cat":[561],"product_tag":[],"class_list":{"0":"post-61108","1":"product","2":"type-product","3":"status-publish","4":"has-post-thumbnail","5":"product_cat-running-shoes","7":"first","8":"instock","9":"sale","10":"taxable","11":"shipping-taxable","12":"purchasable","13":"product-type-variable"},"acf":[],"yoast_head":"<!-- This site is optimized with the Yoast SEO plugin v27.1.1 - https:\/\/yoast.com\/product\/yoast-seo-wordpress\/ -->\n<title>Altra Paradigm Men - VarjeSteg<\/title>\n<meta name=\"robots\" content=\"index, follow, max-snippet:-1, max-image-preview:large, max-video-preview:-1\" \/>\n<link rel=\"canonical\" href=\"https:\/\/varjesteg.se\/en\/product\/altra-paradigm-men\/\" \/>\n<meta property=\"og:locale\" content=\"en_US\" \/>\n<meta property=\"og:type\" content=\"article\" \/>\n<meta property=\"og:title\" content=\"Altra Paradigm Men - VarjeSteg\" \/>\n<meta property=\"og:description\" content=\"The Altra Paradigm 7 is a running shoe built on Altra&#039;s signature features, including zero drop and a wide toe box. It has been refined with a soft EGO-MAX midsole, providing both comfort and stability during your runs. The shoe is equipped with GuideRail technology, which supports runners with overpronation and promotes a smoother running style.  The upper is designed with comfort in mind, offering a stable fit and customizable lacing for a secure feel. The Altra Paradigm 7 is an ideal choice for those seeking extra support and comfort during training sessions. Key Features:   Stability  EGO-MAX Midsole  GuideRail Technology  Zero Drop Design\" \/>\n<meta property=\"og:url\" content=\"https:\/\/varjesteg.se\/en\/product\/altra-paradigm-men\/\" \/>\n<meta property=\"og:site_name\" content=\"VarjeSteg\" \/>\n<meta property=\"article:publisher\" content=\"https:\/\/www.facebook.com\/varjesteg\" \/>\n<meta property=\"article:modified_time\" content=\"2026-02-16T16:14:19+00:00\" \/>\n<meta property=\"og:image\" content=\"https:\/\/varjesteg.se\/wp-content\/uploads\/2023\/07\/Altra-paradigm-8-herr.jpg\" \/>\n\t<meta property=\"og:image:width\" content=\"1200\" \/>\n\t<meta property=\"og:image:height\" content=\"1200\" \/>\n\t<meta property=\"og:image:type\" content=\"image\/jpeg\" \/>\n<meta name=\"twitter:card\" content=\"summary_large_image\" \/>\n<meta name=\"twitter:label1\" content=\"Est. reading time\" \/>\n\t<meta name=\"twitter:data1\" content=\"1 minute\" \/>\n<script type=\"application\/ld+json\" class=\"yoast-schema-graph\">{\"@context\":\"https:\/\/schema.org\",\"@graph\":[{\"@type\":\"WebPage\",\"@id\":\"https:\/\/varjesteg.se\/en\/product\/altra-paradigm-men\/\",\"url\":\"https:\/\/varjesteg.se\/en\/product\/altra-paradigm-men\/\",\"name\":\"Altra Paradigm Men - VarjeSteg\",\"isPartOf\":{\"@id\":\"https:\/\/varjesteg.se\/en\/#website\"},\"primaryImageOfPage\":{\"@id\":\"https:\/\/varjesteg.se\/en\/product\/altra-paradigm-men\/#primaryimage\"},\"image\":{\"@id\":\"https:\/\/varjesteg.se\/en\/product\/altra-paradigm-men\/#primaryimage\"},\"thumbnailUrl\":\"https:\/\/varjesteg.se\/wp-content\/uploads\/2023\/07\/Altra-paradigm-8-herr.jpg\",\"datePublished\":\"2023-07-05T11:48:12+00:00\",\"dateModified\":\"2026-02-16T16:14:19+00:00\",\"breadcrumb\":{\"@id\":\"https:\/\/varjesteg.se\/en\/product\/altra-paradigm-men\/#breadcrumb\"},\"inLanguage\":\"en-US\",\"potentialAction\":[{\"@type\":\"ReadAction\",\"target\":[\"https:\/\/varjesteg.se\/en\/product\/altra-paradigm-men\/\"]}]},{\"@type\":\"ImageObject\",\"inLanguage\":\"en-US\",\"@id\":\"https:\/\/varjesteg.se\/en\/product\/altra-paradigm-men\/#primaryimage\",\"url\":\"https:\/\/varjesteg.se\/wp-content\/uploads\/2023\/07\/Altra-paradigm-8-herr.jpg\",\"contentUrl\":\"https:\/\/varjesteg.se\/wp-content\/uploads\/2023\/07\/Altra-paradigm-8-herr.jpg\",\"width\":1200,\"height\":1200},{\"@type\":\"BreadcrumbList\",\"@id\":\"https:\/\/varjesteg.se\/en\/product\/altra-paradigm-men\/#breadcrumb\",\"itemListElement\":[{\"@type\":\"ListItem\",\"position\":1,\"name\":\"Hem\",\"item\":\"https:\/\/varjesteg.se\/en\/\"},{\"@type\":\"ListItem\",\"position\":2,\"name\":\"Store\",\"item\":\"https:\/\/varjesteg.se\/en\/store\/\"},{\"@type\":\"ListItem\",\"position\":3,\"name\":\"Running shoes\",\"item\":\"https:\/\/varjesteg.se\/en\/product-category\/running-shoes\/\"},{\"@type\":\"ListItem\",\"position\":4,\"name\":\"Altra Paradigm Men\"}]},{\"@type\":\"WebSite\",\"@id\":\"https:\/\/varjesteg.se\/en\/#website\",\"url\":\"https:\/\/varjesteg.se\/en\/\",\"name\":\"Varjesteg\",\"description\":\"L\u00f6ptr\u00e4ning f\u00f6r alla\",\"publisher\":{\"@id\":\"https:\/\/varjesteg.se\/en\/#organization\"},\"potentialAction\":[{\"@type\":\"SearchAction\",\"target\":{\"@type\":\"EntryPoint\",\"urlTemplate\":\"https:\/\/varjesteg.se\/en\/?s={search_term_string}\"},\"query-input\":{\"@type\":\"PropertyValueSpecification\",\"valueRequired\":true,\"valueName\":\"search_term_string\"}}],\"inLanguage\":\"en-US\"},{\"@type\":\"Organization\",\"@id\":\"https:\/\/varjesteg.se\/en\/#organization\",\"name\":\"Varjesteg\",\"url\":\"https:\/\/varjesteg.se\/en\/\",\"logo\":{\"@type\":\"ImageObject\",\"inLanguage\":\"en-US\",\"@id\":\"https:\/\/varjesteg.se\/en\/#\/schema\/logo\/image\/\",\"url\":\"https:\/\/varjesteg.se\/wp-content\/uploads\/2024\/02\/varjesteg-logo.png.webp\",\"contentUrl\":\"https:\/\/varjesteg.se\/wp-content\/uploads\/2024\/02\/varjesteg-logo.png.webp\",\"width\":819,\"height\":200,\"caption\":\"Varjesteg\"},\"image\":{\"@id\":\"https:\/\/varjesteg.se\/en\/#\/schema\/logo\/image\/\"},\"sameAs\":[\"https:\/\/www.facebook.com\/varjesteg\",\"https:\/\/www.tiktok.com\/@varjesteg?is_from_webapp=1&sender_device=pc\",\"https:\/\/www.instagram.com\/varjesteg.se\/\",\"https:\/\/se.linkedin.com\/company\/varjesteg\"]}]}<\/script>\n<!-- \/ Yoast SEO plugin. -->","yoast_head_json":{"title":"Altra Paradigm Men - VarjeSteg","robots":{"index":"index","follow":"follow","max-snippet":"max-snippet:-1","max-image-preview":"max-image-preview:large","max-video-preview":"max-video-preview:-1"},"canonical":"https:\/\/varjesteg.se\/en\/product\/altra-paradigm-men\/","og_locale":"en_US","og_type":"article","og_title":"Altra Paradigm Men - VarjeSteg","og_description":"The Altra Paradigm 7 is a running shoe built on Altra's signature features, including zero drop and a wide toe box. It has been refined with a soft EGO-MAX midsole, providing both comfort and stability during your runs. The shoe is equipped with GuideRail technology, which supports runners with overpronation and promotes a smoother running style.  The upper is designed with comfort in mind, offering a stable fit and customizable lacing for a secure feel. The Altra Paradigm 7 is an ideal choice for those seeking extra support and comfort during training sessions. Key Features:   Stability  EGO-MAX Midsole  GuideRail Technology  Zero Drop Design","og_url":"https:\/\/varjesteg.se\/en\/product\/altra-paradigm-men\/","og_site_name":"VarjeSteg","article_publisher":"https:\/\/www.facebook.com\/varjesteg","article_modified_time":"2026-02-16T16:14:19+00:00","og_image":[{"width":1200,"height":1200,"url":"https:\/\/varjesteg.se\/wp-content\/uploads\/2023\/07\/Altra-paradigm-8-herr.jpg","type":"image\/jpeg"}],"twitter_card":"summary_large_image","twitter_misc":{"Est. reading time":"1 minute"},"schema":{"@context":"https:\/\/schema.org","@graph":[{"@type":"WebPage","@id":"https:\/\/varjesteg.se\/en\/product\/altra-paradigm-men\/","url":"https:\/\/varjesteg.se\/en\/product\/altra-paradigm-men\/","name":"Altra Paradigm Men - VarjeSteg","isPartOf":{"@id":"https:\/\/varjesteg.se\/en\/#website"},"primaryImageOfPage":{"@id":"https:\/\/varjesteg.se\/en\/product\/altra-paradigm-men\/#primaryimage"},"image":{"@id":"https:\/\/varjesteg.se\/en\/product\/altra-paradigm-men\/#primaryimage"},"thumbnailUrl":"https:\/\/varjesteg.se\/wp-content\/uploads\/2023\/07\/Altra-paradigm-8-herr.jpg","datePublished":"2023-07-05T11:48:12+00:00","dateModified":"2026-02-16T16:14:19+00:00","breadcrumb":{"@id":"https:\/\/varjesteg.se\/en\/product\/altra-paradigm-men\/#breadcrumb"},"inLanguage":"en-US","potentialAction":[{"@type":"ReadAction","target":["https:\/\/varjesteg.se\/en\/product\/altra-paradigm-men\/"]}]},{"@type":"ImageObject","inLanguage":"en-US","@id":"https:\/\/varjesteg.se\/en\/product\/altra-paradigm-men\/#primaryimage","url":"https:\/\/varjesteg.se\/wp-content\/uploads\/2023\/07\/Altra-paradigm-8-herr.jpg","contentUrl":"https:\/\/varjesteg.se\/wp-content\/uploads\/2023\/07\/Altra-paradigm-8-herr.jpg","width":1200,"height":1200},{"@type":"BreadcrumbList","@id":"https:\/\/varjesteg.se\/en\/product\/altra-paradigm-men\/#breadcrumb","itemListElement":[{"@type":"ListItem","position":1,"name":"Hem","item":"https:\/\/varjesteg.se\/en\/"},{"@type":"ListItem","position":2,"name":"Store","item":"https:\/\/varjesteg.se\/en\/store\/"},{"@type":"ListItem","position":3,"name":"Running shoes","item":"https:\/\/varjesteg.se\/en\/product-category\/running-shoes\/"},{"@type":"ListItem","position":4,"name":"Altra Paradigm Men"}]},{"@type":"WebSite","@id":"https:\/\/varjesteg.se\/en\/#website","url":"https:\/\/varjesteg.se\/en\/","name":"Varjesteg","description":"L\u00f6ptr\u00e4ning f\u00f6r alla","publisher":{"@id":"https:\/\/varjesteg.se\/en\/#organization"},"potentialAction":[{"@type":"SearchAction","target":{"@type":"EntryPoint","urlTemplate":"https:\/\/varjesteg.se\/en\/?s={search_term_string}"},"query-input":{"@type":"PropertyValueSpecification","valueRequired":true,"valueName":"search_term_string"}}],"inLanguage":"en-US"},{"@type":"Organization","@id":"https:\/\/varjesteg.se\/en\/#organization","name":"Varjesteg","url":"https:\/\/varjesteg.se\/en\/","logo":{"@type":"ImageObject","inLanguage":"en-US","@id":"https:\/\/varjesteg.se\/en\/#\/schema\/logo\/image\/","url":"https:\/\/varjesteg.se\/wp-content\/uploads\/2024\/02\/varjesteg-logo.png.webp","contentUrl":"https:\/\/varjesteg.se\/wp-content\/uploads\/2024\/02\/varjesteg-logo.png.webp","width":819,"height":200,"caption":"Varjesteg"},"image":{"@id":"https:\/\/varjesteg.se\/en\/#\/schema\/logo\/image\/"},"sameAs":["https:\/\/www.facebook.com\/varjesteg","https:\/\/www.tiktok.com\/@varjesteg?is_from_webapp=1&sender_device=pc","https:\/\/www.instagram.com\/varjesteg.se\/","https:\/\/se.linkedin.com\/company\/varjesteg"]}]}},"_links":{"self":[{"href":"https:\/\/varjesteg.se\/en\/wp-json\/wp\/v2\/product\/61108","targetHints":{"allow":["GET"]}}],"collection":[{"href":"https:\/\/varjesteg.se\/en\/wp-json\/wp\/v2\/product"}],"about":[{"href":"https:\/\/varjesteg.se\/en\/wp-json\/wp\/v2\/types\/product"}],"wp:featuredmedia":[{"embeddable":true,"href":"https:\/\/varjesteg.se\/en\/wp-json\/wp\/v2\/media\/77879"}],"wp:attachment":[{"href":"https:\/\/varjesteg.se\/en\/wp-json\/wp\/v2\/media?parent=61108"}],"wp:term":[{"taxonomy":"product_brand","embeddable":true,"href":"https:\/\/varjesteg.se\/en\/wp-json\/wp\/v2\/product_brand?post=61108"},{"taxonomy":"product_cat","embeddable":true,"href":"https:\/\/varjesteg.se\/en\/wp-json\/wp\/v2\/product_cat?post=61108"},{"taxonomy":"product_tag","embeddable":true,"href":"https:\/\/varjesteg.se\/en\/wp-json\/wp\/v2\/product_tag?post=61108"}],"curies":[{"name":"wp","href":"https:\/\/api.w.org\/{rel}","templated":true}]}}