

{"id":61097,"date":"2023-01-25T11:47:12","date_gmt":"2023-01-25T10:47:12","guid":{"rendered":"https:\/\/varjesteg.se\/produkt\/altra-lone-peak-men\/"},"modified":"2026-04-21T01:28:32","modified_gmt":"2026-04-20T23:28:32","slug":"altra-lone-peak-men","status":"publish","type":"product","link":"https:\/\/varjesteg.se\/en\/product\/altra-lone-peak-men\/","title":{"rendered":"Altra Lone Peak Men"},"content":{"rendered":"<p>The legend you know and love is back and better than ever. The <strong>Lone Peak 8<\/strong> is ready for bigger trail adventures, so grab your gear and let\u2019s go. We built it for more\u2014more miles and more trails\u2014with a refined <strong>ripstop mesh upper<\/strong> for enhanced durability. A <strong>MaxTrac\u2122 outsole<\/strong> provides the sticky grip underfoot you need to confidently take the road less traveled.<\/p>\n<p>The Lone Peak 8 features a spacious toe box and zero drop, allowing you to move the way you were designed to. Add a touch of responsive yet comfortable <strong>Altra EGO\u2122 midsole foam<\/strong>, and you\u2019re set (or, when hiking, exploring, or running, <em>unstoppable<\/em>). Go big and get outside!<\/p>\n<h3>Features<\/h3>\n<ul>\n<li><strong>Weight:<\/strong> 259 g \/ 9.16 oz<\/li>\n<li><strong>Midsole:<\/strong> Altra EGO\u2122<\/li>\n<li><strong>Outsole:<\/strong> MaxTrac\u2122<\/li>\n<li><strong>Cushioning:<\/strong> Moderate<\/li>\n<li><strong>Stack Height:<\/strong> 25 mm<\/li>\n<li><strong>Drop:<\/strong> 0 mm<\/li>\n<li><strong>Upper:<\/strong> Ripstop mesh<\/li>\n<\/ul>\n","protected":false},"excerpt":{"rendered":"<p>The legend you know and love is back and better than ever. The <strong>Lone Peak 8<\/strong> is ready for bigger trail adventures, so grab your gear and let\u2019s go. We built it for more\u2014more miles and more trails\u2014with a refined <strong>ripstop mesh upper<\/strong> for enhanced durability. A <strong>MaxTrac\u2122 outsole<\/strong> provides the sticky grip underfoot you need to confidently take the road less traveled.<\/p>\n<p>The Lone Peak 8 features a spacious toe box and zero drop, allowing you to move the way you were designed to. Add a touch of responsive yet comfortable <strong>Altra EGO\u2122 midsole foam<\/strong>, and you\u2019re set (or, when hiking, exploring, or running, <em>unstoppable<\/em>). Go big and get outside!<\/p>\n","protected":false},"featured_media":77785,"template":"","meta":{"om_disable_all_campaigns":false,"_price":"1799","_stock":"","_tribe_ticket_header":"","_tribe_default_ticket_provider":"","_tribe_ticket_capacity":"4","_ticket_start_date":"","_ticket_end_date":"","_tribe_ticket_show_description":"","_tribe_ticket_show_not_going":false,"_tribe_ticket_use_global_stock":"","_tribe_ticket_global_stock_level":"","_global_stock_mode":"","_global_stock_cap":"","_tribe_rsvp_for_event":"","_tribe_ticket_going_count":"","_tribe_ticket_not_going_count":"","_tribe_tickets_list":"[]","_tribe_ticket_has_attendee_info_fields":false,"_tec_slr_enabled":"","_tec_slr_layout":""},"product_brand":[],"product_cat":[561],"product_tag":[],"class_list":{"0":"post-61097","1":"product","2":"type-product","3":"status-publish","4":"has-post-thumbnail","5":"product_cat-running-shoes","7":"first","8":"instock","9":"taxable","10":"shipping-taxable","11":"purchasable","12":"product-type-variable"},"acf":[],"yoast_head":"<!-- This site is optimized with the Yoast SEO plugin v27.1.1 - https:\/\/yoast.com\/product\/yoast-seo-wordpress\/ -->\n<title>Altra Lone Peak Men - VarjeSteg<\/title>\n<meta name=\"robots\" content=\"index, follow, max-snippet:-1, max-image-preview:large, max-video-preview:-1\" \/>\n<link rel=\"canonical\" href=\"https:\/\/varjesteg.se\/en\/product\/altra-lone-peak-men\/\" \/>\n<meta property=\"og:locale\" content=\"en_US\" \/>\n<meta property=\"og:type\" content=\"article\" \/>\n<meta property=\"og:title\" content=\"Altra Lone Peak Men - VarjeSteg\" \/>\n<meta property=\"og:description\" content=\"The legend you know and love is back and better than ever. The Lone Peak 8 is ready for bigger trail adventures, so grab your gear and let\u2019s go. We built it for more\u2014more miles and more trails\u2014with a refined ripstop mesh upper for enhanced durability. A MaxTrac\u2122 outsole provides the sticky grip underfoot you need to confidently take the road less traveled.  The Lone Peak 8 features a spacious toe box and zero drop, allowing you to move the way you were designed to. Add a touch of responsive yet comfortable Altra EGO\u2122 midsole foam, and you\u2019re set (or, when hiking, exploring, or running, unstoppable). Go big and get outside!\" \/>\n<meta property=\"og:url\" content=\"https:\/\/varjesteg.se\/en\/product\/altra-lone-peak-men\/\" \/>\n<meta property=\"og:site_name\" content=\"VarjeSteg\" \/>\n<meta property=\"article:publisher\" content=\"https:\/\/www.facebook.com\/varjesteg\" \/>\n<meta property=\"article:modified_time\" content=\"2026-04-20T23:28:32+00:00\" \/>\n<meta property=\"og:image\" content=\"https:\/\/varjesteg.se\/wp-content\/uploads\/2023\/01\/AL0A7R6H_020_R_HERO-2048x2048-1.jpg\" \/>\n\t<meta property=\"og:image:width\" content=\"2048\" \/>\n\t<meta property=\"og:image:height\" content=\"2048\" \/>\n\t<meta property=\"og:image:type\" content=\"image\/jpeg\" \/>\n<meta name=\"twitter:card\" content=\"summary_large_image\" \/>\n<meta name=\"twitter:label1\" content=\"Est. reading time\" \/>\n\t<meta name=\"twitter:data1\" content=\"1 minute\" \/>\n<script type=\"application\/ld+json\" class=\"yoast-schema-graph\">{\"@context\":\"https:\/\/schema.org\",\"@graph\":[{\"@type\":\"WebPage\",\"@id\":\"https:\/\/varjesteg.se\/en\/product\/altra-lone-peak-men\/\",\"url\":\"https:\/\/varjesteg.se\/en\/product\/altra-lone-peak-men\/\",\"name\":\"Altra Lone Peak Men - VarjeSteg\",\"isPartOf\":{\"@id\":\"https:\/\/varjesteg.se\/en\/#website\"},\"primaryImageOfPage\":{\"@id\":\"https:\/\/varjesteg.se\/en\/product\/altra-lone-peak-men\/#primaryimage\"},\"image\":{\"@id\":\"https:\/\/varjesteg.se\/en\/product\/altra-lone-peak-men\/#primaryimage\"},\"thumbnailUrl\":\"https:\/\/varjesteg.se\/wp-content\/uploads\/2023\/01\/altra-lone-peak-9-herr.jpg\",\"datePublished\":\"2023-01-25T10:47:12+00:00\",\"dateModified\":\"2026-04-20T23:28:32+00:00\",\"breadcrumb\":{\"@id\":\"https:\/\/varjesteg.se\/en\/product\/altra-lone-peak-men\/#breadcrumb\"},\"inLanguage\":\"en-US\",\"potentialAction\":[{\"@type\":\"ReadAction\",\"target\":[\"https:\/\/varjesteg.se\/en\/product\/altra-lone-peak-men\/\"]}]},{\"@type\":\"ImageObject\",\"inLanguage\":\"en-US\",\"@id\":\"https:\/\/varjesteg.se\/en\/product\/altra-lone-peak-men\/#primaryimage\",\"url\":\"https:\/\/varjesteg.se\/wp-content\/uploads\/2023\/01\/altra-lone-peak-9-herr.jpg\",\"contentUrl\":\"https:\/\/varjesteg.se\/wp-content\/uploads\/2023\/01\/altra-lone-peak-9-herr.jpg\",\"width\":600,\"height\":600},{\"@type\":\"BreadcrumbList\",\"@id\":\"https:\/\/varjesteg.se\/en\/product\/altra-lone-peak-men\/#breadcrumb\",\"itemListElement\":[{\"@type\":\"ListItem\",\"position\":1,\"name\":\"Hem\",\"item\":\"https:\/\/varjesteg.se\/en\/\"},{\"@type\":\"ListItem\",\"position\":2,\"name\":\"Store\",\"item\":\"https:\/\/varjesteg.se\/en\/store\/\"},{\"@type\":\"ListItem\",\"position\":3,\"name\":\"Altra Lone Peak Men\"}]},{\"@type\":\"WebSite\",\"@id\":\"https:\/\/varjesteg.se\/en\/#website\",\"url\":\"https:\/\/varjesteg.se\/en\/\",\"name\":\"Varjesteg\",\"description\":\"L\u00f6ptr\u00e4ning f\u00f6r alla\",\"publisher\":{\"@id\":\"https:\/\/varjesteg.se\/en\/#organization\"},\"potentialAction\":[{\"@type\":\"SearchAction\",\"target\":{\"@type\":\"EntryPoint\",\"urlTemplate\":\"https:\/\/varjesteg.se\/en\/?s={search_term_string}\"},\"query-input\":{\"@type\":\"PropertyValueSpecification\",\"valueRequired\":true,\"valueName\":\"search_term_string\"}}],\"inLanguage\":\"en-US\"},{\"@type\":\"Organization\",\"@id\":\"https:\/\/varjesteg.se\/en\/#organization\",\"name\":\"Varjesteg\",\"url\":\"https:\/\/varjesteg.se\/en\/\",\"logo\":{\"@type\":\"ImageObject\",\"inLanguage\":\"en-US\",\"@id\":\"https:\/\/varjesteg.se\/en\/#\/schema\/logo\/image\/\",\"url\":\"https:\/\/varjesteg.se\/wp-content\/uploads\/2024\/02\/varjesteg-logo.png.webp\",\"contentUrl\":\"https:\/\/varjesteg.se\/wp-content\/uploads\/2024\/02\/varjesteg-logo.png.webp\",\"width\":819,\"height\":200,\"caption\":\"Varjesteg\"},\"image\":{\"@id\":\"https:\/\/varjesteg.se\/en\/#\/schema\/logo\/image\/\"},\"sameAs\":[\"https:\/\/www.facebook.com\/varjesteg\",\"https:\/\/www.tiktok.com\/@varjesteg?is_from_webapp=1&sender_device=pc\",\"https:\/\/www.instagram.com\/varjesteg.se\/\",\"https:\/\/se.linkedin.com\/company\/varjesteg\"]}]}<\/script>\n<!-- \/ Yoast SEO plugin. -->","yoast_head_json":{"title":"Altra Lone Peak Men - VarjeSteg","robots":{"index":"index","follow":"follow","max-snippet":"max-snippet:-1","max-image-preview":"max-image-preview:large","max-video-preview":"max-video-preview:-1"},"canonical":"https:\/\/varjesteg.se\/en\/product\/altra-lone-peak-men\/","og_locale":"en_US","og_type":"article","og_title":"Altra Lone Peak Men - VarjeSteg","og_description":"The legend you know and love is back and better than ever. The Lone Peak 8 is ready for bigger trail adventures, so grab your gear and let\u2019s go. We built it for more\u2014more miles and more trails\u2014with a refined ripstop mesh upper for enhanced durability. A MaxTrac\u2122 outsole provides the sticky grip underfoot you need to confidently take the road less traveled.  The Lone Peak 8 features a spacious toe box and zero drop, allowing you to move the way you were designed to. Add a touch of responsive yet comfortable Altra EGO\u2122 midsole foam, and you\u2019re set (or, when hiking, exploring, or running, unstoppable). Go big and get outside!","og_url":"https:\/\/varjesteg.se\/en\/product\/altra-lone-peak-men\/","og_site_name":"VarjeSteg","article_publisher":"https:\/\/www.facebook.com\/varjesteg","article_modified_time":"2026-04-20T23:28:32+00:00","og_image":[{"width":2048,"height":2048,"url":"https:\/\/varjesteg.se\/wp-content\/uploads\/2023\/01\/AL0A7R6H_020_R_HERO-2048x2048-1.jpg","type":"image\/jpeg"}],"twitter_card":"summary_large_image","twitter_misc":{"Est. reading time":"1 minute"},"schema":{"@context":"https:\/\/schema.org","@graph":[{"@type":"WebPage","@id":"https:\/\/varjesteg.se\/en\/product\/altra-lone-peak-men\/","url":"https:\/\/varjesteg.se\/en\/product\/altra-lone-peak-men\/","name":"Altra Lone Peak Men - VarjeSteg","isPartOf":{"@id":"https:\/\/varjesteg.se\/en\/#website"},"primaryImageOfPage":{"@id":"https:\/\/varjesteg.se\/en\/product\/altra-lone-peak-men\/#primaryimage"},"image":{"@id":"https:\/\/varjesteg.se\/en\/product\/altra-lone-peak-men\/#primaryimage"},"thumbnailUrl":"https:\/\/varjesteg.se\/wp-content\/uploads\/2023\/01\/altra-lone-peak-9-herr.jpg","datePublished":"2023-01-25T10:47:12+00:00","dateModified":"2026-04-20T23:28:32+00:00","breadcrumb":{"@id":"https:\/\/varjesteg.se\/en\/product\/altra-lone-peak-men\/#breadcrumb"},"inLanguage":"en-US","potentialAction":[{"@type":"ReadAction","target":["https:\/\/varjesteg.se\/en\/product\/altra-lone-peak-men\/"]}]},{"@type":"ImageObject","inLanguage":"en-US","@id":"https:\/\/varjesteg.se\/en\/product\/altra-lone-peak-men\/#primaryimage","url":"https:\/\/varjesteg.se\/wp-content\/uploads\/2023\/01\/altra-lone-peak-9-herr.jpg","contentUrl":"https:\/\/varjesteg.se\/wp-content\/uploads\/2023\/01\/altra-lone-peak-9-herr.jpg","width":600,"height":600},{"@type":"BreadcrumbList","@id":"https:\/\/varjesteg.se\/en\/product\/altra-lone-peak-men\/#breadcrumb","itemListElement":[{"@type":"ListItem","position":1,"name":"Hem","item":"https:\/\/varjesteg.se\/en\/"},{"@type":"ListItem","position":2,"name":"Store","item":"https:\/\/varjesteg.se\/en\/store\/"},{"@type":"ListItem","position":3,"name":"Altra Lone Peak Men"}]},{"@type":"WebSite","@id":"https:\/\/varjesteg.se\/en\/#website","url":"https:\/\/varjesteg.se\/en\/","name":"Varjesteg","description":"L\u00f6ptr\u00e4ning f\u00f6r alla","publisher":{"@id":"https:\/\/varjesteg.se\/en\/#organization"},"potentialAction":[{"@type":"SearchAction","target":{"@type":"EntryPoint","urlTemplate":"https:\/\/varjesteg.se\/en\/?s={search_term_string}"},"query-input":{"@type":"PropertyValueSpecification","valueRequired":true,"valueName":"search_term_string"}}],"inLanguage":"en-US"},{"@type":"Organization","@id":"https:\/\/varjesteg.se\/en\/#organization","name":"Varjesteg","url":"https:\/\/varjesteg.se\/en\/","logo":{"@type":"ImageObject","inLanguage":"en-US","@id":"https:\/\/varjesteg.se\/en\/#\/schema\/logo\/image\/","url":"https:\/\/varjesteg.se\/wp-content\/uploads\/2024\/02\/varjesteg-logo.png.webp","contentUrl":"https:\/\/varjesteg.se\/wp-content\/uploads\/2024\/02\/varjesteg-logo.png.webp","width":819,"height":200,"caption":"Varjesteg"},"image":{"@id":"https:\/\/varjesteg.se\/en\/#\/schema\/logo\/image\/"},"sameAs":["https:\/\/www.facebook.com\/varjesteg","https:\/\/www.tiktok.com\/@varjesteg?is_from_webapp=1&sender_device=pc","https:\/\/www.instagram.com\/varjesteg.se\/","https:\/\/se.linkedin.com\/company\/varjesteg"]}]}},"_links":{"self":[{"href":"https:\/\/varjesteg.se\/en\/wp-json\/wp\/v2\/product\/61097","targetHints":{"allow":["GET"]}}],"collection":[{"href":"https:\/\/varjesteg.se\/en\/wp-json\/wp\/v2\/product"}],"about":[{"href":"https:\/\/varjesteg.se\/en\/wp-json\/wp\/v2\/types\/product"}],"wp:featuredmedia":[{"embeddable":true,"href":"https:\/\/varjesteg.se\/en\/wp-json\/wp\/v2\/media\/77785"}],"wp:attachment":[{"href":"https:\/\/varjesteg.se\/en\/wp-json\/wp\/v2\/media?parent=61097"}],"wp:term":[{"taxonomy":"product_brand","embeddable":true,"href":"https:\/\/varjesteg.se\/en\/wp-json\/wp\/v2\/product_brand?post=61097"},{"taxonomy":"product_cat","embeddable":true,"href":"https:\/\/varjesteg.se\/en\/wp-json\/wp\/v2\/product_cat?post=61097"},{"taxonomy":"product_tag","embeddable":true,"href":"https:\/\/varjesteg.se\/en\/wp-json\/wp\/v2\/product_tag?post=61097"}],"curies":[{"name":"wp","href":"https:\/\/api.w.org\/{rel}","templated":true}]}}