

{"id":61077,"date":"2024-08-15T10:41:25","date_gmt":"2024-08-15T08:41:25","guid":{"rendered":"https:\/\/varjesteg.se\/produkt\/altra-experience-flow-women\/"},"modified":"2026-01-08T00:27:56","modified_gmt":"2026-01-07T22:27:56","slug":"altra-experience-flow-women","status":"publish","type":"product","link":"https:\/\/varjesteg.se\/en\/product\/altra-experience-flow-women\/","title":{"rendered":"Altra Experience Flow Women"},"content":{"rendered":"<div class=\"flex max-w-full flex-col flex-grow\">\n<div class=\"min-h-8 text-message flex w-full flex-col items-end gap-2 whitespace-normal break-words [.text-message+&amp;]:mt-5\" dir=\"auto\" data-message-author-role=\"assistant\" data-message-id=\"9ad0dce6-15e1-46a1-97df-dabd3a5490a8\" data-message-model-slug=\"gpt-4o\">\n<div class=\"flex w-full flex-col gap-1 empty:hidden first:pt-[3px]\">\n<div class=\"markdown prose w-full break-words dark:prose-invert light\">\n<p><strong>Altra Experience Flow<\/strong>, formerly known as <strong>AltraFWD Experience<\/strong>, remains a lightweight, soft shoe with a <strong>4 mm drop<\/strong> and a distinct rocker design that helps propel you forward. The foot-shaped, wide toe box allows your toes to spread naturally. This version has been refined with an updated upper for an even more comfortable fit compared to the first version.<\/p>\n<p>The midsole, like in the AltraFWD, is generously cushioned and made from lightweight compression-molded <strong>EVA foam<\/strong>, offering a responsive feel without adding unnecessary weight. The cushioning leans toward the firmer side, providing excellent ground feel. The shoe features a rounded design from heel to forefoot, known as a <strong>rocker design<\/strong>, which smooths the landing and ensures a seamless transition from foot strike to toe-off. Like most Altra shoes, the geometry leans toward a wider platform, enhancing stability.<\/p>\n<p>The upper has been upgraded with new <strong>engineered mesh<\/strong>, designed to be breathable in key areas while providing support where needed. This results in a sleeker look and a more adaptive fit. The roomy toe box, a classic Altra hallmark, allows toes to move freely, while the snug midfoot fit ensures a secure feel for a better running experience.<\/p>\n<p>The outsole features grippy rubber in high-wear areas, and flex grooves in the sole allow the foot\u2019s natural movement to flow uninhibited.<\/p>\n<ul>\n<li><strong>Stack Height:<\/strong> 30 mm heel, 26 mm forefoot<\/li>\n<li><strong>Drop:<\/strong> 4 mm<\/li>\n<li><strong>Weight:<\/strong> 204 grams (US 8, EU 39)<\/li>\n<\/ul>\n<\/div>\n<\/div>\n<\/div>\n<\/div>\n<div class=\"mb-2 flex gap-3 empty:hidden -ml-2\">\n<div class=\"items-center justify-start rounded-xl p-1 flex\"><\/div>\n<\/div>\n","protected":false},"excerpt":{"rendered":"<div class=\"flex max-w-full flex-col flex-grow\">\n<div class=\"min-h-8 text-message flex w-full flex-col items-end gap-2 whitespace-normal break-words [.text-message+&amp;]:mt-5\" dir=\"auto\" data-message-author-role=\"assistant\" data-message-id=\"9ad0dce6-15e1-46a1-97df-dabd3a5490a8\" data-message-model-slug=\"gpt-4o\">\n<div class=\"flex w-full flex-col gap-1 empty:hidden first:pt-[3px]\">\n<div class=\"markdown prose w-full break-words dark:prose-invert light\">\n<p><strong>Altra Experience Flow<\/strong>, formerly known as <strong>AltraFWD Experience<\/strong>, remains a lightweight, soft shoe with a <strong>4 mm drop<\/strong> and a distinct rocker design that helps propel you forward. The foot-shaped, wide toe box allows your toes to spread naturally. This version has been refined with an updated upper for an even more comfortable fit compared to the first version.<\/p>\n<p>The midsole, like in the AltraFWD, is generously cushioned and made from lightweight compression-molded <strong>EVA foam<\/strong>, offering a responsive feel without adding unnecessary weight. The cushioning leans toward the firmer side, providing excellent ground feel. The shoe features a rounded design from heel to forefoot, known as a <strong>rocker design<\/strong>, which smooths the landing and ensures a seamless transition from foot strike to toe-off. Like most Altra shoes, the geometry leans toward a wider platform, enhancing stability.<\/p>\n<p>The upper has been upgraded with new <strong>engineered mesh<\/strong>, designed to be breathable in key areas while providing support where needed. This results in a sleeker look and a more adaptive fit. The roomy toe box, a classic Altra hallmark, allows toes to move freely, while the snug midfoot fit ensures a secure feel for a better running experience.<\/p>\n<p>The outsole features grippy rubber in high-wear areas, and flex grooves in the sole allow the foot\u2019s natural movement to flow uninhibited.<\/p>\n<ul>\n<li><strong>Stack Height:<\/strong> 30 mm heel, 26 mm forefoot<\/li>\n<li><strong>Drop:<\/strong> 4 mm<\/li>\n<li><strong>Weight:<\/strong> 204 grams (US 8, EU 39)<\/li>\n<\/ul>\n<\/div>\n<\/div>\n<\/div>\n<\/div>\n<div class=\"mb-2 flex gap-3 empty:hidden -ml-2\">\n<div class=\"items-center justify-start rounded-xl p-1 flex\"><\/div>\n<\/div>\n","protected":false},"featured_media":77912,"template":"","meta":{"om_disable_all_campaigns":false,"_price":"1439","_stock":"","_tribe_ticket_header":"","_tribe_default_ticket_provider":"","_tribe_ticket_capacity":"1","_ticket_start_date":"","_ticket_end_date":"","_tribe_ticket_show_description":"","_tribe_ticket_show_not_going":false,"_tribe_ticket_use_global_stock":"","_tribe_ticket_global_stock_level":"","_global_stock_mode":"","_global_stock_cap":"","_tribe_rsvp_for_event":"","_tribe_ticket_going_count":"","_tribe_ticket_not_going_count":"","_tribe_tickets_list":"[]","_tribe_ticket_has_attendee_info_fields":false,"_tec_slr_enabled":"","_tec_slr_layout":""},"product_brand":[],"product_cat":[561],"product_tag":[],"class_list":{"0":"post-61077","1":"product","2":"type-product","3":"status-publish","4":"has-post-thumbnail","5":"product_cat-running-shoes","7":"first","8":"instock","9":"sale","10":"taxable","11":"shipping-taxable","12":"purchasable","13":"product-type-variable"},"acf":[],"yoast_head":"<!-- This site is optimized with the Yoast SEO plugin v27.1.1 - https:\/\/yoast.com\/product\/yoast-seo-wordpress\/ -->\n<title>Altra Experience Flow Women - VarjeSteg<\/title>\n<meta name=\"robots\" content=\"index, follow, max-snippet:-1, max-image-preview:large, max-video-preview:-1\" \/>\n<link rel=\"canonical\" href=\"https:\/\/varjesteg.se\/en\/product\/altra-experience-flow-women\/\" \/>\n<meta property=\"og:locale\" content=\"en_US\" \/>\n<meta property=\"og:type\" content=\"article\" \/>\n<meta property=\"og:title\" content=\"Altra Experience Flow Women - VarjeSteg\" \/>\n<meta property=\"og:description\" content=\"Altra Experience Flow, formerly known as AltraFWD Experience, remains a lightweight, soft shoe with a 4 mm drop and a distinct rocker design that helps propel you forward. The foot-shaped, wide toe box allows your toes to spread naturally. This version has been refined with an updated upper for an even more comfortable fit compared to the first version.  The midsole, like in the AltraFWD, is generously cushioned and made from lightweight compression-molded EVA foam, offering a responsive feel without adding unnecessary weight. The cushioning leans toward the firmer side, providing excellent ground feel. The shoe features a rounded design from heel to forefoot, known as a rocker design, which smooths the landing and ensures a seamless transition from foot strike to toe-off. Like most Altra shoes, the geometry leans toward a wider platform, enhancing stability.  The upper has been upgraded with new engineered mesh, designed to be breathable in key areas while providing support where needed. This results in a sleeker look and a more adaptive fit. The roomy toe box, a classic Altra hallmark, allows toes to move freely, while the snug midfoot fit ensures a secure feel for a better running experience.  The outsole features grippy rubber in high-wear areas, and flex grooves in the sole allow the foot\u2019s natural movement to flow uninhibited.   Stack Height: 30 mm heel, 26 mm forefoot  Drop: 4 mm  Weight: 204 grams (US 8, EU 39)\" \/>\n<meta property=\"og:url\" content=\"https:\/\/varjesteg.se\/en\/product\/altra-experience-flow-women\/\" \/>\n<meta property=\"og:site_name\" content=\"VarjeSteg\" \/>\n<meta property=\"article:publisher\" content=\"https:\/\/www.facebook.com\/varjesteg\" \/>\n<meta property=\"article:modified_time\" content=\"2026-01-07T22:27:56+00:00\" \/>\n<meta property=\"og:image\" content=\"https:\/\/varjesteg.se\/wp-content\/uploads\/2024\/08\/flow-dam-1.png\" \/>\n\t<meta property=\"og:image:width\" content=\"505\" \/>\n\t<meta property=\"og:image:height\" content=\"392\" \/>\n\t<meta property=\"og:image:type\" content=\"image\/png\" \/>\n<meta name=\"twitter:card\" content=\"summary_large_image\" \/>\n<meta name=\"twitter:label1\" content=\"Est. reading time\" \/>\n\t<meta name=\"twitter:data1\" content=\"1 minute\" \/>\n<script type=\"application\/ld+json\" class=\"yoast-schema-graph\">{\"@context\":\"https:\/\/schema.org\",\"@graph\":[{\"@type\":\"WebPage\",\"@id\":\"https:\/\/varjesteg.se\/en\/product\/altra-experience-flow-women\/\",\"url\":\"https:\/\/varjesteg.se\/en\/product\/altra-experience-flow-women\/\",\"name\":\"Altra Experience Flow Women - VarjeSteg\",\"isPartOf\":{\"@id\":\"https:\/\/varjesteg.se\/en\/#website\"},\"primaryImageOfPage\":{\"@id\":\"https:\/\/varjesteg.se\/en\/product\/altra-experience-flow-women\/#primaryimage\"},\"image\":{\"@id\":\"https:\/\/varjesteg.se\/en\/product\/altra-experience-flow-women\/#primaryimage\"},\"thumbnailUrl\":\"https:\/\/varjesteg.se\/wp-content\/uploads\/2024\/08\/AL0A85U7444_01.jpg\",\"datePublished\":\"2024-08-15T08:41:25+00:00\",\"dateModified\":\"2026-01-07T22:27:56+00:00\",\"breadcrumb\":{\"@id\":\"https:\/\/varjesteg.se\/en\/product\/altra-experience-flow-women\/#breadcrumb\"},\"inLanguage\":\"en-US\",\"potentialAction\":[{\"@type\":\"ReadAction\",\"target\":[\"https:\/\/varjesteg.se\/en\/product\/altra-experience-flow-women\/\"]}]},{\"@type\":\"ImageObject\",\"inLanguage\":\"en-US\",\"@id\":\"https:\/\/varjesteg.se\/en\/product\/altra-experience-flow-women\/#primaryimage\",\"url\":\"https:\/\/varjesteg.se\/wp-content\/uploads\/2024\/08\/AL0A85U7444_01.jpg\",\"contentUrl\":\"https:\/\/varjesteg.se\/wp-content\/uploads\/2024\/08\/AL0A85U7444_01.jpg\",\"width\":1042,\"height\":1042},{\"@type\":\"BreadcrumbList\",\"@id\":\"https:\/\/varjesteg.se\/en\/product\/altra-experience-flow-women\/#breadcrumb\",\"itemListElement\":[{\"@type\":\"ListItem\",\"position\":1,\"name\":\"Hem\",\"item\":\"https:\/\/varjesteg.se\/en\/\"},{\"@type\":\"ListItem\",\"position\":2,\"name\":\"Store\",\"item\":\"https:\/\/varjesteg.se\/en\/store\/\"},{\"@type\":\"ListItem\",\"position\":3,\"name\":\"Running shoes\",\"item\":\"https:\/\/varjesteg.se\/en\/product-category\/running-shoes\/\"},{\"@type\":\"ListItem\",\"position\":4,\"name\":\"Altra Experience Flow Women\"}]},{\"@type\":\"WebSite\",\"@id\":\"https:\/\/varjesteg.se\/en\/#website\",\"url\":\"https:\/\/varjesteg.se\/en\/\",\"name\":\"Varjesteg\",\"description\":\"L\u00f6ptr\u00e4ning f\u00f6r alla\",\"publisher\":{\"@id\":\"https:\/\/varjesteg.se\/en\/#organization\"},\"potentialAction\":[{\"@type\":\"SearchAction\",\"target\":{\"@type\":\"EntryPoint\",\"urlTemplate\":\"https:\/\/varjesteg.se\/en\/?s={search_term_string}\"},\"query-input\":{\"@type\":\"PropertyValueSpecification\",\"valueRequired\":true,\"valueName\":\"search_term_string\"}}],\"inLanguage\":\"en-US\"},{\"@type\":\"Organization\",\"@id\":\"https:\/\/varjesteg.se\/en\/#organization\",\"name\":\"Varjesteg\",\"url\":\"https:\/\/varjesteg.se\/en\/\",\"logo\":{\"@type\":\"ImageObject\",\"inLanguage\":\"en-US\",\"@id\":\"https:\/\/varjesteg.se\/en\/#\/schema\/logo\/image\/\",\"url\":\"https:\/\/varjesteg.se\/wp-content\/uploads\/2024\/02\/varjesteg-logo.png.webp\",\"contentUrl\":\"https:\/\/varjesteg.se\/wp-content\/uploads\/2024\/02\/varjesteg-logo.png.webp\",\"width\":819,\"height\":200,\"caption\":\"Varjesteg\"},\"image\":{\"@id\":\"https:\/\/varjesteg.se\/en\/#\/schema\/logo\/image\/\"},\"sameAs\":[\"https:\/\/www.facebook.com\/varjesteg\",\"https:\/\/www.tiktok.com\/@varjesteg?is_from_webapp=1&sender_device=pc\",\"https:\/\/www.instagram.com\/varjesteg.se\/\",\"https:\/\/se.linkedin.com\/company\/varjesteg\"]}]}<\/script>\n<!-- \/ Yoast SEO plugin. -->","yoast_head_json":{"title":"Altra Experience Flow Women - VarjeSteg","robots":{"index":"index","follow":"follow","max-snippet":"max-snippet:-1","max-image-preview":"max-image-preview:large","max-video-preview":"max-video-preview:-1"},"canonical":"https:\/\/varjesteg.se\/en\/product\/altra-experience-flow-women\/","og_locale":"en_US","og_type":"article","og_title":"Altra Experience Flow Women - VarjeSteg","og_description":"Altra Experience Flow, formerly known as AltraFWD Experience, remains a lightweight, soft shoe with a 4 mm drop and a distinct rocker design that helps propel you forward. The foot-shaped, wide toe box allows your toes to spread naturally. This version has been refined with an updated upper for an even more comfortable fit compared to the first version.  The midsole, like in the AltraFWD, is generously cushioned and made from lightweight compression-molded EVA foam, offering a responsive feel without adding unnecessary weight. The cushioning leans toward the firmer side, providing excellent ground feel. The shoe features a rounded design from heel to forefoot, known as a rocker design, which smooths the landing and ensures a seamless transition from foot strike to toe-off. Like most Altra shoes, the geometry leans toward a wider platform, enhancing stability.  The upper has been upgraded with new engineered mesh, designed to be breathable in key areas while providing support where needed. This results in a sleeker look and a more adaptive fit. The roomy toe box, a classic Altra hallmark, allows toes to move freely, while the snug midfoot fit ensures a secure feel for a better running experience.  The outsole features grippy rubber in high-wear areas, and flex grooves in the sole allow the foot\u2019s natural movement to flow uninhibited.   Stack Height: 30 mm heel, 26 mm forefoot  Drop: 4 mm  Weight: 204 grams (US 8, EU 39)","og_url":"https:\/\/varjesteg.se\/en\/product\/altra-experience-flow-women\/","og_site_name":"VarjeSteg","article_publisher":"https:\/\/www.facebook.com\/varjesteg","article_modified_time":"2026-01-07T22:27:56+00:00","og_image":[{"width":505,"height":392,"url":"https:\/\/varjesteg.se\/wp-content\/uploads\/2024\/08\/flow-dam-1.png","type":"image\/png"}],"twitter_card":"summary_large_image","twitter_misc":{"Est. reading time":"1 minute"},"schema":{"@context":"https:\/\/schema.org","@graph":[{"@type":"WebPage","@id":"https:\/\/varjesteg.se\/en\/product\/altra-experience-flow-women\/","url":"https:\/\/varjesteg.se\/en\/product\/altra-experience-flow-women\/","name":"Altra Experience Flow Women - VarjeSteg","isPartOf":{"@id":"https:\/\/varjesteg.se\/en\/#website"},"primaryImageOfPage":{"@id":"https:\/\/varjesteg.se\/en\/product\/altra-experience-flow-women\/#primaryimage"},"image":{"@id":"https:\/\/varjesteg.se\/en\/product\/altra-experience-flow-women\/#primaryimage"},"thumbnailUrl":"https:\/\/varjesteg.se\/wp-content\/uploads\/2024\/08\/AL0A85U7444_01.jpg","datePublished":"2024-08-15T08:41:25+00:00","dateModified":"2026-01-07T22:27:56+00:00","breadcrumb":{"@id":"https:\/\/varjesteg.se\/en\/product\/altra-experience-flow-women\/#breadcrumb"},"inLanguage":"en-US","potentialAction":[{"@type":"ReadAction","target":["https:\/\/varjesteg.se\/en\/product\/altra-experience-flow-women\/"]}]},{"@type":"ImageObject","inLanguage":"en-US","@id":"https:\/\/varjesteg.se\/en\/product\/altra-experience-flow-women\/#primaryimage","url":"https:\/\/varjesteg.se\/wp-content\/uploads\/2024\/08\/AL0A85U7444_01.jpg","contentUrl":"https:\/\/varjesteg.se\/wp-content\/uploads\/2024\/08\/AL0A85U7444_01.jpg","width":1042,"height":1042},{"@type":"BreadcrumbList","@id":"https:\/\/varjesteg.se\/en\/product\/altra-experience-flow-women\/#breadcrumb","itemListElement":[{"@type":"ListItem","position":1,"name":"Hem","item":"https:\/\/varjesteg.se\/en\/"},{"@type":"ListItem","position":2,"name":"Store","item":"https:\/\/varjesteg.se\/en\/store\/"},{"@type":"ListItem","position":3,"name":"Running shoes","item":"https:\/\/varjesteg.se\/en\/product-category\/running-shoes\/"},{"@type":"ListItem","position":4,"name":"Altra Experience Flow Women"}]},{"@type":"WebSite","@id":"https:\/\/varjesteg.se\/en\/#website","url":"https:\/\/varjesteg.se\/en\/","name":"Varjesteg","description":"L\u00f6ptr\u00e4ning f\u00f6r alla","publisher":{"@id":"https:\/\/varjesteg.se\/en\/#organization"},"potentialAction":[{"@type":"SearchAction","target":{"@type":"EntryPoint","urlTemplate":"https:\/\/varjesteg.se\/en\/?s={search_term_string}"},"query-input":{"@type":"PropertyValueSpecification","valueRequired":true,"valueName":"search_term_string"}}],"inLanguage":"en-US"},{"@type":"Organization","@id":"https:\/\/varjesteg.se\/en\/#organization","name":"Varjesteg","url":"https:\/\/varjesteg.se\/en\/","logo":{"@type":"ImageObject","inLanguage":"en-US","@id":"https:\/\/varjesteg.se\/en\/#\/schema\/logo\/image\/","url":"https:\/\/varjesteg.se\/wp-content\/uploads\/2024\/02\/varjesteg-logo.png.webp","contentUrl":"https:\/\/varjesteg.se\/wp-content\/uploads\/2024\/02\/varjesteg-logo.png.webp","width":819,"height":200,"caption":"Varjesteg"},"image":{"@id":"https:\/\/varjesteg.se\/en\/#\/schema\/logo\/image\/"},"sameAs":["https:\/\/www.facebook.com\/varjesteg","https:\/\/www.tiktok.com\/@varjesteg?is_from_webapp=1&sender_device=pc","https:\/\/www.instagram.com\/varjesteg.se\/","https:\/\/se.linkedin.com\/company\/varjesteg"]}]}},"_links":{"self":[{"href":"https:\/\/varjesteg.se\/en\/wp-json\/wp\/v2\/product\/61077","targetHints":{"allow":["GET"]}}],"collection":[{"href":"https:\/\/varjesteg.se\/en\/wp-json\/wp\/v2\/product"}],"about":[{"href":"https:\/\/varjesteg.se\/en\/wp-json\/wp\/v2\/types\/product"}],"wp:featuredmedia":[{"embeddable":true,"href":"https:\/\/varjesteg.se\/en\/wp-json\/wp\/v2\/media\/77912"}],"wp:attachment":[{"href":"https:\/\/varjesteg.se\/en\/wp-json\/wp\/v2\/media?parent=61077"}],"wp:term":[{"taxonomy":"product_brand","embeddable":true,"href":"https:\/\/varjesteg.se\/en\/wp-json\/wp\/v2\/product_brand?post=61077"},{"taxonomy":"product_cat","embeddable":true,"href":"https:\/\/varjesteg.se\/en\/wp-json\/wp\/v2\/product_cat?post=61077"},{"taxonomy":"product_tag","embeddable":true,"href":"https:\/\/varjesteg.se\/en\/wp-json\/wp\/v2\/product_tag?post=61077"}],"curies":[{"name":"wp","href":"https:\/\/api.w.org\/{rel}","templated":true}]}}