

{"id":61068,"date":"2022-09-19T14:46:25","date_gmt":"2022-09-19T12:46:25","guid":{"rendered":"https:\/\/varjesteg.se\/produkt\/altra-escalante-women\/"},"modified":"2024-12-01T00:00:31","modified_gmt":"2024-11-30T22:00:31","slug":"altra-escalante-women","status":"publish","type":"product","link":"https:\/\/varjesteg.se\/en\/product\/altra-escalante-women\/","title":{"rendered":"Altra Escalante Women"},"content":{"rendered":"<div class=\"woocommerce-tabs wc-tabs-wrapper\">\n<div id=\"tab-description\" class=\"woocommerce-Tabs-panel woocommerce-Tabs-panel--description panel entry-content wc-tab\" role=\"tabpanel\" aria-labelledby=\"tab-title-description\">\n<p><strong>Escalante 4<\/strong> is an excellent choice for runners seeking a lightweight and agile shoe that delivers a natural running experience, thanks to its spacious, foot-shaped fit and minimal drop.<\/p>\n<p>In this fourth version, the midsole has been upgraded with <strong>Altra&#8217;s EGO Midsole<\/strong>, providing a lighter and softer feel while running. The shoe offers balanced cushioning, making it suitable for both shorter and longer runs, whether you&#8217;re on asphalt or gravel, without feeling overly spongy. Escalante 4 retains the appreciated ground-close feel with a <strong>0 mm drop<\/strong>, giving a more connected experience with the surface.<\/p>\n<p>The flexible, knitted upper combined with the <strong>Altra Original FootShape last<\/strong> allows the foot to move freely without restriction. The geometry and rubber of the outsole are innovatively designed to mimic the foot&#8217;s natural movements, ensuring a smoother stride.<\/p>\n<p>Runners who have enjoyed previous versions will feel at home with the Escalante 4, while the updated features take the running experience to new heights.<\/p>\n<\/div>\n<div class=\"faq-accordion-header\" role=\"tab\" data-role=\"collapsible\" data-collapsible=\"true\" aria-selected=\"true\" aria-expanded=\"true\">\n<p class=\"faq-title\" tabindex=\"0\" data-role=\"trigger\"><strong>Size Guide Woman<\/strong><\/p>\n<\/div>\n<div class=\"faq-accordion-content\" role=\"tabpanel\" data-role=\"content\" aria-hidden=\"false\">\n<div class=\"faq-size-guide\">\n<table style=\"height: 69px;\" width=\"366\" cellspacing=\"0\" cellpadding=\"0\">\n<tbody>\n<tr>\n<td data-sheets-value=\"{&quot;1&quot;:2,&quot;2&quot;:&quot;US&quot;}\"><strong>US<\/strong><\/td>\n<td data-sheets-value=\"{&quot;1&quot;:2,&quot;2&quot;:&quot;5.5&quot;}\">5.5<\/td>\n<td data-sheets-value=\"{&quot;1&quot;:3,&quot;3&quot;:6}\">6<\/td>\n<td data-sheets-value=\"{&quot;1&quot;:2,&quot;2&quot;:&quot;6.5&quot;}\">6.5<\/td>\n<td data-sheets-value=\"{&quot;1&quot;:3,&quot;3&quot;:7}\">7<\/td>\n<td data-sheets-value=\"{&quot;1&quot;:2,&quot;2&quot;:&quot;7.5&quot;}\">7.5<\/td>\n<td data-sheets-value=\"{&quot;1&quot;:3,&quot;3&quot;:8}\">8<\/td>\n<td data-sheets-value=\"{&quot;1&quot;:2,&quot;2&quot;:&quot;8.5&quot;}\">8.5<\/td>\n<td data-sheets-value=\"{&quot;1&quot;:3,&quot;3&quot;:9}\">9<\/td>\n<td data-sheets-value=\"{&quot;1&quot;:2,&quot;2&quot;:&quot;9.5&quot;}\">9.5<\/td>\n<td data-sheets-value=\"{&quot;1&quot;:3,&quot;3&quot;:10}\">10<\/td>\n<td data-sheets-value=\"{&quot;1&quot;:2,&quot;2&quot;:&quot;10.5&quot;}\">10.5<\/td>\n<td data-sheets-value=\"{&quot;1&quot;:3,&quot;3&quot;:11}\">11<\/td>\n<td data-sheets-value=\"{&quot;1&quot;:2,&quot;2&quot;:&quot;11.5&quot;}\">11.5<\/td>\n<td data-sheets-value=\"{&quot;1&quot;:3,&quot;3&quot;:12}\">12<\/td>\n<td data-sheets-value=\"{&quot;1&quot;:3,&quot;3&quot;:13}\">13<\/td>\n<\/tr>\n<tr>\n<td data-sheets-value=\"{&quot;1&quot;:2,&quot;2&quot;:&quot;UK&quot;}\"><strong>UK<\/strong><\/td>\n<td data-sheets-value=\"{&quot;1&quot;:2,&quot;2&quot;:&quot;3.5&quot;}\">3.5<\/td>\n<td data-sheets-value=\"{&quot;1&quot;:3,&quot;3&quot;:4}\">4<\/td>\n<td data-sheets-value=\"{&quot;1&quot;:2,&quot;2&quot;:&quot;4.5&quot;}\">4.5<\/td>\n<td data-sheets-value=\"{&quot;1&quot;:3,&quot;3&quot;:5}\">5<\/td>\n<td data-sheets-value=\"{&quot;1&quot;:2,&quot;2&quot;:&quot;5.5&quot;}\">5.5<\/td>\n<td data-sheets-value=\"{&quot;1&quot;:3,&quot;3&quot;:6}\">6<\/td>\n<td data-sheets-value=\"{&quot;1&quot;:2,&quot;2&quot;:&quot;6.5&quot;}\">6.5<\/td>\n<td data-sheets-value=\"{&quot;1&quot;:3,&quot;3&quot;:7}\">7<\/td>\n<td data-sheets-value=\"{&quot;1&quot;:2,&quot;2&quot;:&quot;7.5&quot;}\">7.5<\/td>\n<td data-sheets-value=\"{&quot;1&quot;:3,&quot;3&quot;:8}\">8<\/td>\n<td data-sheets-value=\"{&quot;1&quot;:2,&quot;2&quot;:&quot;8.5&quot;}\">8.5<\/td>\n<td data-sheets-value=\"{&quot;1&quot;:3,&quot;3&quot;:9}\">9<\/td>\n<td data-sheets-value=\"{&quot;1&quot;:2,&quot;2&quot;:&quot;9.5&quot;}\">9.5<\/td>\n<td data-sheets-value=\"{&quot;1&quot;:3,&quot;3&quot;:10}\">10<\/td>\n<td data-sheets-value=\"{&quot;1&quot;:3,&quot;3&quot;:11}\">11<\/td>\n<\/tr>\n<tr>\n<td data-sheets-value=\"{&quot;1&quot;:2,&quot;2&quot;:&quot;EUR&quot;}\"><strong>EUR<\/strong><\/td>\n<td data-sheets-value=\"{&quot;1&quot;:3,&quot;3&quot;:36}\">36<\/td>\n<td data-sheets-value=\"{&quot;1&quot;:3,&quot;3&quot;:37}\">37<\/td>\n<td data-sheets-value=\"{&quot;1&quot;:2,&quot;2&quot;:&quot;37.5&quot;}\">37.5<\/td>\n<td data-sheets-value=\"{&quot;1&quot;:3,&quot;3&quot;:38}\">38<\/td>\n<td data-sheets-value=\"{&quot;1&quot;:2,&quot;2&quot;:&quot;38.5&quot;}\">38.5<\/td>\n<td data-sheets-value=\"{&quot;1&quot;:3,&quot;3&quot;:39}\">39<\/td>\n<td data-sheets-value=\"{&quot;1&quot;:3,&quot;3&quot;:40}\">40<\/td>\n<td data-sheets-value=\"{&quot;1&quot;:2,&quot;2&quot;:&quot;40.5&quot;}\">40.5<\/td>\n<td data-sheets-value=\"{&quot;1&quot;:3,&quot;3&quot;:41}\">41<\/td>\n<td data-sheets-value=\"{&quot;1&quot;:3,&quot;3&quot;:42}\">42<\/td>\n<td data-sheets-value=\"{&quot;1&quot;:2,&quot;2&quot;:&quot;42.5&quot;}\">42.5<\/td>\n<td data-sheets-value=\"{&quot;1&quot;:3,&quot;3&quot;:43}\">43<\/td>\n<td data-sheets-value=\"{&quot;1&quot;:3,&quot;3&quot;:44}\">44<\/td>\n<td data-sheets-value=\"{&quot;1&quot;:2,&quot;2&quot;:&quot;44.5&quot;}\">44.5<\/td>\n<td data-sheets-value=\"{&quot;1&quot;:3,&quot;3&quot;:46}\">46<\/td>\n<\/tr>\n<tr>\n<td data-sheets-value=\"{&quot;1&quot;:2,&quot;2&quot;:&quot;CM&quot;}\"><strong>CM<\/strong><\/td>\n<td data-sheets-value=\"{&quot;1&quot;:3,&quot;3&quot;:22}\">22<\/td>\n<td data-sheets-value=\"{&quot;1&quot;:2,&quot;2&quot;:&quot;22.5&quot;}\">22.5<\/td>\n<td data-sheets-value=\"{&quot;1&quot;:3,&quot;3&quot;:23}\">23<\/td>\n<td data-sheets-value=\"{&quot;1&quot;:2,&quot;2&quot;:&quot;23.5&quot;}\">23.5<\/td>\n<td data-sheets-value=\"{&quot;1&quot;:3,&quot;3&quot;:24}\">24<\/td>\n<td data-sheets-value=\"{&quot;1&quot;:2,&quot;2&quot;:&quot;24.5&quot;}\">24.5<\/td>\n<td data-sheets-value=\"{&quot;1&quot;:3,&quot;3&quot;:25}\">25<\/td>\n<td data-sheets-value=\"{&quot;1&quot;:2,&quot;2&quot;:&quot;25.5&quot;}\">25.5<\/td>\n<td data-sheets-value=\"{&quot;1&quot;:3,&quot;3&quot;:26}\">26<\/td>\n<td data-sheets-value=\"{&quot;1&quot;:2,&quot;2&quot;:&quot;26.5&quot;}\">26.5<\/td>\n<td data-sheets-value=\"{&quot;1&quot;:3,&quot;3&quot;:27}\">27<\/td>\n<td data-sheets-value=\"{&quot;1&quot;:2,&quot;2&quot;:&quot;27.5&quot;}\">27.5<\/td>\n<td data-sheets-value=\"{&quot;1&quot;:3,&quot;3&quot;:28}\">28<\/td>\n<td data-sheets-value=\"{&quot;1&quot;:2,&quot;2&quot;:&quot;28.5&quot;}\">28.5<\/td>\n<td data-sheets-value=\"{&quot;1&quot;:2,&quot;2&quot;:&quot;29.5&quot;}\">29.5<\/td>\n<\/tr>\n<\/tbody>\n<\/table>\n<\/div>\n<\/div>\n<div id=\"tab-description\" class=\"woocommerce-Tabs-panel woocommerce-Tabs-panel--description panel entry-content wc-tab\" role=\"tabpanel\" aria-labelledby=\"tab-title-description\">\n<p>&nbsp;<\/p>\n<\/div>\n<\/div>\n","protected":false},"excerpt":{"rendered":"<p><strong>Escalante 4<\/strong> is an excellent choice for runners seeking a lightweight and agile shoe that delivers a natural running experience, thanks to its spacious, foot-shaped fit and minimal drop.<\/p>\n<p>In this fourth version, the midsole has been upgraded with <strong>Altra&#8217;s EGO Midsole<\/strong>, providing a lighter and softer feel while running. The shoe offers balanced cushioning, making it suitable for both shorter and longer runs, whether you&#8217;re on asphalt or gravel, without feeling overly spongy. Escalante 4 retains the appreciated ground-close feel with a <strong>0 mm drop<\/strong>, giving a more connected experience with the surface.<\/p>\n<p>The flexible, knitted upper combined with the <strong>Altra Original FootShape last<\/strong> allows the foot to move freely without restriction. The geometry and rubber of the outsole are innovatively designed to mimic the foot&#8217;s natural movements, ensuring a smoother stride.<\/p>\n<p>Runners who have enjoyed previous versions will feel at home with the Escalante 4, while the updated features take the running experience to new heights.<\/p>\n","protected":false},"featured_media":55203,"template":"","meta":{"om_disable_all_campaigns":false,"_price":"1799","_stock":"","_tribe_ticket_header":"","_tribe_default_ticket_provider":"","_tribe_ticket_capacity":"10","_ticket_start_date":"","_ticket_end_date":"","_tribe_ticket_show_description":"","_tribe_ticket_show_not_going":false,"_tribe_ticket_use_global_stock":"","_tribe_ticket_global_stock_level":"","_global_stock_mode":"","_global_stock_cap":"","_tribe_rsvp_for_event":"","_tribe_ticket_going_count":"","_tribe_ticket_not_going_count":"","_tribe_tickets_list":"[]","_tribe_ticket_has_attendee_info_fields":false,"_tec_slr_enabled":"","_tec_slr_layout":""},"product_brand":[],"product_cat":[561],"product_tag":[],"class_list":{"0":"post-61068","1":"product","2":"type-product","3":"status-publish","4":"has-post-thumbnail","5":"product_cat-running-shoes","7":"first","8":"outofstock","9":"taxable","10":"shipping-taxable","11":"purchasable","12":"product-type-variable"},"acf":[],"yoast_head":"<!-- This site is optimized with the Yoast SEO plugin v27.1.1 - https:\/\/yoast.com\/product\/yoast-seo-wordpress\/ -->\n<title>Altra Escalante Women - VarjeSteg<\/title>\n<meta name=\"robots\" content=\"index, follow, max-snippet:-1, max-image-preview:large, max-video-preview:-1\" \/>\n<link rel=\"canonical\" href=\"https:\/\/varjesteg.se\/en\/product\/altra-escalante-women\/\" \/>\n<meta property=\"og:locale\" content=\"en_US\" \/>\n<meta property=\"og:type\" content=\"article\" \/>\n<meta property=\"og:title\" content=\"Altra Escalante Women - VarjeSteg\" \/>\n<meta property=\"og:description\" content=\"Escalante 4 is an excellent choice for runners seeking a lightweight and agile shoe that delivers a natural running experience, thanks to its spacious, foot-shaped fit and minimal drop.  In this fourth version, the midsole has been upgraded with Altra&#039;s EGO Midsole, providing a lighter and softer feel while running. The shoe offers balanced cushioning, making it suitable for both shorter and longer runs, whether you&#039;re on asphalt or gravel, without feeling overly spongy. Escalante 4 retains the appreciated ground-close feel with a 0 mm drop, giving a more connected experience with the surface.  The flexible, knitted upper combined with the Altra Original FootShape last allows the foot to move freely without restriction. The geometry and rubber of the outsole are innovatively designed to mimic the foot&#039;s natural movements, ensuring a smoother stride.  Runners who have enjoyed previous versions will feel at home with the Escalante 4, while the updated features take the running experience to new heights.\" \/>\n<meta property=\"og:url\" content=\"https:\/\/varjesteg.se\/en\/product\/altra-escalante-women\/\" \/>\n<meta property=\"og:site_name\" content=\"VarjeSteg\" \/>\n<meta property=\"article:publisher\" content=\"https:\/\/www.facebook.com\/varjesteg\" \/>\n<meta property=\"article:modified_time\" content=\"2024-11-30T22:00:31+00:00\" \/>\n<meta property=\"og:image\" content=\"https:\/\/varjesteg.se\/wp-content\/uploads\/2022\/09\/image0-3.jpeg\" \/>\n\t<meta property=\"og:image:width\" content=\"800\" \/>\n\t<meta property=\"og:image:height\" content=\"800\" \/>\n\t<meta property=\"og:image:type\" content=\"image\/jpeg\" \/>\n<meta name=\"twitter:card\" content=\"summary_large_image\" \/>\n<meta name=\"twitter:label1\" content=\"Est. reading time\" \/>\n\t<meta name=\"twitter:data1\" content=\"1 minute\" \/>\n<script type=\"application\/ld+json\" class=\"yoast-schema-graph\">{\"@context\":\"https:\/\/schema.org\",\"@graph\":[{\"@type\":\"WebPage\",\"@id\":\"https:\/\/varjesteg.se\/en\/product\/altra-escalante-women\/\",\"url\":\"https:\/\/varjesteg.se\/en\/product\/altra-escalante-women\/\",\"name\":\"Altra Escalante Women - VarjeSteg\",\"isPartOf\":{\"@id\":\"https:\/\/varjesteg.se\/en\/#website\"},\"primaryImageOfPage\":{\"@id\":\"https:\/\/varjesteg.se\/en\/product\/altra-escalante-women\/#primaryimage\"},\"image\":{\"@id\":\"https:\/\/varjesteg.se\/en\/product\/altra-escalante-women\/#primaryimage\"},\"thumbnailUrl\":\"https:\/\/varjesteg.se\/wp-content\/uploads\/2022\/09\/image0-3.jpeg\",\"datePublished\":\"2022-09-19T12:46:25+00:00\",\"dateModified\":\"2024-11-30T22:00:31+00:00\",\"breadcrumb\":{\"@id\":\"https:\/\/varjesteg.se\/en\/product\/altra-escalante-women\/#breadcrumb\"},\"inLanguage\":\"en-US\",\"potentialAction\":[{\"@type\":\"ReadAction\",\"target\":[\"https:\/\/varjesteg.se\/en\/product\/altra-escalante-women\/\"]}]},{\"@type\":\"ImageObject\",\"inLanguage\":\"en-US\",\"@id\":\"https:\/\/varjesteg.se\/en\/product\/altra-escalante-women\/#primaryimage\",\"url\":\"https:\/\/varjesteg.se\/wp-content\/uploads\/2022\/09\/image0-3.jpeg\",\"contentUrl\":\"https:\/\/varjesteg.se\/wp-content\/uploads\/2022\/09\/image0-3.jpeg\",\"width\":800,\"height\":800},{\"@type\":\"BreadcrumbList\",\"@id\":\"https:\/\/varjesteg.se\/en\/product\/altra-escalante-women\/#breadcrumb\",\"itemListElement\":[{\"@type\":\"ListItem\",\"position\":1,\"name\":\"Hem\",\"item\":\"https:\/\/varjesteg.se\/en\/\"},{\"@type\":\"ListItem\",\"position\":2,\"name\":\"Store\",\"item\":\"https:\/\/varjesteg.se\/en\/store\/\"},{\"@type\":\"ListItem\",\"position\":3,\"name\":\"Running shoes\",\"item\":\"https:\/\/varjesteg.se\/en\/product-category\/running-shoes\/\"},{\"@type\":\"ListItem\",\"position\":4,\"name\":\"Altra Escalante Women\"}]},{\"@type\":\"WebSite\",\"@id\":\"https:\/\/varjesteg.se\/en\/#website\",\"url\":\"https:\/\/varjesteg.se\/en\/\",\"name\":\"Varjesteg\",\"description\":\"L\u00f6ptr\u00e4ning f\u00f6r alla\",\"publisher\":{\"@id\":\"https:\/\/varjesteg.se\/en\/#organization\"},\"potentialAction\":[{\"@type\":\"SearchAction\",\"target\":{\"@type\":\"EntryPoint\",\"urlTemplate\":\"https:\/\/varjesteg.se\/en\/?s={search_term_string}\"},\"query-input\":{\"@type\":\"PropertyValueSpecification\",\"valueRequired\":true,\"valueName\":\"search_term_string\"}}],\"inLanguage\":\"en-US\"},{\"@type\":\"Organization\",\"@id\":\"https:\/\/varjesteg.se\/en\/#organization\",\"name\":\"Varjesteg\",\"url\":\"https:\/\/varjesteg.se\/en\/\",\"logo\":{\"@type\":\"ImageObject\",\"inLanguage\":\"en-US\",\"@id\":\"https:\/\/varjesteg.se\/en\/#\/schema\/logo\/image\/\",\"url\":\"https:\/\/varjesteg.se\/wp-content\/uploads\/2024\/02\/varjesteg-logo.png.webp\",\"contentUrl\":\"https:\/\/varjesteg.se\/wp-content\/uploads\/2024\/02\/varjesteg-logo.png.webp\",\"width\":819,\"height\":200,\"caption\":\"Varjesteg\"},\"image\":{\"@id\":\"https:\/\/varjesteg.se\/en\/#\/schema\/logo\/image\/\"},\"sameAs\":[\"https:\/\/www.facebook.com\/varjesteg\",\"https:\/\/www.tiktok.com\/@varjesteg?is_from_webapp=1&sender_device=pc\",\"https:\/\/www.instagram.com\/varjesteg.se\/\",\"https:\/\/se.linkedin.com\/company\/varjesteg\"]}]}<\/script>\n<!-- \/ Yoast SEO plugin. -->","yoast_head_json":{"title":"Altra Escalante Women - VarjeSteg","robots":{"index":"index","follow":"follow","max-snippet":"max-snippet:-1","max-image-preview":"max-image-preview:large","max-video-preview":"max-video-preview:-1"},"canonical":"https:\/\/varjesteg.se\/en\/product\/altra-escalante-women\/","og_locale":"en_US","og_type":"article","og_title":"Altra Escalante Women - VarjeSteg","og_description":"Escalante 4 is an excellent choice for runners seeking a lightweight and agile shoe that delivers a natural running experience, thanks to its spacious, foot-shaped fit and minimal drop.  In this fourth version, the midsole has been upgraded with Altra's EGO Midsole, providing a lighter and softer feel while running. The shoe offers balanced cushioning, making it suitable for both shorter and longer runs, whether you're on asphalt or gravel, without feeling overly spongy. Escalante 4 retains the appreciated ground-close feel with a 0 mm drop, giving a more connected experience with the surface.  The flexible, knitted upper combined with the Altra Original FootShape last allows the foot to move freely without restriction. The geometry and rubber of the outsole are innovatively designed to mimic the foot's natural movements, ensuring a smoother stride.  Runners who have enjoyed previous versions will feel at home with the Escalante 4, while the updated features take the running experience to new heights.","og_url":"https:\/\/varjesteg.se\/en\/product\/altra-escalante-women\/","og_site_name":"VarjeSteg","article_publisher":"https:\/\/www.facebook.com\/varjesteg","article_modified_time":"2024-11-30T22:00:31+00:00","og_image":[{"width":800,"height":800,"url":"https:\/\/varjesteg.se\/wp-content\/uploads\/2022\/09\/image0-3.jpeg","type":"image\/jpeg"}],"twitter_card":"summary_large_image","twitter_misc":{"Est. reading time":"1 minute"},"schema":{"@context":"https:\/\/schema.org","@graph":[{"@type":"WebPage","@id":"https:\/\/varjesteg.se\/en\/product\/altra-escalante-women\/","url":"https:\/\/varjesteg.se\/en\/product\/altra-escalante-women\/","name":"Altra Escalante Women - VarjeSteg","isPartOf":{"@id":"https:\/\/varjesteg.se\/en\/#website"},"primaryImageOfPage":{"@id":"https:\/\/varjesteg.se\/en\/product\/altra-escalante-women\/#primaryimage"},"image":{"@id":"https:\/\/varjesteg.se\/en\/product\/altra-escalante-women\/#primaryimage"},"thumbnailUrl":"https:\/\/varjesteg.se\/wp-content\/uploads\/2022\/09\/image0-3.jpeg","datePublished":"2022-09-19T12:46:25+00:00","dateModified":"2024-11-30T22:00:31+00:00","breadcrumb":{"@id":"https:\/\/varjesteg.se\/en\/product\/altra-escalante-women\/#breadcrumb"},"inLanguage":"en-US","potentialAction":[{"@type":"ReadAction","target":["https:\/\/varjesteg.se\/en\/product\/altra-escalante-women\/"]}]},{"@type":"ImageObject","inLanguage":"en-US","@id":"https:\/\/varjesteg.se\/en\/product\/altra-escalante-women\/#primaryimage","url":"https:\/\/varjesteg.se\/wp-content\/uploads\/2022\/09\/image0-3.jpeg","contentUrl":"https:\/\/varjesteg.se\/wp-content\/uploads\/2022\/09\/image0-3.jpeg","width":800,"height":800},{"@type":"BreadcrumbList","@id":"https:\/\/varjesteg.se\/en\/product\/altra-escalante-women\/#breadcrumb","itemListElement":[{"@type":"ListItem","position":1,"name":"Hem","item":"https:\/\/varjesteg.se\/en\/"},{"@type":"ListItem","position":2,"name":"Store","item":"https:\/\/varjesteg.se\/en\/store\/"},{"@type":"ListItem","position":3,"name":"Running shoes","item":"https:\/\/varjesteg.se\/en\/product-category\/running-shoes\/"},{"@type":"ListItem","position":4,"name":"Altra Escalante Women"}]},{"@type":"WebSite","@id":"https:\/\/varjesteg.se\/en\/#website","url":"https:\/\/varjesteg.se\/en\/","name":"Varjesteg","description":"L\u00f6ptr\u00e4ning f\u00f6r alla","publisher":{"@id":"https:\/\/varjesteg.se\/en\/#organization"},"potentialAction":[{"@type":"SearchAction","target":{"@type":"EntryPoint","urlTemplate":"https:\/\/varjesteg.se\/en\/?s={search_term_string}"},"query-input":{"@type":"PropertyValueSpecification","valueRequired":true,"valueName":"search_term_string"}}],"inLanguage":"en-US"},{"@type":"Organization","@id":"https:\/\/varjesteg.se\/en\/#organization","name":"Varjesteg","url":"https:\/\/varjesteg.se\/en\/","logo":{"@type":"ImageObject","inLanguage":"en-US","@id":"https:\/\/varjesteg.se\/en\/#\/schema\/logo\/image\/","url":"https:\/\/varjesteg.se\/wp-content\/uploads\/2024\/02\/varjesteg-logo.png.webp","contentUrl":"https:\/\/varjesteg.se\/wp-content\/uploads\/2024\/02\/varjesteg-logo.png.webp","width":819,"height":200,"caption":"Varjesteg"},"image":{"@id":"https:\/\/varjesteg.se\/en\/#\/schema\/logo\/image\/"},"sameAs":["https:\/\/www.facebook.com\/varjesteg","https:\/\/www.tiktok.com\/@varjesteg?is_from_webapp=1&sender_device=pc","https:\/\/www.instagram.com\/varjesteg.se\/","https:\/\/se.linkedin.com\/company\/varjesteg"]}]}},"_links":{"self":[{"href":"https:\/\/varjesteg.se\/en\/wp-json\/wp\/v2\/product\/61068","targetHints":{"allow":["GET"]}}],"collection":[{"href":"https:\/\/varjesteg.se\/en\/wp-json\/wp\/v2\/product"}],"about":[{"href":"https:\/\/varjesteg.se\/en\/wp-json\/wp\/v2\/types\/product"}],"wp:featuredmedia":[{"embeddable":true,"href":"https:\/\/varjesteg.se\/en\/wp-json\/wp\/v2\/media\/55203"}],"wp:attachment":[{"href":"https:\/\/varjesteg.se\/en\/wp-json\/wp\/v2\/media?parent=61068"}],"wp:term":[{"taxonomy":"product_brand","embeddable":true,"href":"https:\/\/varjesteg.se\/en\/wp-json\/wp\/v2\/product_brand?post=61068"},{"taxonomy":"product_cat","embeddable":true,"href":"https:\/\/varjesteg.se\/en\/wp-json\/wp\/v2\/product_cat?post=61068"},{"taxonomy":"product_tag","embeddable":true,"href":"https:\/\/varjesteg.se\/en\/wp-json\/wp\/v2\/product_tag?post=61068"}],"curies":[{"name":"wp","href":"https:\/\/api.w.org\/{rel}","templated":true}]}}